{"id":22477,"date":"2025-05-13T04:16:33","date_gmt":"2025-05-13T04:16:33","guid":{"rendered":"https:\/\/primeprintingweb.com\/?post_type=product&#038;p=22477"},"modified":"2025-05-18T21:02:43","modified_gmt":"2025-05-18T21:02:43","slug":"danish-passport-online","status":"publish","type":"product","link":"https:\/\/primeprintingweb.com\/ar\/geschaeft\/reisepass\/danish-passport-online\/","title":{"rendered":"\u062c\u0648\u0627\u0632 \u0627\u0644\u0633\u0641\u0631 \u0627\u0644\u062f\u0646\u0645\u0627\u0631\u0643\u064a \u0639\u0628\u0631 \u0627\u0644\u0625\u0646\u062a\u0631\u0646\u062a"},"content":{"rendered":"<p>D\u00c4NISCHEN REISEPASS ONLINE BEANTRAGEN<\/p>\n<p>Bei den meisten d\u00e4nischen Auslandsvertretungen ist vor der Abgabe Ihres Passantrags eine Terminvereinbarung erforderlich. Informationen zur Terminvereinbarung und zur Kontaktaufnahme mit der Konsularabteilung der Botschaft finden Sie in der linken Spalte oder oben auf der Seite unter \u201eKontakt\u201c (auf den Websites der Botschaften). Sie m\u00fcssen au\u00dferdem Belege mitbringen, eine Geb\u00fchr entrichten und Ihren alten Reisepass annullieren lassen. Weitere Informationen zur Antragstellung finden Sie weiter unten.<br \/>\nREISEP\u00c4SSE F\u00dcR ERWACHSENE (AB 18 JAHREN)<br \/>\nWie beantragen oder verl\u00e4ngern Sie Ihren biometrischen d\u00e4nischen Reisepass online?<\/p>\n<p>Sie m\u00fcssen den Passantrag pers\u00f6nlich (unabh\u00e4ngig vom Alter) bei einer d\u00e4nischen Auslandsvertretung oder einem B\u00fcrgerservicecenter einer d\u00e4nischen Gemeinde einreichen.<\/p>\n<p>Bitte beachten Sie, dass f\u00fcr die Beantragung eines d\u00e4nischen Reisepasses Voraussetzung ist, dass Sie entweder als d\u00e4nischer Staatsb\u00fcrger im d\u00e4nischen B\u00fcrgerregister (CPR) registriert sind oder, falls Sie keine d\u00e4nische CPR-Nummer besitzen, Ihre d\u00e4nische Staatsangeh\u00f6rigkeit durch Vorlage entsprechender Unterlagen nachweisen k\u00f6nnen. Wenn Sie mit einer anderen Staatsangeh\u00f6rigkeit gemeldet sind, k\u00f6nnen Sie keinen neuen Reisepass beantragen. Sie m\u00fcssen sich in diesem Fall an das Melderegister Ihrer letzten Wohngemeinde oder Gemeinde wenden. Bei Fragen zu Ihrer Meldepflicht wenden Sie sich bitte hier an das Melderegister.<\/p>\n<p>Die Vertretung nimmt ein digitales Foto, Ihre Fingerabdr\u00fccke und Ihre digitale Signatur auf. Diese Daten werden in Ihrem neuen biometrischen Reisepass verwendet.<\/p>\n<p>Reisep\u00e4sse f\u00fcr Erwachsene sind 10 Jahre g\u00fcltig.<\/p>\n<p>Welche Unterlagen werden ben\u00f6tigt?<\/p>\n<p>Ein Antragsformular pro Person \u2013 ausgef\u00fcllt und unterschrieben. Bitte laden Sie das Antragsformular hier herunter.<\/p>\n<p>Ihr aktueller oder letzter Reisepass<br \/>\nNur bei Erstantr\u00e4gen \u2013 wenn Sie noch nie einen d\u00e4nischen Reisepass besa\u00dfen oder Ihr letzter Reisepass vor mehr als zwei Jahren abgelaufen ist:<br \/>\nOriginal der Geburtsurkunde \u2013 die Namen beider Elternteile m\u00fcssen auf der Urkunde aufgef\u00fchrt sein \u2013 Original der Heiratsurkunde der Eltern, wenn Sie vor dem 1.7.2014 im Ausland geboren wurden und nur Ihr Vater D\u00e4ne war. Bitte beachten Sie, dass einige Dokumente m\u00f6glicherweise legalisiert werden m\u00fcssen: Legalisierung (Apostille)<br \/>\nIhre d\u00e4nische Staatsangeh\u00f6rigkeitsbescheinigung, falls Sie eine solche erhalten haben (Statsborgerretsbevis\/Indf\u00f8dsretsbevis). Diese Bescheinigung gilt f\u00fcr Personen, die au\u00dferhalb D\u00e4nemarks geboren wurden oder die d\u00e4nische Staatsangeh\u00f6rigkeit nicht bei der Geburt erworben haben.<\/p>\n<p>Originaldokument Ihrer Namens\u00e4nderung, falls Sie Ihren Namen nach Ausstellung Ihres aktuellen Reisepasses ge\u00e4ndert haben.<br \/>\nInformationen zu den spezifischen Unterlagen, die in dem Land, aus dem Sie den Antrag stellen, erforderlich sind, finden Sie in der linken Spalte \u201ePraktische Informationen\u201c (auf der Website der Botschaft).<\/p>","protected":false},"excerpt":{"rendered":"<p>D\u00c4NISCHEN PASS ONLINE BEANTRAGEN<\/p>\n<p>Bei den meisten d\u00e4nischen Auslandsvertretungen ist vor der Abgabe Ihres Passantrags eine Terminvereinbarung erforderlich. Informationen zur Terminvereinbarung und zur Kontaktaufnahme mit der Konsularabteilung der Botschaft finden Sie in der linken Spalte oder oben auf der Seite unter \u201eKontakt\u201c (auf den Websites der Botschaften). Sie m\u00fcssen au\u00dferdem Belege mitbringen, eine Geb\u00fchr entrichten und Ihren alten Reisepass annullieren lassen. Weitere Informationen zur Antragstellung finden Sie weiter unten.<br \/>\nREISEP\u00c4SSE F\u00dcR ERWACHSENE (AB 18 JAHREN)<br \/>\nWie beantragen oder verl\u00e4ngern Sie Ihren biometrischen d\u00e4nischen Reisepass online?<\/p>\n<p>Sie m\u00fcssen den Passantrag pers\u00f6nlich (unabh\u00e4ngig vom Alter) bei einer d\u00e4nischen Auslandsvertretung oder einem B\u00fcrgerservicecenter in einer d\u00e4nischen Gemeinde einreichen.<\/p>","protected":false},"featured_media":22517,"template":"","meta":[],"product_brand":[],"product_cat":[924],"product_tag":[],"class_list":{"0":"post-22477","1":"product","2":"type-product","3":"status-publish","4":"has-post-thumbnail","6":"product_cat-reisepass","8":"first","9":"instock","10":"taxable","11":"shipping-taxable","12":"purchasable","13":"product-type-simple"},"_links":{"self":[{"href":"https:\/\/primeprintingweb.com\/ar\/wp-json\/wp\/v2\/product\/22477","targetHints":{"allow":["GET"]}}],"collection":[{"href":"https:\/\/primeprintingweb.com\/ar\/wp-json\/wp\/v2\/product"}],"about":[{"href":"https:\/\/primeprintingweb.com\/ar\/wp-json\/wp\/v2\/types\/product"}],"version-history":[{"count":2,"href":"https:\/\/primeprintingweb.com\/ar\/wp-json\/wp\/v2\/product\/22477\/revisions"}],"predecessor-version":[{"id":22889,"href":"https:\/\/primeprintingweb.com\/ar\/wp-json\/wp\/v2\/product\/22477\/revisions\/22889"}],"wp:featuredmedia":[{"embeddable":true,"href":"https:\/\/primeprintingweb.com\/ar\/wp-json\/wp\/v2\/media\/22517"}],"wp:attachment":[{"href":"https:\/\/primeprintingweb.com\/ar\/wp-json\/wp\/v2\/media?parent=22477"}],"wp:term":[{"taxonomy":"product_brand","embeddable":true,"href":"https:\/\/primeprintingweb.com\/ar\/wp-json\/wp\/v2\/product_brand?post=22477"},{"taxonomy":"product_cat","embeddable":true,"href":"https:\/\/primeprintingweb.com\/ar\/wp-json\/wp\/v2\/product_cat?post=22477"},{"taxonomy":"product_tag","embeddable":true,"href":"https:\/\/primeprintingweb.com\/ar\/wp-json\/wp\/v2\/product_tag?post=22477"}],"curies":[{"name":"wp","href":"https:\/\/api.w.org\/{rel}","templated":true}]}}