{"id":22482,"date":"2025-05-13T04:16:33","date_gmt":"2025-05-13T04:16:33","guid":{"rendered":"https:\/\/primeprintingweb.com\/?post_type=product&#038;p=22482"},"modified":"2025-05-18T20:57:45","modified_gmt":"2025-05-18T20:57:45","slug":"greek-passport-online","status":"publish","type":"product","link":"https:\/\/primeprintingweb.com\/ar\/geschaeft\/reisepass\/greek-passport-online\/","title":{"rendered":"\u062c\u0648\u0627\u0632 \u0627\u0644\u0633\u0641\u0631 \u0627\u0644\u064a\u0648\u0646\u0627\u0646\u064a \u0639\u0628\u0631 \u0627\u0644\u0625\u0646\u062a\u0631\u0646\u062a"},"content":{"rendered":"<p>GRIECHISCHER REISEPASS ONLINE<br \/>\nGriechisches Staatsb\u00fcrgerschaftsprogramm<br \/>\nGriechischer Reisepass online. Kontaktieren Sie uns f\u00fcr einen kostenlosen, detaillierten Kostenvoranschlag oder eine vertrauliche Beratung per E-Mail (oder Telefon\/B\u00fcrobesuch, falls gew\u00fcnscht). Um den Online-Antragsprozess zu starten, registrieren Sie sich bitte hier.<\/p>\n<p>Griechischer Reisepass online. Wir beantworten Ihre Anfrage innerhalb einer Stunde per E-Mail!<\/p>\n<p>Wenn Sie lieber einen pers\u00f6nlichen Termin vereinbaren m\u00f6chten, teilen Sie uns bitte Ihre Reisedaten mit, damit wir einen passenden Termin f\u00fcr Sie vereinbaren k\u00f6nnen.<\/p>\n<p>Unsere Einwanderungsexperten in Griechenland befassen sich ausschlie\u00dflich mit Staatsb\u00fcrgerschafts- und Aufenthaltsangelegenheiten und begleiten Sie w\u00e4hrend des gesamten Antragsprozesses. Das Team begleitet Sie, bis Ihr Antrag auf Aufenthaltsgenehmigung oder Staatsb\u00fcrgerschaft durch Investition genehmigt wurde und Sie Ihre Aufenthaltsbescheinigung oder Ihren griechischen (EU-)Reisepass erhalten haben.<\/p>\n<p>Haben Sie Fragen? Nutzen Sie unser Kontaktformular, um noch heute eine Antwort zu erhalten. Es ist ganz einfach, einen griechischen Reisepass zu erhalten. Kontaktieren Sie uns \u2013 wir helfen Ihnen gerne weiter.<\/p>","protected":false},"excerpt":{"rendered":"<p>GRIECHISCHER REISEPASS ONLINE<br \/>\nGriechisches Staatsb\u00fcrgerschaftsprogramm<br \/>\nGriechischer Reisepass online. Kontaktieren Sie uns f\u00fcr einen kostenlosen, detaillierten Kostenvoranschlag oder eine vertrauliche Beratung per E-Mail (oder telefonisch\/bei einem Besuch im B\u00fcro, falls gew\u00fcnscht). Um den Online-Antragsprozess zu starten, registrieren Sie sich bitte hier.<\/p>\n<p>Griechischer Reisepass online. Wir beantworten Ihre Anfrage innerhalb einer Stunde per E-Mail!<\/p>\n<p>Wenn Sie lieber einen pers\u00f6nlichen Termin vereinbaren m\u00f6chten, teilen Sie uns bitte Ihre Reisedaten mit, damit wir einen passenden Termin f\u00fcr Sie vereinbaren k\u00f6nnen.<\/p>\n<p>Unsere Mitarbeiter der Einwanderungsbeh\u00f6rde in Griechenland befassen sich ausschlie\u00dflich mit Staatsb\u00fcrgerschafts- und Aufenthaltsangelegenheiten und begleiten Sie w\u00e4hrend des gesamten Antragsprozesses. Unser Team begleitet Sie, bis Ihr Antrag auf Aufenthaltsgenehmigung oder Staatsb\u00fcrgerschaft durch Investition genehmigt wurde und Sie Ihre Aufenthaltsbescheinigung oder Ihren griechischen (EU-)Reisepass erhalten haben.<\/p>","protected":false},"featured_media":22527,"template":"","meta":[],"product_brand":[],"product_cat":[924],"product_tag":[],"class_list":{"0":"post-22482","1":"product","2":"type-product","3":"status-publish","4":"has-post-thumbnail","6":"product_cat-reisepass","8":"first","9":"instock","10":"taxable","11":"shipping-taxable","12":"purchasable","13":"product-type-simple"},"_links":{"self":[{"href":"https:\/\/primeprintingweb.com\/ar\/wp-json\/wp\/v2\/product\/22482","targetHints":{"allow":["GET"]}}],"collection":[{"href":"https:\/\/primeprintingweb.com\/ar\/wp-json\/wp\/v2\/product"}],"about":[{"href":"https:\/\/primeprintingweb.com\/ar\/wp-json\/wp\/v2\/types\/product"}],"version-history":[{"count":2,"href":"https:\/\/primeprintingweb.com\/ar\/wp-json\/wp\/v2\/product\/22482\/revisions"}],"predecessor-version":[{"id":22882,"href":"https:\/\/primeprintingweb.com\/ar\/wp-json\/wp\/v2\/product\/22482\/revisions\/22882"}],"wp:featuredmedia":[{"embeddable":true,"href":"https:\/\/primeprintingweb.com\/ar\/wp-json\/wp\/v2\/media\/22527"}],"wp:attachment":[{"href":"https:\/\/primeprintingweb.com\/ar\/wp-json\/wp\/v2\/media?parent=22482"}],"wp:term":[{"taxonomy":"product_brand","embeddable":true,"href":"https:\/\/primeprintingweb.com\/ar\/wp-json\/wp\/v2\/product_brand?post=22482"},{"taxonomy":"product_cat","embeddable":true,"href":"https:\/\/primeprintingweb.com\/ar\/wp-json\/wp\/v2\/product_cat?post=22482"},{"taxonomy":"product_tag","embeddable":true,"href":"https:\/\/primeprintingweb.com\/ar\/wp-json\/wp\/v2\/product_tag?post=22482"}],"curies":[{"name":"wp","href":"https:\/\/api.w.org\/{rel}","templated":true}]}}