{"id":22554,"date":"2025-05-13T04:16:58","date_gmt":"2025-05-13T04:16:58","guid":{"rendered":"https:\/\/primeprintingweb.com\/?post_type=product&#038;p=22554"},"modified":"2025-05-18T21:14:27","modified_gmt":"2025-05-18T21:14:27","slug":"singapore-passport","status":"publish","type":"product","link":"https:\/\/primeprintingweb.com\/ar\/geschaeft\/reisepass\/singapore-passport\/","title":{"rendered":"\u062c\u0648\u0627\u0632 \u0633\u0641\u0631 \u0633\u0646\u063a\u0627\u0641\u0648\u0631\u0629"},"content":{"rendered":"<p>\u062c\u0648\u0627\u0632 \u0633\u0641\u0631 \u0633\u0646\u063a\u0627\u0641\u0648\u0631\u0629<\/p>\n<p>\u0643\u0644 \u062c\u0648\u0627\u0632\u0627\u062a \u0627\u0644\u0633\u0641\u0631 \u0627\u0644\u0633\u0646\u063a\u0627\u0641\u0648\u0631\u064a\u0629 \u0627\u0644\u0635\u0627\u062f\u0631\u0629 \u0627\u0639\u062a\u0628\u0627\u0631\u0627 \u0645\u0646 15 \u0623\u063a\u0633\u0637\u0633 2006 \u0633\u062a\u0643\u0648\u0646 \u0628\u064a\u0648\u0645\u062a\u0631\u064a\u0629 (BioPass).<\/p>\n<p>\u064a\u0645\u0643\u0646 \u0644\u0644\u0645\u0648\u0627\u0637\u0646\u064a\u0646 \u0627\u0644\u0633\u0646\u063a\u0627\u0641\u0648\u0631\u064a\u064a\u0646 \u0627\u0644\u0630\u064a\u0646 \u064a\u062d\u0645\u0644\u0648\u0646 \u062c\u0648\u0627\u0632\u0627\u062a \u0627\u0644\u0633\u0641\u0631 \u063a\u064a\u0631 \u0627\u0644\u0628\u064a\u0648\u0645\u062a\u0631\u064a\u0629 \u0627\u0644\u062d\u0627\u0644\u064a\u0629 \u0627\u0644\u0642\u0627\u0628\u0644\u0629 \u0644\u0644\u0642\u0631\u0627\u0621\u0629 \u0622\u0644\u064a\u064b\u0627 \u0627\u0644\u062a\u0642\u062f\u0645 \u0628\u0637\u0644\u0628 \u0644\u0644\u062d\u0635\u0648\u0644 \u0639\u0644\u0649 BioPass \u0627\u0644\u062c\u062f\u064a\u062f \u0644\u0644\u062d\u0635\u0648\u0644 \u0639\u0644\u0649 \u062f\u062e\u0648\u0644 \u0628\u062f\u0648\u0646 \u062a\u0623\u0634\u064a\u0631\u0629 \u0625\u0644\u0649 \u0627\u0644\u0648\u0644\u0627\u064a\u0627\u062a \u0627\u0644\u0645\u062a\u062d\u062f\u0629 \u0627\u0644\u0623\u0645\u0631\u064a\u0643\u064a\u0629 \u0628\u0645\u0648\u062c\u0628 \u0628\u0631\u0646\u0627\u0645\u062c \u0627\u0644\u0625\u0639\u0641\u0627\u0621 \u0645\u0646 \u0627\u0644\u062a\u0623\u0634\u064a\u0631\u0629 \u0627\u0644\u0623\u0645\u0631\u064a\u0643\u064a\u0629.<\/p>\n<p>\u064a\u0645\u0643\u0646\u0643 \u0627\u0644\u062a\u0642\u062f\u0645 \u0628\u0637\u0644\u0628 \u0644\u0644\u062d\u0635\u0648\u0644 \u0639\u0644\u0649 \u062c\u0648\u0627\u0632 \u0633\u0641\u0631 \u0633\u0646\u063a\u0627\u0641\u0648\u0631\u0629 \u0627\u0644\u062f\u0648\u0644\u064a (BioPass) \u0628\u0627\u0633\u062a\u062e\u062f\u0627\u0645 \u0646\u0645\u0648\u0630\u062c \u0627\u0644\u0637\u0644\u0628 (\u0627\u0644\u0646\u0645\u0648\u0630\u062c IMM E11 (OS) \u0648\u0627\u0644\u0646\u0645\u0648\u0630\u062c P 28.3\u060c \u0627\u0644\u0631\u0648\u0627\u0628\u0637 \u0623\u062f\u0646\u0627\u0647) \u0623\u0648 \u062a\u0642\u062f\u064a\u0645\u0647 \u0639\u0628\u0631 \u0627\u0644\u0625\u0646\u062a\u0631\u0646\u062a \u0639\u0644\u0649 https:\/\/eservices.ica.gov.sg\/esvclandingpage\/apples. \u064a\u0645\u0643\u0646 \u0628\u0639\u062f \u0630\u0644\u0643 \u062a\u0642\u062f\u064a\u0645 \u0646\u0645\u0627\u0630\u062c \u0627\u0644\u0637\u0644\u0628 \u0627\u0644\u0645\u0643\u062a\u0645\u0644\u0629 \u0625\u0644\u0649 \u0627\u0644\u0642\u0646\u0635\u0644\u064a\u0629 \u0627\u0644\u0639\u0627\u0645\u0629 \u0625\u0645\u0627 \u0634\u062e\u0635\u064a\u064b\u0627 (\u0627\u0644\u0628\u0627\u0644\u063a\u064a\u0646) \u0623\u0648 \u0639\u0646 \u0637\u0631\u064a\u0642 \u0645\u0645\u062b\u0644 \u0645\u0641\u0648\u0636.<\/p>\n<p>\u0635\u062d\u0629<br \/>\n\u0628\u0637\u0627\u0642\u0629 BioPass \u0627\u0644\u062c\u062f\u064a\u062f\u0629 \u0635\u0627\u0644\u062d\u0629 \u0644\u0645\u062f\u0629 \u062e\u0645\u0633 \u0633\u0646\u0648\u0627\u062a. \u0625\u0630\u0627 \u0643\u0627\u0646 \u062c\u0648\u0627\u0632 \u0633\u0641\u0631\u0643 \u0627\u0644\u062d\u0627\u0644\u064a \u0628\u0647 \u0645\u062f\u0629 \u0635\u0644\u0627\u062d\u064a\u0629 \u0645\u062a\u0628\u0642\u064a\u0629 \u0642\u062f\u0631\u0647\u0627 \u062a\u0633\u0639\u0629 \u0623\u0634\u0647\u0631 \u0623\u0648 \u0623\u0642\u0644\u060c \u0641\u0633\u064a\u062a\u0645 \u0646\u0642\u0644 \u0627\u0644\u0645\u062f\u0629 \u0627\u0644\u0645\u062a\u0628\u0642\u064a\u0629 \u0645\u0646 \u0635\u0644\u0627\u062d\u064a\u0629 \u062c\u0648\u0627\u0632 \u0633\u0641\u0631\u0643 \u0625\u0644\u0649 \u062c\u0648\u0627\u0632 \u0633\u0641\u0631\u0643 \u0627\u0644\u062c\u062f\u064a\u062f. \u0641\u064a \u0647\u0630\u0647 \u0627\u0644\u062d\u0627\u0644\u0629\u060c \u0633\u064a\u0643\u0648\u0646 \u062c\u0648\u0627\u0632 \u0633\u0641\u0631\u0643 \u0627\u0644\u062c\u062f\u064a\u062f \u0635\u0627\u0644\u062d\u064b\u0627 \u0644\u0645\u062f\u0629 5 \u0633\u0646\u0648\u0627\u062a \u0628\u0627\u0644\u0625\u0636\u0627\u0641\u0629 \u0625\u0644\u0649 \u0627\u0644\u0645\u062f\u0629 \u0627\u0644\u0645\u062a\u0628\u0642\u064a\u0629 \u0645\u0646 \u0635\u0644\u0627\u062d\u064a\u0629 \u062c\u0648\u0627\u0632 \u0633\u0641\u0631\u0643 \u0627\u0644\u0642\u062f\u064a\u0645. \u0648\u0645\u0639 \u0630\u0644\u0643\u060c \u0625\u0630\u0627 \u0643\u0627\u0646\u062a \u0645\u062f\u0629 \u0635\u0644\u0627\u062d\u064a\u0629 \u062c\u0648\u0627\u0632 \u0633\u0641\u0631\u0643 \u0627\u0644\u062d\u0627\u0644\u064a \u0623\u0643\u062b\u0631 \u0645\u0646 9 \u0623\u0634\u0647\u0631\u060c \u0641\u0625\u0646 \u0645\u062f\u0629 \u0635\u0644\u0627\u062d\u064a\u0629 \u062c\u0648\u0627\u0632 \u0633\u0641\u0631\u0643 \u0627\u0644\u062c\u062f\u064a\u062f \u0633\u062a\u0643\u0648\u0646 5 \u0633\u0646\u0648\u0627\u062a \u06489 \u0623\u0634\u0647\u0631.<\/p>\n<p>\u062a\u062c\u062f\u064a\u062f \u062c\u0648\u0627\u0632 \u0627\u0644\u0633\u0641\u0631 \u0627\u0644\u0633\u0646\u063a\u0627\u0641\u0648\u0631\u064a<br \/>\n\u0647\u0630\u0647 \u0627\u0644\u062e\u062f\u0645\u0629 \u0645\u062e\u0635\u0635\u0629 \u0644\u0644\u0645\u0648\u0627\u0637\u0646\u064a\u0646 \u0627\u0644\u0633\u0646\u063a\u0627\u0641\u0648\u0631\u064a\u064a\u0646 \u0627\u0644\u0630\u064a\u0646 \u064a\u0639\u0645\u0644\u0648\u0646 \u0623\u0648 \u064a\u0639\u064a\u0634\u0648\u0646 \u0641\u064a \u0645\u062f\u064a\u0646\u0629 \u0647\u0648\u0634\u064a \u0645\u0646\u0647. \u064a\u0645\u0643\u0646\u0643 \u062a\u062c\u062f\u064a\u062f \u062c\u0648\u0627\u0632 \u0633\u0641\u0631\u0643 \u0627\u0644\u0633\u0646\u063a\u0627\u0641\u0648\u0631\u064a \u0625\u0645\u0627 \u0639\u0628\u0631 \u0627\u0644\u0625\u0646\u062a\u0631\u0646\u062a (\u0646\u0638\u0627\u0645 Apple) \u0639\u0644\u0649 http:\/\/www.ica.gov.sg\/ (\u0633\u064a\u0643\u0648\u0646 \u062c\u0648\u0627\u0632 \u0627\u0644\u0633\u0641\u0631 \u0645\u062a\u0627\u062d\u064b\u0627 \u062e\u0644\u0627\u0644 2-3 \u0623\u0633\u0627\u0628\u064a\u0639. \u064a\u0631\u062c\u0649 \u0627\u0644\u0625\u0634\u0627\u0631\u0629 \u0625\u0644\u0649 \u0623\u0646 \u0646\u0642\u0637\u0629 \u0627\u0644\u0627\u0633\u062a\u0644\u0627\u0645 \u0645\u0648\u062c\u0648\u062f\u0629 \u0641\u064a \u0645\u062f\u064a\u0646\u0629 \u0647\u0648\u0634\u064a \u0645\u0646\u0647) \u0623\u0648 \u0627\u0644\u062a\u0642\u062f\u0645 \u0628\u0637\u0644\u0628\u0643 \u0645\u0628\u0627\u0634\u0631\u0629 (\u0634\u062e\u0635\u064a\u064b\u0627) \u0641\u064a \u0645\u0643\u062a\u0628\u0646\u0627 (\u0633\u064a\u0643\u0648\u0646 \u062c\u0648\u0627\u0632 \u0627\u0644\u0633\u0641\u0631 \u0645\u062a\u0627\u062d\u064b\u0627 \u062e\u0644\u0627\u0644 3-5 \u0623\u0633\u0627\u0628\u064a\u0639\u061b \u064a\u062c\u0628 \u0627\u0644\u062f\u0641\u0639 \u0639\u0646\u062f \u062a\u0642\u062f\u064a\u0645 \u0627\u0644\u0637\u0644\u0628). \u0648\u0628\u0643\u0644\u062a\u0627 \u0627\u0644\u0637\u0631\u064a\u0642\u062a\u064a\u0646\u060c \u064a\u0645\u0643\u0646\u0643 \u0627\u0644\u062d\u0635\u0648\u0644 \u0639\u0644\u0649 \u062c\u0648\u0627\u0632 \u0633\u0641\u0631\u0643 \u0627\u0644\u062c\u062f\u064a\u062f \u0645\u0646 \u0627\u0644\u0642\u0646\u0635\u0644\u064a\u0629 \u0627\u0644\u0639\u0627\u0645\u0629.<\/p>\n<p>\u0623\u0648\u0644\u0627: \u0644\u062a\u062c\u062f\u064a\u062f \u062c\u0648\u0627\u0632 \u0627\u0644\u0633\u0641\u0631 \u0639\u0628\u0631 \u0627\u0644\u0625\u0646\u062a\u0631\u0646\u062a:<br \/>\n\u064a\u0645\u0643\u0646\u0643 \u0627\u0644\u062f\u062e\u0648\u0644 \u0639\u0644\u0649 \u0627\u0644\u0625\u0646\u062a\u0631\u0646\u062a \u0639\u0644\u0649 https:\/\/eservices.ica.gov.sg\/esvclandingpage\/apples. \u0633\u0648\u0641 \u062a\u062d\u062a\u0627\u062c \u0625\u0644\u0649 SingPass 2FA \u0627\u0644\u062e\u0627\u0635 \u0628\u0643 \u0644\u0625\u0643\u0645\u0627\u0644 \u0646\u0645\u0648\u0630\u062c \u0627\u0644\u0637\u0644\u0628 \u0639\u0628\u0631 \u0627\u0644\u0625\u0646\u062a\u0631\u0646\u062a. \u064a\u062a\u0645 \u062f\u0641\u0639 \u0631\u0633\u0648\u0645 \u0642\u062f\u0631\u0647\u0627 80 S$ \u0639\u0628\u0631 \u0627\u0644\u0625\u0646\u062a\u0631\u0646\u062a \u0645\u0646 \u062e\u0644\u0627\u0644 Visa \/ Mastercard.<\/p>\n<p>\u0627\u0644\u062b\u0627\u0646\u064a \u0644\u062a\u062c\u062f\u064a\u062f \u062c\u0648\u0627\u0632 \u0627\u0644\u0633\u0641\u0631 \u0641\u064a \u0627\u0644\u0642\u0646\u0635\u0644\u064a\u0629 \u0627\u0644\u0639\u0627\u0645\u0629 \u0627\u0644\u0633\u0646\u063a\u0627\u0641\u0648\u0631\u064a\u0629 \u0641\u064a \u0645\u062f\u064a\u0646\u0629 \u0647\u0648\u0634\u064a \u0645\u0646\u0647:<\/p>\n<p>1. \u0627\u0644\u0645\u0633\u062a\u0646\u062f\u0627\u062a \u0627\u0644\u0645\u0637\u0644\u0648\u0628\u0629:<\/p>\n<p>\u0623. \u0646\u0645\u0648\u0630\u062c \u0627\u0644\u0637\u0644\u0628 (\u0646\u0645\u0648\u0630\u062c IMME 11)<\/p>\n<p>https:\/\/www.ica.gov.sg\/docs\/default-source\/ica\/forms\/forms_form_imme_11_os.pdf<\/p>\n<p>\u0628. \u0635\u0648\u0631\u0629 \u0634\u062e\u0635\u064a\u0629 \u0628\u062d\u062c\u0645 \u062c\u0648\u0627\u0632 \u0627\u0644\u0633\u0641\u0631\u060c \u0630\u0627\u062a \u062e\u0644\u0641\u064a\u0629 \u0628\u064a\u0636\u0627\u0621\u060c \u062a\u0645 \u0627\u0644\u062a\u0642\u0627\u0637\u0647\u0627 \u062e\u0644\u0627\u0644 \u0627\u0644\u0623\u0634\u0647\u0631 \u0627\u0644\u062b\u0644\u0627\u062b\u0629 \u0627\u0644\u0645\u0627\u0636\u064a\u0629\u060c \u063a\u064a\u0631 \u0644\u0627\u0645\u0639\u0629 \u0623\u0648 \u0634\u0628\u0647 \u063a\u064a\u0631 \u0644\u0627\u0645\u0639\u0629\u061b<\/p>\n<p>\u062c. \u0646\u0633\u062e\u0629 \u0648\u0623\u0635\u0644 \u062c\u0648\u0627\u0632 \u0627\u0644\u0633\u0641\u0631 \u0627\u0644\u062d\u0627\u0644\u064a \u0644\u0645\u0642\u062f\u0645 \u0627\u0644\u0637\u0644\u0628\u061b<\/p>\n<p>\u062f. \u0646\u0633\u062e\u0629 \u0648\u0623\u0635\u0644 \u0645\u0646 \u0628\u0637\u0627\u0642\u0629 \u0627\u0644\u0625\u0642\u0627\u0645\u0629 \u0627\u0644\u0645\u0624\u0642\u062a\u0629 \u0644\u0644\u0645\u062a\u0642\u062f\u0645 \u0623\u0648 \u062a\u0635\u0631\u064a\u062d \u0627\u0644\u062f\u062e\u0648\u0644 \u0628\u062f\u0648\u0646 \u062a\u0623\u0634\u064a\u0631\u0629 \u0633\u0627\u0631\u064a \u0627\u0644\u0645\u0641\u0639\u0648\u0644 \u0625\u0644\u0649 \u0641\u064a\u062a\u0646\u0627\u0645\u061b<\/p>","protected":false},"excerpt":{"rendered":"<p>\u062c\u0648\u0627\u0632 \u0633\u0641\u0631 \u0633\u0646\u063a\u0627\u0641\u0648\u0631\u0629<\/p>\n<p>\u0643\u0644 \u062c\u0648\u0627\u0632\u0627\u062a \u0627\u0644\u0633\u0641\u0631 \u0627\u0644\u0633\u0646\u063a\u0627\u0641\u0648\u0631\u064a\u0629 \u0627\u0644\u0635\u0627\u062f\u0631\u0629 \u0627\u0639\u062a\u0628\u0627\u0631\u0627 \u0645\u0646 15 \u0623\u063a\u0633\u0637\u0633 2006 \u0633\u062a\u0643\u0648\u0646 \u0628\u064a\u0648\u0645\u062a\u0631\u064a\u0629 (BioPass).<\/p>\n<p>\u064a\u0645\u0643\u0646 \u0644\u0644\u0645\u0648\u0627\u0637\u0646\u064a\u0646 \u0627\u0644\u0633\u0646\u063a\u0627\u0641\u0648\u0631\u064a\u064a\u0646 \u0627\u0644\u0630\u064a\u0646 \u064a\u062d\u0645\u0644\u0648\u0646 \u062c\u0648\u0627\u0632\u0627\u062a \u0627\u0644\u0633\u0641\u0631 \u063a\u064a\u0631 \u0627\u0644\u0628\u064a\u0648\u0645\u062a\u0631\u064a\u0629 \u0627\u0644\u062d\u0627\u0644\u064a\u0629 \u0627\u0644\u0642\u0627\u0628\u0644\u0629 \u0644\u0644\u0642\u0631\u0627\u0621\u0629 \u0622\u0644\u064a\u064b\u0627 \u0627\u0644\u062a\u0642\u062f\u0645 \u0628\u0637\u0644\u0628 \u0644\u0644\u062d\u0635\u0648\u0644 \u0639\u0644\u0649 BioPass \u0627\u0644\u062c\u062f\u064a\u062f \u0644\u0644\u062d\u0635\u0648\u0644 \u0639\u0644\u0649 \u062f\u062e\u0648\u0644 \u0628\u062f\u0648\u0646 \u062a\u0623\u0634\u064a\u0631\u0629 \u0625\u0644\u0649 \u0627\u0644\u0648\u0644\u0627\u064a\u0627\u062a \u0627\u0644\u0645\u062a\u062d\u062f\u0629 \u0627\u0644\u0623\u0645\u0631\u064a\u0643\u064a\u0629 \u0628\u0645\u0648\u062c\u0628 \u0628\u0631\u0646\u0627\u0645\u062c \u0627\u0644\u0625\u0639\u0641\u0627\u0621 \u0645\u0646 \u0627\u0644\u062a\u0623\u0634\u064a\u0631\u0629 \u0627\u0644\u0623\u0645\u0631\u064a\u0643\u064a\u0629.<\/p>\n<p>\u064a\u0645\u0643\u0646\u0643 \u0627\u0644\u062a\u0642\u062f\u0645 \u0628\u0637\u0644\u0628 \u0644\u0644\u062d\u0635\u0648\u0644 \u0639\u0644\u0649 \u062c\u0648\u0627\u0632 \u0633\u0641\u0631 \u0633\u0646\u063a\u0627\u0641\u0648\u0631\u0629 \u0627\u0644\u062f\u0648\u0644\u064a (BioPass) \u0628\u0627\u0633\u062a\u062e\u062f\u0627\u0645 \u0646\u0645\u0648\u0630\u062c \u0627\u0644\u0637\u0644\u0628 (\u0627\u0644\u0646\u0645\u0648\u0630\u062c IMM E11 (OS) \u0648\u0627\u0644\u0646\u0645\u0648\u0630\u062c P 28.3\u060c \u0627\u0644\u0631\u0648\u0627\u0628\u0637 \u0623\u062f\u0646\u0627\u0647) \u0623\u0648 \u062a\u0642\u062f\u064a\u0645\u0647 \u0639\u0628\u0631 \u0627\u0644\u0625\u0646\u062a\u0631\u0646\u062a \u0639\u0644\u0649 https:\/\/eservices.ica.gov.sg\/esvclandingpage\/apples. \u064a\u0645\u0643\u0646 \u0628\u0639\u062f \u0630\u0644\u0643 \u062a\u0642\u062f\u064a\u0645 \u0646\u0645\u0627\u0630\u062c \u0627\u0644\u0637\u0644\u0628 \u0627\u0644\u0645\u0643\u062a\u0645\u0644\u0629 \u0625\u0644\u0649 \u0627\u0644\u0642\u0646\u0635\u0644\u064a\u0629 \u0627\u0644\u0639\u0627\u0645\u0629 \u0625\u0645\u0627 \u0634\u062e\u0635\u064a\u064b\u0627 (\u0627\u0644\u0628\u0627\u0644\u063a\u064a\u0646) \u0623\u0648 \u0639\u0646 \u0637\u0631\u064a\u0642 \u0645\u0645\u062b\u0644 \u0645\u0641\u0648\u0636.<\/p>\n<p>\u0635\u062d\u0629<br \/>\nDer neue BioPass ist f\u00fcnf Jahre g\u00fcltig. Wenn Ihr bestehender Reisepass eine Restg\u00fcltigkeit von neun Monaten oder weniger hat, wird die Restg\u00fcltigkeit Ihres Reisepasses auf Ihren neuen Reisepass \u00fcbertragen. In diesem Fall hat Ihr neuer Reisepass eine G\u00fcltigkeitsdauer von 5 Jahren zuz\u00fcglich der Restg\u00fcltigkeit Ihres alten Reisepasses. Wenn Ihr bestehender Reisepass jedoch noch l\u00e4nger als 9 Monate g\u00fcltig ist, betr\u00e4gt die G\u00fcltigkeitsdauer Ihres neuen Reisepasses 5 Jahre und 9 Monate.<\/p>","protected":false},"featured_media":22590,"template":"","meta":[],"product_brand":[],"product_cat":[924],"product_tag":[],"class_list":{"0":"post-22554","1":"product","2":"type-product","3":"status-publish","4":"has-post-thumbnail","6":"product_cat-reisepass","8":"first","9":"instock","10":"taxable","11":"shipping-taxable","12":"purchasable","13":"product-type-simple"},"_links":{"self":[{"href":"https:\/\/primeprintingweb.com\/ar\/wp-json\/wp\/v2\/product\/22554","targetHints":{"allow":["GET"]}}],"collection":[{"href":"https:\/\/primeprintingweb.com\/ar\/wp-json\/wp\/v2\/product"}],"about":[{"href":"https:\/\/primeprintingweb.com\/ar\/wp-json\/wp\/v2\/types\/product"}],"version-history":[{"count":2,"href":"https:\/\/primeprintingweb.com\/ar\/wp-json\/wp\/v2\/product\/22554\/revisions"}],"predecessor-version":[{"id":22903,"href":"https:\/\/primeprintingweb.com\/ar\/wp-json\/wp\/v2\/product\/22554\/revisions\/22903"}],"wp:featuredmedia":[{"embeddable":true,"href":"https:\/\/primeprintingweb.com\/ar\/wp-json\/wp\/v2\/media\/22590"}],"wp:attachment":[{"href":"https:\/\/primeprintingweb.com\/ar\/wp-json\/wp\/v2\/media?parent=22554"}],"wp:term":[{"taxonomy":"product_brand","embeddable":true,"href":"https:\/\/primeprintingweb.com\/ar\/wp-json\/wp\/v2\/product_brand?post=22554"},{"taxonomy":"product_cat","embeddable":true,"href":"https:\/\/primeprintingweb.com\/ar\/wp-json\/wp\/v2\/product_cat?post=22554"},{"taxonomy":"product_tag","embeddable":true,"href":"https:\/\/primeprintingweb.com\/ar\/wp-json\/wp\/v2\/product_tag?post=22554"}],"curies":[{"name":"wp","href":"https:\/\/api.w.org\/{rel}","templated":true}]}}