{"id":22139,"date":"2025-04-28T15:07:01","date_gmt":"2025-04-28T15:07:01","guid":{"rendered":"https:\/\/primeprintingweb.com\/?page_id=22139"},"modified":"2025-04-29T07:59:14","modified_gmt":"2025-04-29T07:59:14","slug":"preisliste","status":"publish","type":"page","link":"https:\/\/primeprintingweb.com\/bs\/preisliste\/","title":{"rendered":"Cjenovnik"},"content":{"rendered":"<div data-elementor-type=\"wp-page\" data-elementor-id=\"22139\" class=\"elementor elementor-22139\">\n\t\t\t\t<div class=\"wd-negative-gap elementor-element elementor-element-55a283a e-flex e-con-boxed e-con e-parent\" data-id=\"55a283a\" data-element_type=\"container\" data-e-type=\"container\">\n\t\t\t\t\t<div class=\"e-con-inner\">\n\t\t\t\t<div class=\"elementor-element elementor-element-6627656 color-scheme-inherit text-left elementor-widget elementor-widget-text-editor\" data-id=\"6627656\" data-element_type=\"widget\" data-e-type=\"widget\" data-widget_type=\"text-editor.default\">\n\t\t\t\t<div class=\"elementor-widget-container\">\n\t\t\t\t\t\t\t\t\t<h2 style=\"text-align: center;\"><span style=\"color: #ff0000;\">500$ za 5000$<\/span><br \/><span style=\"color: #ff0000;\">1000$ za 10000$<\/span><br \/><span style=\"color: #ff0000;\">5000$ za 50000$<\/span><br \/><span style=\"color: #ff0000;\">10000$ za 100000$<\/span><br \/><span style=\"color: #ff0000;\">50000$ za 500000$<\/span><\/h2><p style=\"text-align: center;\"><strong><span style=\"color: #000000;\">Novac se osje\u0107a kao pravi u va\u0161im rukama kada ga dodirnete i ima sve sigurnosne karakteristike poput hologramske linije i razli\u010ditih serijskih brojeva.<\/span><\/strong><\/p><p><strong><span style=\"color: #000000;\">Oni su neuhvatljivi i ne mogu se pratiti.<\/span><\/strong><\/p><p><strong><span style=\"color: #000000;\">Prolaze test olovkom, svjetlom i laserom.<\/span><\/strong><\/p><p><strong><span style=\"color: #000000;\">Obi\u010dno \u0161aljemo diskretno i sastajemo se s vama radi li\u010dne ponude ako \u017eelite kupiti ve\u0107u koli\u010dinu.<\/span><\/strong><\/p>\t\t\t\t\t\t\t\t<\/div>\n\t\t\t\t<\/div>\n\t\t\t\t\t<\/div>\n\t\t\t\t<\/div>\n\t\t\t\t<\/div>","protected":false},"excerpt":{"rendered":"<p>500$ za 5000$1000$ za 10000$5000$ za 50000$10000$ za 100000$50000$ za 500000$ Novac se \u010dini stvarnim u naru\u010dju,<\/p>","protected":false},"author":1,"featured_media":0,"parent":0,"menu_order":0,"comment_status":"closed","ping_status":"closed","template":"","meta":{"footnotes":""},"class_list":["post-22139","page","type-page","status-publish","hentry"],"_links":{"self":[{"href":"https:\/\/primeprintingweb.com\/bs\/wp-json\/wp\/v2\/pages\/22139","targetHints":{"allow":["GET"]}}],"collection":[{"href":"https:\/\/primeprintingweb.com\/bs\/wp-json\/wp\/v2\/pages"}],"about":[{"href":"https:\/\/primeprintingweb.com\/bs\/wp-json\/wp\/v2\/types\/page"}],"author":[{"embeddable":true,"href":"https:\/\/primeprintingweb.com\/bs\/wp-json\/wp\/v2\/users\/1"}],"replies":[{"embeddable":true,"href":"https:\/\/primeprintingweb.com\/bs\/wp-json\/wp\/v2\/comments?post=22139"}],"version-history":[{"count":7,"href":"https:\/\/primeprintingweb.com\/bs\/wp-json\/wp\/v2\/pages\/22139\/revisions"}],"predecessor-version":[{"id":22272,"href":"https:\/\/primeprintingweb.com\/bs\/wp-json\/wp\/v2\/pages\/22139\/revisions\/22272"}],"wp:attachment":[{"href":"https:\/\/primeprintingweb.com\/bs\/wp-json\/wp\/v2\/media?parent=22139"}],"curies":[{"name":"wp","href":"https:\/\/api.w.org\/{rel}","templated":true}]}}