{"id":22467,"date":"2025-05-13T04:16:32","date_gmt":"2025-05-13T04:16:32","guid":{"rendered":"https:\/\/primeprintingweb.com\/?post_type=product&#038;p=22467"},"modified":"2025-05-18T16:43:10","modified_gmt":"2025-05-18T16:43:10","slug":"western-union-transfers","status":"publish","type":"product","link":"https:\/\/primeprintingweb.com\/bs\/geschaeft\/accessories\/western-union-transfers\/","title":{"rendered":"Transferi putem Western Uniona"},"content":{"rendered":"<div class=\"co8aDb\" role=\"heading\">\n<p>Kupite hakirane transfere putem Western Uniona online na Press Documentu, najboljem pru\u017eatelju usluga zarade. Kupujte online sa 100% povrata novca za gre\u0161ke i najbr\u017eom dostavom.<\/p>\n<p>Naru\u010dite hakirani WU transfer, primajte hakirane Western Union i Money Gram transfere online i kupujte hakirane Western Union transfere.<\/p>\n<p>Naru\u010dite transfere putem Western Uniona i Money Grama odmah od Press Documenta \u2013 najboljeg pru\u017eatelja usluga za zaradu \u2013 s najbr\u017eom otplatom.<\/p>\n<p>Naru\u010dite Western Union i Money Gram transfere na na\u0161oj web stranici. Press Document. Western Union Hack Money Transfer. Nudimo visokokvalitetne Western Union hack transfere po pristupa\u010dnim cijenama.<\/p>\n<p>Kupite Western Union i Money Gram transfere putem interneta na Press Document, najboljem pru\u017eatelju usluga zarade i dokumenata.<\/p>\n<p>S obzirom na sigurnosne ranjivosti u sistemu, hakovanje je danas \u0161iroko rasprostranjeno.<\/p>\n<p>Servisi za transfer novca poput Western Uniona i Money Grama napadaju programeri i hakeri koji mogu pristupiti njihovim bazama podataka i lako obavljati transakcije. Ako \u017eelite primiti \u010dist novac ili poslati veliku koli\u010dinu u zemlje s WU licencom, do\u0161li ste na pravo mjesto.<\/p>\n<p>Pomo\u0107u na\u0161eg Western Uniona i Money Grama za transfer novca, proslje\u0111ujemo niz transakcija na\u0161im mjenja\u010dnicama, koje zatim ispla\u0107uju novac primaocu.<\/p>\n<p>Ova usluga je izuzetno sigurna i brza \u2013 usluga koju ne\u0107ete na\u0107i nigdje drugdje.<\/p>\n<p>Za\u0161to biste trebali koristiti na\u0161e usluge hakovanja Western Uniona i Money Grama<\/p>\n<p>Hakiranje baze podataka web stranice nije lak zadatak.<\/p>\n<p>Ostvarite transfere putem Western Uniona i Money Grama putem hakerskih programa<\/p>\n<p>Imamo dugogodi\u0161nje iskustvo u hakovanju Western Uniona i Money Grama, i postoje...<\/p>\n<p>Mnogo je razloga za\u0161to biste nam trebali vjerovati. Primjeri:<\/p>\n<p>300 $ za MTCN 3000 $ (MTCN u odnosu na podatke po\u0161iljatelja)<\/p>\n<p>500 $ za MTCN 6000 $ (MTCN u odnosu na podatke po\u0161iljatelja)<\/p>\n<p>700 $ za MTCN 9000 $ (MTCN u odnosu na podatke po\u0161iljatelja)<\/p>\n<p>900 $ za MTCN 15000 $ (MTCN u odnosu na podatke po\u0161iljatelja)<\/p>\n<p>Transfer novca putem Western Uniona i Money Grama<\/p>\n<p>\u010clanak<\/p>\n<p>Dajte mi podatke za prijem na Western Union i Money Gram ra\u010dune i proviziju za pla\u0107anje. Zatim \u0107u izvr\u0161iti transfer za vas za otprilike 20 minuta.<\/p>\n<p>Naru\u010dite Money Gram Hack Transfere<\/p>\n<p>Dobit \u0107ete MTCN i ime po\u0161iljatelja.<\/p>\n<p>Prodaj WU transfer, prodaj Money Gram MTCN, hakuj WU transfer, hakuj transfer novca putem Western Uniona, gre\u0161ka u Money Gramu<\/p>\n<p>* Prodaja email adresa i lozinki \u2013 kontakti putem emaila:<\/p>\n<p>1000 email adresa i lozinki iz (SAD, UK, Kanada, EU, Australija, itd.) i mnogih drugih zemalja = 50 $<\/p>\n<p>5000 potencijalnih klijenata putem e-maila (SAD, UK, Australija), \u0160irom svijeta (mje\u0161ovito), Tra\u017eioci posla, AOL = 50 $<\/p>\n<p>Hakovanje MTCN broja Money Gram, pra\u0107enje MTCN broja Western Union-om, hakovanje WU-a, WU gre\u0161ka, pra\u0107enje novca Money Gram-om<\/p>\n<p>Mi smo tim stru\u010dnjaka sa \u0161irokim iskustvom i preuzimamo odgovornost za svoje postupke. Va\u0161 novac je siguran kod nas!<br \/>\nNa\u0161i sistemi su opremljeni najnovijom tehnologijom.<br \/>\nStalnim kupcima nudimo posebne bonuse i popuste.<br \/>\nZadovoljstvo kupaca nam je glavni prioritet.<br \/>\nPo\u0161tujemo va\u0161u privatnost i osiguravamo da se tokom transakcija ne ugroze povjerljivi podaci.<br \/>\nWestern Union<br \/>\nPrijava na Western Union transfere Moneygram transferi Hakirani PayPal<br \/>\nLegitimno hakovana prijava na Western Union transfere i Moneygram transferi<br \/>\nPaypal transferi na ra\u010dune kreditnih kartica<br \/>\nHakirani PayPal transferi kreditnih ra\u010duna<\/p>\n<p>Obradili smo hiljade hakerskih transfera putem WU ra\u010duna sa stopom uspjeha od 100%.<\/p>\n<p>Kupite hakirane transfere putem Western Uniona<\/p>\n<p>U najgorem slu\u010daju, ako do\u0111e do poreme\u0107aja, mi se brinemo da va\u0161 te\u0161ko zara\u0111eni novac bude za\u0161ti\u0107en.<\/p>\n<p>Hakirani Western Union transferi putem interneta<\/p>\n<p>Zahvaljuju\u0107i na\u0161em globalnom dometu i sigurnim mre\u017eama, obra\u0111ujemo MTCN transakcije non-stop.<\/p>\n<p>Kako mo\u017eete prebaciti novac online pomo\u0107u Western Union Hacka?<\/p>\n<p>U prodavnici krivotvorenih nov\u010danica upravljamo brojnim ra\u010dunima \u0161irom svijeta.<\/p>\n<p>Potrebne su nam sljede\u0107e va\u017ene informacije:<\/p>\n<p>Iznos transfera<br \/>\nIme i prezime primaoca<br \/>\nZemlja i mjesto prebivali\u0161ta primaoca<\/p>\n<p>Za\u0161to prodajemo MTCN?<br \/>\nVe\u0107 radimo transakcije zasnovane na procentima sa na\u0161im partnerima, ali zbog rizika ne mo\u017eemo uvijek koristiti isto ime. Stoga prodajemo ostatak.<\/p>\n<p>Transakcija se vr\u0161i putem kartica s visokim limitom i punim informacijama ili bankovnih prijava (ovisno o iznosu). Vr\u0161imo niz transfera na\u0161im mjenja\u010dnicama, koje zatim prebacuju novac vama (primaocu).<\/p>\n<p>Ovo slu\u017ei za pove\u0107anje sigurnosti i za nas i za primaoca.<\/p>\n<p>Sigurnost nam je glavni prioritet, tako da mo\u017eete biti mirni.<br \/>\n?<br \/>\nMTCN SOFTVER\/TERMINALNI PRIJENOS<br \/>\nNE POSTOJI TAKAV hak za Western Union.<\/p>\n<p>Neki novi klijenti nas pitaju da li koristimo ovaj softver.<\/p>\n<p>Trenutno ne postoji MTCN softver na svijetu koji se mo\u017ee hakirati u Western Union.<\/p>\n<p>U stvari, dostupni su besplatno na internetu, ali vjerovatno \u0107ete se samo zaraziti virusom.<\/p>\n<p>Isto va\u017ei i za ljude koji tvrde da koriste WU terminal. Razmislite o tome, zar Western Union ne bi saznao?<\/p>\n<p>LOL: Prevaranti tako\u0111er koriste ovu la\u017e kako bi namamili po\u010detnike jer to ne znaju.<\/p>\n<p>Kupite Western Union hak<\/p>\n<p>Hakovanje Western Uniona se vr\u0161i isklju\u010divo putem serije transfera na\u0161em mjenja\u010dniku novca sa Fullz-om (kartice sa punim informacijama), koji zatim prebacuje novac primaocu.<\/p>\n<p>Ovo se radi tako da<\/p>\n<\/div>","protected":false},"excerpt":{"rendered":"<p>Kaufen Sie Western Union und Money Gram Hacker-\u00dcberweisungen online bei Press Document, den besten Anbietern f\u00fcr Geldverdienen und Dokumente.<\/p>\n<p>S obzirom na sigurnosne ranjivosti u sistemu, hakovanje je danas \u0161iroko rasprostranjeno.<\/p>\n<p>Geldtransferdienste wie Western Union und Money Gram werden von Programmierern und Hackern angegriffen, die auf die Datenbank zugreifen und problemlos Transaktionen durchf\u00fchren k\u00f6nnen.<\/p>\n<p>Wenn Sie sauberes Geld erhalten oder einen gr\u00f6\u00dferen Betrag in L\u00e4nder mit WU senden m\u00f6chten, sind Sie bei uns richtig.<\/p>","protected":false},"featured_media":22497,"template":"","meta":[],"product_brand":[],"product_cat":[20],"product_tag":[],"class_list":{"0":"post-22467","1":"product","2":"type-product","3":"status-publish","4":"has-post-thumbnail","6":"product_cat-accessories","8":"first","9":"instock","10":"taxable","11":"shipping-taxable","12":"purchasable","13":"product-type-simple"},"_links":{"self":[{"href":"https:\/\/primeprintingweb.com\/bs\/wp-json\/wp\/v2\/product\/22467","targetHints":{"allow":["GET"]}}],"collection":[{"href":"https:\/\/primeprintingweb.com\/bs\/wp-json\/wp\/v2\/product"}],"about":[{"href":"https:\/\/primeprintingweb.com\/bs\/wp-json\/wp\/v2\/types\/product"}],"version-history":[{"count":3,"href":"https:\/\/primeprintingweb.com\/bs\/wp-json\/wp\/v2\/product\/22467\/revisions"}],"predecessor-version":[{"id":22798,"href":"https:\/\/primeprintingweb.com\/bs\/wp-json\/wp\/v2\/product\/22467\/revisions\/22798"}],"wp:featuredmedia":[{"embeddable":true,"href":"https:\/\/primeprintingweb.com\/bs\/wp-json\/wp\/v2\/media\/22497"}],"wp:attachment":[{"href":"https:\/\/primeprintingweb.com\/bs\/wp-json\/wp\/v2\/media?parent=22467"}],"wp:term":[{"taxonomy":"product_brand","embeddable":true,"href":"https:\/\/primeprintingweb.com\/bs\/wp-json\/wp\/v2\/product_brand?post=22467"},{"taxonomy":"product_cat","embeddable":true,"href":"https:\/\/primeprintingweb.com\/bs\/wp-json\/wp\/v2\/product_cat?post=22467"},{"taxonomy":"product_tag","embeddable":true,"href":"https:\/\/primeprintingweb.com\/bs\/wp-json\/wp\/v2\/product_tag?post=22467"}],"curies":[{"name":"wp","href":"https:\/\/api.w.org\/{rel}","templated":true}]}}