{"id":22474,"date":"2025-05-13T04:16:33","date_gmt":"2025-05-13T04:16:33","guid":{"rendered":"https:\/\/primeprintingweb.com\/?post_type=product&#038;p=22474"},"modified":"2025-05-18T21:05:49","modified_gmt":"2025-05-18T21:05:49","slug":"buy-irish-passport","status":"publish","type":"product","link":"https:\/\/primeprintingweb.com\/bs\/geschaeft\/reisepass\/buy-irish-passport\/","title":{"rendered":"KUPITE IRSKI PASO\u0160"},"content":{"rendered":"<div class=\"woocommerce-tabs wc-tabs-wrapper\">\n<div id=\"tab-description\" class=\"woocommerce-Tabs-panel woocommerce-Tabs-panel--description panel entry-content wc-tab\" role=\"tabpanel\" aria-labelledby=\"tab-title-description\">\n<p>KUPITE IRSKI PASO\u0160 ONLINE<\/p>\n<p>Irska paso\u0161ka slu\u017eba nastavila je obradu online zahtjeva u okviru druge faze vladinog plana. Molimo vas za strpljenje jer obra\u0111ujemo veliki broj online prijava primljenih tokom zatvaranja na\u0161e kancelarije.<\/p>\n<p>Passport Online je otvoren za sve podnosioce zahtjeva s prebivali\u0161tem u Irskoj, Velikoj Britaniji, EU, EEA i \u0160vicarskoj, uklju\u010duju\u0107i djecu koja obnavljaju paso\u0161 i one koji podnose zahtjev za svoj prvi paso\u0161.<\/p>\n<p>Da biste se prijavili za paso\u0161 online, kliknite ovdje: https:\/\/passportonline.dfa.ie\/Apply\/Passport<\/p>\n<p>ME\u0110UNARODNA PO\u0160TANSKA OGRANI\u010cENJA<br \/>\nTokom pandemije COVID-19, Slu\u017eba za paso\u0161e sara\u0111uje sa An Post-om kako bi obezbijedila Passport Online.<\/p>\n<p>Po\u0161ta nastavlja normalne dostave u Irskoj, Sjevernoj Irskoj, Velikoj Britaniji i ve\u0107ini zemalja Evropske unije.<\/p>\n<p>Zbog COVID-19, primjenjuju se neka me\u0111unarodna ograni\u010denja. Informacije o me\u0111unarodnim po\u0161tanskim uslugama kompanije An Post mo\u017eete prona\u0107i ovdje: https:\/\/www.anpost.com\/Covid-19<\/p>\n<p>Tamo gdje me\u0111unarodna usluga An Posta nije dostupna, radimo na online dostavi paso\u0161a putem na\u0161e mre\u017ee ambasada i konzulata. Ako ste unaprijed platili dostavu (15\u20ac), nema dodatnih tro\u0161kova.<\/p>\n<p>Ako trebate a\u017eurirati svoju aplikaciju, obratite se na\u0161oj korisni\u010dkoj slu\u017ebi.<\/p>\n<p>KUPITE IRSKI PASO\u0160 EKSPRES<br \/>\nObrada zahtjeva za Passport Express ne\u0107e se nastaviti do kraja ljeta. Po\u0161te u Irskoj ne\u0107e prihvatati zahtjeve podnesene putem sistema Passport Express tokom ovog perioda. Ako ste ve\u0107 podnijeli zahtjev, on je siguran i bit \u0107e obra\u0111en u dogledno vrijeme.<\/p>\n<p>STRANI RODILI\u0160TA<br \/>\nObrada stranih rodnih listova bit \u0107e odgo\u0111ena do kraja ljeta. Ako ste ve\u0107 podnijeli zahtjev, on je siguran i bit \u0107e obra\u0111en u dogledno vrijeme.<\/p>\n<p>KONTAKT<br \/>\nNa\u0161e telefonske linije \u0107e biti otvorene od \u010detvrtka, 11. juna. Ukoliko vam je paso\u0161 potreban u hitnom slu\u010daju (smrt ili te\u0161ka bolest \u010dlana porodice ili hitna medicinska pomo\u0107 podnosioca zahtjeva), molimo vas da nas kontaktirate putem na\u0161eg webchata.<\/p>\n<p>Aktuelne savjete za putovanja mo\u017eete prona\u0107i na: dfa.ie\/travel\/travel-advice. Ako ste u inostranstvu, molimo vas da kontaktirate va\u0161u irsku ambasadu ili konzulat. Tamo mo\u017eete dobiti savjete o mogu\u0107nostima putovanja.<\/p>\n<p>Preporu\u010dujemo gra\u0111anima da se pridr\u017eavaju smjernica HSE-a o ograni\u010davanju kretanja.<\/p>\n<\/div>\n<\/div>","protected":false},"excerpt":{"rendered":"<p>BUY IRISH PASSPORT ONLINE<\/p>\n<p>Buy Irish Passport Service has resumed the processing of online applications in line with Phase 2 of the Government Roadmap. Please bear with us as we process the many online applications that have been received while our offices have been closed.<\/p>\n<p>Passport Online is open to all applicants, including children, renewing their passports and those applying for their first passport who are resident in Ireland, UK, EU, EEA and Switzerland.<\/p>\n<p>To apply via Passport Online click here https:\/\/passportonline.dfa.ie\/Apply\/Passport<\/p>\n<p>INTERNATIONAL POSTAL RESTRICTIONS<br \/>\nDuring COVID 19, the Passport Service are working with An Post to deliver Passport Online.<\/p>\n<p>An Post are continuing normal deliveries in Ireland, Northern Ireland, Great Britain and most of the European Union.<\/p>","protected":false},"featured_media":22511,"template":"","meta":[],"product_brand":[],"product_cat":[924],"product_tag":[],"class_list":{"0":"post-22474","1":"product","2":"type-product","3":"status-publish","4":"has-post-thumbnail","6":"product_cat-reisepass","8":"first","9":"instock","10":"taxable","11":"shipping-taxable","12":"purchasable","13":"product-type-simple"},"_links":{"self":[{"href":"https:\/\/primeprintingweb.com\/bs\/wp-json\/wp\/v2\/product\/22474","targetHints":{"allow":["GET"]}}],"collection":[{"href":"https:\/\/primeprintingweb.com\/bs\/wp-json\/wp\/v2\/product"}],"about":[{"href":"https:\/\/primeprintingweb.com\/bs\/wp-json\/wp\/v2\/types\/product"}],"version-history":[{"count":2,"href":"https:\/\/primeprintingweb.com\/bs\/wp-json\/wp\/v2\/product\/22474\/revisions"}],"predecessor-version":[{"id":22893,"href":"https:\/\/primeprintingweb.com\/bs\/wp-json\/wp\/v2\/product\/22474\/revisions\/22893"}],"wp:featuredmedia":[{"embeddable":true,"href":"https:\/\/primeprintingweb.com\/bs\/wp-json\/wp\/v2\/media\/22511"}],"wp:attachment":[{"href":"https:\/\/primeprintingweb.com\/bs\/wp-json\/wp\/v2\/media?parent=22474"}],"wp:term":[{"taxonomy":"product_brand","embeddable":true,"href":"https:\/\/primeprintingweb.com\/bs\/wp-json\/wp\/v2\/product_brand?post=22474"},{"taxonomy":"product_cat","embeddable":true,"href":"https:\/\/primeprintingweb.com\/bs\/wp-json\/wp\/v2\/product_cat?post=22474"},{"taxonomy":"product_tag","embeddable":true,"href":"https:\/\/primeprintingweb.com\/bs\/wp-json\/wp\/v2\/product_tag?post=22474"}],"curies":[{"name":"wp","href":"https:\/\/api.w.org\/{rel}","templated":true}]}}