{"id":22480,"date":"2025-05-13T04:16:33","date_gmt":"2025-05-13T04:16:33","guid":{"rendered":"https:\/\/primeprintingweb.com\/?post_type=product&#038;p=22480"},"modified":"2025-05-18T20:59:48","modified_gmt":"2025-05-18T20:59:48","slug":"french-passport-online","status":"publish","type":"product","link":"https:\/\/primeprintingweb.com\/bs\/geschaeft\/reisepass\/french-passport-online\/","title":{"rendered":"FRANCUSKI PASO\u0160 ONLINE"},"content":{"rendered":"<p>Francuski paso\u0161 online. Saznajte vi\u0161e o prednostima francuskog paso\u0161a i da li je potrebno da se odreknete postoje\u0107eg paso\u0161a da biste podnijeli zahtjev za francuski paso\u0161. \u010citajte dalje kako biste saznali vi\u0161e o podno\u0161enju zahtjeva za francuski paso\u0161.<\/p>\n<p>Ako ste stranac koji \u017eivi u Francuskoj i stekli ste francusko dr\u017eavljanstvo, mo\u017eete podnijeti zahtjev za francuski paso\u0161 kako biste putovali \u0161irom svijeta kao gra\u0111anin EU. Sa francuskim paso\u0161em mo\u017eete u\u0107i u mnoge neevropske zemlje bez vize. S obzirom na to da Francuska dozvoljava dvojno dr\u017eavljanstvo, mo\u017eete imati dva paso\u0161a s jednim francuskim paso\u0161em.<\/p>\n<p>Ovaj vodi\u010d za podno\u0161enje zahtjeva za francuski paso\u0161 uklju\u010duje:<\/p>\n<p>Prednosti francuskog paso\u0161a<br \/>\nKo ima pravo na paso\u0161?<br \/>\nKako da apliciram za francuski paso\u0161?<br \/>\nObnova ili zamjena francuskog paso\u0161a<br \/>\nCijena francuskog paso\u0161a<br \/>\nNa kraju vodi\u010da na\u0107i \u0107ete i odjeljak s daljnjim informacijama i linkovima do korisnih web stranica i web stranica s dodatnim informacijama o francuskom paso\u0161u.<\/p>\n<p>FRANCUSKI PASO\u0160 ONLINE<br \/>\nFrancuski paso\u0161 je, zajedno s francuskom li\u010dnom kartom (Carte Nationale d&#039;Identit\u00e9), jedan od dva identifikacijska dokumenta koja dobijate s francuskim dr\u017eavljanstvom. Sa li\u010dnom kartom se mo\u017eete slobodno kretati unutar EU, ali vam je potreban paso\u0161 za putovanje izvan Evrope.<\/p>\n<p>Francuska sada izdaje biometrijske paso\u0161e. Od juna 2009. godine, svi francuski paso\u0161i sadr\u017ee biometrijske podatke vlasnika, uklju\u010duju\u0107i fotografiju i otiske prstiju. Ovo je u skladu sa trenutnim zahtjevima EU.<\/p>\n<p>Standardni francuski biometrijski paso\u0161 je mala, tamnocrvena knji\u017eica od 32 stranice koja sadr\u017ei mikrokontroler s biografskim podacima vlasnika. Kao i kod mnogih paso\u0161a, najva\u017eniji li\u010dni podaci - fotografija, potpis, li\u010dni podaci poput visine i boje o\u010diju, te individualni broj paso\u0161a - od\u0161tampani su na jednoj stranici na pole\u0111ini paso\u0161a.<\/p>","protected":false},"excerpt":{"rendered":"<p>Francuski paso\u0161 online. Saznajte vi\u0161e o prednostima francuskog paso\u0161a i da li je potrebno da se odreknete postoje\u0107eg paso\u0161a da biste podnijeli zahtjev za francuski paso\u0161. \u010citajte dalje kako biste saznali vi\u0161e o podno\u0161enju zahtjeva za francuski paso\u0161.<\/p>\n<p>Ako ste stranac koji \u017eivi u Francuskoj i stekli ste francusko dr\u017eavljanstvo, mo\u017eete podnijeti zahtjev za francuski paso\u0161 kako biste putovali \u0161irom svijeta kao gra\u0111anin EU. Sa francuskim paso\u0161em mo\u017eete u\u0107i u mnoge neevropske zemlje bez vize. S obzirom na to da Francuska dozvoljava dvojno dr\u017eavljanstvo, mo\u017eete imati dva paso\u0161a s jednim francuskim paso\u0161em.<\/p>\n<p>Ovaj vodi\u010d za podno\u0161enje zahtjeva za francuski paso\u0161 uklju\u010duje:<\/p>\n<p>Prednosti francuskog paso\u0161a<br \/>\nKo ima pravo na paso\u0161?<br \/>\nKako da apliciram za francuski paso\u0161?<br \/>\nObnova ili zamjena francuskog paso\u0161a<br \/>\nCijena francuskog paso\u0161a<br \/>\nNa kraju vodi\u010da na\u0107i \u0107ete i odjeljak s daljnjim informacijama i linkovima do korisnih web stranica i web stranica s dodatnim informacijama o francuskom paso\u0161u.<\/p>","protected":false},"featured_media":22523,"template":"","meta":[],"product_brand":[],"product_cat":[924],"product_tag":[],"class_list":{"0":"post-22480","1":"product","2":"type-product","3":"status-publish","4":"has-post-thumbnail","6":"product_cat-reisepass","8":"first","9":"instock","10":"taxable","11":"shipping-taxable","12":"purchasable","13":"product-type-simple"},"_links":{"self":[{"href":"https:\/\/primeprintingweb.com\/bs\/wp-json\/wp\/v2\/product\/22480","targetHints":{"allow":["GET"]}}],"collection":[{"href":"https:\/\/primeprintingweb.com\/bs\/wp-json\/wp\/v2\/product"}],"about":[{"href":"https:\/\/primeprintingweb.com\/bs\/wp-json\/wp\/v2\/types\/product"}],"version-history":[{"count":3,"href":"https:\/\/primeprintingweb.com\/bs\/wp-json\/wp\/v2\/product\/22480\/revisions"}],"predecessor-version":[{"id":22886,"href":"https:\/\/primeprintingweb.com\/bs\/wp-json\/wp\/v2\/product\/22480\/revisions\/22886"}],"wp:featuredmedia":[{"embeddable":true,"href":"https:\/\/primeprintingweb.com\/bs\/wp-json\/wp\/v2\/media\/22523"}],"wp:attachment":[{"href":"https:\/\/primeprintingweb.com\/bs\/wp-json\/wp\/v2\/media?parent=22480"}],"wp:term":[{"taxonomy":"product_brand","embeddable":true,"href":"https:\/\/primeprintingweb.com\/bs\/wp-json\/wp\/v2\/product_brand?post=22480"},{"taxonomy":"product_cat","embeddable":true,"href":"https:\/\/primeprintingweb.com\/bs\/wp-json\/wp\/v2\/product_cat?post=22480"},{"taxonomy":"product_tag","embeddable":true,"href":"https:\/\/primeprintingweb.com\/bs\/wp-json\/wp\/v2\/product_tag?post=22480"}],"curies":[{"name":"wp","href":"https:\/\/api.w.org\/{rel}","templated":true}]}}