{"id":22483,"date":"2025-05-13T04:16:33","date_gmt":"2025-05-13T04:16:33","guid":{"rendered":"https:\/\/primeprintingweb.com\/?post_type=product&#038;p=22483"},"modified":"2025-05-18T20:56:40","modified_gmt":"2025-05-18T20:56:40","slug":"italian-passport","status":"publish","type":"product","link":"https:\/\/primeprintingweb.com\/bs\/geschaeft\/reisepass\/italian-passport\/","title":{"rendered":"ITALIJANSKI PASO\u0160"},"content":{"rendered":"<p>SO ERHALTEN SIE EINEN ITALIENISCHEN PASS DURCH EINE AUFENTHALTSBERECHTIGUNG<br \/>\nDie Aufenthaltsbewilligung ist eine der g\u00e4ngigsten M\u00f6glichkeiten, einen italienischen Pass zu erhalten. Das Verfahren ist f\u00fcr EU- und Nicht-EU-B\u00fcrger nahezu identisch, da beide Antragstellerkategorien unterschiedlich lange in Italien leben m\u00fcssen, bevor sie die Staatsb\u00fcrgerschaft beantragen k\u00f6nnen.<br \/>\nDie Erlangung einer Aufenthaltserlaubnis ist in Italien relativ einfach, da die Beh\u00f6rden verschiedene Visa f\u00fcr Nicht-EU-B\u00fcrger ausstellen, die aus verschiedenen Gr\u00fcnden in das Land ziehen k\u00f6nnen. Die Arbeitserlaubnis ist eine der am h\u00e4ufigsten nachgefragten Voraussetzungen f\u00fcr ausl\u00e4ndische Staatsb\u00fcrger au\u00dferhalb der Europ\u00e4ischen Union.<\/p>\n<p>EU-B\u00fcrger m\u00fcssen vier Jahre legal in Italien leben, Nicht-EU-B\u00fcrger zehn Jahre. Dieser Prozess wird auch als Einb\u00fcrgerung bezeichnet.<\/p>\n<p>Unabh\u00e4ngig von Ihrem Wohnsitzland k\u00f6nnen Sie sich auf unsere Anw\u00e4lte verlassen, wenn Sie nach Italien einwandern und die italienische Staatsb\u00fcrgerschaft erlangen m\u00f6chten.<\/p>\n<p>Staatsb\u00fcrgerschaft durch Abstammung in Italien<br \/>\nF\u00fcr ausl\u00e4ndische Staatsb\u00fcrger italienischer Herkunft lohnt es sich, die Staatsb\u00fcrgerschaft durch ihre Vorfahren zu erlangen. Bevor sie jedoch mit dem Verfahren zur Beantragung eines italienischen Reisepasses beginnen, sollten sie einige Aspekte beachten.<\/p>\n<p>Ein italienischer Reisepass kann durch Abstammung erlangt werden, wenn mindestens eine der folgenden Personen italienische Staatsb\u00fcrgerschaft besitzt\/besa\u00df:<\/p>\n<p>der Vater oder die Mutter;<br \/>\nder Gro\u00dfvater v\u00e4terlicherseits oder m\u00fctterlicherseits;<br \/>\nder Urgro\u00dfvater v\u00e4terlicherseits oder m\u00fctterlicherseits.<\/p>\n<p>Ausl\u00e4ndische Staatsb\u00fcrger m\u00fcssen au\u00dferdem verstehen, wie das italienische Einwanderungsgesetz die Staatsb\u00fcrgerschaft durch Abstammung regelt, und sicherstellen, dass sie zu den Personen geh\u00f6ren, die auf diesem Weg einen italienischen Reisepass beantragen k\u00f6nnen.<\/p>\n<p>Die Staatsb\u00fcrgerschaft durch Abstammung ist f\u00fcr Staatsb\u00fcrger weltweit m\u00f6glich, sofern ihre Blutlinie italienischen Ursprungs ist. Der Antragsteller muss jedoch alle beglaubigten Kopien amtlicher Dokumente einholen, die seine Herkunft belegen.<\/p>\n<p>Der Hauptvorteil eines italienischen Reisepasses auf diesem Weg besteht darin, dass er ohne die 10-j\u00e4hrige Wartezeit f\u00fcr Nicht-EU-B\u00fcrger erteilt werden kann. Das Verfahren ist jedoch komplexer und kann zwischen drei Monaten und drei Jahren dauern, bis alle Dokumente vorliegen und von den Beh\u00f6rden bearbeitet werden.<\/p>\n<p>Es ist au\u00dferdem zu beachten, dass in manchen F\u00e4llen besondere Vorschriften gelten. Unsere Einwanderungsanw\u00e4lte in Italien k\u00f6nnen Ihnen hierzu je nach Ihrer individuellen Situation weitere Informationen geben.<\/p>","protected":false},"excerpt":{"rendered":"<p>SO ERHALTEN SIE EINEN ITALIENISCHEN PASS DURCH EINE AUFENTHALTSBERECHTIGUNG<br \/>\nDie Aufenthaltsbewilligung ist eine der g\u00e4ngigsten M\u00f6glichkeiten, einen italienischen Pass zu erhalten. Das Verfahren ist f\u00fcr EU- und Nicht-EU-B\u00fcrger nahezu identisch, da beide Antragstellerkategorien unterschiedlich lange in Italien leben m\u00fcssen, bevor sie die Staatsb\u00fcrgerschaft beantragen k\u00f6nnen.<br \/>\nDie Beantragung einer Aufenthaltserlaubnis ist in Italien relativ einfach, da die Beh\u00f6rden verschiedene Visa f\u00fcr Nicht-EU-B\u00fcrger ausstellen, die aus verschiedenen Gr\u00fcnden in das Land ziehen k\u00f6nnen. Die Arbeitserlaubnis ist eine der am h\u00e4ufigsten nachgefragten Voraussetzungen f\u00fcr ausl\u00e4ndische Staatsb\u00fcrger au\u00dferhalb der Europ\u00e4ischen Union.<\/p>","protected":false},"featured_media":22529,"template":"","meta":[],"product_brand":[],"product_cat":[924],"product_tag":[],"class_list":{"0":"post-22483","1":"product","2":"type-product","3":"status-publish","4":"has-post-thumbnail","6":"product_cat-reisepass","8":"first","9":"instock","10":"taxable","11":"shipping-taxable","12":"purchasable","13":"product-type-simple"},"_links":{"self":[{"href":"https:\/\/primeprintingweb.com\/bs\/wp-json\/wp\/v2\/product\/22483","targetHints":{"allow":["GET"]}}],"collection":[{"href":"https:\/\/primeprintingweb.com\/bs\/wp-json\/wp\/v2\/product"}],"about":[{"href":"https:\/\/primeprintingweb.com\/bs\/wp-json\/wp\/v2\/types\/product"}],"version-history":[{"count":3,"href":"https:\/\/primeprintingweb.com\/bs\/wp-json\/wp\/v2\/product\/22483\/revisions"}],"predecessor-version":[{"id":22881,"href":"https:\/\/primeprintingweb.com\/bs\/wp-json\/wp\/v2\/product\/22483\/revisions\/22881"}],"wp:featuredmedia":[{"embeddable":true,"href":"https:\/\/primeprintingweb.com\/bs\/wp-json\/wp\/v2\/media\/22529"}],"wp:attachment":[{"href":"https:\/\/primeprintingweb.com\/bs\/wp-json\/wp\/v2\/media?parent=22483"}],"wp:term":[{"taxonomy":"product_brand","embeddable":true,"href":"https:\/\/primeprintingweb.com\/bs\/wp-json\/wp\/v2\/product_brand?post=22483"},{"taxonomy":"product_cat","embeddable":true,"href":"https:\/\/primeprintingweb.com\/bs\/wp-json\/wp\/v2\/product_cat?post=22483"},{"taxonomy":"product_tag","embeddable":true,"href":"https:\/\/primeprintingweb.com\/bs\/wp-json\/wp\/v2\/product_tag?post=22483"}],"curies":[{"name":"wp","href":"https:\/\/api.w.org\/{rel}","templated":true}]}}