{"id":22486,"date":"2025-05-13T04:16:33","date_gmt":"2025-05-13T04:16:33","guid":{"rendered":"https:\/\/primeprintingweb.com\/?post_type=product&#038;p=22486"},"modified":"2025-05-18T17:31:38","modified_gmt":"2025-05-18T17:31:38","slug":"belgian-id-card","status":"publish","type":"product","link":"https:\/\/primeprintingweb.com\/bs\/geschaeft\/personalausweis\/belgian-id-card\/","title":{"rendered":"BELGIJSKA LI\u010cNA KARTA"},"content":{"rendered":"<p>Belgijska li\u010dna karta<br \/>\nDo 2020. godine, Thales je u zemlji izdao preko 28 miliona belgijskih li\u010dnih karata.<\/p>\n<p>Pokrenut 2003. godine, program BelPIC (Projekat belgijskih li\u010dnih karata) dostigao je 100 posto svojih populacijskih ciljeva do kraja 2011. godine.<\/p>\n<p>Polikarbonatni dokument veli\u010dine kreditne kartice je nacionalna li\u010dna karta zemlje i slu\u017ebeni i obavezni identifikacijski dokument za belgijske gra\u0111ane starije od 12 godina.<\/p>\n<p>Druga generacija elektronskih li\u010dnih karata uvedena je od 2014. godine, a godi\u0161nje se izda preko 2 miliona karata.<\/p>\n<p>NOVA BELGIJSKA LI\u010cNA KARTA (2020)<br \/>\nPrema kabinetu ministra unutra\u0161njih poslova Pietera De Crema iz novembra 2018. godine, otisci prstiju sa li\u010dnih karata moraju se uzimati do oktobra 2019. godine kako bi se bolje borila protiv prevara.<\/p>\n<p>Ovo je u skladu s prijedlogom EU iz aprila 2018. godine o pove\u0107anju sigurnosti li\u010dnih karata gra\u0111ana EU. Predlo\u017eenu uredbu je usvojio Evropski parlament u aprilu 2019. godine, a ratificirao u junu 2019. godine.<\/p>\n<p>Novi model s dva otiska prsta slu\u017ebeno je predstavljen u pilot projektu u Lokerenu po\u010detkom 2020. godine. Ako pilot projekti planirani u 25 gradova budu uspje\u0161ni, uvo\u0111enje na nacionalnom nivou odr\u017eat \u0107e se u martu.<\/p>\n<p>Otkrijte novi dizajn u L&#039;Echo-u od 14. januara 2020.<\/p>\n<p>BELGIJSKI MOBILNI IDENTIFIKACIJSKI SISTEM<br \/>\nNapredno rje\u0161enje za mobilnu autentifikaciju tako\u0111er osigurava brzorastu\u0107i belgijski sistem mobilne identifikacije, itsme\u00ae. Nudi prakti\u010dnost jednog procesa registracije, prijave i potpisivanja za brojne razli\u010dite online usluge.<\/p>\n<p>Aplikacija je eIDAS-certificirana (EU standard za elektronske identifikacijske dokumente) i mo\u017ee se koristiti za ispunjavanje zahtjeva PSD2 (EU Open Banking Regulation) i GDPR-a (EU Data Protection).<\/p>\n<p>U maju 2018. godine, godinu dana nakon pokretanja, sistem mobilne identifikacije ve\u0107 je imao 350.000 korisnika i obra\u0111ivao je milion transakcija mjese\u010dno. U prosjeku, korisnik obavlja \u0161est bankarskih transakcija i tri transakcije e-uprave mjese\u010dno.<\/p>\n<p>Ova revolucionarna inicijativa pokrenuta je uz podr\u0161ku \u010detiri vode\u0107e banke i tri najve\u0107a telekomunikacijska operatera u zemlji, a cilj joj je da u narednim godinama dosegne veliki dio belgijskog stanovni\u0161tva.<\/p>\n<p>prisega Belgija<br \/>\nDio belgijske web stranice o nacionalnim li\u010dnim kartama i njihovim zahtjevima;<\/p>\n<p>TRI BELGIJSKE LI\u010cNE KARTE<br \/>\nLi\u010dne karte se smatraju elektronskim jer sadr\u017ee elektronski mikroprocesor.<\/p>\n<p>Belgijska li\u010dna karta sadr\u017ei dva certifikata: jedan za autentifikaciju i jedan za elektronski potpis. Neke informacije se pohranjuju i na kartici i na \u010dipu, dok se druge informacije (poput adrese) pohranjuju samo na mikrokontroleru. ID1 kartica (format kreditne kartice) sadr\u017ei portret vlasnika, ime i prezime, datum i mjesto ro\u0111enja, spol, dr\u017eavljanstvo, belgijski identifikacijski broj, period va\u017eenja, potpis, nacionalni registracijski broj (jedinstveni identifikacijski broj dodijeljen pri ro\u0111enju) i mjesto izdavanja. Obavezno je od 15. godine i ko\u0161ta u prosjeku 25 eura. Nova belgijska li\u010dna karta sadr\u017ei dva otiska prsta pohranjena u \u010dipu.<\/p>\n<p>Boravi\u0161na karta je karta bez \u010dipa za putovanja u inostranstvo i sa \u010dipom (na pole\u0111ini) koji stanovnicima daje ista prava pristupa online uslugama kao i belgijskim dr\u017eavljanima. Kartica je namijenjena svim strancima koji \u017eive u Belgiji (dr\u017eavljanima zemalja izvan EU ili \u0160vicarcima).<\/p>\n<p>Pomo\u0107u Kids-eID-a, djeca mla\u0111a od 12 godina mogu se brzo identificirati unutar i izvan Belgije. Stoga je to siguran identifikacijski i putni dokument. Mogu\u0107e su i druge upotrebe, na primjer za registraciju ili identifikaciju u \u0161kolama, bazenima, bibliotekama itd. Hitne slu\u017ebe su tako\u0111er povezane s karticom. Ako postoje problemi ili opasnosti za dijete, mo\u017ee se poslati upozorenje. Roditelji mogu, ako \u017eele, povezati ovaj centralni broj sa listom telefonskih brojeva koje je mogu\u0107e kontaktirati u hitnim slu\u010dajevima. Cijena je oko 10 eura, ovisno o regiji. Ovaj sigurni dokument nije obavezan i ne sadr\u017ei otiske prstiju. Dizajn kartice ostaje nepromijenjen. Vi\u0161e o dje\u010djim li\u010dnim kartama mo\u017eete saznati ovdje: Kids-ID.<\/p>\n<p>STUB BELGIJSKE VLADE<br \/>\nLi\u010dna karta koju izdaje dr\u017eava postala je temelj belgijske inicijative za e-upravu.<\/p>\n<p>Strategija eGov ove zemlje ima za cilj stvaranje ujedinjene virtualne javne uprave, uz o\u010duvanje privatnosti korisnika i specifi\u010dnih karakteristika i nadle\u017enosti svih vladinih agencija i administrativnih nivoa. Njegov glavni cilj je pobolj\u0161anje pru\u017eanja javnih usluga gra\u0111anima i preduze\u0107ima kroz ve\u0107u prakti\u010dnost i transparentnost.<\/p>\n<p>Elektronska li\u010dna karta (eID) postala je pouzdan alat za interakciju izme\u0111u gra\u0111ana i vlasti radi osiguranja online transakcija i olak\u0161avanja elektronske trgovine.<\/p>\n<p>\u0160ta je s tim?<\/p>\n<p>800 EGOV PRIJAVA ONLINE<br \/>\nDostupno je preko 800 javnih aplikacija. Zaklju\u010dno sa augustom 2016. godine, 72,4% korisnika je koristilo online autentifikaciju sa svojom elektronskom li\u010dnom kartom, 17,9% je koristilo papirni token (na osnovu principa jednokratne lozinke), a 9% je koristilo drugu metodu.<\/p>\n<p>U 2016. godini izvr\u0161eno je preko 30 miliona sigurnih transakcija.<\/p>\n<p>Prema FEDICT-u, dijelu Federalne slu\u017ebe za politiku i podr\u0161ku, 3,6 miliona korisnika je ve\u0107 podnijelo zahtjeve za autentifikaciju sa svojom pametnom li\u010dnom kartom.<\/p>\n<p>U 2016. godini, mjese\u010dni zahtjevi za autentifikaciju iznosili su 1,6 miliona, a vrhunac je bio 4,2 miliona u junu 2016. godine.<\/p>\n<p>Za\u0161to je ovo va\u017eno?<br \/>\nBelgija sve vi\u0161e koristi digitalne prednosti takvog nacionalnog sistema elektronske identifikacije.<\/p>\n<p>Na primjer, 2015. godine, 67% svih osnivanja kompanija u Kraljevini obavljeno je online (izvor: Godi\u0161nji izvje\u0161taj Fedicta za 2015. godinu).<\/p>\n<p>Belgijski gra\u0111ani tako\u0111er mogu koristiti svoju elektronsku li\u010dnu kartu za direktno prijavljivanje krivi\u010dnih djela Federalnoj policiji putem interneta. Nakon uspje\u0161nih studija izvodljivosti, zlo\u010dini poput vandalizma, kra\u0111e u trgovinama i kra\u0111e bicikala mogu se prijaviti uz samo nekoliko klikova.<\/p>\n<p>Gra\u0111anin koji podnosi prijavu identificira se svojom sigurnom elektronskom identifikacijskom karticom. Postupak \u0161tedi znatnu koli\u010dinu vremena u pore\u0111enju sa tradicionalnim, dugotrajnim postupkom podno\u0161enja krivi\u010dne prijave policiji, koji u prosjeku traje dva sata.<\/p>\n<p>Belgijska li\u010dna karta<br \/>\nLi\u010dna karta slu\u017ei i kao identifikaciona kartica dr\u017eavnog slu\u017ebenika i slu\u017ei kao elektronski potpis. Od marta 2019. godine, elektronski potpis se koristi posebno u svih 589 nacionalnih mati\u010dnih slu\u017ebi i 102 konzularna predstavni\u0161tva za izdavanje izvoda iz mati\u010dne knjige ro\u0111enih i vjen\u010danih listova i izvoda. Posjetite elektronski \u0161alter u Briselu (eDesk).<\/p>\n<p>Sistem je dio plana belgijske vlade za pojednostavljenje administrativnih procesa u zemlji.<\/p>\n<p>LI\u010cNE KARTICE ZA PRISTUP NOVIM USLUGAMA<br \/>\nBelgijski gra\u0111ani imaju jedinstven, suveren identitet. Tako\u0111er imaju jedinstveni, pouzdani digitalni identitet koji gra\u0111anima omogu\u0107ava pristup svim uslugama.<\/p>\n<p>U pozadini, slu\u017ebenici za za\u0161titu podataka aktivno rade na za\u0161titi privatnosti i kontroli procesa i barijera izme\u0111u razli\u010ditih podru\u010dja. Ovaj fundamentalni pragmatizam doveo je do zna\u010dajnih u\u0161teda u tro\u0161kovima administriranja i kori\u0161tenja sigurnih e-identifikacijskih kartica.<\/p>\n<p>Pragmatizam i konsultacije sa svim zainteresovanim stranama bili su temelji uspjeha ovog programa. Me\u0111utim, ono \u0161to je najupe\u010datljivije jeste da Belgija nije gubila vrijeme upu\u0161taju\u0107i se u ideolo\u0161ke debate o za\u0161titi podataka.<\/p>\n<p>Sigurnost nije na\u010din da se bolje zatvorimo s pro\u0161lo\u0161\u0107u, ve\u0107 da se utrti put ka sigurnijoj budu\u0107nosti.<\/p>\n<p>Nisu za\u0161ti\u0107eni podaci, ve\u0107 protok podataka, jer znamo da moramo sprije\u010diti zloupotrebu takvih tokova podataka od po\u010detka do kraja.<\/p>\n<p>Ukratko: modernost za gra\u0111ane bez ideologija.<\/p>\n<p>To se posebno zasniva na odli\u010dnoj regionalnoj saradnji, koja pro\u0161iruje opseg uspjeha ulaganjem u sve lokalne socijalne usluge.<\/p>\n<p>MOLIM VAS, NE PITAJTE ME DVAPUTA!<br \/>\nZakon usvojen u Belgiji 2014. godine tako\u0111er predstavlja zna\u010dajan korak ka e-upravi, gdje je korisnik \u2013 bilo da je gra\u0111anin ili preduze\u0107e \u2013 u sredi\u0161tu.<\/p>\n<p>Savezne javne slu\u017ebe mogu prona\u0107i ve\u0107inu podataka koji su im potrebni putem \u201eautenti\u010dnih izvora\u201c kao \u0161to su Belgijski nacionalni registar ili Banque Carrefour des Entreprises (zdravstvo).<\/p>\n<p>Me\u0111utim, i dalje se \u010de\u0161\u0107e nego \u0161to je potrebno de\u0161ava da gra\u0111ani ili kompanije moraju vi\u0161e puta dostavljati iste informacije razli\u010ditim saveznim javnim slu\u017ebama. To zna\u010di dvostruku obradu \u2013 i za kupce i za dr\u017eavne slu\u017ebe.<\/p>\n<p>Novi zakon zabranjuje slu\u017ebama da ponovo tra\u017ee podatke od gra\u0111ana i kompanija koji su ve\u0107 dostupni saveznim vlastima u upotrebljivom elektronskom obliku. Gdje god je to mogu\u0107e, morate istra\u017eiti i ponovo koristiti postoje\u0107e podatke iz dostupnih baza podataka.<\/p>\n<p>Ponovna upotreba dostupnih podataka:<\/p>\n<p>smanjuje administrativne tro\u0161kove<br \/>\npobolj\u0161ava pru\u017eene usluge<br \/>\npove\u0107ava efikasnost federalne vlade.<br \/>\nDa bi identificirale gra\u0111ane u podacima iz autenti\u010dnih izvora, savezne javne slu\u017ebe moraju koristiti Nacionalni registarski broj. Za kompanije, ovo je broj trgova\u010dkog registra.<\/p>\n<p>Naravno, ova upotreba je strogo ograni\u010dena na mjeru potrebnu za ispunjavanje svojih zadataka. (Izvor: Fedict)<\/p>\n<p>U\u0160TEDE ZA GRA\u0110ANE I PREDUZE\u0106A<br \/>\nIndeksi o digitalnoj upotrebi, digitalnoj u\u0161tedi i digitalnoj otvorenosti mogu se prona\u0107i na belgijskoj digitalnoj kontrolnoj plo\u010di na engleskom jeziku.<\/p>\n<p>Klju\u010dne eGov aplikacije uklju\u010duju Tax-On-Web, Police-On-Web, eBirth, Elektronske \u010dekove usluga, My File i MyRent. U\u0161tede se prate i mjere iz godine u godinu.<\/p>","protected":false},"excerpt":{"rendered":"<p><span style=\"vertical-align: inherit;\"><span style=\"vertical-align: inherit;\">Belgijska li\u010dna karta <\/span><\/span><br \/>\n<span style=\"vertical-align: inherit;\"><span style=\"vertical-align: inherit;\">Zaklju\u010dno sa 2020. godinom, u zemlji je izdato preko 28 miliona belgijskih li\u010dnih karata kompanije Thales.<\/span><\/span><\/p>\n<p><span style=\"vertical-align: inherit;\"><span style=\"vertical-align: inherit;\">Pokrenut 2003. godine, program BelPIC (Projekat belgijskih li\u010dnih karata) dostigao je 100% svojih populacijskih ciljeva krajem 2011. godine.<\/span><\/span><\/p>\n<p><span style=\"vertical-align: inherit;\"><span style=\"vertical-align: inherit;\">Dokument veli\u010dine kreditne kartice od polikarbonata je nacionalna li\u010dna karta u zemlji, slu\u017ebeni i obavezni identifikacijski dokument za belgijske gra\u0111ane starije od 12 godina.<\/span><\/span><\/p>\n<p><span style=\"vertical-align: inherit;\"><span style=\"vertical-align: inherit;\">Druga generacija elektronskih li\u010dnih karata se sada koristi od 2014. godine, a godi\u0161nje se isporu\u010di preko 2 miliona karata.<\/span><\/span><\/p>","protected":false},"featured_media":22535,"template":"","meta":[],"product_brand":[],"product_cat":[925],"product_tag":[],"class_list":{"0":"post-22486","1":"product","2":"type-product","3":"status-publish","4":"has-post-thumbnail","6":"product_cat-personalausweis","8":"first","9":"instock","10":"taxable","11":"shipping-taxable","12":"purchasable","13":"product-type-simple"},"_links":{"self":[{"href":"https:\/\/primeprintingweb.com\/bs\/wp-json\/wp\/v2\/product\/22486","targetHints":{"allow":["GET"]}}],"collection":[{"href":"https:\/\/primeprintingweb.com\/bs\/wp-json\/wp\/v2\/product"}],"about":[{"href":"https:\/\/primeprintingweb.com\/bs\/wp-json\/wp\/v2\/types\/product"}],"version-history":[{"count":3,"href":"https:\/\/primeprintingweb.com\/bs\/wp-json\/wp\/v2\/product\/22486\/revisions"}],"predecessor-version":[{"id":22844,"href":"https:\/\/primeprintingweb.com\/bs\/wp-json\/wp\/v2\/product\/22486\/revisions\/22844"}],"wp:featuredmedia":[{"embeddable":true,"href":"https:\/\/primeprintingweb.com\/bs\/wp-json\/wp\/v2\/media\/22535"}],"wp:attachment":[{"href":"https:\/\/primeprintingweb.com\/bs\/wp-json\/wp\/v2\/media?parent=22486"}],"wp:term":[{"taxonomy":"product_brand","embeddable":true,"href":"https:\/\/primeprintingweb.com\/bs\/wp-json\/wp\/v2\/product_brand?post=22486"},{"taxonomy":"product_cat","embeddable":true,"href":"https:\/\/primeprintingweb.com\/bs\/wp-json\/wp\/v2\/product_cat?post=22486"},{"taxonomy":"product_tag","embeddable":true,"href":"https:\/\/primeprintingweb.com\/bs\/wp-json\/wp\/v2\/product_tag?post=22486"}],"curies":[{"name":"wp","href":"https:\/\/api.w.org\/{rel}","templated":true}]}}