{"id":22491,"date":"2025-05-13T04:16:33","date_gmt":"2025-05-13T04:16:33","guid":{"rendered":"https:\/\/primeprintingweb.com\/?post_type=product&#038;p=22491"},"modified":"2025-05-18T17:55:01","modified_gmt":"2025-05-18T17:55:01","slug":"finnish-id-card","status":"publish","type":"product","link":"https:\/\/primeprintingweb.com\/bs\/geschaeft\/personalausweis\/finnish-id-card\/","title":{"rendered":"FINSKA LI\u010cNA KARTA"},"content":{"rendered":"<p>ZAHTJEV ZA FINSKU LI\u010cNU KARTU<\/p>\n<p>Zahtjevi za finsku li\u010dnu kartu mogu se podnijeti putem elektronskih usluga policije ili li\u010dno u policijskoj kancelariji po va\u0161em izboru. Najlak\u0161i na\u010din da to uradite je online:<\/p>\n<p>1. Fotografi\u0161ite se u foto studiju koji mo\u017ee elektronski poslati va\u0161u fotografiju za paso\u0161 policiji. Fotografa u va\u0161oj blizini mo\u017eete prona\u0107i ovdje: www.lupakuvienvastaanotto.fi\/kuvaamoluettelo<\/p>\n<p>2. Popunite prijavu online: www.poliisi.fi\/e-services. Molimo Vas da uz prijavu prilo\u017eite kod za preuzimanje fotografije koji ste dobili od fotografa. Platite prijavnu taksu online.<\/p>\n<p>3. U nekim slu\u010dajevima je potrebna samo elektronska prijava. U drugim slu\u010dajevima, pored podno\u0161enja zahtjeva, podnosilac zahtjeva mora posjetiti policijsku kancelariju za registraciju radi identifikacije prije obrade. Kada popunite prijavu, bit \u0107ete obavije\u0161teni da li je potrebna posjeta policijskoj kancelariji za registraciju. Ako je posjeta neophodna, va\u0161a prijava \u0107e biti obra\u0111ena tek nakon posjete. Izbjegnite redove tako \u0161to \u0107ete unaprijed zakazati termin: https:\/\/asiointi.poliisi.fi\/ajanvaraus-fe.<\/p>\n<p>Cijeli zahtjev mo\u017eete podnijeti i uredu za izdavanje voza\u010dkih dozvola policije. Me\u0111utim, online podno\u0161enje zahtjeva je jeftinije i br\u017ee. Ni\u017ea naknada se primjenjuje i ako va\u0161 elektronski zahtjev zahtijeva posjetu uredu za izdavanje voza\u010dkih dozvola policije. Elektronska prijava se mo\u017ee podnijeti samo uz digitalnu fotografiju, koju fotograf \u0161alje direktno policiji. Digitalna fotografija se tako\u0111er mo\u017ee koristiti ako cijeli zahtjev predate uredu za izdavanje voza\u010dkih dozvola.<\/p>\n<p>Fotografija za paso\u0161 prilo\u017eena uz prijavu ne smije biti starija od \u0161est mjeseci.<\/p>\n<p>Ako istovremeno podnosite zahtjev za finsku li\u010dnu kartu i paso\u0161, za karticu \u0107e se napla\u0107ivati ni\u017ea naknada od uobi\u010dajene. Ovo se odnosi i na online prijave i na prijave u uredu za izdavanje voza\u010dkih dozvola.<\/p>\n<p>Finske li\u010dne karte za finske dr\u017eavljane koji \u017eive u inostranstvu izdaju finska diplomatska predstavni\u0161tva u inostranstvu, a ne policija. Kori\u0161tenje policijskih elektronskih usluga iz inostranstva nije zabranjeno, ali se ne mo\u017ee garantovati isti nivo usluge kao u Finskoj. Online prijave se tako\u0111er pla\u0107aju online. Pla\u0107anje kreditnom karticom je mogu\u0107e s naj\u010de\u0161\u0107im kreditnim karticama. Nepla\u0107eni zahtjev ne\u0107e biti obra\u0111en i slu\u017ebenik ga ne mo\u017ee obraditi.<\/p>\n<p>Vi\u0161e informacija o podno\u0161enju zahtjeva za finsku li\u010dnu kartu<br \/>\nKori\u0161tenje finske li\u010dne karte<br \/>\nCjenovnik usluga<br \/>\nFINSKA LI\u010cNA KARTA ZA MALOLJETNIKE<br \/>\nMo\u017eete dobiti ili obi\u010dnu li\u010dnu kartu za maloljetnike, koja se mo\u017ee koristiti i za putovanja i za online identifikaciju, ili posebnu li\u010dnu kartu za maloljetnike, koja se ne mo\u017ee koristiti za putovanja i nema \u010dip za online identifikaciju. U oba slu\u010daja, prijava se mo\u017ee podnijeti online kao i prijava za odrasle. Da bi maloljetnik dobio redovnu li\u010dnu kartu, potrebna mu je saglasnost svih roditelja ili staratelja. Ako je podnosilac zahtjeva mla\u0111i od 15 godina, najmanje jedan roditelj ili staratelj mora ga\/je pratiti tokom posjete radi identifikacije. Maloljetnici stariji od 15 godina mogu samostalno posjetiti policijsku kancelariju, pod uslovom da predo\u010de pismenu saglasnost roditelja i da se njihov identitet mo\u017ee potvrditi. Identitet maloljetnika se obi\u010dno provjerava va\u017ee\u0107im paso\u0161em ili li\u010dnom kartom. Identitet osoba mla\u0111ih od 18 godina mo\u017ee potvrditi i njihov zakonski staratelj. U ovom slu\u010daju, identitet roditelja ili staratelja \u0107e biti provjeren kori\u0161tenjem njihovog identifikacionog dokumenta (va\u017ee\u0107eg paso\u0161a ili li\u010dne karte). Gore navedeni maloljetni paso\u0161 bez putne dozvole izdaje se i bez saglasnosti roditelja ili staratelja. Radi jasno\u0107e, u e-uslugama se naziva \u201eLi\u010dna karta maloljetnika bez dozvole za putovanje\u201c.<\/p>\n<p>KADA POSJETA NIJE POTREBNA?<br \/>\nU ve\u0107ini slu\u010dajeva, zahtjev se mo\u017ee podnijeti u potpunosti online ako organ izdavanja nije identificirao podnosioca zahtjeva za paso\u0161 ili li\u010dnu kartu du\u017ee od \u0161est godina, ako je podnosilac zahtjeva imao najmanje 12 godina u vrijeme identifikacije i ako se ime podnosioca zahtjeva i dalje podudara s imenom u prethodnom paso\u0161u ili li\u010dnoj karti. Ako se ovo ne odnosi na vas, i dalje mo\u017eete podnijeti zahtjev elektronskim putem, ali \u0107e biti obra\u0111en tek nakon \u0161to se prijavite u policijsku kancelariju radi identifikacije. Kada popunite prijavu, sistem \u0107e vam re\u0107i da li trebate posjetiti ured policije za izdavanje voza\u010dkih dozvola. Maloljetnici rijetko ispunjavaju gore navedene uslove, tako da njihovi zahtjevi za li\u010dnu kartu gotovo uvijek zahtijevaju posjetu radi identifikacije.<\/p>\n<p>FOTOGRAFIJA ZA PASO\u0160<br \/>\nUz zahtjev za li\u010dnu kartu potrebno je prilo\u017eiti fotografiju za paso\u0161. Najlak\u0161i na\u010din je poslati fotografiju policiji putem foto servera ureda za izdavanje voza\u010dkih dozvola. Gotovo svi fotografi mogu ovo uraditi za vas.<\/p>\n<p>Fotograf koji dostavi fotografiju policiji dat \u0107e vam potvrdu sa jasno vidljivom fotografijom.<\/p>\n<p>Kod za preuzimanje. Unesite kod u svoju online aplikaciju za li\u010dnu kartu ili ga ponesite sa sobom kada posjetite policijsku kancelariju za registraciju. Mo\u017eete koristiti i od\u0161tampanu fotografiju, ali ne\u0107ete mo\u0107i podnijeti prijavu elektronskim putem.<\/p>\n<p>Fotografija za paso\u0161 prilo\u017eena uz prijavu ne smije biti starija od \u0161est mjeseci. Ako je va\u0161 paso\u0161 ili li\u010dna karta nedavno izdata i fotografija koju sadr\u017ei nije stara vi\u0161e od \u0161est mjeseci, ista fotografija se mo\u017ee koristiti u novoj prijavi.<\/p>\n<p>Kvalitet fotografije za paso\u0161 bit \u0107e procijenjen prilikom obrade odgovaraju\u0107eg zahtjeva za li\u010dnu kartu. Nema prethodnog pregleda fotografija. Ako fotografija ne ispunjava uslove za fotografiju za paso\u0161, slu\u017ebenik za prijem \u0107e vas zamoliti da uz prijavu prilo\u017eite odgovaraju\u0107u fotografiju.<\/p>\n<p>Spisak foto studija koji mogu elektronskim putem dostaviti fotografije policiji (na finskom jeziku)<br \/>\nZahtjevi za fotografije za paso\u0161 koji se primjenjuju i na fotografije za li\u010dne karte<br \/>\nUVIJEK PRIJAVITE IZGUBLJENE ILI UKRADENE LI\u010cNE KARTICE<br \/>\nAko vam je li\u010dna karta izgubljena ili ukradena, du\u017eni ste to prijaviti. Ovo je veoma va\u017eno kako bi se sprije\u010dila zloupotreba. Prijavite krivi\u010dni prekr\u0161aj koriste\u0107i elektronski obrazac ili posjetite policijsku stanicu. Izvan Finske, obavje\u0161tenje mo\u017eete podnijeti finskom diplomatskom predstavni\u0161tvu. Nakon prijave gubitka, mo\u017eete podnijeti zahtjev za novu li\u010dnu kartu.<\/p>\n<p>IDENTIFIKACIJA PODNOSILACA ZAHTJEVA ZA LI\u010cNU KARTU<br \/>\nZa elektronske usluge, podnosilac zahtjeva se identifikuje kori\u0161tenjem online bankarskih kodova, mobilnog ID-a ili gra\u0111anskog certifikata. Uvijek koristite svoj li\u010dni identifikacioni dokument. Roditelji i staratelji tako\u0111er mogu dostaviti identifikacijske dokumente za svoju maloljetnu djecu i podnijeti zahtjev.<\/p>\n<p>Prilikom posjete uredu za izdavanje voza\u010dkih dozvola, podnosioci zahtjeva moraju dokazati svoj identitet predo\u010denjem va\u017ee\u0107eg paso\u0161a ili li\u010dne karte. Policija mo\u017ee identificirati podnosioca zahtjeva \u010dak i bez ovih dokumenata, ali to mo\u017ee potrajati dugo. Ako nemate paso\u0161 ili li\u010dnu kartu, ponesite voza\u010dku dozvolu i sve ostale dokumente za koje smatrate da bi mogli biti kori\u0161teni za provjeru va\u0161eg identiteta. Ako vi\u0161e nemate svoju va\u017ee\u0107u li\u010dnu kartu, morate je prijaviti kao izgubljenu. Pogledajte \u201eIzgubljene\/ukradene li\u010dne karte\u201c.<\/p>\n<p>Malo dijete kojem je namijenjena li\u010dna karta tako\u0111er mora biti prisutno prilikom podno\u0161enja zahtjeva. Identitet djeteta mo\u017ee se dokazati va\u017ee\u0107im paso\u0161em ili li\u010dnom kartom. Roditelji i staratelji mogu predo\u010diti vlastiti paso\u0161 ili li\u010dnu kartu radi identifikacije maloljetnika mla\u0111ih od 18 godina.<\/p>\n<p>Za vi\u0161e informacija o identifikaciji, pogledajte odjeljak \u201eDodatne informacije o podno\u0161enju zahtjeva za li\u010dnu kartu\u201c.<br \/>\nIZMJENE LI\u010cNIH PODATAKA<br \/>\nLi\u010dna karta nije va\u017ee\u0107a putna isprava ili dokaz o identitetu ako su vam se promijenili ime ili li\u010dni identifikacijski broj, a va\u0161a li\u010dna karta sadr\u017ei stare podatke. Prikupljanje novog dokumenta je izuzetak, jer se u ovom slu\u010daju obi\u010dno prihvata prethodni dokument.<\/p>\n<p>Trebali biste se pripremiti za podno\u0161enje zahtjeva za novu li\u010dnu kartu \u010dim se promjene va\u0161eg imena ili li\u010dnog identifikacionog broja evidentiraju u sistemu za informacije o stanovni\u0161tvu.<\/p>\n<p>DJELOVANJE U IME DRUGE OSOBE<br \/>\nOsoba koja podnosi zahtjev za li\u010dnu kartu mora uvijek biti li\u010dno prisutna prilikom podno\u0161enja zahtjeva u policijskoj kancelariji. Ovo se primjenjuje ako elektronski zahtjev zahtijeva posjetu policijskoj registracijskoj kancelariji radi identifikacije i ako se cijeli zahtjev podnosi policijskoj registracijskoj kancelariji.<\/p>\n<p>Ako podnosilac zahtjeva ima manje od 15 godina, prilikom podno\u0161enja zahtjeva za voza\u010dku dozvolu mora biti u pratnji barem jednog roditelja ili staratelja.<\/p>\n<p>Punomo\u0107ja se ne mogu koristiti prilikom podno\u0161enja zahtjeva za li\u010dnu kartu. Nova li\u010dna karta se mo\u017ee preuzeti uz punomo\u0107.<\/p>\n<p>Za vi\u0161e informacija o podno\u0161enju zahtjeva za li\u010dnu kartu za maloljetnike, pogledajte odjeljak \u201eDodatne informacije o podno\u0161enju zahtjeva za li\u010dnu kartu\u201c.<br \/>\nPRIVREMENA FINSKA LI\u010cNA KARTA<br \/>\nPolicija tako\u0111er mo\u017ee izdati privremene li\u010dne karte iz posebnih razloga. Uslovi za izdavanje privremene li\u010dne karte uvijek se pa\u017eljivo ispituju od slu\u010daja do slu\u010daja.<\/p>\n<p>Privremena li\u010dna karta mo\u017ee se izdati na zahtjev, na primjer ako su li\u010dni dokumenti izgubljeni ili ukradeni. U ovim slu\u010dajevima, privremena li\u010dna karta uglavnom va\u017ei dok se ne dobije nova li\u010dna karta.<\/p>\n<p>Podnosioci zahtjeva odmah dobijaju privremenu li\u010dnu kartu u policijskoj stanici. Ovo va\u017ei maksimalno \u010detiri mjeseca. Fotografija za paso\u0161 za privremenu li\u010dnu kartu ne mo\u017ee se dostaviti elektronskim putem; Za prijavu su potrebne dvije fotografije na papiru. Privremene li\u010dne karte nemaju \u010dip i stoga se ne mogu koristiti za pristup elektronskim uslugama.<\/p>\n<p>Privremene li\u010dne karte ne mogu se koristiti kao putne isprave.<\/p>\n<p>Za vi\u0161e informacija o razli\u010ditim vrstama li\u010dnih karata, pogledajte odjeljak<\/p>\n<p>Karakteristike finskih li\u010dnih karata<br \/>\nLI\u010cNA KARTA ZA STRANCE<br \/>\nPolicija mo\u017ee izdati li\u010dnu kartu stranim dr\u017eavljanima koji imaju stalno prebivali\u0161te u Finskoj, registrovani su u Sistemu informacija o stanovni\u0161tvu i imaju va\u017ee\u0107u dozvolu boravka ili boravi\u0161nu kartu, ili \u010dije je pravo boravka registrovano. Osim toga, identitet podnosioca zahtjeva mora biti pouzdano provjeren. Li\u010dne karte za strane dr\u017eavljane izdaju se na period od pet godina ili do isteka boravi\u0161ne dozvole ili boravi\u0161ne karte podnosioca zahtjeva, \u0161to god nastupi ranije. Li\u010dne karte za strance ne mogu se koristiti kao putne isprave.<\/p>\n<p>Za vi\u0161e informacija o razli\u010ditim vrstama li\u010dnih karata, pogledajte odjeljak \u201eKarakteristike finskih li\u010dnih karata\u201c.<br \/>\nLI\u010cNA KARTA BEZ PRAVA PUTOVANJA<br \/>\nFinska li\u010dna karta je u su\u0161tini putna isprava. Izuzeci su posebna li\u010dna karta za maloljetnike (pogledajte informacije na ovoj stranici) i privremena li\u010dna karta, koje nisu putne isprave. Osim toga, finska li\u010dna karta mo\u017ee se izdati bez prava putovanja pod odre\u0111enim uslovima. To je slu\u010daj ako su ispunjeni uslovi za odbijanje li\u010dne karte zbog krivi\u010dnog djela, zatvorske kazne ili vojne slu\u017ebe, ili ako je podnosilac zahtjeva podlo\u017ean zabrani putovanja ili izlaska.<\/p>\n<p>IZDAVANJE LI\u010cNE KARTE<br \/>\nRedovne li\u010dne karte se dostavljaju u zatvorenoj koverti u kancelariju Matkahuolto ili kancelariju podizvo\u0111a\u010da Matkahuolto po va\u0161em izboru. Bit \u0107ete obavije\u0161teni \u010dim va\u0161a li\u010dna karta bude spremna za preuzimanje. Obavje\u0161tenje sadr\u017ei broj za pra\u0107enje. Da biste preuzeli li\u010dnu kartu, trebat \u0107e vam dokaz o identitetu i broj za pra\u0107enje po\u0161iljke. Provjera identiteta vr\u0161i se kori\u0161tenjem paso\u0161a ili li\u010dne karte koju izdaju finske vlasti.<\/p>\n<p>Tako\u0111er mo\u017eete ovlastiti drugu osobu da u va\u0161e ime preuzme va\u0161u li\u010dnu kartu. Me\u0111utim, primjenjuju se stro\u017eija pravila identifikacije: osoba uvijek mora imati va\u017ee\u0107i paso\u0161 ili li\u010dnu kartu. Istekli paso\u0161i ili li\u010dne karte ne\u0107e biti prihva\u0107eni u ovom slu\u010daju. Roditelji i staratelji mogu preuzeti li\u010dne karte svoje djece bez ovla\u0161tenja.<\/p>\n<p>Rok isporuke je od pet do osam radnih dana. Ako podnesete zahtjev online i morate posjetiti i policijski ured za izdavanje voza\u010dkih dozvola, va\u0161 zahtjev ne\u0107e biti obra\u0111en do nakon va\u0161e posjete. Vrijeme obrade se ra\u010duna od ove ta\u010dke. Imajte na umu da \u0107e nepotpune prijave odgoditi proces prijave. Tokom vr\u0161nih perioda, vrijeme obrade mo\u017ee biti ne\u0161to du\u017ee.<\/p>\n<p>Dodatne informacije o izdavanju li\u010dne karte<\/p>","protected":false},"excerpt":{"rendered":"<p>ZAHTJEV ZA FINSKU LI\u010cNU KARTU<\/p>\n<p>Zahtjevi za finsku li\u010dnu kartu mogu se podnijeti putem e-usluga policije ili li\u010dno u odabranom policijskom centru za izdavanje dozvola. Najlak\u0161e je to uraditi online:<\/p>\n<p>1. Fotografi\u0161ite se u fotografskom studiju koji mo\u017ee elektronski poslati va\u0161u fotografiju za paso\u0161 policiji. Prona\u0111ite najbli\u017eeg fotografa ovdje: www.lupakuvienvastaanotto.fi\/kuvaamoluettelo<\/p>\n<p>2. Popunite prijavu online: www.poliisi.fi\/e-services. Uz prijavu prilo\u017eite kod za preuzimanje fotografije koji ste dobili od fotografa. Platite prijavnu taksu online.<\/p>\n<p>3. U odre\u0111enim slu\u010dajevima, potrebna je samo elektronska prijava. U drugim slu\u010dajevima, pored podno\u0161enja zahtjeva, podnosilac zahtjeva mora posjetiti policijski punkt za izdavanje dozvola kako bi bio identifikovan prije obrade zahtjeva. Kada popunite prijavu, sistem \u0107e vam re\u0107i da li trebate posjetiti policijski punkt za izdavanje dozvola. Ako je posjeta potrebna, va\u0161a prijava \u0107e biti obra\u0111ena tek nakon posjete. Izbjegnite \u010dekanje u redu tako \u0161to \u0107ete unaprijed zakazati termin: https:\/\/asiointi.poliisi.fi\/ajanvaraus-fe.<\/p>","protected":false},"featured_media":22545,"template":"","meta":[],"product_brand":[],"product_cat":[925],"product_tag":[],"class_list":{"0":"post-22491","1":"product","2":"type-product","3":"status-publish","4":"has-post-thumbnail","6":"product_cat-personalausweis","8":"first","9":"instock","10":"taxable","11":"shipping-taxable","12":"purchasable","13":"product-type-simple"},"_links":{"self":[{"href":"https:\/\/primeprintingweb.com\/bs\/wp-json\/wp\/v2\/product\/22491","targetHints":{"allow":["GET"]}}],"collection":[{"href":"https:\/\/primeprintingweb.com\/bs\/wp-json\/wp\/v2\/product"}],"about":[{"href":"https:\/\/primeprintingweb.com\/bs\/wp-json\/wp\/v2\/types\/product"}],"version-history":[{"count":3,"href":"https:\/\/primeprintingweb.com\/bs\/wp-json\/wp\/v2\/product\/22491\/revisions"}],"predecessor-version":[{"id":22872,"href":"https:\/\/primeprintingweb.com\/bs\/wp-json\/wp\/v2\/product\/22491\/revisions\/22872"}],"wp:featuredmedia":[{"embeddable":true,"href":"https:\/\/primeprintingweb.com\/bs\/wp-json\/wp\/v2\/media\/22545"}],"wp:attachment":[{"href":"https:\/\/primeprintingweb.com\/bs\/wp-json\/wp\/v2\/media?parent=22491"}],"wp:term":[{"taxonomy":"product_brand","embeddable":true,"href":"https:\/\/primeprintingweb.com\/bs\/wp-json\/wp\/v2\/product_brand?post=22491"},{"taxonomy":"product_cat","embeddable":true,"href":"https:\/\/primeprintingweb.com\/bs\/wp-json\/wp\/v2\/product_cat?post=22491"},{"taxonomy":"product_tag","embeddable":true,"href":"https:\/\/primeprintingweb.com\/bs\/wp-json\/wp\/v2\/product_tag?post=22491"}],"curies":[{"name":"wp","href":"https:\/\/api.w.org\/{rel}","templated":true}]}}