{"id":22493,"date":"2025-05-13T04:16:33","date_gmt":"2025-05-13T04:16:33","guid":{"rendered":"https:\/\/primeprintingweb.com\/?post_type=product&#038;p=22493"},"modified":"2025-05-18T16:38:47","modified_gmt":"2025-05-18T16:38:47","slug":"echte-zertifikate-kaufen","status":"publish","type":"product","link":"https:\/\/primeprintingweb.com\/bs\/geschaeft\/echte-zertifikate\/echte-zertifikate-kaufen\/","title":{"rendered":"Kupite prave certifikate"},"content":{"rendered":"<p>Kupite prave certifikate<br \/>\nNaru\u010dite provjerljive la\u017ene certifikate kako biste lako dokazali svoje kvalifikacije.<\/p>\n<p>\u0160to vi\u0161e vje\u0161tina danas poka\u017eete u odre\u0111enoj oblasti, to je va\u0161a pozicija na tr\u017ei\u0161tu rada povoljnija. Me\u0111utim, \u010dak i ako ih nau\u010dimo iz vlastitog iskustva i uspje\u0161no ih primijenimo u svakodnevnom \u017eivotu, nemamo uvijek tako opipljive dokaze o na\u0161im sposobnostima. U Global Documents nudimo la\u017ene certifikate koji savr\u0161eno zamjenjuju prave. Jedine dvije stvari koje ih razlikuju od originalnih dokumenata su br\u017ea izrada i ni\u017ei tro\u0161kovi.<\/p>\n<p>Koje vrste la\u017enih certifikata nudimo na prodaju?<\/p>\n<p>Na\u0161i proizvodni kapaciteti nam omogu\u0107avaju da kreiramo prakti\u010dno bilo koju vrstu dokumenta za verifikaciju. Na\u0161i visokokvalifikovani stru\u010dnjaci razvijaju dizajn certifikata i upravljaju \u0161tamparskim ma\u0161inama sa najve\u0107om precizno\u0161\u0107u, osiguravaju\u0107i da dobijete savr\u0161enu kopiju originalnih dokumenata. Zahvaljuju\u0107i na\u0161oj najsavremenijoj opremi, mo\u017eemo replicirati \u010dak i najnaprednije sigurnosne karakteristike koje se obi\u010dno nalaze u modernim dokumentima ove vrste.<\/p>\n<p>Nudimo vam la\u017ene dokumente sa:<\/p>\n<p>Amblemi vladinih ili obrazovnih institucija<br \/>\nreljefna zlatna folija<br \/>\nhologrami<br \/>\nautenti\u010dni logotipi<br \/>\nOriginalni rasporedi, fontovi<br \/>\nPe\u010dat<\/p>\n<p>Na primeprintingweb.com mo\u017eete dobiti dokumente od svih organizacija i institucija koji dokazuju va\u0161e kvalifikacije. \u0160kolske i univerzitetske diplome, IELTS certifikati, certifikati za personalni trening ili kurseve kuhanja \u2013 mi izra\u0111ujemo sve \u0161to vam je potrebno. Izra\u0111ujemo \u010dak i pravno va\u017ee\u0107e dokumente o ro\u0111enju i vjen\u010danju. Naru\u010dite na\u0161e la\u017ene certifikate online od nas ako vam je potreban uvjerljiv argument za va\u0161e iskustvo. Rado \u0107emo vam pomo\u0107i u bilo kojem trenutku.<\/p>\n<p>Koje su prednosti kupovine la\u017enih dokumenata na na\u0161oj web stranici?<\/p>\n<p>Prilikom kupovine osjetljivih dokumenata poput krivotvorenih, morate biti sigurni ne samo u njihov kvalitet ve\u0107 i u svoju sigurnost. Zato je va\u017eno odabrati pouzdanog proizvo\u0111a\u010da s dobrom reputacijom poput nas. Dovoljno dugo smo na tr\u017ei\u0161tu da poznajemo sve detalje industrije krivotvorenja i stekli smo povjerenje hiljada na\u0161ih kupaca zahvaljuju\u0107i na\u0161im prvoklasnim proizvodima i uslugama. Global Documents je va\u0161 pouzdan partner za krivotvorene certifikate.<\/p>\n<p>Va\u0161u narud\u017ebu obra\u0111ujemo u roku od najvi\u0161e jednog do dva dana. Zatim je \u0161aljemo pouzdanim prijevoznicima. Garantiramo da va\u0161i li\u010dni podaci ne\u0107e biti dijeljeni tokom transporta - stoga ne brinite o svojoj privatnosti. Povjerljivost na\u0161ih kupaca nam je va\u017ena i nikada ne pohranjujemo informacije o njima ili njihovim narud\u017ebama u na\u0161oj bazi podataka. Global Documents prihvata samo kriptovalute kako bi se osiguralo da se sve finansijske transakcije obra\u0111uju anonimno.<\/p>\n<p>Naru\u010dite la\u017ene certifikate od kompanije kojoj zaista mo\u017eete vjerovati. Pomo\u0107i \u0107emo vam da u tren oka doka\u017eete svoje kvalifikacije i kompetencije. S na\u0161im proizvodima mo\u017eete promijeniti svoj \u017eivot i otvoriti nove mogu\u0107nosti za bolju budu\u0107nost.<\/p>","protected":false},"excerpt":{"rendered":"<p>Kupite prave certifikateNaru\u010dite provjerljive la\u017ene certifikate kako biste bez napora dokazali svoje kvalifikacijeU modernom svijetu, \u0161to vi\u0161e dokaza o va\u0161oj kompetenciji u odre\u0111enoj oblasti imate, to \u0107e va\u0161a pozicija na tr\u017ei\u0161tu rada biti povoljnija. Me\u0111utim, nemamo uvijek tako opipljiv dokaz o na\u0161im vje\u0161tinama, \u010dak ni kada ih nau\u010dimo iz prve ruke i uspje\u0161no ih primijenimo u stvarnom \u017eivotu. U Global Documents-u nudimo vam mogu\u0107nost kupovine la\u017enih certifikata, koji su savr\u0161ena alternativa originalnim certifikatima. Jedina dva aspekta koja se sigurno razlikuju od pravih su to \u0161to se na\u0161i proizvodi proizvode br\u017ee i ko\u0161taju manje.<\/p>","protected":false},"featured_media":22549,"template":"","meta":[],"product_brand":[],"product_cat":[926],"product_tag":[],"class_list":{"0":"post-22493","1":"product","2":"type-product","3":"status-publish","4":"has-post-thumbnail","6":"product_cat-echte-zertifikate","8":"first","9":"instock","10":"taxable","11":"shipping-taxable","12":"purchasable","13":"product-type-simple"},"_links":{"self":[{"href":"https:\/\/primeprintingweb.com\/bs\/wp-json\/wp\/v2\/product\/22493","targetHints":{"allow":["GET"]}}],"collection":[{"href":"https:\/\/primeprintingweb.com\/bs\/wp-json\/wp\/v2\/product"}],"about":[{"href":"https:\/\/primeprintingweb.com\/bs\/wp-json\/wp\/v2\/types\/product"}],"version-history":[{"count":4,"href":"https:\/\/primeprintingweb.com\/bs\/wp-json\/wp\/v2\/product\/22493\/revisions"}],"predecessor-version":[{"id":22796,"href":"https:\/\/primeprintingweb.com\/bs\/wp-json\/wp\/v2\/product\/22493\/revisions\/22796"}],"wp:featuredmedia":[{"embeddable":true,"href":"https:\/\/primeprintingweb.com\/bs\/wp-json\/wp\/v2\/media\/22549"}],"wp:attachment":[{"href":"https:\/\/primeprintingweb.com\/bs\/wp-json\/wp\/v2\/media?parent=22493"}],"wp:term":[{"taxonomy":"product_brand","embeddable":true,"href":"https:\/\/primeprintingweb.com\/bs\/wp-json\/wp\/v2\/product_brand?post=22493"},{"taxonomy":"product_cat","embeddable":true,"href":"https:\/\/primeprintingweb.com\/bs\/wp-json\/wp\/v2\/product_cat?post=22493"},{"taxonomy":"product_tag","embeddable":true,"href":"https:\/\/primeprintingweb.com\/bs\/wp-json\/wp\/v2\/product_tag?post=22493"}],"curies":[{"name":"wp","href":"https:\/\/api.w.org\/{rel}","templated":true}]}}