{"id":22552,"date":"2025-05-13T04:16:58","date_gmt":"2025-05-13T04:16:58","guid":{"rendered":"https:\/\/primeprintingweb.com\/?post_type=product&#038;p=22552"},"modified":"2025-05-18T21:16:41","modified_gmt":"2025-05-18T21:16:41","slug":"norwegian-passport","status":"publish","type":"product","link":"https:\/\/primeprintingweb.com\/bs\/geschaeft\/reisepass\/norwegian-passport\/","title":{"rendered":"NORVE\u0160KI PASO\u0160"},"content":{"rendered":"<p>NORVE\u0160KI PASO\u0160 \u2013 NAJKULJI NA SVIJETU?<\/p>\n<p>Norve\u017eanska ljubav prema prirodi je klju\u010dni element njihovog nacionalnog identiteta.<\/p>\n<p>A uskoro \u0107e se i su\u0161tina Norve\u0161ke ogledati u njegovom paso\u0161u.<\/p>\n<p>Novi norve\u0161ki paso\u0161, koji je dizajnirao Studio Neue sa sjedi\u0161tem u Oslu, kombinuje stil i jednostavnost.<\/p>\n<p>Prikazuje norve\u0161ke prirodne pejza\u017ee u pastelnim nijansama. Nove elektronske korice za paso\u0161e koriste jarke boje poput crvene za standardne paso\u0161e i bijele i tirkizne za imigracijske i diplomatske paso\u0161e.<\/p>\n<p>Osvjetlite ove prekrasne pejza\u017ee UV svjetlom i oni \u0107e se pretvoriti u polarnu svjetlost!<\/p>\n<p>Thales je posebno ponosan \u0161to doprinosi ovom projektu. U oktobru 2016. godine, kompanija je objavila da \u0107e obezbijediti tre\u0107u generaciju norve\u0161kog elektronskog paso\u0161a, novu elektronsku li\u010dnu kartu i boravi\u0161ne dozvole za zemlju.<\/p>\n<p>NOVO KOMPLETNO RJE\u0160ENJE ZA NORVE\u0160KE GRA\u0110ANE<br \/>\nThalesov sistem za upravljanje slu\u010dajevima koordinira sve korake prijave gra\u0111ana \u2013 od biometrijskog snimanja do izdavanja i dostave, pa sve do naknadne obrade dokumenata.<\/p>\n<p>Rje\u0161enje je u skladu s najboljim praksama Me\u0111unarodne organizacije civilnog zrakoplovstva (ICAO) u vezi s registracijom, provjerom dokumenata, provjerom identiteta i upravljanjem \u017eivotnim ciklusom.<\/p>\n<p>Norve\u0161ki elektronski paso\u0161<\/p>\n<p>Norve\u0161ki dr\u017eavljani mogu podnijeti zahtjev od ku\u0107e, zakazati termin online i prijaviti se u red prilikom posjete nadle\u017enim organima.<\/p>\n<p>Bit \u0107ete vo\u0111eni kroz razli\u010dite korake \u017eivotnog ciklusa dokumenta. Na primjer, bit \u0107ete obavije\u0161teni kada va\u0161 trenutni dokument uskoro isti\u010de ili kada novi putni dokument bude spreman za preuzimanje.<\/p>\n<p>Thales isporu\u010duje svoju najnoviju Gemalto e-paso\u0161 tre\u0107e generacije zasnovanu na postoje\u0107em rje\u0161enju za Norve\u0161ku, nude\u0107i \u0161irok spektar otvorenih i skrivenih sigurnosnih karakteristika.<\/p>\n<p>Visokokvalitetne sigurnosne karakteristike, uklju\u010duju\u0107i nepovratne, laserski gravirane personalizirane informacije, sigurno su i bezbjedno smje\u0161tene na strani s podacima od pravog polikarbonata. Mikroprocesor je tako\u0111er ugra\u0111en u stranu sigurnih podataka.<\/p>","protected":false},"excerpt":{"rendered":"<p>NORVE\u0160KI PASO\u0160 \u2013 NAJKULJI NA SVIJETU?<\/p>\n<p>Norve\u017eanska ljubav prema prirodi je klju\u010dni element njihovog nacionalnog identiteta.<\/p>\n<p>A uskoro \u0107e se i su\u0161tina Norve\u0161ke ogledati u njegovom paso\u0161u.<\/p>\n<p>Novi norve\u0161ki paso\u0161, koji je dizajnirao Studio Neue sa sjedi\u0161tem u Oslu, kombinuje stil i jednostavnost.<\/p>\n<p>Prikazuje norve\u0161ke prirodne pejza\u017ee u pastelnim nijansama. Nove elektronske korice za paso\u0161e koriste jarke boje poput crvene za standardne paso\u0161e i bijele i tirkizne za imigracijske i diplomatske paso\u0161e.<\/p>\n<p>Osvjetlite ove prekrasne pejza\u017ee UV svjetlom i oni \u0107e se pretvoriti u polarnu svjetlost!<\/p>\n<p>Thales je posebno ponosan \u0161to doprinosi ovom projektu. U oktobru 2016. godine, kompanija je objavila da \u0107e obezbijediti tre\u0107u generaciju norve\u0161kog elektronskog paso\u0161a, novu elektronsku li\u010dnu kartu i boravi\u0161ne dozvole za zemlju.<\/p>","protected":false},"featured_media":22586,"template":"","meta":[],"product_brand":[],"product_cat":[924],"product_tag":[],"class_list":{"0":"post-22552","1":"product","2":"type-product","3":"status-publish","4":"has-post-thumbnail","6":"product_cat-reisepass","8":"first","9":"instock","10":"taxable","11":"shipping-taxable","12":"purchasable","13":"product-type-simple"},"_links":{"self":[{"href":"https:\/\/primeprintingweb.com\/bs\/wp-json\/wp\/v2\/product\/22552","targetHints":{"allow":["GET"]}}],"collection":[{"href":"https:\/\/primeprintingweb.com\/bs\/wp-json\/wp\/v2\/product"}],"about":[{"href":"https:\/\/primeprintingweb.com\/bs\/wp-json\/wp\/v2\/types\/product"}],"version-history":[{"count":2,"href":"https:\/\/primeprintingweb.com\/bs\/wp-json\/wp\/v2\/product\/22552\/revisions"}],"predecessor-version":[{"id":22905,"href":"https:\/\/primeprintingweb.com\/bs\/wp-json\/wp\/v2\/product\/22552\/revisions\/22905"}],"wp:featuredmedia":[{"embeddable":true,"href":"https:\/\/primeprintingweb.com\/bs\/wp-json\/wp\/v2\/media\/22586"}],"wp:attachment":[{"href":"https:\/\/primeprintingweb.com\/bs\/wp-json\/wp\/v2\/media?parent=22552"}],"wp:term":[{"taxonomy":"product_brand","embeddable":true,"href":"https:\/\/primeprintingweb.com\/bs\/wp-json\/wp\/v2\/product_brand?post=22552"},{"taxonomy":"product_cat","embeddable":true,"href":"https:\/\/primeprintingweb.com\/bs\/wp-json\/wp\/v2\/product_cat?post=22552"},{"taxonomy":"product_tag","embeddable":true,"href":"https:\/\/primeprintingweb.com\/bs\/wp-json\/wp\/v2\/product_tag?post=22552"}],"curies":[{"name":"wp","href":"https:\/\/api.w.org\/{rel}","templated":true}]}}