{"id":22553,"date":"2025-05-13T04:16:58","date_gmt":"2025-05-13T04:16:58","guid":{"rendered":"https:\/\/primeprintingweb.com\/?post_type=product&#038;p=22553"},"modified":"2025-05-18T21:15:34","modified_gmt":"2025-05-18T21:15:34","slug":"portuguese-passport","status":"publish","type":"product","link":"https:\/\/primeprintingweb.com\/bs\/geschaeft\/reisepass\/portuguese-passport\/","title":{"rendered":"PORTUGALSKI PASO\u0160"},"content":{"rendered":"<div class=\"woocommerce-tabs wc-tabs-wrapper\">\n<div id=\"tab-description\" class=\"woocommerce-Tabs-panel woocommerce-Tabs-panel--description panel entry-content wc-tab\" role=\"tabpanel\" aria-labelledby=\"tab-title-description\">\n<p>Portugalski paso\u0161<\/p>\n<p>Ako ne \u017eelite da se odreknete svog trenutnog paso\u0161a, Portugal bi mogao biti dobar izbor. Zemlja dozvoljava dvojno dr\u017eavljanstvo i nudi nekoliko opcija za strance koji \u017eele da podnesu zahtjev za portugalski paso\u0161. Saznajte vi\u0161e o uslovima za portugalski paso\u0161 u ovom vodi\u010du.<\/p>\n<p>Ako se preselite u Portugal i ispunjavate odre\u0111ene uslove, mo\u017eda \u0107ete mo\u0107i podnijeti zahtjev za portugalsko dr\u017eavljanstvo i dobiti portugalski paso\u0161. Portugal je zemlja EU, \u0161to zna\u010di da vam paso\u0161 daje pravo putovanja kao gra\u0111aninu EU. Portugal tako\u0111er dozvoljava dvojno dr\u017eavljanstvo; Mo\u017eete dobiti paso\u0161 bez odricanja od paso\u0161a svoje zemlje.<\/p>\n<p>Ovaj vodi\u010d za podno\u0161enje zahtjeva za portugalski paso\u0161 pru\u017ea informacije o razli\u010ditim vrstama paso\u0161a u Portugalu, kao i o pogodnostima, podobnosti, podno\u0161enju zahtjeva za paso\u0161 i njegovom obnavljanju, te povezanim tro\u0161kovima.<\/p>\n<p>PORTUGALSKI PASO\u0160<br \/>\nAko \u017eivite u Portugalu kao stranac i steknete portugalsko dr\u017eavljanstvo, imate pravo na paso\u0161 koji vam omogu\u0107ava da putujete \u0161irom svijeta kao gra\u0111anin EU i da ulazite i izlazite iz Portugala onoliko \u010desto koliko \u017eelite. Kao portugalski dr\u017eavljanin, ne treba vam paso\u0161. Umjesto toga, nakon naturalizacije, dobit \u0107ete portugalsku dr\u017eavljansku kartu kao op\u0107i identifikacijski dokument. Me\u0111utim, ovaj paso\u0161 je povoljan za me\u0111unarodna putovanja.<\/p>\n<p>Ministarstvo pravde Portugala (Instituto dos Registos e do Notariado) izdaje paso\u0161e. Od 2006. godine, portugalska vlada izdaje elektronske paso\u0161e (Passaporte Eletronico Portugues \u2013 PEP) sa pobolj\u0161anim sigurnosnim karakteristikama i biometrijskim podacima. Svi novi standardni paso\u0161i sada su PEP paso\u0161i.<\/p>\n<\/div>\n<\/div>","protected":false},"excerpt":{"rendered":"<p>Portugalski paso\u0161<\/p>\n<p>Wenn Sie Ihren aktuellen Reisepass nicht aufgeben m\u00f6chten, k\u00f6nnte Portugal eine gute Wahl sein. Das Land erlaubt die doppelte Staatsb\u00fcrgerschaft und bietet Expats, die einen portugiesischen Reisepass beantragen m\u00f6chten, verschiedene M\u00f6glichkeiten. Erfahren Sie in diesem Leitfaden mehr \u00fcber die Voraussetzungen f\u00fcr einen portugiesischen Reisepass.<\/p>\n<p>Ako se preselite u Portugal i ispunjavate odre\u0111ene uslove, mo\u017eda \u0107ete mo\u0107i podnijeti zahtjev za portugalsko dr\u017eavljanstvo i dobiti portugalski paso\u0161. Portugal je zemlja EU, \u0161to zna\u010di da vam paso\u0161 daje pravo putovanja kao gra\u0111aninu EU. Portugal tako\u0111er dozvoljava dvojno dr\u017eavljanstvo; Mo\u017eete dobiti paso\u0161 bez odricanja od paso\u0161a svoje zemlje.<\/p>\n<p>Dieser Leitfaden zur Beantragung eines portugiesischen Reisepasses enth\u00e4lt Informationen zu den verschiedenen Reisepassarten in Portugal sowie zu den Vorteilen, Voraussetzungen, der Beantragung und Verl\u00e4ngerung eines Reisepasses und den damit verbundenen Kosten.<\/p>\n<p>PORTUGALSKI PASO\u0160<br \/>\nWenn Sie als Ausl\u00e4nder in Portugal wohnen und die portugiesische Staatsb\u00fcrgerschaft erwerben, haben Sie Anspruch auf einen Reisepass, der Sie als EU-B\u00fcrger weltweit reisen und Portugal beliebig oft betreten und verlassen l\u00e4sst.<\/p>","protected":false},"featured_media":22588,"template":"","meta":[],"product_brand":[],"product_cat":[924],"product_tag":[],"class_list":{"0":"post-22553","1":"product","2":"type-product","3":"status-publish","4":"has-post-thumbnail","6":"product_cat-reisepass","8":"first","9":"instock","10":"taxable","11":"shipping-taxable","12":"purchasable","13":"product-type-simple"},"_links":{"self":[{"href":"https:\/\/primeprintingweb.com\/bs\/wp-json\/wp\/v2\/product\/22553","targetHints":{"allow":["GET"]}}],"collection":[{"href":"https:\/\/primeprintingweb.com\/bs\/wp-json\/wp\/v2\/product"}],"about":[{"href":"https:\/\/primeprintingweb.com\/bs\/wp-json\/wp\/v2\/types\/product"}],"version-history":[{"count":2,"href":"https:\/\/primeprintingweb.com\/bs\/wp-json\/wp\/v2\/product\/22553\/revisions"}],"predecessor-version":[{"id":22904,"href":"https:\/\/primeprintingweb.com\/bs\/wp-json\/wp\/v2\/product\/22553\/revisions\/22904"}],"wp:featuredmedia":[{"embeddable":true,"href":"https:\/\/primeprintingweb.com\/bs\/wp-json\/wp\/v2\/media\/22588"}],"wp:attachment":[{"href":"https:\/\/primeprintingweb.com\/bs\/wp-json\/wp\/v2\/media?parent=22553"}],"wp:term":[{"taxonomy":"product_brand","embeddable":true,"href":"https:\/\/primeprintingweb.com\/bs\/wp-json\/wp\/v2\/product_brand?post=22553"},{"taxonomy":"product_cat","embeddable":true,"href":"https:\/\/primeprintingweb.com\/bs\/wp-json\/wp\/v2\/product_cat?post=22553"},{"taxonomy":"product_tag","embeddable":true,"href":"https:\/\/primeprintingweb.com\/bs\/wp-json\/wp\/v2\/product_tag?post=22553"}],"curies":[{"name":"wp","href":"https:\/\/api.w.org\/{rel}","templated":true}]}}