{"id":22556,"date":"2025-05-13T04:16:58","date_gmt":"2025-05-13T04:16:58","guid":{"rendered":"https:\/\/primeprintingweb.com\/?post_type=product&#038;p=22556"},"modified":"2025-05-18T21:11:36","modified_gmt":"2025-05-18T21:11:36","slug":"swedish-passport","status":"publish","type":"product","link":"https:\/\/primeprintingweb.com\/bs\/geschaeft\/reisepass\/swedish-passport\/","title":{"rendered":"\u0160VEDSKI PASO\u0160"},"content":{"rendered":"<div class=\"woocommerce-tabs wc-tabs-wrapper\">\n<div id=\"tab-description\" class=\"woocommerce-Tabs-panel woocommerce-Tabs-panel--description panel entry-content wc-tab\" role=\"tabpanel\" aria-labelledby=\"tab-title-description\">\n<p>\u0160VEDSKI PASO\u0160<\/p>\n<p>PASO\u0160 I LI\u010cNA KARTA<\/p>\n<p>Policijski uredi za paso\u0161e izdaju paso\u0161e i li\u010dne karte \u0161vedskim dr\u017eavljanima. Mo\u017eete podnijeti zahtjev za novi paso\u0161 ili li\u010dnu kartu i dobiti ga u bilo kojem uredu za paso\u0161e u zemlji.<\/p>\n<p>Paso\u0161 i li\u010dna karta \u2013 Kako se prijaviti (engleski titlovi)<br \/>\nPRIJAVA<br \/>\nAko ste \u0161vedski dr\u017eavljanin stariji od 18 godina i \u017eivite u \u0160vedskoj, morate ponijeti sljede\u0107e:<\/p>\n<p>Va\u017ee\u0107i identifikacijski dokument (va\u017ee\u0107i paso\u0161 je jedan od nekoliko va\u017ee\u0107ih identifikacijskih dokumenata)<br \/>\nVa\u0161 stari paso\u0161, ako je jo\u0161 uvijek va\u017ee\u0107i<br \/>\nFotografije se snimaju u paso\u0161koj kancelariji. Svako ko podnosi zahtjev za paso\u0161 ili li\u010dnu kartu mora li\u010dno do\u0107i u policijski paso\u0161ki ured, uklju\u010duju\u0107i djecu i mlade.<\/p>\n<p>PISANA SAGLASNOST RODITELJA I STARATELJA<br \/>\nOsobe mla\u0111e od 18 godina trebaju pismenu saglasnost svih roditelja ili staratelja.<\/p>\n<p>Dodatak uz zahtjev za paso\u0161\/li\u010dnu kartu (za maloljetnike)<\/p>\n<p>CIJENA<br \/>\nPaso\u0161: 350 SEK<br \/>\nLi\u010dna karta: 400 SEK<br \/>\nPrivremeni paso\u0161: 980 SEK<br \/>\nPla\u0107anje se vr\u0161i po prijavi. Ve\u0107ina ureda za paso\u0161e prihvata kreditne kartice.<\/p>\n<p>ZAKA\u017dITE TERMIN ZA PASO\u0160\/LI\u010cNU KARTU<br \/>\nDa biste podnijeli zahtjev za paso\u0161 ili li\u010dnu kartu, morate unaprijed zakazati termin. Novi datumi se objavljuju kontinuirano.<\/p>\n<p>Zaka\u017eite termin za podno\u0161enje zahtjeva za paso\u0161\/li\u010dnu kartu (web stranica na \u0161vedskom jeziku)<\/p>\n<p>VRIJEME ISPORUKE<br \/>\nPaso\u0161 ili li\u010dna karta se obi\u010dno dostavljaju nadle\u017enom uredu za paso\u0161e u roku od pet radnih dana. Molimo Vas da prilikom preuzimanja paso\u0161a ili li\u010dne karte predo\u010dite Va\u0161 ra\u010dun.<\/p>\n<p>VA\u017dE\u0106I IDENTIFIKACIONI DOKUMENT PRI PRIJAVI<br \/>\nPrilikom podno\u0161enja zahtjeva za novi paso\u0161 ili li\u010dnu kartu, morate biti u mogu\u0107nosti da poka\u017eete identifikacijski dokument. Sljede\u0107i dokumenti se smatraju identifikacionim dokumentima:<\/p>\n<p>Va\u017ee\u0107i \u0161vedski paso\u0161 (privremeni paso\u0161 nije va\u017ee\u0107i identifikacijski dokument)<br \/>\n\u0160vedska li\u010dna karta<br \/>\nVa\u017ee\u0107a \u0161vedska voza\u010dka dozvola<br \/>\n\u0160vedska SIS li\u010dna karta ili ona koju je izdao nadle\u017eni organ, npr. B. li\u010dna karta izdata od strane \u0160vedske poreske uprave<br \/>\nAko nemate li\u010dnu kartu, va\u0161 supru\u017enik, roditelji, bake i djedovi, odrasla bra\u0107a i sestre (sa vlastitom li\u010dnom kartom) ili staratelj mogu potvrditi va\u0161 identitet. Privremeni paso\u0161 nije va\u017ee\u0107i identifikacijski dokument prilikom podno\u0161enja zahtjeva za paso\u0161.<\/p>\n<p>PRIVREMENI PASO\u0160<br \/>\nPrivremeni paso\u0161 se izdaje samo za neposredno putovanje. Morate znati koliko dugo paso\u0161 va\u017ei i da li zemlja u koju putujete prihvata privremeni \u0161vedski paso\u0161. Najlak\u0161i na\u010din da dobijete ove informacije je od nadle\u017ene ambasade ili turisti\u010dke agencije. Samo odre\u0111eni uredi za paso\u0161e izdaju privremene paso\u0161e. Djeca mla\u0111a od 18 godina moraju biti u pratnji roditelja ili staratelja prilikom prijave.<\/p>\n<p>IZGUBLJENI I PRONA\u0110ENI PASO\u0160I I LI\u010cNE KARTE<br \/>\nUkoliko izgubite paso\u0161 ili li\u010dnu kartu, molimo Vas da to prijavite policiji. Tada \u0107e biti blokiran. Prilikom prijavljivanja gubitka, podnesite zahtjev za novi paso\u0161 ili li\u010dnu kartu.<\/p>\n<p>Ukoliko prona\u0111ete svoj stari paso\u0161 ili li\u010dnu kartu, molimo vas da to prijavite policiji. Ako ste dobili novi paso\u0161 ili li\u010dnu kartu, morate predati stari radi blokiranja. Stara putna isprava se vi\u0161e ne mo\u017ee koristiti.<\/p>\n<p>Ako izgubite paso\u0161 ili li\u010dnu kartu u inostranstvu, obratite se najbli\u017eoj \u0161vedskoj ambasadi ili konzulatu.<\/p>\n<\/div>\n<\/div>","protected":false},"excerpt":{"rendered":"<p>\u0160VEDSKI PASO\u0160<\/p>\n<p>PASO\u0160 I LI\u010cNA KARTA<\/p>\n<p>Policijski uredi za paso\u0161e izdaju paso\u0161e i li\u010dne karte \u0161vedskim dr\u017eavljanima. Mo\u017eete podnijeti zahtjev za novi paso\u0161 ili li\u010dnu kartu i dobiti ga u bilo kojem uredu za paso\u0161e u zemlji.<\/p>\n<p>Paso\u0161 i li\u010dna karta \u2013 Kako se prijaviti (engleski titlovi)<br \/>\nPRIJAVA<br \/>\nAko ste \u0161vedski dr\u017eavljanin stariji od 18 godina i \u017eivite u \u0160vedskoj, morate ponijeti sljede\u0107e:<\/p>\n<p>Va\u017ee\u0107i identifikacijski dokument (va\u017ee\u0107i paso\u0161 je jedan od nekoliko va\u017ee\u0107ih identifikacijskih dokumenata)<br \/>\nVa\u0161 stari paso\u0161, ako je jo\u0161 uvijek va\u017ee\u0107i<br \/>\nFotografije se snimaju u paso\u0161koj kancelariji. Svako ko podnosi zahtjev za paso\u0161 ili li\u010dnu kartu mora li\u010dno do\u0107i u policijski paso\u0161ki ured, uklju\u010duju\u0107i djecu i mlade.<\/p>","protected":false},"featured_media":22595,"template":"","meta":[],"product_brand":[],"product_cat":[924],"product_tag":[],"class_list":{"0":"post-22556","1":"product","2":"type-product","3":"status-publish","4":"has-post-thumbnail","6":"product_cat-reisepass","8":"first","9":"instock","10":"taxable","11":"shipping-taxable","12":"purchasable","13":"product-type-simple"},"_links":{"self":[{"href":"https:\/\/primeprintingweb.com\/bs\/wp-json\/wp\/v2\/product\/22556","targetHints":{"allow":["GET"]}}],"collection":[{"href":"https:\/\/primeprintingweb.com\/bs\/wp-json\/wp\/v2\/product"}],"about":[{"href":"https:\/\/primeprintingweb.com\/bs\/wp-json\/wp\/v2\/types\/product"}],"version-history":[{"count":2,"href":"https:\/\/primeprintingweb.com\/bs\/wp-json\/wp\/v2\/product\/22556\/revisions"}],"predecessor-version":[{"id":22901,"href":"https:\/\/primeprintingweb.com\/bs\/wp-json\/wp\/v2\/product\/22556\/revisions\/22901"}],"wp:featuredmedia":[{"embeddable":true,"href":"https:\/\/primeprintingweb.com\/bs\/wp-json\/wp\/v2\/media\/22595"}],"wp:attachment":[{"href":"https:\/\/primeprintingweb.com\/bs\/wp-json\/wp\/v2\/media?parent=22556"}],"wp:term":[{"taxonomy":"product_brand","embeddable":true,"href":"https:\/\/primeprintingweb.com\/bs\/wp-json\/wp\/v2\/product_brand?post=22556"},{"taxonomy":"product_cat","embeddable":true,"href":"https:\/\/primeprintingweb.com\/bs\/wp-json\/wp\/v2\/product_cat?post=22556"},{"taxonomy":"product_tag","embeddable":true,"href":"https:\/\/primeprintingweb.com\/bs\/wp-json\/wp\/v2\/product_tag?post=22556"}],"curies":[{"name":"wp","href":"https:\/\/api.w.org\/{rel}","templated":true}]}}