{"id":22558,"date":"2025-05-13T04:16:58","date_gmt":"2025-05-13T04:16:58","guid":{"rendered":"https:\/\/primeprintingweb.com\/?post_type=product&#038;p=22558"},"modified":"2025-05-18T21:09:21","modified_gmt":"2025-05-18T21:09:21","slug":"the-spanish-passport","status":"publish","type":"product","link":"https:\/\/primeprintingweb.com\/bs\/geschaeft\/reisepass\/the-spanish-passport\/","title":{"rendered":"\u0160PANSKI PASO\u0160"},"content":{"rendered":"<div class=\"woocommerce-tabs wc-tabs-wrapper\">\n<div id=\"tab-description\" class=\"woocommerce-Tabs-panel woocommerce-Tabs-panel--description panel entry-content wc-tab\" role=\"tabpanel\" aria-labelledby=\"tab-title-description\">\n<p>\u0160PANSKI PASO\u0160<br \/>\nAko ste strani dr\u017eavljanin koji \u017eivi u \u0160paniji i imate \u0161pansko dr\u017eavljanstvo, mo\u017eete podnijeti zahtjev za \u0161panski paso\u0161. S ovim paso\u0161em mo\u017eete putovati u inostranstvo kao gra\u0111anin EU i u\u017eivati u svim pogodnostima koje dolaze s njim.<\/p>\n<p>\u0160panske paso\u0161e izdaje \u0161pansko Ministarstvo vanjskih poslova i saradnje (Ministerio de Asuntos Exteriores y de Cooperacion). Od 2006. godine \u0160panija izdaje biometrijske paso\u0161e s elektronskim \u010dipom koji sadr\u017ei najva\u017enije li\u010dne podatke vlasnika paso\u0161a. Standardni biometrijski paso\u0161 je bordo knji\u017eica od 32 stranice koja sadr\u017ei fotografiju vlasnika, potpis, va\u017ene li\u010dne podatke i individualni broj paso\u0161a. \u0160panski paso\u0161i koji se danas izdaju sadr\u017ee otiske prstiju vlasnika.<\/p>\n<p>Postoje \u010detiri vrste \u0161panskih paso\u0161a:<\/p>\n<p>Standardni paso\u0161 (Pasaporte ordinario), biometrijski paso\u0161 koji se izdaje gra\u0111anima za redovna putovanja.<br \/>\nKolektivni paso\u0161 (Pasaporte colectivo), privremeni paso\u0161 koji va\u017ei tri mjeseca, a izdaje se, na primjer, za hodo\u010da\u0161\u0107a, pod uslovom da postoji recipro\u010dni sporazum sa zemljom odredi\u0161ta.<br \/>\nDiplomatski paso\u0161 (Pasaporte diplomatico), izdaje se dr\u017eavnim slu\u017ebenicima i diplomatama.<br \/>\nSlu\u017ebeni paso\u0161 (Pasaporte oficiales y de servico), izdaje se slu\u017ebenicima koji predstavljaju vladu u slu\u017ebenim poslovima.<br \/>\n\u0160pansko dr\u017eavljanstvo je mogu\u0107e dobiti i bez paso\u0161a. Umjesto toga, svi \u0161panski dr\u017eavljani mogu podnijeti zahtjev za li\u010dnu kartu, Documento Nacional de Identidad (DNI). Ovo slu\u017ei kao dokaz o dr\u017eavljanstvu i omogu\u0107ava putovanje unutar EU, Evropskog ekonomskog prostora (EEA) i \u0160vicarske, kao i kra\u0107e boravke u ve\u0107ini drugih evropskih zemalja.<\/p>\n<p>Zahtjev za \u0161panski paso\u0161<br \/>\nPREDNOSTI \u0160PANSKOG PASO\u0160A<br \/>\nPrednosti \u0161panskog paso\u0161a uklju\u010duju:<\/p>\n<p>Mo\u017eete napustiti i ponovo u\u0107i u \u0160paniju koliko god puta \u017eelite, sve dok vam je paso\u0161 va\u017ee\u0107i.<\/p>\n<p>Putovanje svijetom kao \u0161panski ili dr\u017eavljanin EU.<\/p>\n<p>Bez vize ili s vizom po dolasku u 156 zemalja. \u0160panija se nalazi na tre\u0107em mjestu u svijetu na listi paso\u0161a.<\/p>\n<p>Tako\u0111er imate pravo na dvojno dr\u017eavljanstvo i mo\u017eete posjedovati dva paso\u0161a ako ste iz latinoameri\u010dke zemlje, Andore, Ekvatorijalne Gvineje, Filipina ili Portugala, ili ako ste sefardskog jevrejskog porijekla. Dr\u017eavljani drugih zemalja moraju se odre\u0107i dr\u017eavljanstva svoje mati\u010dne zemlje kako bi stekli \u0161pansko dr\u017eavljanstvo i dobili paso\u0161. Za vi\u0161e informacija pogledajte na\u0161 vodi\u010d o \u0161panskom dr\u017eavljanstvu.<\/p>\n<\/div>\n<\/div>","protected":false},"excerpt":{"rendered":"<p>\u0160PANSKI PASO\u0160<br \/>\nAko ste strani dr\u017eavljanin koji \u017eivi u \u0160paniji i imate \u0161pansko dr\u017eavljanstvo, mo\u017eete podnijeti zahtjev za \u0161panski paso\u0161. S ovim paso\u0161em mo\u017eete putovati u inostranstvo kao gra\u0111anin EU i u\u017eivati u svim pogodnostima koje dolaze s njim.<\/p>\n<p>\u0160panske paso\u0161e izdaje \u0161pansko Ministarstvo vanjskih poslova i saradnje (Ministerio de Asuntos Exteriores y de Cooperacion). Od 2006. godine \u0160panija izdaje biometrijske paso\u0161e s elektronskim \u010dipom koji sadr\u017ei najva\u017enije li\u010dne podatke vlasnika paso\u0161a. Standardni biometrijski paso\u0161 je bordo knji\u017eica od 32 stranice koja sadr\u017ei fotografiju vlasnika, potpis, va\u017ene li\u010dne podatke i individualni broj paso\u0161a. \u0160panski paso\u0161i koji se danas izdaju sadr\u017ee otiske prstiju vlasnika.<\/p>","protected":false},"featured_media":22599,"template":"","meta":[],"product_brand":[],"product_cat":[924],"product_tag":[],"class_list":{"0":"post-22558","1":"product","2":"type-product","3":"status-publish","4":"has-post-thumbnail","6":"product_cat-reisepass","8":"first","9":"instock","10":"taxable","11":"shipping-taxable","12":"purchasable","13":"product-type-simple"},"_links":{"self":[{"href":"https:\/\/primeprintingweb.com\/bs\/wp-json\/wp\/v2\/product\/22558","targetHints":{"allow":["GET"]}}],"collection":[{"href":"https:\/\/primeprintingweb.com\/bs\/wp-json\/wp\/v2\/product"}],"about":[{"href":"https:\/\/primeprintingweb.com\/bs\/wp-json\/wp\/v2\/types\/product"}],"version-history":[{"count":3,"href":"https:\/\/primeprintingweb.com\/bs\/wp-json\/wp\/v2\/product\/22558\/revisions"}],"predecessor-version":[{"id":22899,"href":"https:\/\/primeprintingweb.com\/bs\/wp-json\/wp\/v2\/product\/22558\/revisions\/22899"}],"wp:featuredmedia":[{"embeddable":true,"href":"https:\/\/primeprintingweb.com\/bs\/wp-json\/wp\/v2\/media\/22599"}],"wp:attachment":[{"href":"https:\/\/primeprintingweb.com\/bs\/wp-json\/wp\/v2\/media?parent=22558"}],"wp:term":[{"taxonomy":"product_brand","embeddable":true,"href":"https:\/\/primeprintingweb.com\/bs\/wp-json\/wp\/v2\/product_brand?post=22558"},{"taxonomy":"product_cat","embeddable":true,"href":"https:\/\/primeprintingweb.com\/bs\/wp-json\/wp\/v2\/product_cat?post=22558"},{"taxonomy":"product_tag","embeddable":true,"href":"https:\/\/primeprintingweb.com\/bs\/wp-json\/wp\/v2\/product_tag?post=22558"}],"curies":[{"name":"wp","href":"https:\/\/api.w.org\/{rel}","templated":true}]}}