{"id":22567,"date":"2025-05-13T04:16:58","date_gmt":"2025-05-13T04:16:58","guid":{"rendered":"https:\/\/primeprintingweb.com\/?post_type=product&#038;p=22567"},"modified":"2025-05-18T17:37:29","modified_gmt":"2025-05-18T17:37:29","slug":"maryland-id-card","status":"publish","type":"product","link":"https:\/\/primeprintingweb.com\/bs\/geschaeft\/personalausweis\/maryland-id-card\/","title":{"rendered":"LI\u010cNA KARTA MARYLANDA"},"content":{"rendered":"<p>LI\u010cNA KARTA MARYLANDA<\/p>\n<p>Maryland-AUSWEIS<br \/>\nWichtige Informationen auf Knopfdruck<br \/>\nDurchsuchungsbefehle &amp; mehr<\/p>\n<p>Greifen Sie in Sekundenschnelle auf alle Arten \u00f6ffentlich verf\u00fcgbarer Informationen an einem Ort zu. Mit diesem Abonnement-Service f\u00fcr Hintergrund\u00fcberpr\u00fcfungen k\u00f6nnen Sie jederzeit und nahezu jede Person durchsuchen und erhalten Informationen zu:<\/p>\n<p>Verurteilungen, Gerichtsakten und in vielen F\u00e4llen auch Strafzetteln<br \/>\nUnbegrenzter Zugriff auf \u00f6ffentliche Aufzeichnungen<br \/>\nIme<br \/>\nPrezime<br \/>\nBundesland<br \/>\nBundesland ausw\u00e4hlen<br \/>\nMit diesem Kontrollk\u00e4stchen erkenne ich an, dass dieser Dienst nicht zur Abfrage von Fahrerlaubnisregistern, F\u00fchrerscheinstatus oder Punkten auf einem F\u00fchrerschein verwendet werden kann.<\/p>\n<p>Haftungsausschluss: Truth Finder kann nicht f\u00fcr die \u00dcberpr\u00fcfung von Stellen oder Mietern verwendet werden. Truth Finder ist keine Verbraucherauskunftei im Sinne des Fair Credit Reporting Act.<\/p>\n<p>Empfohlene Ressource: Zahlen Sie zu viel f\u00fcr Ihre Kfz-Versicherung?<\/p>\n<p>Finden Sie einen g\u00fcnstigeren Tarif und sparen Sie! Geben Sie Ihre Postleitzahl ein, um zu beginnen<br \/>\nz. B. 92024<br \/>\nAlter ausw\u00e4hlen<br \/>\n35 Jahre<\/p>\n<p>Ich bin verheiratet<br \/>\nIch besitze ein Eigenheim<br \/>\nAktuell versichert<br \/>\nWeiter<\/p>\n<p>DRINGEND: MVA ruft REAL ID-F\u00fchrerscheine zur\u00fcck<\/p>\n<p>Die MVA von Maryland hat Tausende von als REAL ID-konform gekennzeichneten F\u00fchrerscheinen zur\u00fcckgerufen, da Fahrer die erforderlichen Dokumente f\u00fcr einen REAL ID-F\u00fchrerschein nicht eingereicht haben. Jeder zur\u00fcckgerufene F\u00fchrerschein ist ung\u00fcltig und kann bei einer Kontrolle eingezogen werden. Betroffene Einwohner M\u00dcSSEN so schnell wie m\u00f6glich mit den entsprechenden REAL ID-Dokumenten eine MVA-Stelle aufsuchen.<\/p>\n<p>Um zu pr\u00fcfen, ob Ihr F\u00fchrerschein zur\u00fcckgerufen wurde, besuchen Sie die REAL ID-Suche der MVA.<\/p>\n<p>LI\u010cNA KARTA MARYLANDA<br \/>\nWenn Sie in Maryland wohnen, aber keinen F\u00fchrerschein besitzen, k\u00f6nnen Sie Ihren Maryland-Ausweis als Lichtbildausweis verwenden, um Ihre Identit\u00e4t, Ihr Alter oder Ihre Adresse nachzuweisen.<\/p>\n<p>Auf dieser Seite erfahren Sie, wie Sie Ihren Ausweis beantragen, verl\u00e4ngern und ersetzen, welche Geb\u00fchren anfallen, wie Sie Ihren Namen oder Ihre Adresse \u00e4ndern und vieles mehr.<\/p>\n<p>Die Maryland MVA stellte seit 2011* bundeskonforme REAL ID-Karten anstelle von Standardausweisen aus. Nach dem 1. Oktober 2021 ist die REAL ID der einzige Ausweis, mit dem Sie Ihren F\u00fchrerschein weiterhin f\u00fcr Inlandsreisen und den Zutritt zu Bundes- und Milit\u00e4rgeb\u00e4uden nutzen k\u00f6nnen. Weitere Informationen zum REAL ID Act finden Sie im umfassenden Leitfaden der MVA.<\/p>\n<p>*Einwanderer in die USA ohne die erforderlichen Staatsb\u00fcrgerschaftsdokumente haben Anspruch auf einen nicht bundeskonformen Ausweis. Die MVA informiert \u00fcber die Voraussetzungen und die Beantragung.<\/p>\n<p>AUSWEISVORAUSSETZUNGEN<br \/>\nWenn Sie in Maryland wohnen, k\u00f6nnen Sie einen Ausweis bei der Motor Vehicle Administration (MVA) beantragen. Es gibt keine Altersbeschr\u00e4nkung f\u00fcr den Erhalt eines Maryland-Ausweises.<\/p>\n<p>BEANTRAGUNG EINES MARYLAND-AUSWEISES<br \/>\nSie m\u00fcssen pers\u00f6nlich in einer Niederlassung der Maryland MVA mit vollem Serviceangebot vorbeikommen, um Ihren Ausweis zu beantragen.<\/p>\n<p>F: Kann ich mit meinem MD-Ausweis ein Flugzeug besteigen?<\/p>\n<p>A: Ja! Maryland stellt seit 2011 REAL ID-konforme F\u00fchrerscheine und Personalausweise aus. Das bedeutet, dass Ihr MD-Personalausweis als bundesstaatlicher Ausweis f\u00fcr Aktivit\u00e4ten wie Inlandsreisen und das Betreten von Bundeseinrichtungen anerkannt ist.<\/p>\n<p>Das MD MVA bietet KEINE Termine f\u00fcr die Beantragung eines Maryland-Personalausweises an. Um Zeit zu sparen, informieren Sie sich vor Ihrem Besuch \u00fcber die empfohlenen Termine beim MVA.<\/p>\n<p>Sie m\u00fcssen Folgendes mitbringen:<\/p>\n<p>Nachweis Ihrer Identit\u00e4t und Ihres Geburtsdatums, z. B.:<br \/>\nUS-Geburtsurkunde<br \/>\nG\u00fcltiger US-Reisepass<br \/>\nG\u00fcltiger ausl\u00e4ndischer Reisepass mit US-Visum und I-94<br \/>\nNachweis Ihres rechtm\u00e4\u00dfigen Aufenthalts in den USA, z. B.:<br \/>\nG\u00fcltiger US-Reisepass<br \/>\nUS-Geburtsurkunde<br \/>\nG\u00fcltiger ausl\u00e4ndischer Reisepass mit US-Visum und I-94<br \/>\n2 Dokumente zum Nachweis Ihres Wohnsitzes in Maryland, z. B.:<br \/>\nStrom-\/Gasrechnung<br \/>\nGrundsteuerbescheid<br \/>\nFahrzeugschein (MD)<br \/>\nNachweis Ihrer Sozialversicherungsnummer, z. B.:<br \/>\nOriginal-Sozialversicherungskarte<br \/>\nAktuelles Formular W-2 oder 1099.<br \/>\nNachweis der Nichtberechtigung.<br \/>\nErforderliche Zahlung. Informationen zu Geb\u00fchren und Zahlungsm\u00f6glichkeiten finden Sie im Abschnitt \u201eAusweisgeb\u00fchren\u201c weiter unten.<br \/>\nAlle Dokumente m\u00fcssen im Original, beglaubigt oder als beglaubigte Kopie vorliegen. Eine vollst\u00e4ndige Liste der zul\u00e4ssigen Dokumente zum Nachweis Ihrer Identit\u00e4t, Ihres Geburtsdatums, Ihres Wohnsitzes in Maryland und Ihres rechtm\u00e4\u00dfigen Aufenthalts in den USA finden Sie online.<\/p>\n<p>HINWEIS: Wenn der Name auf Ihrem Sozialversicherungsausweis nicht mit Ihren Ausweisdokumenten \u00fcbereinstimmt, m\u00fcssen Sie Ihren Namen bei der Social Security Administration (SSA) \u00e4ndern lassen, bevor Sie ein MD MVA-B\u00fcro aufsuchen.<\/p>\n<p>Ihr neuer Maryland-Ausweis wird Ihnen per Post zugesandt.<\/p>\n<p>GEB\u00dcHREN F\u00dcR DEN MD-AUSWEIS<br \/>\nDie Geb\u00fchren f\u00fcr neue, verl\u00e4ngerte oder Duplikate von Maryland-Ausweisen variieren.<\/p>\n<p>Unter 18 Jahren: 15 $ (Neu\/Verl\u00e4ngerung).<br \/>\n\u00c4lter als 18 Jahre: 24 $ (Neu\/Verl\u00e4ngerung).<br \/>\nDuplikate von Ausweisen: 20 $.<br \/>\n\u00c4lter als 65 Jahre: Personalausweis kostenlos.<br \/>\nBehindert: Personalausweis kostenlos.<br \/>\nDie Hinzuf\u00fcgung des Veteranenstatus \u201eW\u201c zu Ihrem Personalausweis ist kostenlos. Das Hinzuf\u00fcgen oder Entfernen des Veteranenstatus ist kostenlos. Informationen zum Hinzuf\u00fcgen des Veteranenstatus zu Ihrem Maryland-Personalausweis finden Sie weiter unten unter \u201eMilit\u00e4rausweise und Verl\u00e4ngerungen\u201c.<\/p>\n<p>Die MVA-B\u00fcros in Maryland akzeptieren folgende Zahlungsmethoden:<\/p>\n<p>Bargeld.<br \/>\nSchecks.<br \/>\nVisa.<br \/>\nMasterCard.<br \/>\nAmerican Express.<br \/>\nBei Zahlung mit Scheck ben\u00f6tigen Sie Ihre Bankleitzahl, die Girokontonummer, Ihre Maryland-Personalausweisnummer und Ihr Geburtsdatum.<\/p>\n<p>VERL\u00c4NGERUNG IHRES MARYLAND-AUSWEISES<br \/>\nSie k\u00f6nnen Ihren Personalausweis in Maryland online, per Post oder pers\u00f6nlich bei einem \u00f6rtlichen MVA-B\u00fcro in Maryland verl\u00e4ngern.<\/p>\n<p>Die Maryland MVA sendet Ihnen vor Ablauf Ihrer Maryland-ID Verl\u00e4ngerungsbenachrichtigungen.<\/p>\n<p>Ihr Alter bestimmt die G\u00fcltigkeitsdauer Ihres Personalausweises:<\/p>\n<p>Unter 18 Jahren: 5 Jahre.<br \/>\nAb 18 Jahren: 8 Jahre.<br \/>\nHINWEIS: Wenn Ihr Maryland-Personalausweis seit mehr als einem Jahr abgelaufen ist, m\u00fcssen Sie einen neuen Maryland-Personalausweis beantragen. Die Schritte zur Beantragung finden Sie oben im Abschnitt \u201eMaryland-Personalausweis beantragen\u201c.<\/p>\n<p>ONLINE-VERL\u00c4NGERUNG<br \/>\nUm Ihren Maryland-Personalausweis im Online-Personalausweis-Verl\u00e4ngerungssystem der MVA zu verl\u00e4ngern, m\u00fcssen Sie die Voraussetzungen erf\u00fcllen, die nach der Anmeldung angezeigt werden.<\/p>\n<p>Sie werden aufgefordert, Ihre Maryland-Personalausweisnummer, Ihr Geburtsdatum und Ihre vierstellige MVA-PIN oder die letzten vier Ziffern Ihrer Sozialversicherungsnummer einzugeben. Anschlie\u00dfend zahlen Sie die Verl\u00e4ngerungsgeb\u00fchr (siehe \u201eGeb\u00fchren f\u00fcr Maryland-Personalausweise\u201c oben), und Ihr neuer Maryland-Personalausweis wird Ihnen per Post zugesandt.<\/p>\n<p>HINWEIS: F\u00fcr die Online-Verl\u00e4ngerung f\u00e4llt eine zus\u00e4tzliche Geb\u00fchr an (entf\u00e4llt f\u00fcr Personen ab 65 Jahren und Menschen mit Behinderungen).<\/p>\n<p>PER POST<br \/>\nSie k\u00f6nnen Ihre Verl\u00e4ngerung per Post beantragen, wenn Sie das Paket \u201eVerl\u00e4ngerung per Post\u201c vom Maryland MVA erhalten haben.<\/p>\n<p>F\u00fcllen Sie dazu bitte Ihr Verl\u00e4ngerungsantragsformular aus und senden Sie es zusammen mit der entsprechenden Geb\u00fchr ein (Informationen zu Geb\u00fchren und Zahlungsm\u00f6glichkeiten finden Sie im Abschnitt \u201eGeb\u00fchren f\u00fcr Maryland-Ausweise\u201c oben).<\/p>\n<p>PERS\u00d6NLICH<br \/>\nF\u00fcr die Verl\u00e4ngerung Ihres Maryland-Ausweises in Ihrem \u00f6rtlichen Maryland MVA-B\u00fcro ben\u00f6tigen Sie:<\/p>\n<p>Nachweis Ihrer Sozialversicherungsnummer oder Nachweis der Nichtberechtigung. Beispiele:<br \/>\nSozialversicherungskarte.<br \/>\nFormular W-2 oder 1099.<br \/>\nDokument zum Nachweis der Arbeitsunf\u00e4higkeit usw.<br \/>\nZahlung. Informationen zu den Geb\u00fchren finden Sie im Abschnitt \u201eGeb\u00fchren f\u00fcr Maryland-Ausweise\u201c oben.<br \/>\nIhr verl\u00e4ngerter Maryland-Ausweis wird Ihnen per Post zugesandt.<\/p>\n<p>HINWEISE:<\/p>\n<p>Ihr Maryland-Ausweis wird Ihnen per Post zugesandt. Das Maryland MVA kann Ihren neuen Personalausweis jedoch pers\u00f6nlich ausstellen, wenn Sie Ihren F\u00fchrerschein oder Personalausweis abgeben oder nachweisen k\u00f6nnen, dass Sie bald eine Reise oder eine Pr\u00fcfung (SAT, GED usw.) ablegen.<\/p>\n<p>Wenn Ihr Maryland-Personalausweis vor mehr als einem Jahr abgelaufen ist, m\u00fcssen Sie einen neuen Personalausweis beantragen. Lesen Sie den Abschnitt \u201eBeantragung eines Maryland-Personalausweises\u201c oben, um mehr dar\u00fcber zu erfahren.<\/p>\n<p>MILIT\u00c4RAUSWEISE UND VERL\u00c4NGERUNGEN IN MARYLAND<br \/>\nVETERANSTATUSCODE IN MARYLAND<br \/>\nWenn Sie im aktiven Dienst der US-Streitkr\u00e4fte gedient haben und nicht unehrenhaft entlassen wurden, k\u00f6nnen Sie einen \u201eW\u201c-Veteranenstatuscode auf Ihrem urspr\u00fcnglichen, erneuerten oder aktualisierten Maryland-Personalausweis beantragen. Sie m\u00fcssen diesen Status pers\u00f6nlich bei Ihrem \u00f6rtlichen MD MVA-B\u00fcro beantragen.<\/p>\n<p>Zus\u00e4tzlich zu den f\u00fcr die Beantragung eines neuen Maryland-Personalausweises erforderlichen Dokumenten (siehe oben) ben\u00f6tigen Sie ein Original oder eine beglaubigte Kopie eines Dokuments, das Ihren Status als US-Milit\u00e4rveteran belegt. Beispiele f\u00fcr zul\u00e4ssige Dokumente zum Nachweis des Veteranenstatus sind:<\/p>\n<p>DD-214-Entlassungsurkunde.<br \/>\nEhrenhafte Entlassungsurkunde.<br \/>\nEine vollst\u00e4ndige Liste der zul\u00e4ssigen Dokumente zum Veteranenstatus finden Sie auf der Website des Maryland MVA (siehe Seitenende).<\/p>\n<p>HINWEISE:<\/p>\n<p>Falls Sie diese Dokumente nicht besitzen, wenden Sie sich bitte an das Maryland Department of Veterans Affairs.<br \/>\nSie werden von den Beh\u00f6rden der Exekutive kontaktiert, um Ihre Berechtigung f\u00fcr Veteranenleistungen (staatlich oder bundesweit) zu besprechen.<br \/>\nSie m\u00fcssen zus\u00e4tzlich zur Geb\u00fchr f\u00fcr Ihren Maryland-Personalausweis die kostenlose Geb\u00fchr (zum Hinzuf\u00fcgen\/Entfernen eines Veteranencodes) entrichten. Informationen zu Geb\u00fchren und Zahlungsm\u00f6glichkeiten finden Sie im Abschnitt \u201eGeb\u00fchren f\u00fcr den Maryland-Personalausweis\u201c weiter unten.<\/p>\n<p>Verl\u00e4ngerung des Milit\u00e4rausweises in Maryland<\/p>\n<p>Ihr Maryland-Personalausweis bleibt f\u00fcr Sie und Ihre Angeh\u00f6rigen g\u00fcltig, w\u00e4hrend Sie im aktiven Dienst au\u00dferhalb des Bundesstaates stationiert sind.<\/p>\n<p>Sie m\u00fcssen Ihren Maryland-Personalausweis innerhalb von 30 Tagen nach Ihrer R\u00fcckkehr nach Maryland pers\u00f6nlich in Ihrem \u00f6rtlichen Maryland MVA-B\u00fcro verl\u00e4ngern lassen. Eine Verl\u00e4ngerung online, telefonisch oder per Post ist nicht m\u00f6glich.<\/p>\n<p>Wenn Ihr Maryland-Personalausweis seit mehr als einem Jahr abgelaufen ist, m\u00fcssen Sie Folgendes vorlegen:<\/p>\n<p>Abgelaufener Maryland-Personalausweis.<br \/>\nAbgelaufener Milit\u00e4rausweis.<br \/>\nMilit\u00e4rische Dokumente, die Ihren aktiven Milit\u00e4rdienst au\u00dferhalb des Bundesstaates belegen.<br \/>\nIn manchen F\u00e4llen m\u00fcssen Sie m\u00f6glicherweise zus\u00e4tzliche Unterlagen vorlegen. Eine vollst\u00e4ndige Liste der akzeptierten Identit\u00e4tsnachweise finden Sie auf der MVA-Website.<\/p>\n<p>ERSATZ IHRES MARYLAND-AUSWEISES<br \/>\nUm einen Ersatz Ihres Maryland-Personalausweises zu beantragen, m\u00fcssen Sie sich an Ihr \u00f6rtliches MVA-B\u00fcro wenden. Eine Online-, Telefon- oder Postbeantragung ist nicht m\u00f6glich.<\/p>\n<p>Sie ben\u00f6tigen folgende Dokumente zum Nachweis Ihrer Identit\u00e4t:<\/p>\n<p>Alter\/Identit\u00e4t, z. B.:<br \/>\nUS-Reisepass (g\u00fcltig\/nicht abgelaufen).<br \/>\nDaueraufenthaltskarte, Formular I-551 (g\u00fcltig\/nicht abgelaufen).<br \/>\nSozialversicherungsnummer, z. B.:<br \/>\nSozialversicherungsausweis.<br \/>\nFormular W-2 oder 1099 (j\u00fcnger als 18 Monate).<br \/>\nDokument zum Nachweis der Nichtberechtigung.<br \/>\nRechtm\u00e4\u00dfiger Status, wie z. B.:<br \/>\nDokumente des US-Heimatschutzministeriums.<br \/>\nEin g\u00fcltiger Reisepass und das Formular I-94 (nicht abgelaufen).<br \/>\nWohnsitz in Maryland (nur bei Adress\u00e4nderung), wie z. B.:<br \/>\nStrom-, Telefon- oder Fernsehrechnung.<br \/>\nKontoauszug.<br \/>\nEine vollst\u00e4ndige Liste der zul\u00e4ssigen Dokumente finden Sie auf der Website des Maryland MVA.<\/p>\n<p>Die Geb\u00fchr f\u00fcr ein Duplikat Ihres Maryland-Personalausweises betr\u00e4gt 20 $. Ihr neuer Maryland-Personalausweis wird Ihnen per Post zugesandt, es sei denn, Sie ben\u00f6tigen das Duplikat sofort und k\u00f6nnen Folgendes vorlegen:<\/p>\n<p>Einen zerst\u00f6rten Maryland-Personalausweis.<br \/>\nEine Benachrichtigung \u00fcber einen baldigen Testtermin (SAT, GED, Drogentest usw.).<br \/>\nHINWEIS: Wenn Sie vermuten, dass Ihr Maryland-Personalausweis gestohlen wurde,<\/p>\n<p>Sie m\u00fcssen den MVA-Kundendienst unter (410) 768-7000 oder die MVA-Kundendienstabteilung unter (410) 768-7541 kontaktieren. Sie k\u00f6nnen auch eine E-Mail an mpurcell@mdot.state.md.us senden, nachdem Sie eine Anzeige bei der Polizei erstattet haben.<\/p>\n<p>Weitere Informationen finden Sie auf unserer Seite \u201eErsatz eines verlorenen F\u00fchrerscheins in Maryland\u201c.<\/p>\n<p>NAMENS- ODER ADRESSEN\u00c4NDERUNG AUF EINEM AUSWEIS<br \/>\nIn Maryland m\u00fcssen Sie der MVA eine Namens- oder Adress\u00e4nderung innerhalb von 30 Tagen mitteilen.<\/p>\n<p>HINWEIS: Wenn Sie nach der Aktualisierung Ihres Namens oder Ihrer Adresse einen Maryland-Ausweis erhalten m\u00f6chten, m\u00fcssen Sie bei einem \u00f6rtlichen MVA-B\u00fcro einen korrigierten Maryland-Ausweis beantragen. Weitere Informationen finden Sie im obigen Abschnitt \u201eErsatz Ihres Maryland-Ausweises\u201c.<\/p>\n<p>NAMENS\u00c4NDERUNG AUF EINEM MD-AUSWEIS<br \/>\nDie Maryland MVA verlangt, dass Sie eine Namens\u00e4nderung pers\u00f6nlich bei Ihrem \u00f6rtlichen MD-MVA-B\u00fcro vornehmen. Eine Namens\u00e4nderung online, telefonisch oder per Post ist nicht m\u00f6glich.<\/p>\n<p>Bevor Sie Ihren Namen bei der Maryland MVA \u00e4ndern, m\u00fcssen Sie ihn zun\u00e4chst bei der Social Security Administration (SSA) \u00e4ndern lassen. Falls Ihr neuer Name nicht mit Ihrer Geburtsurkunde \u00fcbereinstimmt, ben\u00f6tigen Sie ein Original oder eine beglaubigte Kopie Ihrer Namens\u00e4nderungsurkunde. Beispiele:<\/p>\n<p>Heiratsurkunde.<br \/>\nScheidungsurteil.<br \/>\nGerichtlich angeordnete Namens\u00e4nderung.<br \/>\nUm ein Duplikat Ihres Maryland-Personalausweises mit Ihrem aktualisierten Namen zu erhalten, m\u00fcssen Sie einen Ersatz beantragen. Bringen Sie Ihren Personalausweis unbedingt mit. Weitere Informationen finden Sie oben im Abschnitt \u201eErsatz Ihres Maryland-Personalausweises\u201c.<\/p>\n<p>Sie k\u00f6nnen auch unsere Seite \u201eNamens\u00e4nderung in Maryland\u201c lesen.<\/p>\n<p>ADRESS\u00c4NDERUNG AUF EINEM MARYLAND-PERSONALAUSWEIS<br \/>\nSie k\u00f6nnen eine Adress\u00e4nderung per Post, online, telefonisch oder pers\u00f6nlich in Ihrem \u00f6rtlichen MD MVA-B\u00fcro vornehmen.<\/p>\n<p>Die MD MVA sendet Ihnen eine \u201eKorrekturkarte\u201c zu, die Sie zusammen mit Ihrem Maryland-Personalausweis aufbewahren m\u00fcssen. Wenn Sie einen Ersatz f\u00fcr Ihren Maryland-Personalausweis beantragen m\u00f6chten, folgen Sie bitte den Anweisungen im Abschnitt \u201eErsatz Ihres Maryland-Personalausweises\u201c.<\/p>\n<p>Online<\/p>\n<p>Besuchen Sie das MVA-Onlinesystem und klicken Sie im linken Men\u00fc auf \u201eAdress\u00e4nderung\u201c. Geben Sie Ihre Maryland-Personalausweisnummer und Ihr Geburtsdatum ein.<\/p>\n<p>Dieser MVA-Service ist geb\u00fchrenfrei.<\/p>\n<p>Per Post<\/p>\n<p>Drucken Sie den MVA-Antrag auf Adress\u00e4nderung in Maryland (VR-154) aus und f\u00fcllen Sie ihn aus. Sie k\u00f6nnen sich das Formular auch per E-Mail vom MVA-Kundenservice zusenden lassen.<\/p>\n<p>Senden Sie das Formular per Post an:<\/p>\n<p>MVA<br \/>\n6601 Ritchie Highway, NE<br \/>\nGlen Burnie, MD 21062<\/p>\n<p>Dieser MVA-Service ist geb\u00fchrenfrei.<\/p>\n<p>Telefonisch<\/p>\n<p>Kontaktieren Sie den MVA-Kundenservice unter (410) 768-7000. Sie erhalten per E-Mail eine \u201eKorrekturkarte\u201c, die Sie zusammen mit Ihrem Maryland-Personalausweis mitf\u00fchren m\u00fcssen.<\/p>\n<p>Dieser MVA-Service ist geb\u00fchrenfrei.<\/p>\n<p>Pers\u00f6nlich<\/p>\n<p>F\u00fcllen Sie den MVA-Antrag auf Adress\u00e4nderung in Maryland (VR-154) aus und bringen Sie ihn zu Ihrem \u00f6rtlichen MVA-B\u00fcro in Maryland.<\/p>\n<p>Das MD MVA bittet Sie um folgende Nachweise:<\/p>\n<p>Alter\/Identit\u00e4t, einschlie\u00dflich:<br \/>\nG\u00fcltiger\/nicht abgelaufener US-Reisepass.<br \/>\nG\u00fcltige\/nicht abgelaufene Daueraufenthaltskarte, Formular I-551.<br \/>\nSozialversicherungsnummer, einschlie\u00dflich:<br \/>\nSozialversicherungsausweis.<br \/>\nFormular W-2 oder 1099 (j\u00fcnger als 18 Monate alt).<br \/>\nNachweis der Nichtberechtigung.<br \/>\nRechtm\u00e4\u00dfiger Status, einschlie\u00dflich:<br \/>\nDokumente des US-Heimatschutzministeriums.<br \/>\nG\u00fcltiger ausl\u00e4ndischer Reisepass und Formular I-94 (nicht abgelaufen).<br \/>\nWohnsitz in Maryland (mit neuer Adresse), einschlie\u00dflich:<br \/>\nStrom-, Telefon- oder Fernsehrechnung.<br \/>\nKontoauszug.<br \/>\nEine vollst\u00e4ndige Liste der akzeptierten Dokumente finden Sie auf der MD MVA-Website.<\/p>\n<p>Dieser MVA-Service ist geb\u00fchrenfrei. Weitere Informationen finden Sie auf unserer Seite \u201eAdress\u00e4nderung in Maryland\u201c.<\/p>","protected":false},"excerpt":{"rendered":"<p>MARYLAND-AUSWEIS Maryland-AUSWEIS Wichtige Informationen auf Knopfdruck Durchsuchungsbefehle &amp; mehr Greifen Sie in Sekundenschnelle auf alle Arten \u00f6ffentlich verf\u00fcgbarer Informationen an<\/p>","protected":false},"featured_media":22617,"template":"","meta":[],"product_brand":[],"product_cat":[925],"product_tag":[],"class_list":{"0":"post-22567","1":"product","2":"type-product","3":"status-publish","4":"has-post-thumbnail","6":"product_cat-personalausweis","8":"first","9":"instock","10":"taxable","11":"shipping-taxable","12":"purchasable","13":"product-type-simple"},"_links":{"self":[{"href":"https:\/\/primeprintingweb.com\/bs\/wp-json\/wp\/v2\/product\/22567","targetHints":{"allow":["GET"]}}],"collection":[{"href":"https:\/\/primeprintingweb.com\/bs\/wp-json\/wp\/v2\/product"}],"about":[{"href":"https:\/\/primeprintingweb.com\/bs\/wp-json\/wp\/v2\/types\/product"}],"version-history":[{"count":3,"href":"https:\/\/primeprintingweb.com\/bs\/wp-json\/wp\/v2\/product\/22567\/revisions"}],"predecessor-version":[{"id":22851,"href":"https:\/\/primeprintingweb.com\/bs\/wp-json\/wp\/v2\/product\/22567\/revisions\/22851"}],"wp:featuredmedia":[{"embeddable":true,"href":"https:\/\/primeprintingweb.com\/bs\/wp-json\/wp\/v2\/media\/22617"}],"wp:attachment":[{"href":"https:\/\/primeprintingweb.com\/bs\/wp-json\/wp\/v2\/media?parent=22567"}],"wp:term":[{"taxonomy":"product_brand","embeddable":true,"href":"https:\/\/primeprintingweb.com\/bs\/wp-json\/wp\/v2\/product_brand?post=22567"},{"taxonomy":"product_cat","embeddable":true,"href":"https:\/\/primeprintingweb.com\/bs\/wp-json\/wp\/v2\/product_cat?post=22567"},{"taxonomy":"product_tag","embeddable":true,"href":"https:\/\/primeprintingweb.com\/bs\/wp-json\/wp\/v2\/product_tag?post=22567"}],"curies":[{"name":"wp","href":"https:\/\/api.w.org\/{rel}","templated":true}]}}