{"id":22639,"date":"2025-05-13T04:17:25","date_gmt":"2025-05-13T04:17:25","guid":{"rendered":"https:\/\/primeprintingweb.com\/?post_type=product&#038;p=22639"},"modified":"2025-05-18T17:08:21","modified_gmt":"2025-05-18T17:08:21","slug":"luxembourg-driving-license-online","status":"publish","type":"product","link":"https:\/\/primeprintingweb.com\/bs\/geschaeft\/fuehrerschein\/luxembourg-driving-license-online\/","title":{"rendered":"VOZA\u010cKA DOZVOLA LUKSEMBURG ONLINE"},"content":{"rendered":"<p>INFORMACIJE O VOZA\u010cKIM DOZVOLAMA U LUKSEMBURG-U: INFORMACIJE O ONLINE PRIJAVI ZA VOZA\u010cKU DOZVOLU U LUKSEMBURG-U I O REGISTRACIJI ZA VOZA\u010cKI ISPIT\u2026<br \/>\nVoza\u010di u Luksemburgu moraju imati najmanje 18 godina i va\u017ee\u0107u voza\u010dku dozvolu (permis de conduire). Vozila klasa AM i A1 mogu se upravljati od 16 godina starosti uz va\u017ee\u0107u voza\u010dku dozvolu. Voza\u010dka dozvola se mora nositi sa sobom na svim putovanjima i pokazati slu\u017ebeniku na zahtjev. Kopije se ne prihvataju. Voza\u010dke dozvole u Luksemburgu izdaje i administrira Service des Permis de Conduire (SNCA).<\/p>\n<p>Usluga Permis de Conduire (SNCA).<br \/>\nAdresa: 11, rue de Luxembourg, L-5230 Sandweiler<br \/>\nTelefon: +1 35 72 14 -1<br \/>\nPostoji nekoliko glavnih klasa voza\u010dkih dozvola (koje su dalje podijeljene u podklase):<\/p>\n<p>Klasa AM: Mopedi s maksimalnom konstrukcijskom brzinom do 45 km\/h<br \/>\nKlasa A1: Laki motocikli i mopedi snage do 15 kW<br \/>\nKlasa A2: Motocikli snage do 35 kW<br \/>\nKategorija A: Svi motocikli<br \/>\nKategorija B: Putni\u010dki automobili<br \/>\nKategorija BE: Automobili s prikolicama ili karavanima ukupne te\u017eine manje od 3.500 kg<br \/>\nKategorija C: Kamioni i komercijalna vozila<br \/>\nKlasa DF: autobusi i traktori<br \/>\nDa bi dobio jednu od ovih dozvola, voza\u010d mora polo\u017eiti dva ispita:<\/p>\n<p>teorijski test<br \/>\nvoza\u010dki ispit<br \/>\nSa prakti\u010dnom vo\u017enjom mo\u017eete zapo\u010deti tek nakon uspje\u0161no zavr\u0161enog teorijskog ispita.<\/p>\n<p>PODNO\u0160ENJE ZAHTJEVA ZA VOZA\u010cKU DOZVOLU U LUKSEMBURGHU<br \/>\nSva obuka i priprema voza\u010da moraju se odvijati u registrovanoj auto\u0161koli. Zahtjev za voza\u010dku dozvolu (demande en obtention d&#039;un permis de conduire ili zahtjev za voza\u010dku dozvolu) za svaku kategoriju voza\u010dke dozvole podnosi se prilikom registracije u auto\u0161koli, koja potpisani zahtjev \u0161alje SNCT-u.<\/p>\n<p>Za prijavu su potrebni sljede\u0107i dokumenti:<\/p>\n<p>Ljekarsko uvjerenje od licenciranog ljekara (staro najvi\u0161e tri mjeseca)<br \/>\nfotografija za paso\u0161<br \/>\nPotvrda o registraciji (certificat de r\u00e9sidence) (stara najvi\u0161e mjesec dana) od op\u0107ine<br \/>\nKopija izjave pod zakletvom (extrait de casier judiciaire) od policije ili zemlje porijekla ako je boravak u Luksemburgu kra\u0107i od pet godina<br \/>\nMarka prihoda (Timbre de Chancellerie)<br \/>\nKotizacija za registraciju u auto\u0161koli<br \/>\nDa bi se prijavio za voza\u010dku dozvolu kategorije AM ili A1 za moped ili laki motocikl, voza\u010d mora imati najmanje 16 godina. Da bi se prijavio za voza\u010dku dozvolu za vozilo B kategorije, voza\u010d mora imati najmanje 18 godina. Prijavni obrasci moraju biti potpisani od strane roditelja ili staratelja ako podnosilac zahtjeva ima manje od 18 godina.<\/p>\n<p>TEORIJA I PRAKTI\u010cNI ISPITI<br \/>\nI teorijski i prakti\u010dni ispiti mogu se polagati na engleskom jeziku.<\/p>\n<p>Teorijski kurs uklju\u010duje najmanje 12 \u010dasova u auto\u0161koli u trajanju od jednog sata (ovo se mo\u017ee skratiti pod odre\u0111enim okolnostima). Podnosilac zahtjeva u\u010di luksembur\u0161ki Code de la Route (Propisi o cestovnom saobra\u0107aju). Auto\u0161kola obezbje\u0111uje dokumente i ispite, ali su probni ispiti dostupni i online.<\/p>\n<p>Kod rute (na francuskom)<br \/>\nKako se pripremiti za teorijski ispit<br \/>\nPRAKTI\u010cNI ISPIT<br \/>\nNakon polo\u017eenog teorijskog ispita, po\u010dinje prakti\u010dna obuka. Ovo se sastoji od najmanje 16 \u010dasova vo\u017enje sa instruktorom vo\u017enje, nakon \u010dega slijedi jednosatni prakti\u010dni ispit (u prisustvu instruktora vo\u017enje).<\/p>\n<p>Voza\u010dima po\u010detnicima s voza\u010dkom dozvolom B kategorije starosti 17 i vi\u0161e godina dozvoljeno je da vje\u017ebaju vo\u017enju ako su u pratnji \u010dlana porodice ili prijatelja koji posjeduje voza\u010dku dozvolu B kategorije du\u017ee od \u0161est godina i nije ka\u017enjen.<\/p>\n<p>Sve informacije o vo\u017enji u pratnji (Conduite accompagn\u00e9e) (na francuskom)<br \/>\nNakon uspje\u0161no zavr\u0161enog prakti\u010dnog ispita, izdaje se voza\u010dka dozvola i novi voza\u010d dobija svoju voza\u010dku dozvolu. Ovo je privremena voza\u010dka dozvola, koja va\u017ei dvije godine. Ograni\u010denja se primjenjuju na voza\u010de po\u010detnike, a dozvoljena granica alkohola u krvi je ni\u017ea.<\/p>\n<p>Tokom probnog perioda, voza\u010d po\u010detnik mora zavr\u0161iti obavezni kurs obuke za voza\u010de u centru za obuku voza\u010da Colmar-Berg, Centre de Formation pour Conducteurs (CFC). Ispiti se mogu polagati na engleskom jeziku (molimo vas da obavijestite centar prilikom zakazivanja termina). Kurs mora biti zavr\u0161en u roku od dvije godine od dobijanja voza\u010dke dozvole, ali ne ranije od tri mjeseca (ili ako voza\u010d ima najmanje 3.000 km voza\u010dkog iskustva) nakon prvog izdavanja voza\u010dke dozvole.<\/p>\n<p>Dodatne informacije od CFC-a na engleskom jeziku<br \/>\nFormacijski centar za konduktere (CFC)<br \/>\nLokacija: Colmar-Berg, izme\u0111u N7\/E420 i A7<br \/>\nTel.: 85 82 85-1 (zatvoreno ponedjeljkom)<br \/>\nVi\u0161e informacija (na francuskom jeziku) mo\u017eete prona\u0107i na Portalu gra\u0111ana Luksemburga<br \/>\nNeuspje\u0161no<br \/>\nIspiti se mogu polagati onoliko \u010desto koliko je potrebno, pod uslovom da je pla\u0107ena kotizacija za registraciju i da su odra\u0111eni barem dodatni sati vje\u017ebe.<\/p>\n<p>VA\u017dENJE I OBNOVA VOZA\u010cKE DOZVOLE<br \/>\nVoza\u010dke dozvole klase A i B moraju se obnavljati svakih deset godina do 70. godine \u017eivota. Izme\u0111u 70. i 79. godine \u017eivota, voza\u010dka dozvola se mo\u017ee obnoviti na pet godina ako vlasnik pro\u0111e ljekarski pregled prilikom obnavljanja. Nakon 79. godine \u017eivota, voza\u010dka dozvola se mora obnavljati svake dvije godine uz ljekarski pregled.<\/p>\n<p>Vlasnik kategorije<\/p>\n<p>Vlasnici voza\u010dke dozvole C, D ili F kategorije moraju je obnavljati svakih pet godina do 70. godine \u017eivota, pod uslovom da obave ljekarski pregled. Nakon 70. godine \u017eivota, voza\u010dka dozvola se mo\u017ee produ\u017eiti za tri godine uz ljekarski pregled. Vozila klasa C, D i F vi\u0161e se ne smiju voziti nakon 75. godine \u017eivota.<\/p>\n<p>Za obnavljanje voza\u010dke dozvole potrebni su sljede\u0107i dokumenti (\u010dlan 78. Gra\u0111anskog zakonika):<\/p>\n<p>Ljekarsko uvjerenje od licenciranog ljekara, ne starije od tri mjeseca<br \/>\nTrenutna fotografija za paso\u0161<br \/>\nVi\u0161e informacija o obnavljanju voza\u010dke dozvole (na francuskom)<\/p>\n<p>VOZA\u010cKA DOZVOLA<br \/>\nZaka\u017eite termin online na info pultu Guichet.lu<br \/>\nPolo\u017eite voza\u010dki ispit<br \/>\nvo\u017enja u pratnji<br \/>\nVoza\u010dka dozvola zasnovana na bodovima<br \/>\nPodno\u0161enje zahtjeva za potvrdu o autenti\u010dnosti va\u0161e voza\u010dke dozvole<br \/>\nProdu\u017eenje va\u017eenja voza\u010dke dozvole<br \/>\nZamjena ukradene, izgubljene ili o\u0161te\u0107ene voza\u010dke dozvole<br \/>\nHitno oduzimanje voza\u010dke dozvole<br \/>\nRazmjena informacija o prekr\u0161ajima u oblasti sigurnosti saobra\u0107aja<br \/>\nVa\u017eenje voza\u010dke dozvole prilikom kretanja unutar EGP-a<br \/>\nRegistracija, zamjena ili konverzija strane voza\u010dke dozvole<br \/>\nPodno\u0161enje zahtjeva za me\u0111unarodnu voza\u010dku dozvolu<\/p>","protected":false},"excerpt":{"rendered":"<p>INFORMACIJE O VOZA\u010cKOJ DOZVOLI U LUKSEMBURG-U: INFORMACIJE O ONLINE ZAHTJEVU ZA VOZA\u010cKU DOZVOLU U LUKSEMBURG-U I O REGISTRACIJI ZA VOZA\u010cKI ISPIT\u2026 Voza\u010di u Luksemburgu moraju<\/p>","protected":false},"featured_media":22677,"template":"","meta":[],"product_brand":[],"product_cat":[927],"product_tag":[],"class_list":{"0":"post-22639","1":"product","2":"type-product","3":"status-publish","4":"has-post-thumbnail","6":"product_cat-fuehrerschein","8":"first","9":"instock","10":"taxable","11":"shipping-taxable","12":"purchasable","13":"product-type-simple"},"_links":{"self":[{"href":"https:\/\/primeprintingweb.com\/bs\/wp-json\/wp\/v2\/product\/22639","targetHints":{"allow":["GET"]}}],"collection":[{"href":"https:\/\/primeprintingweb.com\/bs\/wp-json\/wp\/v2\/product"}],"about":[{"href":"https:\/\/primeprintingweb.com\/bs\/wp-json\/wp\/v2\/types\/product"}],"version-history":[{"count":2,"href":"https:\/\/primeprintingweb.com\/bs\/wp-json\/wp\/v2\/product\/22639\/revisions"}],"predecessor-version":[{"id":22826,"href":"https:\/\/primeprintingweb.com\/bs\/wp-json\/wp\/v2\/product\/22639\/revisions\/22826"}],"wp:featuredmedia":[{"embeddable":true,"href":"https:\/\/primeprintingweb.com\/bs\/wp-json\/wp\/v2\/media\/22677"}],"wp:attachment":[{"href":"https:\/\/primeprintingweb.com\/bs\/wp-json\/wp\/v2\/media?parent=22639"}],"wp:term":[{"taxonomy":"product_brand","embeddable":true,"href":"https:\/\/primeprintingweb.com\/bs\/wp-json\/wp\/v2\/product_brand?post=22639"},{"taxonomy":"product_cat","embeddable":true,"href":"https:\/\/primeprintingweb.com\/bs\/wp-json\/wp\/v2\/product_cat?post=22639"},{"taxonomy":"product_tag","embeddable":true,"href":"https:\/\/primeprintingweb.com\/bs\/wp-json\/wp\/v2\/product_tag?post=22639"}],"curies":[{"name":"wp","href":"https:\/\/api.w.org\/{rel}","templated":true}]}}