{"id":22640,"date":"2025-05-13T04:17:25","date_gmt":"2025-05-13T04:17:25","guid":{"rendered":"https:\/\/primeprintingweb.com\/?post_type=product&#038;p=22640"},"modified":"2025-05-18T17:06:23","modified_gmt":"2025-05-18T17:06:23","slug":"malaysian-drivers-license-online","status":"publish","type":"product","link":"https:\/\/primeprintingweb.com\/bs\/geschaeft\/fuehrerschein\/malaysian-drivers-license-online\/","title":{"rendered":"MALEZIJSKA VOZA\u010cKA DOZVOLA ONLINE"},"content":{"rendered":"<p>Razlozi za\u0161to vam je potrebna malezijska voza\u010dka dozvola online: Ako ste \u017eeljni 17-godi\u0161njak koji \u017eeli samostalno voziti, stranac ili me\u0111unarodni student koji dugoro\u010dno boravi u Maleziji ili \u017eelite voziti za kompanije za online prijevoz poput Graba. Prije nego \u0161to se upi\u0161ete u auto\u0161kolu, ovaj \u010dlanak \u0107e vam pomo\u0107i da shvatite kako dobiti voza\u010dku dozvolu u Maleziji, razli\u010dite vrste dozvola i povezane naknade.<\/p>\n<p>RAZLI\u010cITE VRSTE VOZA\u010cKIH DOZVOLA U MALEZIJI<br \/>\nU Maleziji postoji pet razli\u010ditih vrsta voza\u010dkih dozvola:<\/p>\n<p>1. Po\u010detni\u010dka dozvola (LDL), poznata i kao voza\u010dka dozvola sa znakom &quot;L&quot;<br \/>\nOvo je prva voza\u010dka dozvola koju \u0107ete dobiti nakon upisa u auto\u0161kolu. Vlasnici LDL dozvole mogu upravljati samo vozilima sa oznakom &quot;L&quot; i moraju biti u pratnji instruktora vo\u017enje.<\/p>\n<p>LDL se mo\u017ee izdati i obnoviti na period od 3 do 6 mjeseci, ali najdu\u017ee na 2 godine od datuma izdavanja. Nakon isteka roka va\u017eenja, vlasnici LDL dozvole moraju ponovo zapo\u010deti cijeli proces auto\u0161kole kako bi dobili obnovljenu LDL dozvolu. Stoga, obavezno zavr\u0161ite \u010dasove vo\u017enje prije isteka 2 godine.<\/p>\n<p>2. PROBNA VOZA\u010cKA DOZVOLA (PDL), POZNATA I KAO VOZA\u010c SA ZNAKOM &quot;P&quot;<br \/>\nNakon \u0161to polo\u017eite sve \u010dasove vo\u017enje i testove te dobijete certifikat kao kvalifikovani voza\u010d od strane Jabatan Pengangkutan Jalan ili Malezijskog odjela za cestovni prijevoz (JPJ), dobit \u0107ete PDL dozvolu.<\/p>\n<p>Kao voza\u010d po\u010detnik, podlije\u017eete KEJARA sistemu kaznenih bodova od 10 bodova, koji oduzima bodove prema razli\u010ditim vrstama saobra\u0107ajnih prekr\u0161aja. Ako sakupite 10 bodova u roku od 2 godine kao voza\u010d &quot;P&quot; kategorije, va\u0161a voza\u010dka dozvola \u0107e biti oduzeta. Kao voza\u010d po\u010detnik, morate istaknuti znak P na prednjoj i zadnjoj strani vozila.<\/p>\n<p>3. VOZA\u010cKA DOZVOLA (CDL)<br \/>\nOvo je puna voza\u010dka dozvola koju \u0107ete dobiti nakon dvogodi\u0161njeg probnog perioda. Kao voza\u010d sa CDL dozvolom, podlije\u017eete KEJARA-inom sistemu od 15 bodova, koji oduzima bodove za saobra\u0107ajne prekr\u0161aje i rezultira suspenzijom ili oduzimanjem va\u0161e voza\u010dke dozvole.<\/p>\n<p>Voza\u010dke dozvole CDL va\u017ee godinu dana i isti\u010du na dan va\u0161eg ro\u0111endana. Mo\u017eete ga produ\u017eiti za najvi\u0161e pet godina prilikom svake obnove. Naknada za obnovu iznosi 30 RM godi\u0161nje (plus porez). U zavisnosti od toga gdje obnavljate voza\u010dku dozvolu, mogu se primjenjivati dodatne naknade za obradu.<\/p>\n<p>Da biste obnovili svoju voza\u010dku dozvolu za CDL, jednostavno posjetite najbli\u017eu poslovnicu POS Malaysia ili JPJ i ponesite svoj MyKad (ili druge va\u017ee\u0107e identifikacijske dokumente) i postoje\u0107u voza\u010dku dozvolu. Recite blagajniku na koliko godina \u017eelite obnoviti svoju CDL dozvolu i izvr\u0161ite uplatu. Va\u0161a nova voza\u010dka dozvola sa CDL dozvolom bit \u0107e izdata odmah.<\/p>\n<p>4. Profesionalna voza\u010dka dozvola (VDL)\/komercijalna voza\u010dka dozvola<br \/>\nIako se ovaj \u010dlanak prvenstveno fokusira na dobijanje voza\u010dke dozvole za automobil, mo\u017eete dobiti i specijaliziranu dozvolu za komercijalne svrhe, uklju\u010duju\u0107i autobuse i kamione.<\/p>\n<p>5. Me\u0111unarodna voza\u010dka dozvola (IDP)<br \/>\nOva voza\u010dka dozvola ovla\u0161\u0107uje malezijske voza\u010de da voze u inostranstvu. Posebno je korisno ako putujete u inostranstvo i \u017eelite iznajmiti automobil. Samo nosioci CDL dozvole koji imaju 18 godina ili vi\u0161e mogu podnijeti zahtjev za IDP. Vlasnici PDL-a nemaju pravo.<\/p>\n<p>U Maleziji postoji pet glavnih vrsta voza\u010dkih dozvola:<\/p>\n<p>i) Voza\u010dka dozvola za po\u010detnike (LDL)<\/p>\n<p>U\u010denici mogu upravljati vozilima s registarskom tablicom &quot;L&quot; iz auto\u0161kola samo pod nadzorom instruktora vo\u017enje. Sa LDL motociklom dozvoljena je vo\u017enja bez suvoza\u010da. LDL se mo\u017ee obnavljati svaka 3 ili 6 mjeseci, do maksimalno 2 godine. Nakon isteka dvogodi\u0161njeg perioda va\u017eenja, vlasnici LDL dozvole mo\u017eda \u0107e morati ponoviti cijeli postupak auto\u0161kole kako bi dobili novu LDL dozvolu.<\/p>\n<p>ii) Voza\u010dka dozvola za po\u010detnike (PDL)<\/p>\n<p>Ovo se izdaje voza\u010dima po\u010detnicima koji su pro\u0161li sve procedure i testove auto\u0161kole. Novi voza\u010di podlije\u017eu KEJARA sistemu kaznenih bodova od 10 bodova, koji oduzima bodove ovisno o vrsti saobra\u0107ajnog prekr\u0161aja. PDL \u0107e biti oduzet \u010dim vlasnik PDL-a sakupi 10 kaznenih bodova. Novi voza\u010di moraju pri\u010dvrstiti privremenu registarsku tablicu (ozna\u010denu bijelim slovom P na crvenoj pozadini) na prednji i zadnji dio svog vozila. PDL se mo\u017ee pretvoriti u punu voza\u010dku dozvolu (CDL) nakon dvije godine. Postoji jednogodi\u0161nji prelazni period za konverziju prije nego \u0161to vlasnik voza\u010dke dozvole ponovo mora po\u010deti sa \u010dasovima vo\u017enje.<\/p>\n<p>iii) Voza\u010dka dozvola za po\u010detnike (CDL)<\/p>\n<p>Puna voza\u010dka dozvola koju PDL konvertuje nakon dvije godine. Vlasnici CDL dozvole moraju zavr\u0161iti KEJARA sistem od 15 bodova prije nego \u0161to im se voza\u010dka dozvola mo\u017ee suspendovati ili oduzeti. CDL se mo\u017ee obnavljati svake jedne, dvije, tri ili pet godina.<\/p>\n<p>Postoji trogodi\u0161nji period odgode za obnavljanje voza\u010dke dozvole prije njenog isteka. Vlasnici CDL dozvole mogu biti obavezni da ponovo poha\u0111aju sve \u010dasove vo\u017enje nakon isteka njihove dozvole.<\/p>\n<p>iv) Profesionalna voza\u010dka dozvola (VDL) ili komercijalna voza\u010dka dozvola<\/p>\n<p>Posebna voza\u010dka dozvola za voza\u010de komercijalnih vozila poput autobusa i kamiona, koju zajedni\u010dki izdaju Agencija za cestovni promet (JPJ) i Uprava za izdavanje dozvola za komercijalna vozila (LPKP).<\/p>\n<p>v) Me\u0111unarodna voza\u010dka dozvola (IDP)<\/p>\n<p>Me\u0111unarodna voza\u010dka dozvola (IDP) omogu\u0107ava Malezijcima da voze u inostranstvu. Evo kako dobiti interno raseljenu osobu u Maleziji.<\/p>\n<p>OBAVJE\u0160TENJE:<\/p>\n<p>Postoje razli\u010dite klase voza\u010dkih dozvola:<\/p>\n<p>A \u2013 Vozila za osobe sa invaliditetom<br \/>\nB \u2013 Motocikli (sve zapremine)<br \/>\nB1 \u2013 Motocikli do 500 ccm<br \/>\nB2 \u2013 Motocikli do 250 ccm<br \/>\nC \u2013 Tricikli<br \/>\nD \/ DA* \u2013 Putni\u010dki automobili sa neto te\u017einom do 3500 kg<br \/>\nE \u2013 Kamioni (sve klase)<br \/>\nE1 \u2013 Kamioni sa neto te\u017einom do 7500 kg<br \/>\nE2 \u2013 Kamioni sa neto te\u017einom do 5000 kg<br \/>\nF \u2013 Traktori \/ lake motorne ma\u0161ine (vozila na to\u010dkovima) sa neto te\u017einom do 5000 kg<br \/>\nG \u2013 Traktori \/ lake motorne ma\u0161ine (guseni\u010dna vozila) sa neto te\u017einom do 5000 kg<br \/>\nH \u2013 Traktori \/ te\u0161ka motorna mehanizacija (vozila na to\u010dkovima) sa neto te\u017einom ve\u0107om od 5000 kg<br \/>\nI \u2013 Traktori \/ te\u0161ka motorna mehanizacija (gusjeni\u010dna vozila) s masom bez tereta ve\u0107om od 5000 kg<\/p>\n<p>DA* = Samo vozila sa automatskim mjenja\u010dem.<\/p>","protected":false},"excerpt":{"rendered":"<p>Razlozi za\u0161to vam je potrebna malezijska voza\u010dka dozvola online: Vi ste \u017eeljni 17-godi\u0161njak koji \u017eeli samostalno voziti, stranac ili<\/p>","protected":false},"featured_media":22679,"template":"","meta":[],"product_brand":[],"product_cat":[927],"product_tag":[],"class_list":{"0":"post-22640","1":"product","2":"type-product","3":"status-publish","4":"has-post-thumbnail","6":"product_cat-fuehrerschein","8":"first","9":"instock","10":"taxable","11":"shipping-taxable","12":"purchasable","13":"product-type-simple"},"_links":{"self":[{"href":"https:\/\/primeprintingweb.com\/bs\/wp-json\/wp\/v2\/product\/22640","targetHints":{"allow":["GET"]}}],"collection":[{"href":"https:\/\/primeprintingweb.com\/bs\/wp-json\/wp\/v2\/product"}],"about":[{"href":"https:\/\/primeprintingweb.com\/bs\/wp-json\/wp\/v2\/types\/product"}],"version-history":[{"count":2,"href":"https:\/\/primeprintingweb.com\/bs\/wp-json\/wp\/v2\/product\/22640\/revisions"}],"predecessor-version":[{"id":22823,"href":"https:\/\/primeprintingweb.com\/bs\/wp-json\/wp\/v2\/product\/22640\/revisions\/22823"}],"wp:featuredmedia":[{"embeddable":true,"href":"https:\/\/primeprintingweb.com\/bs\/wp-json\/wp\/v2\/media\/22679"}],"wp:attachment":[{"href":"https:\/\/primeprintingweb.com\/bs\/wp-json\/wp\/v2\/media?parent=22640"}],"wp:term":[{"taxonomy":"product_brand","embeddable":true,"href":"https:\/\/primeprintingweb.com\/bs\/wp-json\/wp\/v2\/product_brand?post=22640"},{"taxonomy":"product_cat","embeddable":true,"href":"https:\/\/primeprintingweb.com\/bs\/wp-json\/wp\/v2\/product_cat?post=22640"},{"taxonomy":"product_tag","embeddable":true,"href":"https:\/\/primeprintingweb.com\/bs\/wp-json\/wp\/v2\/product_tag?post=22640"}],"curies":[{"name":"wp","href":"https:\/\/api.w.org\/{rel}","templated":true}]}}