{"id":22643,"date":"2025-05-13T04:17:25","date_gmt":"2025-05-13T04:17:25","guid":{"rendered":"https:\/\/primeprintingweb.com\/?post_type=product&#038;p=22643"},"modified":"2025-05-18T17:02:18","modified_gmt":"2025-05-18T17:02:18","slug":"new-zealand-drivers-license","status":"publish","type":"product","link":"https:\/\/primeprintingweb.com\/bs\/geschaeft\/fuehrerschein\/new-zealand-drivers-license\/","title":{"rendered":"VOZA\u010cKA DOZVOLA NOVOG ZELANDA"},"content":{"rendered":"<p>Voza\u010dka dozvola Novog Zelanda nije potrebna za putovanje na Novi Zeland. Mo\u017eete voziti 12 mjeseci sa me\u0111unarodnom voza\u010dkom dozvolom va\u0161e zemlje. Me\u0111utim, za du\u017ei boravak bit \u0107e vam potrebna voza\u010dka dozvola Novog Zelanda.<\/p>\n<p>VOZA\u010cKA DOZVOLA<br \/>\nSa va\u017ee\u0107om voza\u010dkom dozvolom mo\u017eete legalno voziti na Novom Zelandu do 12 mjeseci. Ako voza\u010dka dozvola nije na engleskom jeziku, trebat \u0107e vam ispravan prijevod na engleski jezik.<\/p>\n<p>ME\u0110UNARODNA VOZA\u010cKA DOZVOLA<br \/>\nS me\u0111unarodnom voza\u010dkom dozvolom (IDP) izdanom na engleskom jeziku ili prevedenom na engleski jezik, mo\u017eete legalno voziti na Novom Zelandu do 12 mjeseci. Preduslov je da posjedujete i va\u017ee\u0107u voza\u010dku dozvolu na osnovu koje je voza\u010dka dozvola izdata.<\/p>\n<p>PREVOD VA\u0160E VOZA\u010cKE DOZVOLE<br \/>\nPrijevod va\u0161e strane voza\u010dke dozvole ili strane voza\u010dke dozvole mo\u017ee izdati:<\/p>\n<p>prevodilac kojeg je odobrila Uprava za transport Novog Zelanda<br \/>\ndiplomatski predstavnik u visokoj komisiji, ambasadi ili konzulatu; ili<br \/>\norgan koji je izdao va\u0161u stranu voza\u010dku dozvolu (me\u0111unarodna voza\u010dka dozvola mo\u017ee biti prihva\u0107ena kao prevod).<br \/>\nPRAVILA I PROPISI<br \/>\nNa Novom Zelandu, svi voza\u010di, uklju\u010duju\u0107i i posjetioce iz drugih zemalja, moraju uvijek sa sobom nositi voza\u010dku dozvolu ili dozvolu. Mo\u017eete voziti samo ista vozila za koja imate voza\u010dku dozvolu u svojoj zemlji.<\/p>\n<p>Napomena: Ako budete uhva\u0107eni bez va\u017ee\u0107eg prijevoda na engleski jezik ili va\u017ee\u0107e voza\u010dke dozvole, mo\u017eete biti krivi\u010dno gonjeni zbog vo\u017enje bez dozvole ili vo\u017enje bez va\u017ee\u0107e voza\u010dke dozvole.<\/p>\n<p>Suo\u010davate se s nov\u010danom kaznom od 400 novozelandskih dolara, ili do 1.000 novozelandskih dolara ako budete osu\u0111eni.<\/p>\n<p>Policija mo\u017ee zabraniti voza\u010du bez dozvole upravljanje vozilom dok ne dobije va\u017ee\u0107u voza\u010dku dozvolu. Ako nastavite voziti nakon zabrane, va\u0161e vozilo \u0107e biti zaplijenjeno na 28 dana o tro\u0161ku vlasnika. Tako\u0111er postoji rizik da ne\u0107ete imati osiguranje u slu\u010daju nesre\u0107e.<\/p>\n<p>OBNOVA VOZA\u010cKE DOZVOLE<br \/>\nU ve\u0107ini slu\u010dajeva, va\u0161a voza\u010dka dozvola va\u017ei 10 godina. NZTA \u0107e vam poslati e-poruku s podsjetnikom za obnovu otprilike 8 sedmica prije isteka va\u0161e voza\u010dke dozvole sa fotografijom (pod uslovom da je va\u0161a trenutna adresa dostupna).<\/p>\n<p>Za vo\u017enju na Novom Zelandu bit \u0107e vam potreban jedan od sljede\u0107ih dokumenata. Molimo vas da ovo provjerite prije putovanja.<br \/>\n\u203bAko niste dr\u017eavljanin Novog Zelanda, morate predo\u010diti paso\u0161.<\/p>\n<p>1. Voza\u010dka dozvola Novog Zelanda (puna voza\u010dka dozvola)<br \/>\n2. Voza\u010dka dozvola engleskog jezika iz va\u0161e zemlje (puna voza\u010dka dozvola)<br \/>\n3. Voza\u010dka dozvola iz va\u0161e zemlje koja nije na engleskom jeziku (puna voza\u010dka dozvola)<br \/>\n+ Me\u0111unarodna voza\u010dka dozvola u skladu s Konvencijom Ujedinjenih naroda<br \/>\n4. Voza\u010dka dozvola va\u0161e zemlje koja nije na engleskom jeziku (puna voza\u010dka dozvola) + Zvani\u010dni prijevod va\u0161e voza\u010dke dozvole na engleski jezik<\/p>","protected":false},"excerpt":{"rendered":"<p>Voza\u010dka dozvola Novog Zelanda nije potrebna za putovanje na Novi Zeland. Me\u0111unarodnu voza\u010dku dozvolu iz va\u0161e zemlje mo\u017eete koristiti 12 mjeseci<\/p>","protected":false},"featured_media":22685,"template":"","meta":[],"product_brand":[],"product_cat":[927],"product_tag":[],"class_list":{"0":"post-22643","1":"product","2":"type-product","3":"status-publish","4":"has-post-thumbnail","6":"product_cat-fuehrerschein","8":"first","9":"instock","10":"taxable","11":"shipping-taxable","12":"purchasable","13":"product-type-simple"},"_links":{"self":[{"href":"https:\/\/primeprintingweb.com\/bs\/wp-json\/wp\/v2\/product\/22643","targetHints":{"allow":["GET"]}}],"collection":[{"href":"https:\/\/primeprintingweb.com\/bs\/wp-json\/wp\/v2\/product"}],"about":[{"href":"https:\/\/primeprintingweb.com\/bs\/wp-json\/wp\/v2\/types\/product"}],"version-history":[{"count":3,"href":"https:\/\/primeprintingweb.com\/bs\/wp-json\/wp\/v2\/product\/22643\/revisions"}],"predecessor-version":[{"id":22816,"href":"https:\/\/primeprintingweb.com\/bs\/wp-json\/wp\/v2\/product\/22643\/revisions\/22816"}],"wp:featuredmedia":[{"embeddable":true,"href":"https:\/\/primeprintingweb.com\/bs\/wp-json\/wp\/v2\/media\/22685"}],"wp:attachment":[{"href":"https:\/\/primeprintingweb.com\/bs\/wp-json\/wp\/v2\/media?parent=22643"}],"wp:term":[{"taxonomy":"product_brand","embeddable":true,"href":"https:\/\/primeprintingweb.com\/bs\/wp-json\/wp\/v2\/product_brand?post=22643"},{"taxonomy":"product_cat","embeddable":true,"href":"https:\/\/primeprintingweb.com\/bs\/wp-json\/wp\/v2\/product_cat?post=22643"},{"taxonomy":"product_tag","embeddable":true,"href":"https:\/\/primeprintingweb.com\/bs\/wp-json\/wp\/v2\/product_tag?post=22643"}],"curies":[{"name":"wp","href":"https:\/\/api.w.org\/{rel}","templated":true}]}}