{"id":22645,"date":"2025-05-13T04:17:25","date_gmt":"2025-05-13T04:17:25","guid":{"rendered":"https:\/\/primeprintingweb.com\/?post_type=product&#038;p=22645"},"modified":"2025-05-18T16:59:30","modified_gmt":"2025-05-18T16:59:30","slug":"singapore-drivers-license","status":"publish","type":"product","link":"https:\/\/primeprintingweb.com\/bs\/geschaeft\/fuehrerschein\/singapore-drivers-license\/","title":{"rendered":"SINGAPURSKA VOZA\u010cKA DOZVOLA"},"content":{"rendered":"<p>Singapur ima efikasan sistem javnog prevoza i odli\u010dnu taksi slu\u017ebu. Pristupa\u010dne vo\u017enje mogu se rezervisati putem aplikacija za pametne telefone. Oni koji \u017eele nastaviti voziti mo\u017eda \u0107e morati podnijeti zahtjev za voza\u010dku dozvolu, ovisno o njihovom statusu prebivali\u0161ta.<\/p>\n<p>VO\u017dNJA U SINGAPURU ZA PRIVREMENE POSJETIOCE<br \/>\nTuristi ili privremeni posjetioci Singapura mogu voziti s va\u017ee\u0107om stranom voza\u010dkom dozvolom i singapurskom voza\u010dkom dozvolom koju su izdale vlasti njihove zemlje. Me\u0111unarodne voza\u010dke dozvole obi\u010dno izdaju nadle\u017ene vlasti, iako i druga tijela, poput Automobilskog udru\u017eenja (AA), mogu izdati me\u0111unarodne voza\u010dke dozvole. Ako me\u0111unarodna voza\u010dka dozvola nije dostupna, potrebni su slu\u017ebeni prijevodi na engleski jezik. \u010clanice ASEAN-a (Udru\u017eenja zemalja jugoisto\u010dne Azije) mogu voziti u Singapuru bez me\u0111unarodne voza\u010dke dozvole. Za daljnje informacije o dobijanju prijevoda ili me\u0111unarodne voza\u010dke dozvole, obratite se vlastima koje su izdale va\u0161u trenutnu voza\u010dku dozvolu, jer se one razlikuju i mogu se mijenjati tokom vremena.<\/p>\n<p>VO\u017dNJA U SINGAPURU ZA OSOBE SA DUGOTRAJNIM BORAVKOM<br \/>\nNakon 12 mjeseci u Singapuru, potrebna je lokalna voza\u010dka dozvola. Stalni stanovnici, studenti i dugoro\u010dni stanovnici moraju podnijeti zahtjev za lokalnu voza\u010dku dozvolu. Prilikom podno\u0161enja zahtjeva morate dostaviti dokaz o legalnosti; to se mo\u017ee u\u010diniti podno\u0161enjem ugovora o radu ili dokaza o va\u0161em studijskom programu. Novi dr\u017eavljani i stalni stanovnici moraju konvertirati svoju stranu voza\u010dku dozvolu u roku od tri mjeseca od dobijanja novog statusa.<\/p>\n<p>Da biste se prijavili za lokalnu voza\u010dku dozvolu, morate polo\u017eiti Osnovni teorijski test (BTT) u jednoj od tri priznate \u0161kole u Singapuru. Nakon uspje\u0161nog zavr\u0161etka, mo\u017eete zamijeniti svoju nacionalnu voza\u010dku dozvolu za lokalnu voza\u010dku dozvolu u centru za polaganje voza\u010dkih ispita saobra\u0107ajne policije. Potrebna dokumenta:<\/p>\n<p>Original i fotokopija va\u0161eg paso\u0161a i dokumenata o prebivali\u0161tu<br \/>\nOriginal i fotokopija va\u0161e va\u017ee\u0107e strane voza\u010dke dozvole<br \/>\nNedavna fotografija vas u boji veli\u010dine za paso\u0161 s mat zavr\u0161nom obradom i bijelom pozadinom (vi\u0161e informacija dostupno je na internetu)<br \/>\nNaknada za obradu od 50 SGD (pla\u0107anje samo debitnom karticom ili NETS karticom)<br \/>\nPrevod va\u0161e voza\u010dke dozvole (ako nije na engleskom jeziku)<br \/>\nInformacije o datumu prvog izdavanja va\u0161e voza\u010dke dozvole<br \/>\nDodatni zahtjevi za dokumentaciju primjenjuju se na gra\u0111ane Singapura i osobe sa stalnim boravkom. To uklju\u010duje dokaz da ste radili ili studirali u inostranstvu najmanje godinu dana. Ako vam je voza\u010dka dozvola istekla, trebat \u0107e vam dokumenti s datumom polaganja ispita, datumom izdavanja dozvole i va\u0161om voza\u010dkom evidencijom.<\/p>\n<p>Voza\u010dke dozvole za strane dr\u017eavljane va\u017ee pet godina od datuma izdavanja. Zahtjev za obnovu treba podnijeti u roku od mjesec dana od datuma isteka. Voza\u010dke dozvole za gra\u0111ane Singapura i stalne stanovnike va\u017ee neograni\u010deno i ne zahtijevaju obnovu.<\/p>\n<p>POSEBNI SLU\u010cAJEVI<br \/>\nVoza\u010dke dozvole za te\u0161ka vozila ne mogu se konvertovati. Podnosioci zahtjeva moraju se upisati u auto-\u0161kolu i polo\u017eiti odgovaraju\u0107e voza\u010dke ispite prije nego \u0161to im se dozvoli vo\u017enja u Singapuru. Isto va\u017ei i za dozvole za motocikle, koje se u nekim zemljama automatski izdaju uz dozvolu za automobil. Ako \u017eelite voziti motocikl, morate polo\u017eiti odgovaraju\u0107e ispite i va\u0161a voza\u010dka dozvola ne mo\u017ee se automatski konvertovati.<\/p>\n<p>Korisni linkovi:<\/p>\n<p>Singapurska saobra\u0107ajna policija www.police.gov.sg<br \/>\nMe\u0111unarodna voza\u010dka dozvola www.idlservice.com<br \/>\nSingapurska policija www.police.gov.sg<\/p>\n<p>PREVOD VOZA\u010cKE DOZVOLE S KOREJSKOG JEZIKA SINGAPUR<br \/>\nPrevod voza\u010dke dozvole za korejski jezik u Singapuru. Nudimo prevode voza\u010dkih dozvola za korejski jezik u Singapuru.<\/p>\n<p>Sve prevode korejskih voza\u010dkih dozvola na engleski jezik rade profesionalni i ovla\u0161teni prevodioci.<\/p>\n<p>Obi\u010dno \u0107ete dobiti ponudu za prijevode korejskih voza\u010dkih dozvola u roku od dva sata, zajedno s uputama za pla\u0107anje. Nakon \u0161to prijevod bude zavr\u0161en, dobit \u0107ete elektronsku kopiju. Ovjereni i pe\u010datom ovjereni prijevod va\u0161e korejske voza\u010dke dozvole bit \u0107e vam poslan po\u0161tom na va\u0161u navedenu adresu.<\/p>\n<p>PREVOD S KOREJSKOG NA ENGLESKI<br \/>\nMolimo Vas da nam prvo po\u0161aljete jasnu skeniranu kopiju ili fotografiju prednje i zadnje strane Va\u0161e voza\u010dke dozvole koriste\u0107i obrazac na ovoj stranici.<\/p>\n<p>VO\u017dNJA U SINGAPURU<br \/>\nVA\u017dENJE STRANIH VOZA\u010cKIH DOZVOLA<br \/>\nSINGAPUR \u2013 PUTOVANJA I ODMOR<br \/>\nturisti\u010dki vodi\u010d<br \/>\nForumi<br \/>\n\u010clanak<br \/>\nVo\u017enja u Singapuru<\/p>\n<p>Za kratkoro\u010dne boravke u Singapuru, nisu potrebni dodatni dokumenti ako posjetilac posjeduje va\u017ee\u0107u voza\u010dku dozvolu na engleskom jeziku. Ako je voza\u010dka dozvola izdata na drugom jeziku, potreban je ili slu\u017ebeni prijevod na engleski jezik ili me\u0111unarodna voza\u010dka dozvola.<\/p>\n<p>Za boravak du\u017ei od 12 mjeseci, posjetioci moraju konvertovati svoju voza\u010dku dozvolu u singapursku. Nadalje, njihova strana voza\u010dka dozvola mora biti konvertovana u singapursku.<\/p>\n<p>Osobe koje \u017eive u Singapuru sa studentskom iskaznicom, radnom propusnicom, propusnicom za osobe s invaliditetom ili radnom dozvolom mogu \u0161to prije podnijeti zahtjev za voza\u010dku dozvolu u Singapuru. Sve \u0161to trebaju u\u010diniti je polo\u017eiti osnovni teorijski test, koji \u0107e ih upoznati sa singapurskim saobra\u0107ajnim propisima.<\/p>\n<p>Va\u017eno je napomenuti da je u Singapuru strogo zabranjeno voziti u poslovne svrhe s radnom propusnicom, osim ako na radnoj propusnici nije izri\u010dito navedeno &quot;voza\u010d&quot; ili slu\u017ebenik za radnu propusnicu ne da dozvolu.<\/p>","protected":false},"excerpt":{"rendered":"<p>Singapur ima efikasan sistem javnog prevoza i odli\u010dnu taksi slu\u017ebu. Pristupa\u010dne vo\u017enje mogu se rezervisati putem aplikacija za pametne telefone. Oni koji nastave<\/p>","protected":false},"featured_media":22689,"template":"","meta":[],"product_brand":[],"product_cat":[927],"product_tag":[],"class_list":{"0":"post-22645","1":"product","2":"type-product","3":"status-publish","4":"has-post-thumbnail","6":"product_cat-fuehrerschein","8":"first","9":"instock","10":"taxable","11":"shipping-taxable","12":"purchasable","13":"product-type-simple"},"_links":{"self":[{"href":"https:\/\/primeprintingweb.com\/bs\/wp-json\/wp\/v2\/product\/22645","targetHints":{"allow":["GET"]}}],"collection":[{"href":"https:\/\/primeprintingweb.com\/bs\/wp-json\/wp\/v2\/product"}],"about":[{"href":"https:\/\/primeprintingweb.com\/bs\/wp-json\/wp\/v2\/types\/product"}],"version-history":[{"count":2,"href":"https:\/\/primeprintingweb.com\/bs\/wp-json\/wp\/v2\/product\/22645\/revisions"}],"predecessor-version":[{"id":22812,"href":"https:\/\/primeprintingweb.com\/bs\/wp-json\/wp\/v2\/product\/22645\/revisions\/22812"}],"wp:featuredmedia":[{"embeddable":true,"href":"https:\/\/primeprintingweb.com\/bs\/wp-json\/wp\/v2\/media\/22689"}],"wp:attachment":[{"href":"https:\/\/primeprintingweb.com\/bs\/wp-json\/wp\/v2\/media?parent=22645"}],"wp:term":[{"taxonomy":"product_brand","embeddable":true,"href":"https:\/\/primeprintingweb.com\/bs\/wp-json\/wp\/v2\/product_brand?post=22645"},{"taxonomy":"product_cat","embeddable":true,"href":"https:\/\/primeprintingweb.com\/bs\/wp-json\/wp\/v2\/product_cat?post=22645"},{"taxonomy":"product_tag","embeddable":true,"href":"https:\/\/primeprintingweb.com\/bs\/wp-json\/wp\/v2\/product_tag?post=22645"}],"curies":[{"name":"wp","href":"https:\/\/api.w.org\/{rel}","templated":true}]}}