{"id":22646,"date":"2025-05-13T04:17:25","date_gmt":"2025-05-13T04:17:25","guid":{"rendered":"https:\/\/primeprintingweb.com\/?post_type=product&#038;p=22646"},"modified":"2025-05-18T16:58:23","modified_gmt":"2025-05-18T16:58:23","slug":"south-korean-drivers-license","status":"publish","type":"product","link":"https:\/\/primeprintingweb.com\/bs\/geschaeft\/fuehrerschein\/south-korean-drivers-license\/","title":{"rendered":"JU\u017dNOKOREJSKA VOZA\u010cKA DOZVOLA"},"content":{"rendered":"<p>KOREJSKA VOZA\u010cKA DOZVOLA<br \/>\nVRIJEDI ZNATI<br \/>\nPreporu\u010dujem da do\u0111ete \u0161to je ranije mogu\u0107e. Cijeli proces je trajao skoro cijeli dan, iako sam stigao u 8:45 ujutro.<br \/>\nBudite spremni na ograni\u010deno znanje engleskog jezika. Bila je tu gospo\u0111a koja je govorila engleski i u su\u0161tini me je provela kroz cijeli proces.<br \/>\nDonesite oko 100.000 vona u gotovini. Ne\u0107e\u0161 sve potro\u0161iti, ve\u0107 oko 75 vona na povremene naknade. Nakon toga biste mo\u017eda \u017eeljeli ne\u0161to pojesti za ru\u010dak. Mogu\u0107e je da se na licu mjesta nalazi restoran.<br \/>\nPonesite fotografije za paso\u0161 sa sobom. Iz razloga koji nisu obja\u0161njeni, potrebno je snimiti do pet fotografija tokom dana.<br \/>\nKAKO DOBITI KOREJSKU VOZA\u010cKU DOZVOLU<br \/>\n(Na osnovu podataka iz Ispitnog ureda u Najuu, provincija Ju\u017eni Jeolla)<\/p>\n<p>Mediavine<br \/>\nPrvo \u0107ete poha\u0111ati kurs sigurnosti gdje \u0107ete sat vremena gledati video. Sve je na korejskom, ali ako pa\u017eljivo pogledate, na\u0107i \u0107ete neke odgovore za pismeni ispit. \u010cuo sam da postoje titlovi, ali niko se nije sjetio da ih uklju\u010di.<br \/>\nZatim se morate registrovati i obaviti &quot;fizi\u010dki test&quot; tokom kojeg vam se provjeravaju o\u010di.<br \/>\nZatim slijedi pismeni ispit, koji se odr\u017eava na ra\u010dunaru. 40 pitanja na engleskom jeziku. Nisam ba\u0161 ni\u0161ta nau\u010dio osim \u0161to sam slijedio upute u sigurnosnom videu. Jedan kolega mi je ranije rekao da uvijek trebam odgovoriti sa \u201edobar voza\u010d\u201c. Ako zaista trebate nau\u010diti, zamolite korejskog ili stranog prijatelja da ih potra\u017ei na internetu. Lako su dostupni i nije ih previ\u0161e te\u0161ko prona\u0107i.<br \/>\nZatim morate polo\u017eiti voza\u010dki ispit \u201ena stazi\u201c. To je lako. Samo do\u0111ite na vrijeme i pogledajte videozapise koji \u0107e vam sve objasniti. Ovaj ispit je lagan i gotovo je nemogu\u0107e pasti na njemu. Morate uklju\u010diti stvari poput pokaziva\u010da smjera i brisa\u010da vjetrobranskog stakla.<br \/>\nZatim slijedi glavni ispit. Voza\u010dki ispit, gdje pratite GPS 5 km, u pratnji instruktora vo\u017enje i partnera koji vam ili pu\u0161ta da vozite naprijed ili odlu\u010duje da napravi prvi korak.<br \/>\nNakon testa, dobijate potvrdu da li ste polo\u017eili, a zatim se vra\u0107ate u kancelariju gdje \u010dekate da vam se od\u0161tampa voza\u010dka dozvola.<br \/>\nUzmi voza\u010dku dozvolu i iza\u0111i! Autobusi ili taksiji bi trebali \u010dekati u blizini, kao u mom slu\u010daju u Najuu, blizu Gwangjua.<br \/>\nMOJA PRI\u010cA O KOREJSKOJ VOZA\u010cKOJ DOZVOLI<br \/>\nPO\u010cINJE DUG DAN<br \/>\nBio sam potpuno iscrpljen, posebno jer je u pitanju bila jo\u0161 jedna no\u0107 u tom u\u017easnom hotelu punom komaraca. Srknuo sam hladno kuhanu kafu i spremio se dok je na TV-u bila posljednja utakmica Svjetskog prvenstva tog dana. Nekoliko trenutaka kasnije bio sam vani, tra\u017ee\u0107i taksi po ulicama. To je bio prvi pokazatelj da \u0107e mi dan biti dug.<\/p>\n<p>Mediavine<br \/>\nPutovanje u ovaj mali gradi\u0107 u jugozapadnoj Koreji ve\u0107 me ko\u0161talo jednog dana mog ina\u010de opu\u0161taju\u0107eg odmora, ali iskreno, trebala mi je malo akcije. U tom trenutku nisam imao volje za putovanjem jer me je \u010dekalo veliko putovanje krajem ljeta. Lijeni dani i vo\u017enje skuterom do pla\u017ee ispunjavali su mi vrijeme do sada, pa \u0161ta sam drugo mogao raditi?<\/p>\n<p>Dugo sam \u017eelio auto, a za vo\u017enju u Koreji prvo je bila potrebna voza\u010dka dozvola. Moj ameri\u010dki je istekao, tako da jednostavna zamjena nije bila mogu\u0107a. Imao sam niz ispita koji su predstojali, a vrijeme tog dana nije bilo na mojoj strani.<\/p>\n<p>NAJU<br \/>\nTaksi se zaustavio ispred kancelarije u ovom ne ba\u0161 slikovitom, ali te\u0161ko dostupnom gradu. Naju je mali grad \u010dije se divovske kru\u0161ke smatraju novogodi\u0161njim poklonima \u0161irom zemlje. Da biste stigli do ovog malog grada, morate imati dovoljno sre\u0107e da \u017eivite u Seulu (direktne autobuske veze) ili Busanu, ili putovati do obli\u017enjeg Gwangjua i tamo presjedati.<\/p>\n<p>Mediavine<br \/>\nBudu\u0107i da sam jedan od ovih posljednjih, imao sam zadovoljstvo provesti dan na odmoru u ovom malom dragulju. Dodatno zadovoljstvo propu\u0161tanja stanice u\u010dinilo je putovanje jo\u0161 beznade\u017enijim, jer sam u po\u010detku pretpostavio da je autobuska stanica Naju posljednja stanica.<\/p>\n<p>Kada sam u\u0161ao u regionalnu turisti\u010dku kancelariju, obradovao sam se kada sam vidio neke natpise na engleskom jeziku. Mogu \u010ditati i znam nekoliko rije\u010di, ali moje znanje korejskog je vi\u0161e prilago\u0111eno \u0107askanju, vo\u017enji taksijem i restoranima. Kao i kod drugih ljudi, alkohol tako\u0111e poma\u017ee. U najgorem slu\u010daju, postavljaju se ozbiljna i trezvena pitanja, na koja se tra\u017ee jasni odgovori. Uzeo sam kartu, i kada je prozvan moj broj, gospo\u0111a na \u0161alteru je \u0161irom otvorila o\u010di.<\/p>\n<p>Znao sam \u0161ta se de\u0161ava. O\u010dajni\u010dki je tra\u017eila nekoga, i sre\u0107om, u zgradi je bio JEDAN zaposlenik koji mi je mogao pomo\u0107i kroz cijeli proces. Ljudi u kancelariji su bili izuzetno ljubazni i veoma sam im zahvalan \u0161to su u\u010dinili da dan bude \u0161to divniji.<\/p>\n<p>KONTROLNE TA\u010cKE<br \/>\nKada su se pojavile prve gume, moja odlu\u010dnost je preuzela kontrolu. Kafa je obavila svoje. Prvi korak je bio najva\u017eniji i glavni razlog za\u0161to sam morao sti\u0107i tako rano. Jednosatna obuka o sigurnosti bila je neizbje\u017ena prepreka, a budu\u0107i da nisam mogao prona\u0107i nikakve pripremne materijale na internetu, mo\u017eda bi bilo bolje prisustvovati.<\/p>\n<p>Iako je cijeli video snimljen kao korejski kviz, njegov slapstick humor je bio...<\/p>\n<p>\u0160tetno, iako ki\u010dasto, a ponekad i lako razumljivo. U njemu je bilo skriveno mnogo mogu\u0107ih odgovora na test, zbog \u010dega mi se video \u010dinio va\u017enim. Video je izgledao kao da je namijenjen samo meni, jer je ostatak publike odmah zaspao ili nastavio igrati igrice ili razgovarati na telefonima. Nakon sat vremena, osje\u0107ao sam se spremnim za pismeni test, iako mi se \u017eivci nisu potpuno smirili. Barem sam imao plan.<\/p>\n<p>Zatim je uslijedio rutinski &quot;fizi\u010dki&quot; test, koji je uklju\u010divao samo kratak pregled o\u010diju. Hvala, nao\u010dale. Slu\u017ebenica koja govori engleski je pe\u010datirala moj listi\u0107 kako bi potvrdila zavr\u0161etak svake kontrolne ta\u010dke i ovaj put mi je rekla da se popnem na sprat i uradim pismeni test. Trebalo bi 40 minuta, i kao i uvijek, po\u017eeljela mi je sre\u0107u. Nervoza se vratila.<\/p>\n<p>Dao sam nekome u ispitnoj sali papiri\u0107 i potvrdio da \u0107e moj test biti na engleskom jeziku. Ispit je odr\u017ean na ra\u010dunaru, a imao\/la sam 40 minuta da ga zavr\u0161im. Bez pripreme. Nema u\u010denja osim videa od prije sat vremena. To je bio klju\u010dni trenutak, i sre\u0107om sam se sjetio savjeta kolege: &quot;Daj &#039;lijep&#039; odgovor.&quot;<\/p>\n<p>NA PUTU<br \/>\nDakle, polo\u017eio sam ispit kao dobar voza\u010d. Uz malo zdravog razuma, pro\u0161ao sam! Dejstvo kafe je popustilo i morao sam malo preispitati svoje odgovore, ali bilo je gotovo. Na sljede\u0107i korak.<\/p>\n<p>Dan je pro\u0161ao br\u017ee nego \u0161to sam o\u010dekivao i bio sam spreman za polazak. Bilo je neposredno prije podneva, i znao sam da \u0107e se zemlja potpuno zaustaviti u pono\u0107. Moje nade u brz kraj su se raspr\u0161ile kada su mi rekli da sljede\u0107i ispit ne\u0107e biti prije 13:30. Ubijao sam vrijeme uz neku osrednju, ljutu svinjetinu u podrumu, znaju\u0107i da su preostala dva koraka: prvo, voza\u010dki ispit na testnoj stazi i na kraju, voza\u010dki ispit na cesti. Izgledalo je da su najte\u017ei, pa sam si naravno nato\u010dio jo\u0161 jednu kafu.<\/p>\n<p>Mediavine<br \/>\nVrijeme \u010dekanja mi je dalo priliku da ponovo pogledam video snimke s uputama prije ispita. Osje\u0107ao sam da na ovom ispitu mo\u017eda ne\u0107e biti instrukcija na engleskom jeziku, tako da su mi videozapisi bili prijeko potrebna pomo\u0107. Sve je izgledalo tako strogo i formalno. Napetost je rasla. Prozvano je moje ime, oti\u0161ao sam na stazu i u\u0161ao u jedan od testnih automobila.<\/p>\n<p>Nervoza je brzo splasnula jer sam relativno lako zavr\u0161io ispitne ciljeve. Ekran na instrument tabli me je podsjetio da uklju\u010dim brisa\u010de vjetrobrana, \u017emigavac i prebacim automatski mjenja\u010d iz polo\u017eaja &quot;park&quot; u polo\u017eaj &quot;vo\u017enja&quot;. Polo\u017eio\/la sam kurs i pre\u0161ao\/la u zavr\u0161nu fazu.<\/p>\n<p>To bi bio voza\u010dki ispit, ali prvo smo opet morali \u010dekati. Vi\u0161e vremena za razmi\u0161ljanje o zavr\u0161noj fazi, a i vi\u0161e kofeina. Lagano zijevanje oko 3:00 ujutro me potaknulo, a budu\u0107i da nisam \u017eelio popiti ni kap kafe vi\u0161e, Pepsi je bio dovoljan. Progutao sam ga prije nego \u0161to me ispitiva\u010d zamolio. \u010cekanje ovog ispita mi je dalo jo\u0161 vi\u0161e vremena za pripremu uz video snimke.<\/p>\n<p>Nakon jo\u0161 30 minuta krenuli smo. Provjerio sam sve ta\u010dke na autu, pravilno u\u0161ao i vozio rutu od 5 km kao da je u ud\u017ebeniku. Kona\u010dno sam se paralelno parkirao kao saliveno i shvatio: Prestigao sam! Istog dana bih dobio\/la voza\u010dku dozvolu! Uspjeh! Nakon svih \u010dekanja i izazova, to je bilo u\u010dinjeno. Zahvalio sam se zaposleniku koji mi je pomagao cijeli dan i krenuo ku\u0107i.<\/p>\n<p>Mediavine<br \/>\nUSPJEH! RETROSPEKTIVA.<br \/>\nBilo je gotovo i moj um se kona\u010dno mogao odmoriti. Nema vi\u0161e stalnih stanja svijesti. Samo se opusti i idi ku\u0107i. Dvije autobuske stanice kasnije, Yeosu nikada nije mogao biti ovako lijep.<\/p>\n<p>Gledaju\u0107i unatrag, mo\u017eda imam dramati\u010dne misli o dobijanju korejske voza\u010dke dozvole, ali cijeli proces je bio stresan. Dodajte tome jezi\u010dku barijeru i sve slu\u017ebene stvari mogu vam izazvati vrtoglavicu od stresa. Mo\u017eda je to zbog nadle\u017enih organa za upravljanje saobra\u0107ajem.<\/p>\n<p>NA\u0160E I VA\u0160E MI\u0160LJENJE!<br \/>\nKao \u0161to mo\u017eete vidjeti iz moje pri\u010de, ovo je bila avantura ispunjena kofeinom koja mi je dala slobodu koju sam dugo tra\u017eio. U pore\u0111enju sa SAD-om, u Koreji je mnogo lak\u0161e i br\u017ee dobiti voza\u010dku dozvolu. \u0160ta vi svi mislite pod tim? Kada dobije\u0161 voza\u010dku dozvolu, volio bih \u010duti o tvojim iskustvima.<\/p>","protected":false},"excerpt":{"rendered":"<p>VRIJEDI ZNATI KOREJSKU VOZA\u010cKU DOZVOLU Preporu\u010dujem da do\u0111ete \u0161to ranije. Cijeli proces traje gotovo cijeli dan, iako<\/p>","protected":false},"featured_media":22691,"template":"","meta":[],"product_brand":[],"product_cat":[927],"product_tag":[],"class_list":{"0":"post-22646","1":"product","2":"type-product","3":"status-publish","4":"has-post-thumbnail","6":"product_cat-fuehrerschein","8":"first","9":"instock","10":"taxable","11":"shipping-taxable","12":"purchasable","13":"product-type-simple"},"_links":{"self":[{"href":"https:\/\/primeprintingweb.com\/bs\/wp-json\/wp\/v2\/product\/22646","targetHints":{"allow":["GET"]}}],"collection":[{"href":"https:\/\/primeprintingweb.com\/bs\/wp-json\/wp\/v2\/product"}],"about":[{"href":"https:\/\/primeprintingweb.com\/bs\/wp-json\/wp\/v2\/types\/product"}],"version-history":[{"count":3,"href":"https:\/\/primeprintingweb.com\/bs\/wp-json\/wp\/v2\/product\/22646\/revisions"}],"predecessor-version":[{"id":22811,"href":"https:\/\/primeprintingweb.com\/bs\/wp-json\/wp\/v2\/product\/22646\/revisions\/22811"}],"wp:featuredmedia":[{"embeddable":true,"href":"https:\/\/primeprintingweb.com\/bs\/wp-json\/wp\/v2\/media\/22691"}],"wp:attachment":[{"href":"https:\/\/primeprintingweb.com\/bs\/wp-json\/wp\/v2\/media?parent=22646"}],"wp:term":[{"taxonomy":"product_brand","embeddable":true,"href":"https:\/\/primeprintingweb.com\/bs\/wp-json\/wp\/v2\/product_brand?post=22646"},{"taxonomy":"product_cat","embeddable":true,"href":"https:\/\/primeprintingweb.com\/bs\/wp-json\/wp\/v2\/product_cat?post=22646"},{"taxonomy":"product_tag","embeddable":true,"href":"https:\/\/primeprintingweb.com\/bs\/wp-json\/wp\/v2\/product_tag?post=22646"}],"curies":[{"name":"wp","href":"https:\/\/api.w.org\/{rel}","templated":true}]}}