{"id":22647,"date":"2025-05-13T04:17:25","date_gmt":"2025-05-13T04:17:25","guid":{"rendered":"https:\/\/primeprintingweb.com\/?post_type=product&#038;p=22647"},"modified":"2025-05-18T16:55:12","modified_gmt":"2025-05-18T16:55:12","slug":"spanish-drivers-license-online","status":"publish","type":"product","link":"https:\/\/primeprintingweb.com\/bs\/geschaeft\/fuehrerschein\/spanish-drivers-license-online\/","title":{"rendered":"\u0160PANSKA VOZA\u010cKA DOZVOLA ONLINE"},"content":{"rendered":"<div class=\"woocommerce-tabs wc-tabs-wrapper\">\n<div id=\"tab-description\" class=\"woocommerce-Tabs-panel woocommerce-Tabs-panel--description panel entry-content wc-tab\" role=\"tabpanel\" aria-labelledby=\"tab-title-description\">\n<p>Vo\u017enja u \u0160paniji mo\u017ee biti prava avantura. Ali dobijanje \u0161panske voza\u010dke dozvole je sasvim druga pri\u010da.<\/p>\n<p>Ve\u017ei se i spremi se da sa mnom napravi\u0161 najva\u017enije korake.<\/p>\n<p>KORAK 1 \u2013 ZNAJTE KO MO\u017dE VOZITI U \u0160PANIJI<br \/>\nDijete za volanom<br \/>\nZakonska minimalna starosna granica za vo\u017enju u \u0160paniji je 18 godina. Osobe mla\u0111e od 18 godina ne smiju legalno voziti u \u0160paniji - \u010dak ni sa va\u017ee\u0107om voza\u010dkom dozvolom iz svoje zemlje.<\/p>\n<p>(\u017dao mi je, mladi gra\u0111ani SAD-a - mo\u017eda mo\u017eete voziti sa 16 godina u svojoj domovini, ali ne i ovdje.)<\/p>\n<p>Svako ko ima va\u017ee\u0107u nacionalnu voza\u010dku dozvolu iz svoje zemlje mo\u017ee legalno voziti u \u0160paniji \u2013 u po\u010detku. Za gra\u0111ane izvan EU\/EEA, ovo va\u017ei prvih \u0161est mjeseci nakon preseljenja u \u0160paniju i dobijanja boravi\u0161ne dozvole. Za gra\u0111ane EU\/EEA, period je dvije godine.<\/p>\n<p>Nakon ovog po\u010detnog perioda mirovanja, po\u010dinje va\u0161a avantura u \u0161panskoj birokratiji.<\/p>\n<p>KORAK 2 \u2013 PRAVNI POSTUPAK U SKLADU S VA\u0160OM SPECIFI\u010cNOM SITUACIJOM:<br \/>\nAko ste dr\u017eavljanin EU\/EEA (plus Islanda, Norve\u0161ke i Lihten\u0161tajna) i legalno boravite u \u0160paniji, morate podnijeti zahtjev za \u0161pansku voza\u010dku dozvolu. To mo\u017eete u\u010diniti zamjenom ili obnavljanjem va\u0161e strane voza\u010dke dozvole.<\/p>\n<p>Tokom prve dvije godine va\u0161eg boravka u \u0160paniji, mo\u017eete legalno voziti u \u0160paniji sa va\u0161om postoje\u0107om voza\u010dkom dozvolom. Va\u017eno: Nakon \u0161est mjeseci, morate se registrovati kod saobra\u0107ajnih vlasti. To mo\u017eete u\u010diniti u Centralnom registru voza\u010da i prekr\u0161aja (Registro Central de Conductores e Infractores) Pokrajinske saobra\u0107ajne uprave (Jefatura Provincial de Tr\u00e1fico).<\/p>\n<p>Nakon registracije, morate pro\u0107i ljekarski pregled u ovla\u0161tenom centru za priznavanje dirigenta.<\/p>\n<p>Isti uslovi va\u017ee kao i za vlasnike \u0161panskih voza\u010dkih dozvola. OVO UKLJU\u010cUJE:<br \/>\nPrekri\u017ei ruke<br \/>\nObavljanje svih potrebnih ljekarskih pregleda<br \/>\nObnavljanje ili zamjena \u0161panske voza\u010dke dozvole nakon prve dvije godine boravka u \u0160paniji. Obnavljanje voza\u010dke dozvole EU u \u0160paniji efektivno je pretvara u \u0161pansku voza\u010dku dozvolu EU. Ova dozvola se mora obnavljati svakih 10 godina do 65. godine \u017eivota i svakih pet godina nakon 65. godine \u017eivota.<br \/>\nAko ne dobijete \u0161pansku voza\u010dku dozvolu nakon dvije godine boravka, suo\u010davate se s kaznom od 200 eura.<\/p>\n<p>Da biste zamijenili voza\u010dku dozvolu EU\/EEA za \u0161pansku, morate kontaktirati pokrajinski centar za kontrolu saobra\u0107aja. Ponesite sa sobom sljede\u0107a dokumenta na obradu:<\/p>\n<p>Obrazac za prijavu<br \/>\nVa\u017ee\u0107i paso\u0161 ili li\u010dna karta<br \/>\nDokaz o prebivali\u0161tu (potvrda o registraciji u Centralnom registru stranaca, tj. va\u0161 NIE broj ili N\u00famero de Identificaci\u00f3n de Extranjero ili Empadronamiento)<br \/>\nVa\u017ee\u0107a voza\u010dka dozvola za zamjenu u \u0160paniji (original i kopija)<br \/>\nDvije nedavne fotografije (32 x 25 mm)<br \/>\nPismena izjava da vam voza\u010dka dozvola nije oduzeta<br \/>\nPismena izjava da ne posjedujete drugu voza\u010dku dozvolu iste klase u drugoj dr\u017eavi.<br \/>\nUKRATKO<br \/>\nNa podu iza automobila pi\u0161e &quot;Pojednostavite&quot;.<br \/>\nDrugim rije\u010dima, ako ste dr\u017eavljanin EU\/EEA, va\u0161 proces je znatno pojednostavljen. Tako\u0111er imate du\u017ei period odgode od gra\u0111ana koji nisu dr\u017eavljani EU\/EEA. U\u017eivajte u njemu dok mo\u017eete! U\u0161tedjet \u0107ete mnogo vremena, novca i energije time \u0161to NE\u0106ETE morati polagati \u0161panski voza\u010dki ispit.<\/p>\n<p>***Za sve gra\u0111ane Ujedinjenog Kraljevstva koji \u017eele biti u toku s mogu\u0107im utjecajem Brexita na njihovu \u0161pansku voza\u010dku dozvolu, preporu\u010dujem da prate a\u017euriranja putem web stranice GOV.UK.<\/p>\n<p>Trenutno mo\u017eete zamijeniti svoju britansku voza\u010dku dozvolu za \u0161pansku, iako je ovaj proces malo te\u017ei nego ina\u010de zbog Brexita.<\/p>\n<p>Dr\u017eavljanima izvan EU\/EEA (kao ja) potrebna je \u0161panska voza\u010dka dozvola. To mo\u017eete u\u010diniti ili zamjenom strane dozvole ako va\u0161a zemlja ima sporazum sa \u0160panijom (sretnici!), ili polaganjem \u0161panskog voza\u010dkog ispita (kao ja). To uklju\u010duje teorijski (pismeni) i prakti\u010dni ispit.<\/p>\n<p>NI OVO NISU SVE LO\u0160E VIJESTI!<br \/>\nSvi dr\u017eavljani zemalja koje nisu \u010dlanice EU\/EEA mogu legalno voziti u \u0160paniji sa svojom postoje\u0107om stranom voza\u010dkom dozvolom do \u0161est mjeseci nakon preseljenja u \u0160paniju, nakon \u0161to dobiju boravi\u0161nu dozvolu. Ako va\u0161a strana voza\u010dka dozvola nije na \u0161panskom, uvijek morate imati ovjereni prijevod ili me\u0111unarodnu voza\u010dku dozvolu (IDP). Ona va\u017ei samo godinu dana i mora se podnijeti zahtjev izvan \u0160panije, u va\u0161oj mati\u010dnoj zemlji.<\/p>\n<p>Dok \u010dekate odobrenje boravka, mo\u017eete legalno voziti do godinu dana sa svojom postoje\u0107om stranom voza\u010dkom dozvolom, pod uslovom da pri ruci imate svoju me\u0111unarodnu voza\u010dku dozvolu i va\u017ee\u0107u voza\u010dku dozvolu iz va\u0161e zemlje.<\/p>\n<p>Dakle, ko su neki od ovih 20 sretnih dr\u017eavljana koji mogu jednostavno zamijeniti svoju voza\u010dku dozvolu za \u0161pansku?<\/p>\n<p>SRETNE ZEMLJE!<br \/>\nSretna djetelina<br \/>\nGra\u0111ani Al\u017eira, Andore, Argentine, Brazila, Bolivije, \u010cilea, Kolumbije, Dominikanske Republike, Ekvadora, Gvatemale, Japana, Koreje, Makedonije, Maroka, Nikaragve, Perua, Paname, Paragvaja, Filipina, Srbije, \u0160vicarske, T<\/p>\n<p>Turska, Tunis, Ukrajina, Urugvaj i Venecuela<\/p>\n<p>Uvijek se obratite konzulatu svoje zemlje u \u0160paniji ili \u0161panskoj upravi za saobra\u0107aj, jer se sporazumi izme\u0111u zemalja stalno mijenjaju.<\/p>\n<p>Diplomate i me\u0111unarodno osoblje mogu zamijeniti svoje voza\u010dke dozvole bez obzira na nacionalnost \u2013 za vi\u0161e informacija kontaktirajte Ministarstvo vanjskih poslova.<\/p>\n<p>Za zamjenu voza\u010dke dozvole iz zemlje koja nije \u010dlanica EU\/EEA, obi\u010dno \u0107e vam biti potrebni sljede\u0107i obrasci (*neke zemlje mogu zahtijevati dodatne prijevode ili obrasce od svog konzulata\/ambasade \u2013 molimo vas da ovo provjerite):<\/p>\n<p>Obrazac za prijavu<br \/>\nVa\u017ee\u0107a li\u010dna karta ili paso\u0161 (original)<br \/>\nBoravi\u0161na dozvola, li\u010dna karta ili paso\u0161 zajedno sa potvrdom o registraciji u Centralnom registru stranaca (za strance iz EU) ili boravi\u0161nom dozvolom (za strance izvan EU): Original. Va\u017ee\u0107a boravi\u0161na karta.<br \/>\nLjekarsko uvjerenje iz priznatog medicinskog centra (npr. Centar za priznate dirigente)<br \/>\nVa\u017ee\u0107a voza\u010dka dozvola za zamjenu (original i kopija)<br \/>\nDvije nedavne fotografije (32 x 25 mm)<br \/>\nPismena izjava da vam voza\u010dka dozvola nije oduzeta ili suspendovana<br \/>\nPismena izjava da ne posjedujete drugu voza\u010dku dozvolu iste kategorije iz druge zemlje EU.<br \/>\nPonavljam, va\u0161 proces je znatno jednostavniji od procesa za gra\u0111ane zemalja koje nisu \u010dlanice EU\/EEA, a \u010dije zemlje nemaju sporazum o ovom postupku. U\u017eivajte u njemu dok mo\u017eete i znajte da \u0107ete u\u0161tedjeti mnogo vremena, novca i energije time \u0161to NE\u0106ETE morati polagati \u0161panski voza\u010dki ispit.<\/p>\n<p>DAKLIJE, DAKLIJE, SADA SMO DO\u0160LI DO VRHUNCA OVOG \u010cLANKA \u2013 \u0160PANJOLSKOG VOZA\u010cKOG ISPITA!<br \/>\nKORAK 3 \u2013 \u0160PANSKI VOZA\u010cKI ISPIT:<\/p>\n<p>Za mnoge gra\u0111ane izvan EU\/EEA, mo\u017ee biti frustriraju\u0107e morati sve ovo ponavljati kako bi dobili \u0161pansku voza\u010dku dozvolu. To je posebno ta\u010dno ako imate dozvolu i voza\u010dko iskustvo u svojoj zemlji. Jo\u0161 je frustriraju\u0107e jer ve\u0107ina \u0161panskih voza\u010da radi \u0161ta ho\u0107e i po\u0161tuje samo oko 60% pravila.<\/p>\n<p>MOJ SAVJET?<br \/>\nSaberi se, izbori se i uspije. \u017divimo u zemlji punoj &quot;titulitisa&quot; i birokratije, kao i &quot;no pasa nada&quot;. Na\u017ealost, tako je kako je. Ali imao sam odli\u010dnog instruktora prakti\u010dne vo\u017enje i zahvalan sam na obuci koju sam dobio za oba ispita.<\/p>\n<p>Porijeklom sam iz SAD-a i, na\u017ealost, pripadam generaciji koja nikada nije nau\u010dila voziti automobil s manuelnim mjenja\u010dem. Volio sam u\u010diti jo\u0161 jednu vje\u0161tinu i truditi se da je nau\u010dim na \u0161panskom (\u00a1toma ya!).<\/p>\n<p>VI\u0160E OPCIJA<br \/>\nU \u0160paniji mo\u017eete polagati test na engleskom jeziku (ili raznim drugim jezicima), kao i prakti\u010dni test koriste\u0107i samo automobil s automatskim mjenja\u010dem. Me\u0111utim, to zavisi od toga gdje \u017eivite.<\/p>\n<p>*Napomena: Ako pola\u017eete ispit s automatskim automobilom, u \u0160paniji \u0107ete mo\u0107i voziti samo automobil s automatskim mjenja\u010dem.<br \/>\nGDJE SE MO\u017dETE REGISTRIRATI<br \/>\nMorate se prijaviti za ispite u Pokrajinskom saobra\u0107ajnom centru (Jefatura Provincial de Tr\u00e1fico). Ve\u0107ina ljudi zatim ide u autoescuelu (zvani\u010dnu \u0161kolu vo\u017enje), koja se brine o svemu za vas. To uklju\u010duje prijavu za sve potrebne ispite i obezbje\u0111ivanje materijala, koji su uklju\u010deni u ukupnu cijenu.<\/p>\n<p>Registrovao sam se preko svoje lokalne Autoescuele (pohvale za Autoescuela 2000 u San Fernando de Henares &amp; Coslada u Madridu).<\/p>\n<p>Prvobitno sam planirao polagati pismeni ispit iz \u0161panskog jezika. Me\u0111utim, ubrzo nakon registracije, promijenio sam posao i radio sam 40 sati sedmi\u010dno na \u0161panskom. Po\u0161to mi je mozak bio potpuno iscrpljen do kraja dana, odlu\u010dio sam umjesto toga polagati ispit iz engleskog jezika.<\/p>\n<p>MOJA AUTO\u0160KOLA<br \/>\nAuto\u0161kola koju sam poha\u0111ao nije nudila \u010dasove engleskog jezika. Me\u0111utim, mogli su naru\u010diti ud\u017ebenik engleskog jezika, a od DGT-a sam dobio besplatnu knji\u017eicu s testovima.<\/p>\n<p>*Napomena: Ovo je dostupno u SVAKOJ auto\u0161koli, jer DGT distribuira knjige \u0161kolama. Jednostavno trebate zamoliti va\u0161u lokalnu auto\u0161kolu da naru\u010di ove dvije knjige na engleskom jeziku od DGT-a za vas.<br \/>\n*Dodatna napomena: Engleski jezik u ovim knjigama je \u010dudna mje\u0161avina britanskog engleskog i gotovo doslovnog prijevoda sa \u0161panskog. Pitanja su u svakom slu\u010daju bila razumljiva i uvijek treba obratiti pa\u017enju na prijedloge, jer se ovi trikovi koriste u \u0161panskoj verziji testa, a ne\u0161to sli\u010dno su uradili i u engleskom prijevodu.<br \/>\nNudili su neograni\u010dene \u010dasove \u0161panskog jezika sa nastavnikom za pripremu za pismeni ispit, \u0161to je bilo uklju\u010deno u originalnu cijenu. Sre\u0107om, imali su i simulator automobila s ru\u010dnim pogonom na kojem sam mogao vje\u017ebati koliko god sam \u017eelio. Tako\u0111er su obezbijedili online aplikaciju s testovima za vje\u017ebu, koju sam koristio u \u0161koli i kod ku\u0107e.<\/p>\n<p>Koristio\/la sam sve ove resurse. Osim za pismeni (teorijski) test, uglavnom sam \u010ditao\/la svoj ud\u017ebenik engleskog jezika. Tako\u0111er sam pregledao\/la pitanja u knji\u017eici s ispitom iz engleskog jezika, obra\u0107aju\u0107i posebnu pa\u017enju na pitanja na koja sam neta\u010dno odgovorio\/la.<\/p>\n<p>Koristio\/la sam razne aplikacije za svoj doktorat.<\/p>\n<p>Mogao\/la sam ga besplatno preuzeti kako bih u\u010dio\/la u pokretu. I da, pitanja su \u010dak bila i na engleskom!<\/p>\n<p>EVO NEKIH OD APLIKACIJA KOJE SAM KORISTIO NA TELEFONU ZA U\u010cENJE ZA PISANI ISPIT:<\/p>\n<p>AeolCloud<br \/>\nTodoTest<br \/>\nAko tra\u017eite auto\u0161kolu koja nudi i ispite i sve pripremne i voza\u010dke kurseve na engleskom jeziku, trebali biste o\u010dekivati tro\u0161kove.<\/p>\n<p>EVO LISTA NEKIH AUTO\u0160KOLA KOJI VAM MOGU POMO\u0106I DA DOBIJETE \u0160PANJOLSKU VOZA\u010cKU DOZVOLU:<br \/>\nMadrid \u2013 Sve\u010dana priredba Auto \u0161kole<br \/>\nBarcelona \u2013 AE Stop n Drive &amp; Auto Escuela Corsa<br \/>\n\u0160TA VAM JE POTREBNO DA SE PRIJAVITE ZA OVE ISPITE:<br \/>\nPotvrda o va\u0161oj psihi\u010dkoj i fizi\u010dkoj sposobnosti od Centro de Reconocimiento de Conductores Autorizado<br \/>\nObrazac za prijavu<br \/>\nDvije fotografije za paso\u0161<br \/>\nVa\u0161a boravi\u0161na dozvola<br \/>\nDokaz o adresi u \u0160paniji<br \/>\nIzjava da ne postoje suspenzije ili pravni slu\u010dajevi koji vam zabranjuju vo\u017enju<br \/>\nIzjava da ve\u0107 ne posjedujete uporedivu voza\u010dku dozvolu.<br \/>\nKOLIKO KO\u0160TA \u0160PANSKA VOZA\u010cKA DOZVOLA?<\/p>\n<p>Sve zavisi od:<\/p>\n<p>Gdje \u017eivite<br \/>\nKoliko puta morate polo\u017eiti pismeni ispit<br \/>\nKoliko kurseva poha\u0111ate u va\u0161oj Autoeskueli<br \/>\nI koliko \u010desto morate polagati prakti\u010dni ispit<br \/>\n*Napomena: Va\u017eno je napomenuti da ispit mo\u017eete pasti samo jednom. U suprotnom, morat \u0107ete platiti dodatnu naknadu (tasa) da biste poku\u0161ali ponovo. Primjer: Polo\u017eio sam pismeni ispit iz prvog poku\u0161aja. To mi je omogu\u0107ilo da pola\u017eem prakti\u010dni ispit barem dva puta bez ponovnog pla\u0107anja. Poznajem i druge koji su pali na pismenom ispitu iz prvog poku\u0161aja, a zatim su se osje\u0107ali jako prisiljeni polo\u017eiti prakti\u010dni ispit.<br \/>\nEVO MOG LI\u010cNOG PRIMJERA:<br \/>\nAutoescuela matricula \u2013 30 \u20ac<br \/>\nTeorijski ispit \u2013 92 \u20ac<br \/>\nPretplata za 10 \u010dasova \u2013 215 \u20ac (dvije sam zavr\u0161io\/la prije prvog prakti\u010dnog ispita \u2013 ukupno 430 \u20ac)<br \/>\nDva besplatna \u010dasa uklju\u010dena u cijenu mog maturskog ispita<br \/>\nDva dodatna \u010dasa neposredno prije prvog prakti\u010dnog ispita \u2013 ukupno 43 \u20ac (tj. 21,50 \u20ac po \u010dasu)<br \/>\nPrakti\u010dni ispit 1 \u2013 123 \u20ac<br \/>\nJo\u0161 pet \u010dasova prije mog drugog prakti\u010dnog ispita \u2013 107,50 \u20ac<br \/>\nPrakti\u010dni ispit 2 \u2013 123 \u20ac<br \/>\nMoji ukupni tro\u0161kovi su bili otprilike 948 eura, uklju\u010duju\u0107i ljekarski pregled i sli\u010dno, otprilike 1000 eura.<\/p>\n<p>Smatrao bih to op\u0107im minimumom. Me\u0111utim, poznajem ljude koji su potro\u0161ili samo 800 eura i druge koji su potro\u0161ili skoro 1.500 eura.<\/p>\n<p>Zavisi od toga koliko \u010dasova vi i va\u0161 nastavnik smatrate potrebnim i kakvi su va\u0161i rezultati ispita.<\/p>\n<p>*Va\u017eno \u2013 Nemojte biti pod pritiskom, ali postoje vremenska ograni\u010denja u pogledu vremena \u010dekanja izme\u0111u ispita. Rezultati va\u0161eg pismenog ispita va\u017ee do dvije godine od datuma polaganja, ali rezultati va\u0161eg prakti\u010dnog ispita va\u017ee samo do \u0161est mjeseci.<\/p>\n<p>\u0160ta ovo zna\u010di? Nakon pismenog ispita, mo\u017eete polako. Me\u0111utim, nakon \u0161to ste polo\u017eili (i pali) svoj prvi prakti\u010dni ispit, morate odr\u017eati tempo. Ako \u010dekate vi\u0161e od \u0161est mjeseci izme\u0111u sljede\u0107eg prakti\u010dnog ispita (pogodili ste!), morat \u0107ete platiti jo\u0161 jednu naknadu (tasa).<br \/>\nEVO MOG LI\u010cNOG PRIMJERA:<br \/>\nRegistrovao\/la sam se u novembru 2015. godine, ali nisam polagao\/la pismeni ispit sve do decembra 2016. godine.<\/p>\n<p>Prakti\u010dna nastava mi je po\u010dela u prolje\u0107e\/ljeto 2017. i polagala sam svoj prvi prakti\u010dni ispit u oktobru 2017. (na kojem sam pao zbog gre\u0161ke! Argh!), a svoj drugi i posljednji prakti\u010dni ispit u decembru 2017.<\/p>\n<p>U kona\u010dnici, odaberite ono \u0161to najbolje odgovara vama i va\u0161oj li\u010dnoj situaciji. Ali imajte na umu svoja vremenska ograni\u010denja.<\/p>\n<p>*Napomena: Mo\u017eete (ja sam morala) zatra\u017eiti promjenu nastavnika ako smatrate da vam nastavnik ne odgovara. Imala sam dva po\u010detna \u010dasa s jednim nastavnikom, ali njegov stil podu\u010davanja me je samo u\u010dinio nervoznijom i anksioznijom. Tako da sam oti\u0161la na recepciju moje auto\u0161kole i oni su izvr\u0161ili promjenu. U kona\u010dnici, to je va\u0161e vrijeme i novac - ne tro\u0161ite ih uzalud!<br \/>\n\u010cESTITAMO! USPJELI STE DOBITI \u0160PANJOLSKU VOZA\u010cKU DOZVOLU!<br \/>\nPotpuna voza\u010dka dozvola u \u0160paniji<br \/>\nIzvor slike<br \/>\nNakon \u0161to polo\u017eite prakti\u010dni ispit, dobit \u0107ete privremenu voza\u010dku dozvolu. Ona va\u017ei dok va\u0161a slu\u017ebena voza\u010dka dozvola ne stigne u Autoescuelu. Tako\u0111er \u0107ete dobiti zelenu L tablicu, koju mo\u017eete istaknuti na zadnjem staklu automobila. Morate istaknuti svoju zelenu L tablicu tamo godinu dana (od datuma polaganja ispita). Neke kompanije se odri\u010du ovog zahtjeva, ali na ovaj na\u010din izbjegavate kazne ili potencijalne probleme. Ja sam koristio svoju i nisam imao nikakvih problema. I iskreno, pomoglo mi je da dr\u017eim lude \u0161panske voza\u010de na odstojanju dok sam se navikavao na vo\u017enju u ovom ludom glavnom gradu. Koristite to ogromno L!<\/p>\n<p>KORAK 4 \u2013 SLAVI!<br \/>\nBilo da ste samo trebali popuniti papire ili po\u010deti ispo\u010detka, uspjeli ste!<\/p>\n<p>Sada proslavite svoju novu \u0161pansku voza\u010dku dozvolu tako \u0161to \u0107ete organizovati putovanje negdje gdje nema grada i u\u017eivati u svojoj novoste\u010denoj slobodi. I naravno \u2013 uvijek vozite pa\u017eljivo!<\/p>\n<\/div>\n<\/div>","protected":false},"excerpt":{"rendered":"<p>Vo\u017enja u \u0160paniji mo\u017ee biti prava avantura. Ali dobijanje \u0161panske voza\u010dke dozvole je sasvim druga pri\u010da.<\/p>","protected":false},"featured_media":22693,"template":"","meta":[],"product_brand":[],"product_cat":[927],"product_tag":[],"class_list":{"0":"post-22647","1":"product","2":"type-product","3":"status-publish","4":"has-post-thumbnail","6":"product_cat-fuehrerschein","8":"first","9":"instock","10":"taxable","11":"shipping-taxable","12":"purchasable","13":"product-type-simple"},"_links":{"self":[{"href":"https:\/\/primeprintingweb.com\/bs\/wp-json\/wp\/v2\/product\/22647","targetHints":{"allow":["GET"]}}],"collection":[{"href":"https:\/\/primeprintingweb.com\/bs\/wp-json\/wp\/v2\/product"}],"about":[{"href":"https:\/\/primeprintingweb.com\/bs\/wp-json\/wp\/v2\/types\/product"}],"version-history":[{"count":3,"href":"https:\/\/primeprintingweb.com\/bs\/wp-json\/wp\/v2\/product\/22647\/revisions"}],"predecessor-version":[{"id":22809,"href":"https:\/\/primeprintingweb.com\/bs\/wp-json\/wp\/v2\/product\/22647\/revisions\/22809"}],"wp:featuredmedia":[{"embeddable":true,"href":"https:\/\/primeprintingweb.com\/bs\/wp-json\/wp\/v2\/media\/22693"}],"wp:attachment":[{"href":"https:\/\/primeprintingweb.com\/bs\/wp-json\/wp\/v2\/media?parent=22647"}],"wp:term":[{"taxonomy":"product_brand","embeddable":true,"href":"https:\/\/primeprintingweb.com\/bs\/wp-json\/wp\/v2\/product_brand?post=22647"},{"taxonomy":"product_cat","embeddable":true,"href":"https:\/\/primeprintingweb.com\/bs\/wp-json\/wp\/v2\/product_cat?post=22647"},{"taxonomy":"product_tag","embeddable":true,"href":"https:\/\/primeprintingweb.com\/bs\/wp-json\/wp\/v2\/product_tag?post=22647"}],"curies":[{"name":"wp","href":"https:\/\/api.w.org\/{rel}","templated":true}]}}