{"id":22648,"date":"2025-05-13T04:17:25","date_gmt":"2025-05-13T04:17:25","guid":{"rendered":"https:\/\/primeprintingweb.com\/?post_type=product&#038;p=22648"},"modified":"2025-05-18T16:53:43","modified_gmt":"2025-05-18T16:53:43","slug":"swedish-drivers-license","status":"publish","type":"product","link":"https:\/\/primeprintingweb.com\/bs\/geschaeft\/fuehrerschein\/swedish-drivers-license\/","title":{"rendered":"\u0160VEDSKA VOZA\u010cKA DOZVOLA"},"content":{"rendered":"<p>KORAK-PO-KORAK VODI\u010c ZA \u0160VEDSKU VOZA\u010cKU DOZVOLU<\/p>\n<p>Postoji mnogo razloga za ulaganje truda u dobijanje \u0161vedske voza\u010dke dozvole. Bez obzira na va\u0161e razloge, \u0161vedska voza\u010dka dozvola je dobra investicija ako planirate ostati u \u0160vedskoj du\u017ei vremenski period.<\/p>\n<p>KORACI DO \u0160VEDSKE VOZA\u010cKE DOZVOLE<br \/>\nPodnesite zahtjev za dozvolu za u\u010denje<br \/>\nZapo\u010dnite s vje\u017ebom vo\u017enje<br \/>\nNau\u010dite teoriju vo\u017enje<br \/>\nObuka o rizicima \u2013 edukacija o rizicima<br \/>\nZaka\u017eite termin za polaganje voza\u010dkog ispita.<br \/>\n1. U\u010cENJE VOZA\u010cKA DOZVOLA \u2013 K\u00d6RKORTSTILLST\u00c5ND<br \/>\nProces dobijanja \u0161vedske voza\u010dke dozvole po\u010dinje podno\u0161enjem zahtjeva za po\u010detni\u010dku dozvolu - k\u00f6rkortstillst\u00e5nd. Evo kako:<\/p>\n<p>Popunite obrazac zahtjeva za dozvolu za u\u010denje i izjavu o zdravstvenom stanju i vidu (Ans\u00f6kan k\u00f6rkortstillst\u00e5nd + h\u00e4lso &amp; syncing) i podnesite ga \u0160vedskoj upravi za saobra\u0107aj (Transportstyrelsen). (Informacije su na \u0161vedskom jeziku.)<br \/>\nNabavite certifikat o pregledu vida (sinhronizaciji) i prilo\u017eite ga uz prijavu. Pregled vida mo\u017eete obaviti i dobiti certifikat kod svog opti\u010dara ili u ve\u0107ini auto\u0161kola.<br \/>\nPotpi\u0161ite zdravstvenu izjavu na obrascu zahtjeva. Ovim potvr\u0111ujete da nemate zdravstvenih problema koji bi mogli uticati na va\u0161u sposobnost upravljanja vozilom.<br \/>\nPrijava je besplatna. Me\u0111utim, postoji naknada za pregled vida. To zavisi od odabranog opti\u010dara i obi\u010dno iznosi oko 150 SEK. Pregled vida treba obaviti pribli\u017eno istovremeno sa podno\u0161enjem zahtjeva za dozvolu za pregled vida, jer potvrda o pregledu vida ne smije biti starija od dva mjeseca u trenutku podno\u0161enja zahtjeva.<br \/>\nVa\u0161 K\u00f6rkortstillst\u00e5nd vrijedi pet godina.<\/p>\n<p>Napomena: Vrijeme obrade mo\u017ee trajati dva mjeseca ili, u nekim slu\u010dajevima, du\u017ee.<\/p>\n<p>2. VJE\u017dBA VO\u017dNJE \u2013 \u00d6VNINGSK\u00d6RA<br \/>\nNakon \u0161to dobijete voza\u010dku dozvolu, mo\u017eete po\u010deti s vje\u017ebom! Mo\u017eete platiti \u010dasove vo\u017enje u auto\u0161koli ili vje\u017ebati besplatno s prijateljem, roditeljem ili partnerom \u2013 \u0161to se naziva &quot;handledare&quot;. Oba pristupa imaju prednosti i nedostatke. Handledare je jeftiniji, ali nosi rizik usvajanja lo\u0161ih navika va\u0161eg handledare-a. Stoga se preporu\u010duje kombinacija oba pristupa kako biste stekli dovoljno prakse I pravilno nau\u010dili najnovija pravila.<\/p>\n<p>Uprkos tome kako to mo\u017eda zvu\u010di, voza\u010d sa voza\u010dkom dozvolom (handledare) nije privatni instruktor. Ve\u0107ina vlasnika \u0161vedske voza\u010dke dozvole mo\u017ee postati voza\u010d sa voza\u010dkom dozvolom, a mnogi voza\u010di po\u010detnici vje\u017ebaju kao voza\u010d sa svojim roditeljima, partnerima ili prijateljima. Uslovi za voza\u010da sa voza\u010dkom dozvolom su:<\/p>\n<p>Najmanje 24 godine starosti<br \/>\nNajmanje pet godina voza\u010dke dozvole<br \/>\nDa biste postali instruktor vo\u017enje, morate podnijeti zahtjev za dozvolu za instruktora vo\u017enje, poznatu kao dozvola za instruktora vo\u017enje. Cijena je 170 SEK. Obrazac zahtjeva, &quot;Ans\u00f6kan handledarskap privat \u00f6vningsk\u00f6rning&quot;, mo\u017eete prona\u0107i ovdje.<\/p>\n<p>Vi i va\u0161 voza\u010d \u0107ete tako\u0111er morati pro\u0107i uvodni kurs. Ve\u0107ina auto\u0161kola nudi ovaj kurs. Obi\u010dno ko\u0161ta oko 300-400 SEK po osobi. Ne trebate posebno vozilo (s dvostrukim putni\u010dkim mjestima) da biste vje\u017ebali s voza\u010dem.<\/p>\n<p>Napomena: Prilikom vo\u017enje s upravlja\u010dem, upravlja\u010d se smatra voza\u010dem vozila i stoga je odgovoran u slu\u010daju nesre\u0107e.<\/p>\n<p>3. TEORIJA VO\u017dNJE<br \/>\nNapomena: Pravila su se promijenila 1. marta 2020. godine. Prije polaganja voza\u010dkog ispita potrebno je polo\u017eiti pismeni test. Pismeni test tada vrijedi \u010detiri mjeseca umjesto dva.<\/p>\n<p>Preporu\u010duje se da teoriju u\u010dite uz prakti\u010dnu vo\u017enju. Naj\u010de\u0161\u0107i teorijski materijal za \u010ditanje je \u0161vedska knjiga o voza\u010dkoj dozvoli u kombinaciji s online teorijskim pitanjima. Mo\u017eete koristiti samo jednu od ovih knjiga ako \u017eelite, ali preporu\u010duje se kombiniranje obje.<\/p>\n<p>Knjiga vam daje dobar pregled cijele teorije vo\u017enje, a online pitanja testiraju va\u0161e znanje u stvarnom vremenu.<\/p>\n<p>Online probni testovi su strukturirani potpuno isto kao i pravi ispit (isto ocjenjivanje, isto vremensko ograni\u010denje itd.), tako da dobijete dobru predstavu o tome \u0161ta mo\u017eete o\u010dekivati na pravom teorijskom testu.<\/p>\n<p>Me\u0111utim, trebali biste poku\u0161ati nau\u010diti \u010dinjenice koje stoje iza pitanja, a ne samo pamtiti odgovore. Za\u0161to? Zato \u0161to pitanja na pravom ispitu nisu identi\u010dno formulirana kao ispitna pitanja.<\/p>\n<p>Aktuelni ud\u017ebenik \u201cK\u00f6rkortsboken p\u00e5 engelska 2020: Knjiga o voza\u010dkim dozvolama\u201d i online teorijska pitanja mogu se na\u0107i na K\u00f6rkortskolan.se.<\/p>\n<p>Za svako pitanje na\u0107i \u0107ete odgovaraju\u0107i broj stranice u knjizi. Ovo olak\u0161ava pronala\u017eenje dodatnih informacija o online pitanju u va\u0161oj knjizi.<\/p>\n<p>Napomena: Ako kupite ud\u017ebenik na engleskom jeziku, poput onog iz auto \u0161kole, brojevi stranica ne\u0107e odgovarati online pitanjima. Ud\u017ebenici za \u0161kole saobra\u0107aja se tako\u0111er ne a\u017euriraju tako \u010desto. Stoga se pobrinite da kupite najnovije izdanje.<\/p>\n<p>Postoje i mnoge druge web stranice za u\u010denje, od kojih su neke prevedene na engleski jezik. Samo pretra\u017eite Google za &quot;teorija vo\u017enje online \u0160vedska&quot;. Kada koristite online alate, provjerite da li koristite najnoviju verziju, jer se propisi \u010desto mijenjaju.<\/p>\n<p>KNJIGA VOZA\u010cKIH DOZVOLA \u2013 K\u00d6RKORTSBOKEN P\u00c5 ENGELSKA 2020<\/p>\n<p>Obi\u010dno \u0107ete prona\u0107i kopije<\/p>\n<p>Stanovnici Ujedinjenog Kraljevstva \u2013 u Sjevernoj Irskoj postoji druga\u010dija usluga.<br \/>\n14 funti s MasterCard, Visa, Electron ili Delta debitnom ili kreditnom karticom (besplatno ako imate vi\u0161e od 70 godina ili imate medicinski odobrenu privremenu voza\u010dku dozvolu).<br \/>\nAdresa va\u0161eg prebivali\u0161ta u posljednje 3 godine.<br \/>\nVa\u0161a va\u017ee\u0107a voza\u010dka dozvola (ako nemate voza\u010dku dozvolu, navedite razlog u svojoj prijavi).<br \/>\nVa\u0161 broj socijalnog osiguranja (ako je poznat).<br \/>\nDa bi se izbjegla zabrana upravljanja vozilom.<br \/>\nTRAJANJE<br \/>\nZbog koronavirusa (COVID-19), dobijanje voza\u010dke dozvole mo\u017ee potrajati i vi\u0161e od 3 sedmice.<\/p>\n<p>Morat \u0107ete poslati svoju staru voza\u010dku dozvolu sa fotografijom DVLA-u kada dobijete novu dozvolu. Adresa koju trebate koristiti bit \u0107e vam dostavljena nakon \u0161to je prijava kompletirana.<\/p>\n<p>Va\u0161a nova voza\u010dka dozvola va\u017ei od datuma odobrenja va\u0161eg zahtjeva, a ne od datuma isteka va\u0161e trenutne voza\u010dke dozvole.<\/p>\n<p>LI\u010cNI PODACI<br \/>\nDVLA \u0107e vam poslati e-poruku s potvrdom nakon \u0161to va\u0161a prijava bude kompletirana. Mo\u017eda \u0107ete primiti e-poruku u kojoj \u0107e se od vas tra\u017eiti da popunite anketu, ali mo\u017eete se odjaviti.<\/p>","protected":false},"excerpt":{"rendered":"<p>KORAK-PO-KORAK VODI\u010c ZA \u0160VEDSKU VOZA\u010cKU DOZVOLU Postoji mnogo razloga za trud u dobijanju \u0161vedske voza\u010dke dozvole.<\/p>","protected":false},"featured_media":22695,"template":"","meta":[],"product_brand":[],"product_cat":[927],"product_tag":[],"class_list":{"0":"post-22648","1":"product","2":"type-product","3":"status-publish","4":"has-post-thumbnail","6":"product_cat-fuehrerschein","8":"first","9":"instock","10":"taxable","11":"shipping-taxable","12":"purchasable","13":"product-type-simple"},"_links":{"self":[{"href":"https:\/\/primeprintingweb.com\/bs\/wp-json\/wp\/v2\/product\/22648","targetHints":{"allow":["GET"]}}],"collection":[{"href":"https:\/\/primeprintingweb.com\/bs\/wp-json\/wp\/v2\/product"}],"about":[{"href":"https:\/\/primeprintingweb.com\/bs\/wp-json\/wp\/v2\/types\/product"}],"version-history":[{"count":3,"href":"https:\/\/primeprintingweb.com\/bs\/wp-json\/wp\/v2\/product\/22648\/revisions"}],"predecessor-version":[{"id":22807,"href":"https:\/\/primeprintingweb.com\/bs\/wp-json\/wp\/v2\/product\/22648\/revisions\/22807"}],"wp:featuredmedia":[{"embeddable":true,"href":"https:\/\/primeprintingweb.com\/bs\/wp-json\/wp\/v2\/media\/22695"}],"wp:attachment":[{"href":"https:\/\/primeprintingweb.com\/bs\/wp-json\/wp\/v2\/media?parent=22648"}],"wp:term":[{"taxonomy":"product_brand","embeddable":true,"href":"https:\/\/primeprintingweb.com\/bs\/wp-json\/wp\/v2\/product_brand?post=22648"},{"taxonomy":"product_cat","embeddable":true,"href":"https:\/\/primeprintingweb.com\/bs\/wp-json\/wp\/v2\/product_cat?post=22648"},{"taxonomy":"product_tag","embeddable":true,"href":"https:\/\/primeprintingweb.com\/bs\/wp-json\/wp\/v2\/product_tag?post=22648"}],"curies":[{"name":"wp","href":"https:\/\/api.w.org\/{rel}","templated":true}]}}