{"id":22649,"date":"2025-05-13T04:17:25","date_gmt":"2025-05-13T04:17:25","guid":{"rendered":"https:\/\/primeprintingweb.com\/?post_type=product&#038;p=22649"},"modified":"2025-05-18T16:51:54","modified_gmt":"2025-05-18T16:51:54","slug":"swiss-drivers-license","status":"publish","type":"product","link":"https:\/\/primeprintingweb.com\/bs\/geschaeft\/fuehrerschein\/swiss-drivers-license\/","title":{"rendered":"\u0160VICARSKA VOZA\u010cKA DOZVOLA"},"content":{"rendered":"<p>\u0160VICARSKA VOZA\u010cKA DOZVOLA<br \/>\nDa biste nau\u010dili voziti, potrebna vam je privremena \u0161vicarska voza\u010dka dozvola i polaganje teorijskog i prakti\u010dnog ispita. Novi voza\u010di dobijaju privremenu \u0161vicarsku voza\u010dku dozvolu. Nakon zavr\u0161etka probnog perioda i nekoliko dodatnih zakonski obaveznih kurseva, dobijaju trajnu \u0161vicarsku voza\u010dku dozvolu. Postoje razli\u010dite klase voza\u010dkih dozvola za razli\u010dite tipove vozila. Me\u0111unarodna voza\u010dka dozvola je tako\u0111er dostupna za vo\u017enju u inostranstvu. Va\u0161a privremena ili trajna voza\u010dka dozvola mo\u017ee biti opozvana ako po\u010dinite saobra\u0107ajni prekr\u0161aj. U\u0161tedimo vam stres, vrijeme i novac prilikom dobijanja \u0161vicarske voza\u010dke dozvole.<\/p>\n<p>TRO\u0160KOVI ZA VO\u017dNJU<\/p>\n<p>Postoje razli\u010diti tro\u0161kovi povezani s obukom voza\u010da. Cijene variraju od kantona do kantona.<\/p>\n<p>PROSJE\u010cNI TRO\u0160KOVI<br \/>\nSljede\u0107a lista prikazuje prosje\u010dnu cijenu za prvi poku\u0161aj dobijanja voza\u010dke dozvole B kategorije:<\/p>\n<p>Test vida: 10 do 15 CHF<br \/>\nKurs prve pomo\u0107i: 100 do 200 CHF<br \/>\nTeorijski priru\u010dnik: cca. 30 CHF<br \/>\nTeorijski test: 30 do 40 CHF<br \/>\nPo\u010detni\u010dka dozvola: 20 do 80 CHF<br \/>\nObavezni teorijski kurs: 200 do 280 CHF<br \/>\n\u010casovi vo\u017enje (nisu obavezni, 45 do 50 minuta): 80 do 110 CHF<br \/>\nPrakti\u010dni voza\u010dki ispit: 120 do 140 CHF<br \/>\nVoza\u010dka dozvola: 35 do 60 CHF<br \/>\nZa dodatne informacije, molimo vas da se obratite uredu za cestovni promet u va\u0161em kantonu.<\/p>\n<p>PODNO\u0160ENJE ZAHTJEVA ZA PO\u010cETNI\u010cKU DOZVOLU<\/p>\n<p>Ako imate skoro 18 godina, mo\u017eda razmi\u0161ljate o podno\u0161enju zahtjeva za voza\u010dku dozvolu. Evo kako to u\u010diniti:<\/p>\n<p>Korak 1: Kurs prve pomo\u0107i<br \/>\nMorate poha\u0111ati kurs prve pomo\u0107i. Certifikat prve pomo\u0107i va\u017ei \u0161est godina. Zahtjev za privremenu voza\u010dku dozvolu mo\u017eete podnijeti najranije mjesec dana prije va\u0161eg 18. ro\u0111endana. Obratite se uredu za cestovni promet va\u0161eg kantona.<\/p>\n<p>KORAK 2: PRIJAVA<br \/>\nPopunite obrazac zahtjeva za privremenu voza\u010dku dozvolu (uklju\u010duju\u0107i i o\u010dni pregled). Mo\u017eete ga preuzeti ili podi\u0107i u saobra\u0107ajnoj upravi va\u0161eg kantona. Obrazac mo\u017eete dobiti i od ureda za registraciju stanovnika va\u0161eg kantona.<\/p>\n<p>Popunjen obrazac zahtjeva (uklju\u010duju\u0107i i o\u010dni test), va\u017ee\u0107i o\u010dni test, fotografiju u boji za paso\u0161 i va\u0161u \u0161vicarsku ili stranu li\u010dnu kartu donesite u najbli\u017ei saobra\u0107ajni ured ili ured za registraciju stanovnika. Morate predo\u010diti originalne dokumente; kopije se ne prihvataju.<\/p>\n<p>PODNO\u0160ENJE ZAHTJEVA ZA PRIVREMENU VOZA\u010cKU DOZVOLU<br \/>\nKORAK 3: TEORIJA ISPIT<br \/>\nNakon \u0161to va\u0161a prijava bude odobrena, mo\u017eete se prijaviti za teorijski test. Najbolje je da se prijavite online.<\/p>\n<p>U kantonima Bern, Glarus, Solothurn, St. Gallen, Thurgau, Neuch\u00e2tel i Z\u00fcrich, teorijski ispit mo\u017eete polagati i na engleskom jeziku. Za vi\u0161e informacija obratite se lokalnoj upravi za cestovni promet.<\/p>\n<p>KORAK 4: PRIVREMENA \u0160VAJCARSKA VOZA\u010cKA DOZVOLA<br \/>\n\u010cestitamo, polo\u017eili ste teorijski ispit! Sada \u0107ete dobiti svoju privremenu \u0161vicarsku voza\u010dku dozvolu.<\/p>\n<p>KOLIKO DUGO VA\u017dI PRIVREMENA \u0160VAJCARSKA VOZA\u010cKA DOZVOLA?<br \/>\nPrivremena voza\u010dka dozvola va\u017ei 24 mjeseca i ne mo\u017ee se produ\u017eiti.<\/p>\n<p>\u0160TA SMIJETE RADITI SA SVOJOM PRIVREMENOM \u0160VAJCARSKOM VOZA\u010cKOM DOZVOLOM<br \/>\nMo\u017eete voziti pod nadzorom osobe starije od 23 godine koja posjeduje \u0161vicarsku voza\u010dku dozvolu najmanje tri godine i koja je zavr\u0161ila probni period.<\/p>\n<p>PRAVILA ZA PRATNJU VO\u017dNJE<br \/>\nGODINE I VOZA\u010cKA DOZVOLA<br \/>\nAko \u017eelite pratiti voza\u010da pripravnika, morate:<\/p>\n<p>imati najmanje 23 godine i<br \/>\nposjedovati voza\u010dku dozvolu iste kategorije kao i vozilo kojim upravljate najmanje tri godine.<br \/>\nVlasnici \u0161vicarske privremene voza\u010dke dozvole nemaju pravo pratiti voza\u010da po\u010detnika.<\/p>\n<p>NA PUTU<br \/>\nU saobra\u0107aju na putevima morate:<\/p>\n<p>osigurajte da va\u0161 pratilac vozi sigurno i po\u0161tuje saobra\u0107ajna pravila i<br \/>\nmo\u017ee lako dohvatiti i koristiti ru\u010dnu ko\u010dnicu (osim na poligonu za vje\u017ebanje i prilikom vo\u017enje unazad i parkiranja).<br \/>\nVoza\u010di po\u010detnici odgovorni su za saobra\u0107ajne prekr\u0161aje koje su mogli izbje\u0107i u skladu sa svojim voza\u010dkim vje\u0161tinama. Voza\u010di koji ih prate odgovorni su za krivi\u010dna djela ako prekr\u0161e svoje du\u017enosti.<\/p>\n<p>VO\u017dNJA POD UTICAJEM ALKOHOLA<br \/>\nNi voza\u010d pripravnik ni voza\u010d u pratnji ne smiju voziti pod utjecajem alkohola (\u2265 0,05 mg\/l koncentracije alkohola u dahu ili \u2265 0,1 % koncentracije alkohola u krvi).<\/p>\n<p>OPREMA VOZILA<br \/>\nTokom voza\u010dkog ispita, L-plo\u010dica (bijeli natpis na plavoj pozadini) mora biti jasno vidljiva na zadnjem dijelu vozila. U svim ostalim slu\u010dajevima mora se ukloniti.<\/p>\n<p>OSIGURANJE<br \/>\nSmiju se upravljati samo vozila koja su pokrivena osiguranjem od odgovornosti.<\/p>\n<p>JAHANJE<br \/>\nPrevoz putnika je uglavnom dozvoljen, ali postoje ograni\u010denja za odre\u0111ene kategorije vozila.<\/p>\n<p>Praksa vo\u017enje u inostranstvu sa pratnjom<br \/>\nDozvole za u\u010denje va\u017ee u \u0160vicarskoj, ali ne i u inostranstvu. Stoga, molimo Vas da se obratite nadle\u017enom diplomatskom predstavni\u0161tvu ili carinskoj slu\u017ebi za va\u017ee\u0107e propise.<\/p>","protected":false},"excerpt":{"rendered":"<p>\u0160VICARSKA VOZA\u010cKA DOZVOLA Da biste nau\u010dili voziti, potrebna vam je privremena \u0161vicarska voza\u010dka dozvola i polaganje teorijskog i prakti\u010dnog ispita.<\/p>","protected":false},"featured_media":22697,"template":"","meta":[],"product_brand":[],"product_cat":[927],"product_tag":[],"class_list":{"0":"post-22649","1":"product","2":"type-product","3":"status-publish","4":"has-post-thumbnail","6":"product_cat-fuehrerschein","8":"first","9":"instock","10":"taxable","11":"shipping-taxable","12":"purchasable","13":"product-type-simple"},"_links":{"self":[{"href":"https:\/\/primeprintingweb.com\/bs\/wp-json\/wp\/v2\/product\/22649","targetHints":{"allow":["GET"]}}],"collection":[{"href":"https:\/\/primeprintingweb.com\/bs\/wp-json\/wp\/v2\/product"}],"about":[{"href":"https:\/\/primeprintingweb.com\/bs\/wp-json\/wp\/v2\/types\/product"}],"version-history":[{"count":2,"href":"https:\/\/primeprintingweb.com\/bs\/wp-json\/wp\/v2\/product\/22649\/revisions"}],"predecessor-version":[{"id":22805,"href":"https:\/\/primeprintingweb.com\/bs\/wp-json\/wp\/v2\/product\/22649\/revisions\/22805"}],"wp:featuredmedia":[{"embeddable":true,"href":"https:\/\/primeprintingweb.com\/bs\/wp-json\/wp\/v2\/media\/22697"}],"wp:attachment":[{"href":"https:\/\/primeprintingweb.com\/bs\/wp-json\/wp\/v2\/media?parent=22649"}],"wp:term":[{"taxonomy":"product_brand","embeddable":true,"href":"https:\/\/primeprintingweb.com\/bs\/wp-json\/wp\/v2\/product_brand?post=22649"},{"taxonomy":"product_cat","embeddable":true,"href":"https:\/\/primeprintingweb.com\/bs\/wp-json\/wp\/v2\/product_cat?post=22649"},{"taxonomy":"product_tag","embeddable":true,"href":"https:\/\/primeprintingweb.com\/bs\/wp-json\/wp\/v2\/product_tag?post=22649"}],"curies":[{"name":"wp","href":"https:\/\/api.w.org\/{rel}","templated":true}]}}