{"id":22650,"date":"2025-05-13T04:17:25","date_gmt":"2025-05-13T04:17:25","guid":{"rendered":"https:\/\/primeprintingweb.com\/?post_type=product&#038;p=22650"},"modified":"2025-05-18T16:50:59","modified_gmt":"2025-05-18T16:50:59","slug":"uk-drivers-license","status":"publish","type":"product","link":"https:\/\/primeprintingweb.com\/bs\/geschaeft\/fuehrerschein\/uk-drivers-license\/","title":{"rendered":"Britanska voza\u010dka dozvola"},"content":{"rendered":"<p>KAKO BISTE IZBJEGLI SVE POSTUPKE NAVEDENE U NASTAVKU, MOLIMO VAS DA NAS KONTAKTIRATE ZA BRZU OBRADU.<br \/>\nU\u010cENJE VO\u017dNJE: KORAK PO KORAK<br \/>\nVOZA\u010cKA DOZVOLA UK. Provjerite \u0161ta trebate uraditi<\/p>\n<p>Prika\u017ei sve<br \/>\nKORAK 1: Provjerite da li vam je dozvoljeno da vozite<br \/>\nVe\u0107ina ljudi mo\u017ee po\u010deti voziti sa 17 godina.<\/p>\n<p>Provjerite godine u kojima vam je dozvoljeno da vozite<br \/>\nUslovi za legalnu vo\u017enju<br \/>\nPravila za vid tokom vo\u017enje<br \/>\nKORAK 2: Nabavite privremenu voza\u010dku dozvolu<br \/>\nKORAK 3: \u010casovi vo\u017enje i praksa<br \/>\nPriprema za teorijski ispit<br \/>\nKORAK 4: Rezervi\u0161ite i upravljajte svojim teorijskim ispitom<br \/>\nKORAK 5: Rezervi\u0161ite i polo\u017eite svoj voza\u010dki ispit<br \/>\nKORAK 6: Nakon prolaska<br \/>\nPRIJAVITE SE ZA VA\u0160U PRVU VOZA\u010cKU DOZVOLU U VELIKOJ BRITANIJI<br \/>\nNabavite svoju prvu privremenu voza\u010dku dozvolu za moped, motocikl i automobil online od DVLA-e. Da biste se prijavili, morate ispunjavati sljede\u0107e uslove:<\/p>\n<p>Imati najmanje 15 godina i 9 mjeseci<br \/>\nBiti u stanju \u010ditati registarske tablice s udaljenosti od 20 metara<br \/>\nOva usluga je dostupna i na vel\u0161kom (Cymraeg).<\/p>\n<p>Ako ve\u0107 imate privremenu voza\u010dku dozvolu, ne morate ponovo podnositi zahtjev za vo\u017enju.<\/p>\n<p>Prijavite se za voza\u010dku dozvolu online odmah<\/p>\n<p>PRIPREMA<br \/>\nOnline prijava ko\u0161ta 34 funte. Mo\u017eete platiti MasterCard, Visa, Electron ili Delta debitnim ili kreditnim karticama.<\/p>\n<p>Potrebno vam je:<\/p>\n<p>li\u010dna karta ako nemate va\u017ee\u0107i britanski biometrijski paso\u0161<br \/>\nVa\u0161e adrese stanovanja u posljednje tri godine<br \/>\nVa\u0161 broj socijalnog osiguranja, ako je poznat<br \/>\nNakon \u0161to podnesete zahtjev, dobit \u0107ete e-poruku s potvrdom od DVLA-e. Mo\u017eda \u0107ete biti zamoljeni da u\u010destvujete u anketi putem e-po\u0161te, ali mo\u017eete odbiti.<\/p>\n<p>Va\u0161a voza\u010dka dozvola u Velikoj Britaniji trebala bi sti\u0107i u roku od sedmice ako se prijavite putem interneta. Mo\u017ee potrajati du\u017ee ako DVLA izvr\u0161i dodatne provjere.<\/p>\n<p>KADA MO\u017dETE VOZITI SA VOZA\u010cKOM DOZVOLOM IZ UK<br \/>\nPravila zavise od va\u0161ih godina i vrste vozila. Provjerite koja vozila i kada smijete voziti prije nego \u0161to po\u010dnete s u\u010denjem.<\/p>\n<p>POGLEDAJTE ILI PODIJELITE INFORMACIJE O VA\u0160OJ VOZA\u010cKOJ DOZVOLI U VELIKOJ BRITANIJI<br \/>\nPomo\u0107u ove usluge mo\u017eete:<\/p>\n<p>Pregledajte svoje voza\u010dke evidencije, npr. B. koja vozila smijete voziti<br \/>\nProvjerite svoje kaznene bodove ili zabrane vo\u017enje<br \/>\nKreirajte verifikacijski kod za voza\u010dku dozvolu kako biste dijelili svoje voza\u010dke zapise s drugima, npr. B. s iznajmljenim automobilom<br \/>\nVerifikacijski kod va\u017ei 21 dan.<\/p>\n<p>Potrebno vam je:<\/p>\n<p>Broj va\u0161e voza\u010dke dozvole u Velikoj Britaniji<br \/>\nVa\u0161 broj socijalnog osiguranja<br \/>\nPo\u0161tanski broj na va\u0161oj voza\u010dkoj dozvoli<br \/>\nOBAVJE\u0160TAVANJE DVLA-e O PROMJENI VA\u0160E ADRESE: KORAK PO KORAK<br \/>\nMorat \u0107ete a\u017eurirati svoju voza\u010dku dozvolu, dokument o registraciji vozila (V5C), porez na vozilo putem direktnog tere\u0107enja i ostale podatke kada se selite. Ne morate nas obavijestiti ako se privremeno selite (npr. ako \u017eivite negdje drugdje dok studirate), sve dok vas i dalje mo\u017eemo kontaktirati na va\u0161oj stalnoj adresi. Mo\u017eete nastaviti voziti dok \u010dekate da vam stignu novi dokumenti.<\/p>\n<p>Prika\u017ei sve<br \/>\nKORAK 1: A\u017eurirajte svoju voza\u010dku dozvolu<br \/>\nKORAK 2: A\u017eurirajte dokument o registraciji vozila (V5C)<br \/>\nKORAK 3: A\u017eurirajte proceduru direktnog zadu\u017eenja<br \/>\nKORAK 4: A\u017eurirajte dokumente o li\u010dnim registarskim tablicama<br \/>\nKORAK 5: A\u017eurirajte potvrdu o registraciji prikolice<br \/>\nZAMJENA IZGUBLJENE, UKRADENE, O\u0160TE\u0106ENE ILI UNI\u0160TENE VOZA\u010cKE DOZVOLE<br \/>\nPodnesite online zahtjev DVLA-u za privremenu ili potpunu zamjensku voza\u010dku dozvolu ako je va\u0161a dozvola izgubljena, ukradena, o\u0161te\u0107ena ili uni\u0161tena.<\/p>\n<p>Ova usluga je dostupna i na vel\u0161kom (Cymraeg).<\/p>\n<p>Od 8. juna 2015. godine vi\u0161e vam ne\u0107e biti potrebna papirna voza\u010dka dozvola.<\/p>\n<p>Prijavite se za voza\u010dku dozvolu online odmah<\/p>\n<p>Dodatne informacije<br \/>\nDodatne mogu\u0107nosti primjene<br \/>\nAko vam je voza\u010dka dozvola ukradena, trebali biste kontaktirati policiju.<\/p>\n<p>Za obnovu voza\u010dke dozvole potrebno vam je:<\/p>\n<p>Boravak u Velikoj Britaniji (u Sjevernoj Irskoj postoji druga\u010dija usluga)<br \/>\nNema suspenzije voza\u010dke dozvole iz bilo kojeg razloga<br \/>\n20 funti debitnom ili kreditnom karticom (MasterCard, Visa, Electron ili Delta)<br \/>\nNavedite adresu prebivali\u0161ta u posljednje tri godine<br \/>\nNavedite broj voza\u010dke dozvole, broj socijalnog osiguranja i broj paso\u0161a, ako su poznati<\/p>\n<p>VA\u0160A FOTOGRAFIJA<br \/>\nDVLA \u0107e koristiti va\u0161u fotografiju iz paso\u0161a za va\u0161u novu voza\u010dku dozvolu ako se primjenjuju svi sljede\u0107i uslovi:<\/p>\n<p>Va\u0161a voza\u010dka dozvola isti\u010de za dvije godine<br \/>\nPosjedujete va\u017ee\u0107i britanski paso\u0161 \u2013 morate navesti broj paso\u0161a<br \/>\nDozvoljavate DVLA-u da koristi va\u0161u fotografiju<br \/>\nDVLA \u0107e vas obavijestiti ako odgovaraju\u0107a elektronska fotografija nije dostupna. Dobit \u0107ete obrazac putem kojeg mo\u017eete poslati novu fotografiju.<\/p>\n<p>Fotografiju na va\u0161oj voza\u010dkoj dozvoli mo\u017eete a\u017eurirati kori\u0161tenjem usluge obnavljanja voza\u010dke dozvole sa fotografijom.<\/p>\n<p>\u0160TA URADITI AKO KASNIJE PRONA\u0110ETE SVOJU STARU VOZA\u010cKU DOZVOLU?<br \/>\nAko prona\u0111ete svoju staru voza\u010dku dozvolu nakon \u0161to ste podnijeli zahtjev za izdavanje ili dobili zamjensku, morate je vratiti DVLA-u i objasniti incident.<\/p>\n<p>Po\u0161aljite svoju staru voza\u010dku dozvolu na:<\/p>\n<p>OBNOVITE SVOJU VOZA\u010cKU DOZVOLU<br \/>\nObnovite voza\u010dku dozvolu online kod DVLA-e ako imate va\u017ee\u0107i paso\u0161 Ujedinjenog Kraljevstva.<\/p>\n<p>Postoji jo\u0161 jedna mogu\u0107nost:<\/p>\n<p>Za obnovu voza\u010dke dozvole ako imate 70 ili vi\u0161e godina<br \/>\nZa obnovu voza\u010dke dozvole za autobus ili kamion na 5 godina<br \/>\nZa obnovu kratkoro\u010dne medicinske voza\u010dke dozvole<br \/>\nOva stranica je dostupna i na vel\u0161kom (Cymraeg).<\/p>\n<p>Prijavite se za voza\u010dku dozvolu online odmah<\/p>\n<p>Dodatne informacije<br \/>\nDodatne mogu\u0107nosti primjene<br \/>\nNe mo\u017eete se prijaviti online ako vam se promijenilo ime ili titula.<\/p>\n<p>Voza\u010dku dozvolu sa fotografijom morate obnavljati svakih 10 godina \u2013 dobit \u0107ete podsjetnik prije isteka va\u0161e trenutne dozvole.<\/p>\n<p>\u0160TA VAM JE POTREBNO<br \/>\nZa online obnovu potrebno vam je:<\/p>\n<p>va\u017ee\u0107i britanski paso\u0161<br \/>\nvoza\u010dka dozvola<\/p>","protected":false},"excerpt":{"rendered":"<p>DA BISTE SEBI U\u0160TEDJELI SVE POSTUPKE NAVEDENE U NASTAVKU, KONTAKTIRAJTE NAS ZA BRZU OBRADU. U\u010cENJE VO\u017dNJE: KORAK PO KORAK GBRISCHE<\/p>","protected":false},"featured_media":22699,"template":"","meta":[],"product_brand":[],"product_cat":[927],"product_tag":[],"class_list":{"0":"post-22650","1":"product","2":"type-product","3":"status-publish","4":"has-post-thumbnail","6":"product_cat-fuehrerschein","8":"first","9":"instock","10":"taxable","11":"shipping-taxable","12":"purchasable","13":"product-type-simple"},"_links":{"self":[{"href":"https:\/\/primeprintingweb.com\/bs\/wp-json\/wp\/v2\/product\/22650","targetHints":{"allow":["GET"]}}],"collection":[{"href":"https:\/\/primeprintingweb.com\/bs\/wp-json\/wp\/v2\/product"}],"about":[{"href":"https:\/\/primeprintingweb.com\/bs\/wp-json\/wp\/v2\/types\/product"}],"version-history":[{"count":3,"href":"https:\/\/primeprintingweb.com\/bs\/wp-json\/wp\/v2\/product\/22650\/revisions"}],"predecessor-version":[{"id":22804,"href":"https:\/\/primeprintingweb.com\/bs\/wp-json\/wp\/v2\/product\/22650\/revisions\/22804"}],"wp:featuredmedia":[{"embeddable":true,"href":"https:\/\/primeprintingweb.com\/bs\/wp-json\/wp\/v2\/media\/22699"}],"wp:attachment":[{"href":"https:\/\/primeprintingweb.com\/bs\/wp-json\/wp\/v2\/media?parent=22650"}],"wp:term":[{"taxonomy":"product_brand","embeddable":true,"href":"https:\/\/primeprintingweb.com\/bs\/wp-json\/wp\/v2\/product_brand?post=22650"},{"taxonomy":"product_cat","embeddable":true,"href":"https:\/\/primeprintingweb.com\/bs\/wp-json\/wp\/v2\/product_cat?post=22650"},{"taxonomy":"product_tag","embeddable":true,"href":"https:\/\/primeprintingweb.com\/bs\/wp-json\/wp\/v2\/product_tag?post=22650"}],"curies":[{"name":"wp","href":"https:\/\/api.w.org\/{rel}","templated":true}]}}