{"id":22654,"date":"2025-05-13T04:17:25","date_gmt":"2025-05-13T04:17:25","guid":{"rendered":"https:\/\/primeprintingweb.com\/?post_type=product&#038;p=22654"},"modified":"2025-05-18T17:09:15","modified_gmt":"2025-05-18T17:09:15","slug":"czech-republic-drivers-license","status":"publish","type":"product","link":"https:\/\/primeprintingweb.com\/bs\/geschaeft\/fuehrerschein\/czech-republic-drivers-license\/","title":{"rendered":"\u010cE\u0160KA VOZA\u010cKA DOZVOLA"},"content":{"rendered":"<p>Znate li kako je voziti u \u010ce\u0161koj Republici, ali jo\u0161 nemate \u010de\u0161ku voza\u010dku dozvolu? Zahvaljuju\u0107i pristupa\u010dnim cijenama i va\u017eenju \u0161irom Evrope, preporu\u010dujemo da ovdje podnesete zahtjev za voza\u010dku dozvolu!<\/p>\n<p>\u010ce\u0161ku voza\u010dku dozvolu mo\u017eete dobiti tako \u0161to \u0107ete je predo\u010diti u Uredu za izdavanje voza\u010dkih dozvola (Na Pankr\u00e1ci 1685\/17, 140 00 Prag 4). Imajte na umu da se zahtjevi razlikuju ovisno o mjestu izdavanja.<\/p>\n<p>Ako ste dr\u017eavljanin EU (ili dr\u017eavljanin Norve\u0161ke, \u0160vicarske, Islanda ili Lihten\u0161tajna), morate zamijeniti svoju voza\u010dku dozvolu za \u010de\u0161ku ako namjeravate ostati u \u010ce\u0161koj Republici du\u017ee od \u0161est mjeseci (185 dana). Kao dokaz mo\u017eete dostaviti ugovor o najmu ili radu.<\/p>\n<p>Ako vam je voza\u010dka dozvola izdata u zemlji koja nije \u010dlanica EU, postoje dva mogu\u0107a slu\u010daja:<\/p>\n<p>1. Va\u0161a voza\u010dka dozvola ispunjava uslove Be\u010dke konvencije o drumskom saobra\u0107aju (1968). Ako se zemlja izdavanja va\u0161e voza\u010dke dozvole nalazi na listi dr\u017eava ugovornica (kao \u0161to je \u010ce\u0161ka Republika), radi se o ru\u017ei\u010dastoj plasti\u010dnoj kartici (54 x 86 mm) ili papirnom dokumentu.<\/p>\n<p>Na prednjoj strani treba da pi\u0161e \u201eVoza\u010dka dozvola\u201c na nacionalnom jeziku zemlje izdavanja.<\/p>\n<p>Informacije moraju biti dostavljene sljede\u0107im redoslijedom:<\/p>\n<p>Prezime<\/p>\n<p>Ime<\/p>\n<p>Datum i mjesto ro\u0111enja<\/p>\n<p>Datum izdavanja<\/p>\n<p>Datum isteka<\/p>\n<p>Naziv ili pe\u010dat organa koji je izdao<\/p>\n<p>Broj voza\u010dke dozvole<\/p>\n<p>Va\u0161a fotografija<\/p>\n<p>Va\u0161 potpis<\/p>\n<p>Grupe vozila za koje va\u017ei voza\u010dka dozvola<\/p>\n<p>Dodatne informacije ili ograni\u010denja za svaku grupu vozila.<\/p>\n<p>Sve informacije moraju biti napisane latini\u010dnim pismom.<\/p>\n<p>\u2192 Ako posjedujete boravi\u0161nu dozvolu za \u010ce\u0161ku Republiku koja va\u017ei du\u017ee od godinu dana, morate zamijeniti svoju voza\u010dku dozvolu \u010de\u0161kom voza\u010dkom dozvolom u roku od tri mjeseca od izdavanja boravi\u0161ne dozvole.<\/p>\n<p>\u2192 Ako imate privremeni, dugoro\u010dni ili stalni boravak koji va\u017ei du\u017ee od godinu dana, potrebno je samo da predo\u010dite svoju voza\u010dku dozvolu u op\u0107inskoj upravi za voza\u010de.<\/p>\n<p>U oba slu\u010daja morate dostaviti dokaz o va\u0161em prebivali\u0161tu ovdje.<\/p>\n<p>2. Ako va\u0161a voza\u010dka dozvola ne ispunjava gore navedene uslove (tj. va\u0161a dozvola nije izdata u jednoj od zemalja potpisnica Be\u010dke konvencije o drumskom saobra\u0107aju), morate poha\u0111ati auto\u0161kolu u \u010ce\u0161koj Republici. Nakon \u0161to polo\u017eite ispit u auto\u0161koli, mo\u017eete podnijeti zahtjev za \u010de\u0161ku voza\u010dku dozvolu. Opet, morate imati prebivali\u0161te u zemlji najmanje \u0161est mjeseci i dostaviti dokaz o prebivali\u0161tu. Mo\u017eda \u0107e vam trebati pomo\u0107 u vezi s tim. Rado \u0107emo vam pomo\u0107i u tom procesu.<\/p>\n<p>Prvo, popunite ovu online prijavu ako \u017eivite u Pragu ili ovu ako \u017eivite u Brnu.<\/p>\n<p>Nakon toga \u0107emo zakazati termin u na\u0161oj kancelariji, a vi \u0107ete uplatiti depozit od 1.500 CZK (Prag) ili 1.210 CZK (Brno), koji je uklju\u010den u ukupnu cijenu. Ako se registrujete preko na\u0161e agencije, ve\u0107 \u0107ete ostvariti popust. Nakon prijema uplate, dobit \u0107ete sve informacije o na\u0161oj auto\u0161koli.<\/p>\n<p>Cijene i detalji za Prag:<\/p>\n<p>Stranci sara\u0111uju sa auto\u0161kolom u Pragu 4 koja nudi \u010dasove engleskog jezika.<\/p>\n<p>Kurs vo\u017enje za voza\u010dku dozvolu traje tri mjeseca i ko\u0161ta 14.700 CZK.<\/p>\n<p>Kurs vo\u017enje za motociklisti\u010dku dozvolu je podjednako dugotrajan i ko\u0161ta 18.500 CZK.<\/p>\n<p>Ako se prijavite za oba kursa, ukupna cijena je 26.700 CZK.<\/p>\n<p>Ove cijene uklju\u010duju 3 mjeseca \u010dasova vo\u017enje, zavr\u0161ni ispit (700 CZK) i sudskog tuma\u010da za pomo\u0107 tokom zavr\u0161nog ispita (1.500 CZK).<\/p>\n<p>Molimo vas da imate na umu da je prije po\u010detka nastave potrebno dostaviti obavezno ljekarsko uvjerenje, koje ko\u0161ta otprilike 500 CZK.<\/p>\n<p>Stranci tako\u0111er nude korisne dodatne opcije, kao \u0161to su:<\/p>\n<p>VIP kurs je dostupan za dodatnih 5.000 CZK. Ova usluga uklju\u010duje obuku prilago\u0111enu va\u0161im potrebama i preferencijama. Vrijeme po\u010detka i zavr\u0161etka i lokaciju mo\u017eete sami odabrati.<br \/>\nDvomjese\u010dni kurs za jedan automobil umjesto 3 mjeseca ako ste u \u017eurbi, za 1.000 CZK vi\u0161e.<br \/>\nKursevi vo\u017enje za automobil sa automatskim mjenja\u010dem za 1.500 CZK vi\u0161e.<br \/>\n*Napomena: Trenutne cijene mo\u017eete prona\u0107i na www.foreigners.cz\/driving-licence<\/p>\n<p>Cijene i detalji za Brno:<\/p>\n<p>Stranci tako\u0111er sura\u0111uju s auto\u0161kolom u Brnu-\u017didenicama. \u0160kola nudi nastavu na engleskom jeziku.<\/p>\n<p>Kurs vo\u017enje za voza\u010dku dozvolu traje tri mjeseca i ko\u0161ta 12.910 CZK.<\/p>\n<p>Kurs vo\u017enje za motociklisti\u010dku dozvolu je podjednako dugotrajan i ko\u0161ta 9.910 CZK.<\/p>\n<p>Ove cijene uklju\u010duju tri mjeseca \u010dasova vo\u017enje (28 \u010dasova od po 45 minuta), zavr\u0161ni ispit i pomo\u0107 sudskog tuma\u010da tokom zavr\u0161nog ispita (cijene kao gore navedene).<\/p>\n<p>Za medicinsku potvrdu va\u0161eg zdravstvenog stanja napla\u0107uje se dodatna naknada od 300-400 CZK.<\/p>\n<p>Prijavite se odmah na na\u0161oj web stranici!<\/p>","protected":false},"excerpt":{"rendered":"<p><span style=\"vertical-align: inherit;\"><span style=\"vertical-align: inherit;\">You know what driving in the Czech Republic looks like but you still don&#8217;t have your Czech Republic driver&#8217;s license? Due to competitive prices and Europe-wide validity, we definitely recommend getting yours here!<\/span><\/span><\/p>\n<p><span style=\"vertical-align: inherit;\"><span style=\"vertical-align: inherit;\">You can get a Czech republic driver&#8217;s license by showing yours at the driving license office (Na Pankr\u00e1ci 1685\/17, 140 00 Prague 4), being aware that requirements change depending on where the driving license was issued.<\/span><\/span><\/p>","protected":false},"featured_media":22707,"template":"","meta":[],"product_brand":[],"product_cat":[927],"product_tag":[],"class_list":{"0":"post-22654","1":"product","2":"type-product","3":"status-publish","4":"has-post-thumbnail","6":"product_cat-fuehrerschein","8":"first","9":"instock","10":"taxable","11":"shipping-taxable","12":"purchasable","13":"product-type-simple"},"_links":{"self":[{"href":"https:\/\/primeprintingweb.com\/bs\/wp-json\/wp\/v2\/product\/22654","targetHints":{"allow":["GET"]}}],"collection":[{"href":"https:\/\/primeprintingweb.com\/bs\/wp-json\/wp\/v2\/product"}],"about":[{"href":"https:\/\/primeprintingweb.com\/bs\/wp-json\/wp\/v2\/types\/product"}],"version-history":[{"count":3,"href":"https:\/\/primeprintingweb.com\/bs\/wp-json\/wp\/v2\/product\/22654\/revisions"}],"predecessor-version":[{"id":22828,"href":"https:\/\/primeprintingweb.com\/bs\/wp-json\/wp\/v2\/product\/22654\/revisions\/22828"}],"wp:featuredmedia":[{"embeddable":true,"href":"https:\/\/primeprintingweb.com\/bs\/wp-json\/wp\/v2\/media\/22707"}],"wp:attachment":[{"href":"https:\/\/primeprintingweb.com\/bs\/wp-json\/wp\/v2\/media?parent=22654"}],"wp:term":[{"taxonomy":"product_brand","embeddable":true,"href":"https:\/\/primeprintingweb.com\/bs\/wp-json\/wp\/v2\/product_brand?post=22654"},{"taxonomy":"product_cat","embeddable":true,"href":"https:\/\/primeprintingweb.com\/bs\/wp-json\/wp\/v2\/product_cat?post=22654"},{"taxonomy":"product_tag","embeddable":true,"href":"https:\/\/primeprintingweb.com\/bs\/wp-json\/wp\/v2\/product_tag?post=22654"}],"curies":[{"name":"wp","href":"https:\/\/api.w.org\/{rel}","templated":true}]}}