{"id":22655,"date":"2025-05-13T04:17:25","date_gmt":"2025-05-13T04:17:25","guid":{"rendered":"https:\/\/primeprintingweb.com\/?post_type=product&#038;p=22655"},"modified":"2025-05-18T17:07:15","modified_gmt":"2025-05-18T17:07:15","slug":"canadian-drivers-license","status":"publish","type":"product","link":"https:\/\/primeprintingweb.com\/bs\/geschaeft\/fuehrerschein\/canadian-drivers-license\/","title":{"rendered":"KANADSKA VOZA\u010cKA DOZVOLA"},"content":{"rendered":"<div class=\"woocommerce-tabs wc-tabs-wrapper\">\n<div id=\"tab-description\" class=\"woocommerce-Tabs-panel woocommerce-Tabs-panel--description panel entry-content wc-tab\" role=\"tabpanel\" aria-labelledby=\"tab-title-description\">\n<p>VO\u017dNJA U KANADI<\/p>\n<p>Saznajte vi\u0161e o kanadskim voza\u010dkim dozvolama, osiguranju automobila, saobra\u0107ajnim zakonima i propisima, kupovini ili leasingu automobila i sigurnosti.<\/p>\n<p>NA OVOJ STRANICI<br \/>\nKanadska voza\u010dka dozvola<br \/>\nOsiguranje automobila<br \/>\nSaobra\u0107ajni zakoni i propisi<br \/>\nKupovina ili lizing automobila<br \/>\nSigurnost<br \/>\nKANADSKA VOZA\u010cKA DOZVOLA<br \/>\nDa biste legalno vozili u Kanadi, potrebna vam je kanadska voza\u010dka dozvola koju je izdala vlada va\u0161e provincije ili teritorije. Morate ga uvijek imati sa sobom. Ovo vam omogu\u0107ava da vozite bilo gdje u Kanadi.<\/p>\n<p>Ako imate va\u017ee\u0107u voza\u010dku dozvolu iz svoje zemlje, vjerovatno je mo\u017eete koristiti za vo\u017enju u Kanadi kratak period nakon dolaska. Za detalje se obratite svojoj pokrajinskoj ili teritorijalnoj vladi.<\/p>\n<p>Ako \u017eelite koristiti stranu voza\u010dku dozvolu u Kanadi, trebali biste podnijeti zahtjev za me\u0111unarodnu voza\u010dku dozvolu (IDP) u svojoj zemlji. Me\u0111unarodna voza\u010dka dozvola (IDP) \u0107e vam dostaviti prevod va\u0161e voza\u010dke dozvole na francuski i engleski jezik.<\/p>\n<p>Proces dobijanja kanadske voza\u010dke dozvole zavisi od provincije ili teritorije u kojoj \u017eivite i va\u0161ih voza\u010dkih vje\u0161tina. Mo\u017ee uklju\u010divati:<\/p>\n<p>pismeni test o saobra\u0107ajnim pravilima (za to \u0107ete dobiti vodi\u010d za u\u010denje)<br \/>\njedan ili dva voza\u010dka ispita<br \/>\nMo\u017eete poha\u0111ati pla\u0107ene \u010dasove vo\u017enje kako biste se pripremili za voza\u010dke ispite. Potra\u017eite \u010dasove vo\u017enje na internetu.<\/p>\n<p>Nakon \u0161to dobijete voza\u010dku dozvolu, morate je redovno obnavljati. Datum isteka je od\u0161tampan na va\u0161oj voza\u010dkoj dozvoli.<\/p>\n<p>Saznajte vi\u0161e o voza\u010dkim dozvolama, testovima i \u010dasovima vo\u017enje od Ministarstva prometa va\u0161e pokrajine ili teritorije.<\/p>\n<p>Alberta<br \/>\nBritanska Kolumbija<br \/>\nManitoba<br \/>\nNovi Brunsvik<br \/>\nNewfoundland i Labrador<br \/>\nSjeverozapadni teritoriji<br \/>\nNova \u0160kotska<br \/>\nNunavut<br \/>\nOntario<br \/>\nOstrvo Princa Edvarda<br \/>\nKvebek<br \/>\nSaskatchewan<br \/>\nJukon<br \/>\nOSIGURANJE AUTOMOBILA<br \/>\nU Kanadi je vo\u017enja bez osiguranja automobila ilegalna. Kao vlasnik automobila, morate uzeti osiguranje. Ako redovno vozite automobil ro\u0111aka ili prijatelja, trebali biste se uvjeriti da ste uklju\u010deni u njihov plan auto osiguranja.<\/p>\n<p>Postoje razli\u010dite vrste auto osiguranja koje pokrivaju:<\/p>\n<p>Samopovre\u0111ivanje i o\u0161te\u0107enje va\u0161eg vozila ili<br \/>\ntro\u0161kove \u0161tete i povreda tre\u0107ih strana ako ste odgovorni za nesre\u0107u.<br \/>\nCijena osiguranja va\u0161eg automobila zavisi od plana koji odaberete i sljede\u0107ih faktora:<\/p>\n<p>Staro<br \/>\nPona\u0161anje u vo\u017enji<br \/>\nMjesto stanovanja<br \/>\nIskustvo vo\u017enje<br \/>\nTro\u0161kovi se tako\u0111er razlikuju izme\u0111u osiguravaju\u0107ih dru\u0161tava. Stoga biste trebali:<\/p>\n<p>Pobrinite se da razumijete prednosti svakog plana.<br \/>\nKontaktirajte nekoliko kompanija kako biste saznali detalje o cijenama njihovih planova osiguranja.<br \/>\nSAOBRA\u0106AJNI ZAKONI I PRAVILA<br \/>\nMorate se pridr\u017eavati kanadskih saobra\u0107ajnih zakona. Prije nego \u0161to krenete voziti, provjerite zakone va\u0161e pokrajine ili teritorije.<\/p>\n<p>Za kompletnu listu zakona i pravila vo\u017enje, molimo Vas da se konsultujete sa vodi\u010dem za vo\u017enju koji je izdala uprava za automobile i saobra\u0107aj u Va\u0161oj pokrajini ili teritoriji. Ovi vodi\u010di su obi\u010dno dostupni u servisnim centrima, online i u trgovinama.<\/p>\n<p>Saobra\u0107ajni zakoni u Kanadi se strogo sprovode. Kr\u0161enje zakona se obi\u010dno strogo ka\u017enjava. Saznajte vi\u0161e o najva\u017enijim zakonima.<\/p>\n<p>AKO STE DO\u017dIVJELI NESRE\u0106U<br \/>\nNapu\u0161tanje mjesta nesre\u0107e bez dozvole je ozbiljan zlo\u010din. Ovo se odnosi i na nesre\u0107e s drugim vozilima ili udar u pje\u0161aka. U slu\u010daju nesre\u0107e:<\/p>\n<p>Nazovite broj za hitne slu\u010dajeve (911) da biste pozvali policiju i hitnu pomo\u0107 (ako je potrebno).<\/p>\n<p>Sa\u010dekajte na mjestu nesre\u0107e dok ne stignu hitne slu\u017ebe.<\/p>\n<p>Razmijenite informacije s drugom stranom uklju\u010denom u nesre\u0107u (ako je u nesre\u0107i u\u010destvovalo i drugo vozilo), uklju\u010duju\u0107i:<br \/>\nime<br \/>\nadresa<br \/>\nBroj telefona<br \/>\nregistarska tablica<br \/>\nBrojevi voza\u010dkih dozvola<br \/>\nNaziv osiguravaju\u0107e ku\u0107e<br \/>\nBroj osiguranja<br \/>\nKUPOVINA ILI NAJAM AUTOMOBILA<br \/>\nMo\u017eete istra\u017eivati online ili pozvati odjel za saobra\u0107aj va\u0161eg grada kako biste saznali vi\u0161e o prodava\u010dima automobila ili kompanijama za iznajmljivanje automobila.<\/p>\n<p>Ako vam je automobil potreban samo na kratko vrijeme, mo\u017eete ga iznajmiti od kompanije za iznajmljivanje automobila. Pobrinite se da va\u0161 ugovor o najmu uklju\u010duje osiguranje automobila ako vam je potrebno. Neki gradovi imaju programe dijeljenja automobila koji vam omogu\u0107avaju kori\u0161tenje automobila bez potrebe za kupovinom, leasingom ili iznajmljivanjem. Provjerite da li ova opcija odgovara va\u0161im potrebama.<\/p>\n<p>KUPOVINA AUTOMOBILA<br \/>\nNovi ili polovni automobil mo\u017eete kupiti od:<\/p>\n<p>prodava\u010d automobila<br \/>\nOsoba koja prodaje svoj automobil<br \/>\nZa informacije i pomo\u0107 pri kupovini automobila, obratite se nadle\u017enim organima za motorna vozila i saobra\u0107aj u va\u0161oj pokrajini ili teritoriji. Informacije o problemima potro\u0161a\u010da vezanim za kupovinu vozila mogu se prona\u0107i u Kanadskom priru\u010dniku za potro\u0161a\u010de.<br \/>\nObratite se svojoj pokrajinskoj ili teritorijalnoj agenciji za za\u0161titu potro\u0161a\u010da.<br \/>\nLEASING AUTOMOBILA<br \/>\nUmjesto kupovine automobila, mnogi ljudi u Kanadi iznajmljuju automobil od prodava\u010da automobila. Ugovor o najmu je pravni ugovor izme\u0111u vas i prodavca u kojem vi:<\/p>\n<p>pristajete na pla\u0107anje naknade za kori\u0161tenje vozila za odre\u0111eni period (obi\u010dno nekoliko godina) i<br \/>\nvratite vozilo prodavcu u besprijekornom stanju nakon isteka roka.<br \/>\nBudu\u0107i da je ugovor o zakupu pravni ugovor, trebali biste razumjeti uslove zakupa prije potpisivanja.<\/p>\n<p>SIGURNOST<br \/>\nKanadsko vije\u0107e za sigurnost pru\u017ea informacije o tome \u0161ta voza\u010di mogu u\u010diniti kako bi pobolj\u0161ali sigurnost u saobra\u0107aju.<\/p>\n<p>Sigurnost u Kanadi.<\/p>\n<p>Upoznajte se sa sigurnosnim aspektima vo\u017enje zimi. Snijeg i led predstavljaju zna\u010dajne opasnosti u ve\u0107em dijelu Kanade. Vozite polako po snijegu i ledu. Tako\u0111er je preporu\u010dljivo kupiti posebne zimske gume za va\u0161 automobil (u nekim pokrajinama je to obavezno).<\/p>\n<\/div>\n<\/div>","protected":false},"excerpt":{"rendered":"<p><span style=\"vertical-align: inherit;\"><span style=\"vertical-align: inherit;\">Da biste legalno vozili automobil u Kanadi, potrebna vam je kanadska voza\u010dka dozvola koju je izdala vlada va\u0161e provincije ili teritorije. Morate ga imati sa sobom kad god vozite. S njim mo\u017eete voziti bilo gdje u Kanadi.<\/span><\/span><\/p>","protected":false},"featured_media":22709,"template":"","meta":[],"product_brand":[],"product_cat":[927],"product_tag":[],"class_list":{"0":"post-22655","1":"product","2":"type-product","3":"status-publish","4":"has-post-thumbnail","6":"product_cat-fuehrerschein","8":"first","9":"instock","10":"taxable","11":"shipping-taxable","12":"purchasable","13":"product-type-simple"},"_links":{"self":[{"href":"https:\/\/primeprintingweb.com\/bs\/wp-json\/wp\/v2\/product\/22655","targetHints":{"allow":["GET"]}}],"collection":[{"href":"https:\/\/primeprintingweb.com\/bs\/wp-json\/wp\/v2\/product"}],"about":[{"href":"https:\/\/primeprintingweb.com\/bs\/wp-json\/wp\/v2\/types\/product"}],"version-history":[{"count":3,"href":"https:\/\/primeprintingweb.com\/bs\/wp-json\/wp\/v2\/product\/22655\/revisions"}],"predecessor-version":[{"id":22825,"href":"https:\/\/primeprintingweb.com\/bs\/wp-json\/wp\/v2\/product\/22655\/revisions\/22825"}],"wp:featuredmedia":[{"embeddable":true,"href":"https:\/\/primeprintingweb.com\/bs\/wp-json\/wp\/v2\/media\/22709"}],"wp:attachment":[{"href":"https:\/\/primeprintingweb.com\/bs\/wp-json\/wp\/v2\/media?parent=22655"}],"wp:term":[{"taxonomy":"product_brand","embeddable":true,"href":"https:\/\/primeprintingweb.com\/bs\/wp-json\/wp\/v2\/product_brand?post=22655"},{"taxonomy":"product_cat","embeddable":true,"href":"https:\/\/primeprintingweb.com\/bs\/wp-json\/wp\/v2\/product_cat?post=22655"},{"taxonomy":"product_tag","embeddable":true,"href":"https:\/\/primeprintingweb.com\/bs\/wp-json\/wp\/v2\/product_tag?post=22655"}],"curies":[{"name":"wp","href":"https:\/\/api.w.org\/{rel}","templated":true}]}}