{"id":22656,"date":"2025-05-13T04:17:25","date_gmt":"2025-05-13T04:17:25","guid":{"rendered":"https:\/\/primeprintingweb.com\/?post_type=product&#038;p=22656"},"modified":"2025-05-18T17:05:27","modified_gmt":"2025-05-18T17:05:27","slug":"belgian-drivers-license","status":"publish","type":"product","link":"https:\/\/primeprintingweb.com\/bs\/geschaeft\/fuehrerschein\/belgian-drivers-license\/","title":{"rendered":"BELGIJSKA VOZA\u010cKA DOZVOLA"},"content":{"rendered":"<div class=\"woocommerce-tabs wc-tabs-wrapper\">\n<div id=\"tab-description\" class=\"woocommerce-Tabs-panel woocommerce-Tabs-panel--description panel entry-content wc-tab\" role=\"tabpanel\" aria-labelledby=\"tab-title-description\">\n<p>KAKO DOBITI BELGIJSKU VOZA\u010cKU DOZVOLU<\/p>\n<p>Ako studirate ili radite u Belgiji, mo\u017eda biste \u017eeljeli dobiti belgijsku voza\u010dku dozvolu tokom boravka. Ako imate stranu voza\u010dku dozvolu, mo\u017eda \u0107ete je mo\u0107i zamijeniti za belgijsku ili \u0107ete mo\u017eda morati polo\u017eiti teorijski ispit i voza\u010dki ispit. Dobra informiranost o va\u0161im mogu\u0107nostima klju\u010dna je za u\u0161tedu vremena i novca prilikom dobijanja voza\u010dke dozvole u Belgiji.<\/p>\n<p>Ako dolazite iz zemlje EU koja ima sporazum s Belgijom o priznavanju stranih voza\u010dkih dozvola EU, voza\u010dku dozvolu mo\u017eete dobiti u Belgiji. Mo\u017eda \u0107ete tako\u0111er morati imati me\u0111unarodnu voza\u010dku dozvolu (s prijevodom ako je potrebno). Za vi\u0161e informacija o zamjeni voza\u010dke dozvole, registraciji me\u0111unarodne voza\u010dke dozvole i podno\u0161enju zahtjeva za belgijsku voza\u010dku dozvolu, obratite se lokalnoj gradskoj vije\u0107nici (Maison Communale\/Stadhuis) ili op\u0107inskoj kancelariji.<\/p>\n<p>\u0160TA JE SA GRA\u0110ANIMA EGP-a KOJI VOZE U BELGIJI?<br \/>\nNe morate zamijeniti voza\u010dku dozvolu ako ste stranac koji se seli u Belgiju iz zemlje Evropskog ekonomskog prostora (EU plus Island, Lihten\u0161tajn i Norve\u0161ka).<\/p>\n<p>Dobro je znati:<\/p>\n<p>Registrujte svoju voza\u010dku dozvolu kod lokalnih vlasti. U slu\u010daju gubitka ili kra\u0111e, dobit \u0107ete zamjensku belgijsku voza\u010dku dozvolu.<br \/>\nVoza\u010dku dozvolu EEA mo\u017eete zamijeniti belgijskom voza\u010dkom dozvolom kao lokalnim identifikacijskim dokumentom.<br \/>\nVe\u0107ina voza\u010dkih dozvola EU va\u017ei deset godina. Neograni\u010dene voza\u010dke dozvole mo\u017eda \u0107e trebati obnoviti dvije godine nakon \u0161to se zvani\u010dno registrujete kao stanovnik Belgije.<\/p>\n<p>\u0160TA AKO STE DR\u017dAVLJANIN ZEMLJE IZVAN EGP-a?<br \/>\nAko niste dr\u017eavljanin EEA, trebali biste znati sljede\u0107e:<\/p>\n<p>Svoju stranu voza\u010dku dozvolu mo\u017eete koristiti do \u0161est mjeseci. Ako ostanete du\u017ee od \u0161est mjeseci ili se registrujete kao stanovnik Belgije, trebat \u0107e vam belgijska voza\u010dka dozvola.<br \/>\nProvjerite u svojoj mati\u010dnoj zemlji ili lokalnoj op\u0107ini da li vam je potrebna me\u0111unarodna voza\u010dka dozvola (IDP) i prevod va\u0161e voza\u010dke dozvole.<br \/>\nMnoge zemlje izvan EEA imaju sporazume s Belgijom koji omogu\u0107avaju jednostavnu zamjenu voza\u010dke dozvole za belgijsku. Me\u0111utim, morate biti registrovani u op\u0107ini i imati belgijsku dozvolu boravka. Ako ste dr\u017eavljanin zemlje izvan EEA, mo\u017eete provjeriti web stranicu belgijske vlade kako biste vidjeli postoji li sli\u010dan sporazum za va\u0161u zemlju.<\/p>\n<p>Ako va\u0161a zemlja nema takav sporazum s Belgijom, morate polo\u017eiti belgijske teorijske i prakti\u010dne voza\u010dke ispite. Posjetite ispitne centre (GOCA ili SBAT). Tamo se teorijski ispit mo\u017ee polagati na engleskom jeziku ako se unaprijed rezervirate.<br \/>\nAko ste ve\u0107 zamijenili stranu voza\u010dku dozvolu za voza\u010dku dozvolu iz druge zemlje EU, ona \u0107e biti priznata i u Belgiji.<br \/>\nZAVR\u0160ETAK BELGIJSKOG TEORIJSKOG I VOZA\u010cKOG ISPITA<br \/>\nAko morate polagati teorijski i voza\u010dki ispit za belgijsku voza\u010dku dozvolu, trebali biste znati sljede\u0107e:<\/p>\n<p>Voza\u010dki ispit se odr\u017eava u slu\u017ebenom ispitnom centru. Ispit se mo\u017ee polagati na francuskom ili holandskom jeziku.<br \/>\nAko zaka\u017eete termin u ispitnom centru u Schaerbeeku, u Briselu, mo\u017eete polagati teorijski test sa prevodiocem. New Traffic Books nudi knjigu teorije na engleskom jeziku sa vje\u017ebama koje \u0107e vam pomo\u0107i u pripremi. Kliknite ovdje za vi\u0161e informacija (samo na francuskom i holandskom).<br \/>\nObavezno ponesite li\u010dnu kartu i naknadu (15 \u20ac za osnovni pregled ili 50 \u20ac uklju\u010duju\u0107i prevodioca) na pregled. Bit \u0107e potrebno da obavite pregled vida.<br \/>\nVoza\u010dki ispit ko\u0161ta izme\u0111u 30 i 50 eura, ovisno o va\u0161im potrebama. Cjenovnik je dostupan ovdje na francuskom ili holandskom jeziku.<br \/>\nVa\u0161a voza\u010dka dozvola va\u017ei do tri godine. Va\u0161e lokalne vlasti \u0107e vam izdati privremenu dozvolu koja va\u017ei 18 ili 36 mjeseci. S ovom dozvolom mo\u017eete polagati prakti\u010dni ispit ako imate vi\u0161e od 18 godina.<br \/>\nKOJA SU VAM DOKUMENTA POTREBNA ZA DOBIJANJE VOZA\u010cKE DOZVOLE U BELGIJI?<br \/>\nSa sobom na voza\u010dki ispit ponesite sljede\u0107a originalna dokumenta:<\/p>\n<p>Dokaz identiteta<br \/>\nPrivremena voza\u010dka dozvola<br \/>\nDokaz o uplati naknade<br \/>\nDokaz o osiguranju<br \/>\nRegistracija vozila<br \/>\nKAKO DA DOBIM VOZA\u010cKU DOZVOLU U BELGIJI?<br \/>\nNakon \u0161to polo\u017eite prakti\u010dni ispit, odnesite svoj certifikat, zajedno s dvije fotografije za paso\u0161 i li\u010dnom kartom, u va\u0161u lokalnu gradsku vije\u0107nicu (Maison Communale\/Stadhuis). Tamo \u0107e vam biti izdata privremena voza\u010dka dozvola dok vam se ne po\u0161alje puna voza\u010dka dozvola.<\/p>\n<p>Sada ste spremni za vo\u017enju u Belgiji! Ura!<\/p>\n<\/div>\n<\/div>","protected":false},"excerpt":{"rendered":"<p>Ako \u0107ete studirati ili raditi u Belgiji, mo\u017eda biste \u017eeljeli dobiti belgijsku voza\u010dku dozvolu dok ste tamo. Ako imate stranu dozvolu, mo\u017eda \u0107ete je mo\u0107i zamijeniti za belgijsku ili \u0107ete mo\u017eda morati polo\u017eiti teorijski i voza\u010dki ispit. Dobra informiranost o va\u0161im mogu\u0107nostima klju\u010d je u\u0161tede vremena i novca kada je u pitanju dobijanje voza\u010dke dozvole u Belgiji.<\/p>","protected":false},"featured_media":22711,"template":"","meta":[],"product_brand":[],"product_cat":[927],"product_tag":[],"class_list":{"0":"post-22656","1":"product","2":"type-product","3":"status-publish","4":"has-post-thumbnail","6":"product_cat-fuehrerschein","8":"first","9":"instock","10":"taxable","11":"shipping-taxable","12":"purchasable","13":"product-type-simple"},"_links":{"self":[{"href":"https:\/\/primeprintingweb.com\/bs\/wp-json\/wp\/v2\/product\/22656","targetHints":{"allow":["GET"]}}],"collection":[{"href":"https:\/\/primeprintingweb.com\/bs\/wp-json\/wp\/v2\/product"}],"about":[{"href":"https:\/\/primeprintingweb.com\/bs\/wp-json\/wp\/v2\/types\/product"}],"version-history":[{"count":3,"href":"https:\/\/primeprintingweb.com\/bs\/wp-json\/wp\/v2\/product\/22656\/revisions"}],"predecessor-version":[{"id":22822,"href":"https:\/\/primeprintingweb.com\/bs\/wp-json\/wp\/v2\/product\/22656\/revisions\/22822"}],"wp:featuredmedia":[{"embeddable":true,"href":"https:\/\/primeprintingweb.com\/bs\/wp-json\/wp\/v2\/media\/22711"}],"wp:attachment":[{"href":"https:\/\/primeprintingweb.com\/bs\/wp-json\/wp\/v2\/media?parent=22656"}],"wp:term":[{"taxonomy":"product_brand","embeddable":true,"href":"https:\/\/primeprintingweb.com\/bs\/wp-json\/wp\/v2\/product_brand?post=22656"},{"taxonomy":"product_cat","embeddable":true,"href":"https:\/\/primeprintingweb.com\/bs\/wp-json\/wp\/v2\/product_cat?post=22656"},{"taxonomy":"product_tag","embeddable":true,"href":"https:\/\/primeprintingweb.com\/bs\/wp-json\/wp\/v2\/product_tag?post=22656"}],"curies":[{"name":"wp","href":"https:\/\/api.w.org\/{rel}","templated":true}]}}