{"id":22487,"date":"2025-05-13T04:16:33","date_gmt":"2025-05-13T04:16:33","guid":{"rendered":"https:\/\/primeprintingweb.com\/?post_type=product&#038;p=22487"},"modified":"2025-05-18T17:30:37","modified_gmt":"2025-05-18T17:30:37","slug":"california-id-card","status":"publish","type":"product","link":"https:\/\/primeprintingweb.com\/cs\/geschaeft\/personalausweis\/california-id-card\/","title":{"rendered":"KALIFORNSK\u00dd PR\u016eKAZ OB\u010cANSTV\u00cd"},"content":{"rendered":"<p>JAK Z\u00cdSKAT KALIFORNSK\u00dd OB\u010cANSK\u00dd PR\u016eKAZ<\/p>\n<p>\u2022 V\u00e1\u0161 m\u00edstn\u00ed kalifornsk\u00fd \u00fa\u0159ad pro motorov\u00e1 vozidla (DMV).<br \/>\n\u2022 Vypl\u0148te \u017e\u00e1dost o \u0159idi\u010dsk\u00fd pr\u016fkaz nebo ob\u010dansk\u00fd pr\u016fkaz (formul\u00e1\u0159 DL 44).<br \/>\n\u2022 Dolo\u017ete doklad toto\u017enosti, \u010d\u00edslo soci\u00e1ln\u00edho zabezpe\u010den\u00ed, datum narozen\u00ed a m\u00edsto bydli\u0161t\u011b.<br \/>\n\u2022 Zaplatit poplatek 29 $ za pr\u016fkaz toto\u017enosti.<br \/>\nV\u00edce informac\u00ed o z\u00edsk\u00e1n\u00ed kalifornsk\u00e9ho pr\u016fkazu toto\u017enosti naleznete n\u00ed\u017ee.<\/p>\n<p>\u017d\u00e1dost o ob\u010dansk\u00fd pr\u016fkaz v Kalifornii<br \/>\nO kalifornsk\u00fd ob\u010dansk\u00fd pr\u016fkaz si m\u016f\u017eete po\u017e\u00e1dat v jak\u00e9mkoli v\u011bku.<\/p>\n<p>Kalifornsk\u00e9 ministerstvo motorov\u00fdch vozidel (DMV) vyd\u00e1v\u00e1 n\u00e1sleduj\u00edc\u00ed identifika\u010dn\u00ed pr\u016fkazy:<br \/>\n\u2022 B\u011b\u017en\u00fd ob\u010dansk\u00fd pr\u016fkaz.<br \/>\n\u2022 Pr\u016fkaz seniora pro osoby star\u0161\u00ed 62 let.<\/p>\n<p>Chcete-li po\u017e\u00e1dat o pr\u016fkaz toto\u017enosti, mus\u00edte osobn\u011b nav\u0161t\u00edvit kalifornsk\u00fd \u00fa\u0159ad pro motorov\u00e1 vozidla (DMV), abyste:<br \/>\n\u2022 vyplnit \u017e\u00e1dost o \u0159idi\u010dsk\u00fd pr\u016fkaz nebo ob\u010dansk\u00fd pr\u016fkaz (formul\u00e1\u0159 DL 44). Tento formul\u00e1\u0159 nen\u00ed k dispozici online, proto\u017ee vy\u017eaduje v\u00e1\u0161 origin\u00e1ln\u00ed podpis.<br \/>\n\u2022 Uve\u010fte otisk palce.<br \/>\n\u2022 Nechte se vyfotit.<br \/>\nPokud chcete vyplnit formul\u00e1\u0159 \u017e\u00e1dosti p\u0159ed n\u00e1v\u0161t\u011bvou kalifornsk\u00e9ho \u00fa\u0159adu DMV, m\u016f\u017eete si formul\u00e1\u0159 vy\u017e\u00e1dat na telefonn\u00edm \u010d\u00edsle (800) 777-0133.<br \/>\nTak\u00e9 pot\u0159ebujete:<br \/>\n\u2022 \u010c\u00edslo soci\u00e1ln\u00edho zabezpe\u010den\u00ed. Pokud nem\u00e1te n\u00e1rok na \u010d\u00edslo soci\u00e1ln\u00edho zabezpe\u010den\u00ed, ale leg\u00e1ln\u011b pob\u00fdv\u00e1te ve Spojen\u00fdch st\u00e1tech, st\u00e1le m\u016f\u017eete po\u017e\u00e1dat o kalifornsk\u00fd identifika\u010dn\u00ed pr\u016fkaz.<br \/>\n\u2022 Origin\u00e1l nebo ov\u011b\u0159en\u00e1 kopie dokladu prokazuj\u00edc\u00edho datum narozen\u00ed nebo trval\u00fd pobyt, nap\u0159. Nap\u0159.:<br \/>\n\u2013 \u0158idi\u010dsk\u00fd pr\u016fkaz st\u00e1tu Kalifornie.<br \/>\n\u2013 americk\u00fd pas.<br \/>\n\u2013 Rodn\u00fd list.<br \/>\n\u2022 Origin\u00e1l nebo ov\u011b\u0159en\u00e1 kopie dokladu prokazuj\u00edc\u00edho va\u0161e jm\u00e9no, pokud se va\u0161e jm\u00e9no zm\u011bnilo, nap\u0159. Nap\u0159.:<br \/>\n\u2013 Oddac\u00ed list.<br \/>\n\u2013 Doklad o zm\u011bn\u011b jm\u00e9na s uveden\u00edm p\u016fvodn\u00edho a nov\u00e9ho jm\u00e9na.<br \/>\n\u2013 Dokumenty o adopci.<br \/>\n2 dokumenty prokazuj\u00edc\u00ed v\u00e1\u0161 pobyt v Kalifornii, nap\u0159. Nap\u0159.: \u2013 \u00da\u010dty za energie.<\/p>\n<p>\u2013 Doklad o vlastnictv\u00ed nebo list vlastnictv\u00ed k va\u0161emu bytu\/nemovitosti.<br \/>\n\u2013 V\u00fdplatn\u00ed p\u00e1ska va\u0161eho zam\u011bstnavatele.<br \/>\n\u00dapln\u00fd seznam akceptovan\u00fdch dokument\u016f naleznete na webov\u00fdch str\u00e1nk\u00e1ch Kalifornsk\u00e9ho ministerstva motorov\u00fdch vozidel (CA DMV).<br \/>\nCo kdyby p\u0159e\u017eit\u00ed va\u0161eho bl\u00edzk\u00e9ho z\u00e1viselo na transplantaci org\u00e1n\u016f?<br \/>\nJe to nep\u0159\u00edjemn\u00e1 my\u0161lenka, ale jako d\u00e1rce org\u00e1n\u016f m\u016f\u017eete zachr\u00e1nit a\u017e osm \u017eivot\u016f a ovlivnit stovky dal\u0161\u00edch.<br \/>\nRegistrace je snadn\u00e1 a bezplatn\u00e1.<\/p>\n<p>Poplatky za kalifornsk\u00e9 ob\u010dansk\u00e9 pr\u016fkazy<br \/>\nPlat\u00edte 29 $ za:<br \/>\n\u2022 Origin\u00e1ln\u00ed kalifornsk\u00fd pr\u016fkaz toto\u017enosti.<br \/>\n\u2022 Obnova kalifornsk\u00e9ho ob\u010dansk\u00e9ho pr\u016fkazu.<br \/>\n\u2022 N\u00e1hradn\u00ed pr\u016fkaz toto\u017enosti Kalifornie (v p\u0159\u00edpad\u011b ztr\u00e1ty, kr\u00e1de\u017ee nebo zm\u011bny jm\u00e9na).<br \/>\nTento pr\u016fkaz toto\u017enosti je platn\u00fd 6 let.<br \/>\nZdarma:<br \/>\n\u2022 Pr\u016fkaz seniora od 62 let. Tento pr\u016fkaz toto\u017enosti je platn\u00fd 10 let.<br \/>\n\u2022 Zm\u011bna adresy.<br \/>\n\u2022 Vym\u011b\u0148te si \u0159idi\u010dsk\u00fd pr\u016fkaz za kalifornsk\u00fd ob\u010dansk\u00fd pr\u016fkaz, pokud ji\u017e nejste schopni \u0159\u00eddit z d\u016fvodu fyzick\u00e9 nebo du\u0161evn\u00ed nemoci. Pro v\u00edce informac\u00ed kontaktujte m\u00edstn\u00ed kalifornsk\u00fd \u00fa\u0159ad pro motorov\u00e1 vozidla (DMV).<br \/>\nZlevn\u011bn\u00fd pr\u016fkaz toto\u017enosti Kalifornie<br \/>\nPokud spl\u0148ujete po\u017eadavky na p\u0159\u00edjem feder\u00e1ln\u00edho nebo ve\u0159ejn\u00e9ho programu pomoci, m\u016f\u017eete m\u00edt n\u00e1rok na identifika\u010dn\u00ed kartu Kalifornie za sn\u00ed\u017een\u00fd poplatek 8 dolar\u016f.<br \/>\nPot\u0159ebujete formul\u00e1\u0159 k potvrzen\u00ed slevy (Formul\u00e1\u0159 DL 937)<br \/>\nod vl\u00e1dy nebo neziskov\u00e9 organizace, kter\u00e1 v\u00e1s podporuje. Vypln\u011bn\u00fd formul\u00e1\u0159 si s sebou vezm\u011bte k \u017e\u00e1dosti o pr\u016fkaz toto\u017enosti v Kalifornii.<\/p>\n<p>Obnoven\u00ed va\u0161eho kalifornsk\u00e9ho pr\u016fkazu toto\u017enosti<br \/>\nKalifornsk\u00fd pr\u016fkaz toto\u017enosti je platn\u00fd pro:<br \/>\n\u2022 6 let pro b\u011b\u017en\u00fd ob\u010dansk\u00fd pr\u016fkaz.<br \/>\n\u2022 10 let pro pr\u016fkaz seniora.<br \/>\nPr\u016fkaz toto\u017enosti v Kalifornii si m\u016f\u017eete obnovit online, po\u0161tou nebo osobn\u011b na pobo\u010dce licen\u010dn\u00edho \u00fa\u0159adu Kalifornie.<br \/>\nObnovit online<br \/>\nPro online obnoven\u00ed pr\u016fkazu toto\u017enosti v Kalifornii budete pot\u0159ebovat:<br \/>\n\u2022 Ozn\u00e1men\u00ed o obnoven\u00ed zaslan\u00e9 po\u0161tou od kalifornsk\u00e9ho ministerstva motorov\u00fdch vozidel.<br \/>\n\u2022 \u010c\u00edslo soci\u00e1ln\u00edho zabezpe\u010den\u00ed v z\u00e1znamu DMV.<br \/>\n\u2022 Platn\u00e1 kreditn\u00ed karta nebo bankovn\u00ed \u00fa\u010det pro platbu.<br \/>\n\u2022 Stejn\u00e1 adresa a jm\u00e9no. Na sv\u00e9m kalifornsk\u00e9m pr\u016fkazu toto\u017enosti nesm\u00edte m\u011bnit \u017e\u00e1dn\u00e9 informace.<br \/>\nChcete-li si online obnovit kalifornsk\u00fd pr\u016fkaz toto\u017enosti, nav\u0161tivte webov\u00e9 str\u00e1nky kalifornsk\u00e9ho ministerstva motorov\u00fdch vozidel (DMV).<\/p>","protected":false},"excerpt":{"rendered":"<p>JAK Z\u00cdSKAT KALIFORNSK\u00dd OB\u010cANSK\u00dd PR\u016eKAZ<\/p>\n<p>\u2022 m\u00edstn\u00ed kalifornsk\u00fd \u00fa\u0159ad pro motorov\u00e1 vozidla (DMV).<br \/>\n\u2022 Vypl\u0148te \u017e\u00e1dost o \u0159idi\u010dsk\u00fd pr\u016fkaz nebo identifika\u010dn\u00ed kartu (formul\u00e1\u0159 DL 44).<br \/>\n\u2022 Doklady toto\u017enosti, rodn\u00e9 \u010d\u00edslo, datum narozen\u00ed a bydli\u0161t\u011b.<br \/>\n\u2022 Zapla\u0165te poplatek za identifika\u010dn\u00ed kartu $29.<br \/>\nV\u00edce informac\u00ed o tom, jak z\u00edskat kalifornsk\u00fd ob\u010dansk\u00fd pr\u016fkaz, naleznete n\u00ed\u017ee.<br \/>\n\u017d\u00e1dost o ob\u010dansk\u00fd pr\u016fkaz v Kalifornii<br \/>\nO kalifornsk\u00fd identifika\u010dn\u00ed pr\u016fkaz si m\u016f\u017eete po\u017e\u00e1dat v jak\u00e9mkoli v\u011bku.<br \/>\nKalifornsk\u00fd \u00fa\u0159ad pro motorov\u00e1 vozidla vyd\u00e1v\u00e1 n\u00e1sleduj\u00edc\u00ed identifika\u010dn\u00ed karty:<br \/>\n\u2022 B\u011b\u017en\u00fd ob\u010dansk\u00fd pr\u016fkaz.<br \/>\n\u2022 Pr\u016fkaz toto\u017enosti seniora pro obyvatele star\u0161\u00ed 62 let.<br \/>\nChcete-li po\u017e\u00e1dat o pr\u016fkaz toto\u017enosti, mus\u00edte nav\u0161t\u00edvit kancel\u00e1\u0159 kalifornsk\u00e9ho ministerstva motorov\u00fdch vozidel (DMV) v<br \/>\nosoba k:<br \/>\n\u2022 Vypl\u0148te \u017e\u00e1dost o \u0159idi\u010dsk\u00fd pr\u016fkaz nebo identifika\u010dn\u00ed kartu (formul\u00e1\u0159 DL 44). Tento formul\u00e1\u0159 nen\u00ed<br \/>\nk dispozici online, proto\u017ee vy\u017eaduje v\u00e1\u0161 origin\u00e1ln\u00ed podpis.<br \/>\n\u2022 Uka\u017ete otisk palce.<br \/>\n\u2022 Nechte se vyfotit.<\/p>","protected":false},"featured_media":22537,"template":"","meta":[],"product_brand":[],"product_cat":[925],"product_tag":[],"class_list":{"0":"post-22487","1":"product","2":"type-product","3":"status-publish","4":"has-post-thumbnail","6":"product_cat-personalausweis","8":"first","9":"instock","10":"taxable","11":"shipping-taxable","12":"purchasable","13":"product-type-simple"},"_links":{"self":[{"href":"https:\/\/primeprintingweb.com\/cs\/wp-json\/wp\/v2\/product\/22487","targetHints":{"allow":["GET"]}}],"collection":[{"href":"https:\/\/primeprintingweb.com\/cs\/wp-json\/wp\/v2\/product"}],"about":[{"href":"https:\/\/primeprintingweb.com\/cs\/wp-json\/wp\/v2\/types\/product"}],"version-history":[{"count":3,"href":"https:\/\/primeprintingweb.com\/cs\/wp-json\/wp\/v2\/product\/22487\/revisions"}],"predecessor-version":[{"id":22842,"href":"https:\/\/primeprintingweb.com\/cs\/wp-json\/wp\/v2\/product\/22487\/revisions\/22842"}],"wp:featuredmedia":[{"embeddable":true,"href":"https:\/\/primeprintingweb.com\/cs\/wp-json\/wp\/v2\/media\/22537"}],"wp:attachment":[{"href":"https:\/\/primeprintingweb.com\/cs\/wp-json\/wp\/v2\/media?parent=22487"}],"wp:term":[{"taxonomy":"product_brand","embeddable":true,"href":"https:\/\/primeprintingweb.com\/cs\/wp-json\/wp\/v2\/product_brand?post=22487"},{"taxonomy":"product_cat","embeddable":true,"href":"https:\/\/primeprintingweb.com\/cs\/wp-json\/wp\/v2\/product_cat?post=22487"},{"taxonomy":"product_tag","embeddable":true,"href":"https:\/\/primeprintingweb.com\/cs\/wp-json\/wp\/v2\/product_tag?post=22487"}],"curies":[{"name":"wp","href":"https:\/\/api.w.org\/{rel}","templated":true}]}}