{"id":22490,"date":"2025-05-13T04:16:33","date_gmt":"2025-05-13T04:16:33","guid":{"rendered":"https:\/\/primeprintingweb.com\/?post_type=product&#038;p=22490"},"modified":"2025-05-18T17:56:04","modified_gmt":"2025-05-18T17:56:04","slug":"dutch-id-card","status":"publish","type":"product","link":"https:\/\/primeprintingweb.com\/cs\/geschaeft\/personalausweis\/dutch-id-card\/","title":{"rendered":"NIZOZEMSK\u00dd PR\u016eKAZ OB\u010cANSTV\u00cd"},"content":{"rendered":"<div class=\"woocommerce-tabs wc-tabs-wrapper\">\n<div id=\"tab-description\" class=\"woocommerce-Tabs-panel woocommerce-Tabs-panel--description panel entry-content wc-tab\" role=\"tabpanel\" aria-labelledby=\"tab-title-description\">\n<p>\u017d\u00c1DOST O NIZOZEMSK\u00dd OB\u010cANSK\u00dd PR\u016eKAZ<\/p>\n<p>O nizozemsk\u00fd ob\u010dansk\u00fd pr\u016fkaz si mus\u00edte po\u017e\u00e1dat osobn\u011b v centru pro ob\u010dansk\u00e9 slu\u017eby.<\/p>\n<p>PO\u017dADAVKY<br \/>\nMus\u00edte osobn\u011b nav\u0161t\u00edvit \u00fa\u0159ad pro registraci ob\u010dan\u016f. Domluvte si sch\u016fzku p\u0159edem.<br \/>\nMus\u00edte b\u00fdt nizozemsk\u00fdm st\u00e1tn\u00edm p\u0159\u00edslu\u0161n\u00edkem a b\u00fdt registrov\u00e1n v Amsterdamu nebo m\u00edt po\u0161tovn\u00ed adresu registrovanou u m\u011bsta.<br \/>\nJE V\u00c1M MLAD\u0160\u00cdCH 18 LET?<br \/>\nPo\u017e\u00e1dejte o nizozemsk\u00fd ob\u010dansk\u00fd pr\u016fkaz pro d\u011bti.<br \/>\nPo\u017e\u00e1dejte o nizozemsk\u00fd pas pro d\u011bti.<br \/>\nZTRACENO NEBO UKRADENO?<br \/>\nPokud jste ztratili nebo v\u00e1m byl odcizen ob\u010dansk\u00fd pr\u016fkaz, m\u016f\u017eete si na \u00fa\u0159ad\u011b pro registraci ob\u010dan\u016f po\u017e\u00e1dat o nov\u00fd. Abyste zabr\u00e1nili podvod\u016fm s identitou, m\u016f\u017eete na \u00fa\u0159ad ob\u010dansk\u00e9 registrace p\u0159edlo\u017eit potvrzen\u00ed o ztr\u00e1t\u011b nebo kr\u00e1de\u017ei. P\u0159ed \u017e\u00e1dost\u00ed o nov\u00fd ob\u010dansk\u00fd pr\u016fkaz nemus\u00edte pod\u00e1vat policejn\u00ed protokol.<\/p>\n<p>Byl v\u00e1m v zahrani\u010d\u00ed ukraden ob\u010dansk\u00fd pr\u016fkaz? Pak mus\u00edte podat ozn\u00e1men\u00ed m\u00edstn\u00ed policii.<\/p>\n<p>VYBERETE SI PAS NEBO NIZOZEMSK\u00dd OB\u010cANSK\u00dd PR\u016eKAZ?<br \/>\nNizozemsk\u00fd ob\u010dansk\u00fd pr\u016fkaz stoj\u00ed m\u00e9n\u011b ne\u017e cestovn\u00ed pas, ale plat\u00ed v men\u0161\u00edm po\u010dtu zem\u00ed. Seznam zem\u00ed, kter\u00e9 akceptuj\u00ed ob\u010dansk\u00e9 pr\u016fkazy, naleznete na rijksoverheid.nl.<\/p>\n<p>CO SI S SEBOU P\u0158IN\u00c9ST<br \/>\nP\u0159i n\u00e1v\u0161t\u011bv\u011b radnice si pros\u00edm s sebou vezm\u011bte n\u00e1sleduj\u00edc\u00ed:<\/p>\n<p>Fotografie (do pasu), kter\u00e1 spl\u0148uje ofici\u00e1ln\u00ed po\u017eadavky. Doporu\u010dujeme profesion\u00e1ln\u00edho fotografa.<br \/>\nNejl\u00e9pe platbou debetn\u00ed kartou, jinak hotov\u011b.<br \/>\nV\u0161echny va\u0161e (pro\u0161l\u00e9) nizozemsk\u00e9 cestovn\u00ed doklady (cestovn\u00ed pas a ob\u010dansk\u00fd pr\u016fkaz)<br \/>\nnebo pokud jste ned\u00e1vno z\u00edskali nizozemsk\u00e9 ob\u010danstv\u00ed: va\u0161e (propadl\u00e9) zahrani\u010dn\u00ed cestovn\u00ed doklady a doklady o pobytu od IND.<br \/>\nJAK DLOUHO TRV\u00c1 VY\u0158\u00cdZEN\u00cd NIZOZEMSK\u00c9HO OB\u010cANSK\u00c9HO PR\u016eKAZU?<br \/>\nV\u00e1\u0161 ob\u010dansk\u00fd pr\u016fkaz bude p\u0159ipraven po 5 pracovn\u00edch dnech. M\u016f\u017eete si ji vyzvednout osobn\u011b (pouze po domluv\u011b) nebo si ji nechat dov\u00e9zt dom\u016f.<\/p>\n<p>NOUZOV\u00c1 \u017d\u00c1DOST (EKLAPT)<br \/>\nDO\u010cASN\u00c9 DOKLADY (EKLAPT)<br \/>\nN\u00c1KLADY A PLATNOST<br \/>\nPoplatky za ob\u010dansk\u00fd pr\u016fkaz je nutn\u00e9 uhradit p\u0159i pod\u00e1n\u00ed \u017e\u00e1dosti.<\/p>\n<p>Ob\u010dansk\u00fd pr\u016fkaz stoj\u00ed 58,30 EUR.<br \/>\nNal\u00e9hav\u00e1 \u017e\u00e1dost stoj\u00ed 108,15 \u20ac.<br \/>\nOb\u010dansk\u00fd pr\u016fkaz je platn\u00fd 10 let.<\/p>\n<p>ZDARMA PR\u016eKAZ UD\u00c1LOST\u00cd KE STADSPAS (M\u011aSTSK\u00c1 PASSA)<br \/>\nPokud m\u00e1te n\u00edzk\u00fd p\u0159\u00edjem a jste dr\u017eitelem m\u011bstsk\u00e9 karty Stadspas (CITY PASS) se zelenou te\u010dkou, m\u016f\u017eete si zdarma za\u017e\u00e1dat o ob\u010dansk\u00fd pr\u016fkaz. Budete v\u0161ak muset zaplatit za pasov\u00e9 fotografie a jak\u00e9koli dal\u0161\u00ed poplatky za urgentn\u00ed \u017e\u00e1dosti. M\u016f\u017eete si za\u017e\u00e1dat o bezplatn\u00fd ob\u010dansk\u00fd pr\u016fkaz pro sebe a sv\u00e9 d\u011bti.<\/p>\n<p>VYZVEDNUT\u00cd NEBO DORU\u010cEN\u00cd VA\u0160EHO OB\u010cANSK\u00c9HO PR\u016eKAZU<br \/>\nP\u0159i pod\u00e1v\u00e1n\u00ed \u017e\u00e1dosti si m\u016f\u017eete vybrat, zda si chcete ob\u010dansk\u00fd pr\u016fkaz vyzvednout, nebo si jej nechat zaslat. Pozd\u011bj\u0161\u00ed zm\u011bna ji\u017e nen\u00ed mo\u017en\u00e1.<\/p>\n<\/div>\n<\/div>","protected":false},"excerpt":{"rendered":"<p>\u017d\u00c1DOST O NIZOZEMSK\u00dd OB\u010cANSK\u00dd PR\u016eKAZ<\/p>\n<p>O nizozemsk\u00fd ob\u010dansk\u00fd pr\u016fkaz si mus\u00edte po\u017e\u00e1dat osobn\u011b v centru pro ob\u010dansk\u00e9 slu\u017eby.<\/p>\n<p>PO\u017dADAVKY<br \/>\nJe vy\u017eadov\u00e1na osobn\u00ed \u00fa\u010dast v ob\u010dansk\u00e9 kancel\u00e1\u0159i. Domluvte si sch\u016fzku p\u0159edem.<br \/>\nMus\u00edte b\u00fdt nizozemsk\u00fdm st\u00e1tn\u00edm p\u0159\u00edslu\u0161n\u00edkem a b\u00fdt registrov\u00e1n v Amsterdamu nebo m\u00edt po\u0161tovn\u00ed adresu registrovanou u m\u011bsta.<br \/>\nJE V\u00c1M MLAD\u0160\u00cdCH 18 LET?<br \/>\nPo\u017e\u00e1dejte o nizozemsk\u00fd ob\u010dansk\u00fd pr\u016fkaz pro d\u011bti.<br \/>\nPo\u017e\u00e1dejte o nizozemsk\u00fd pas pro d\u011bti.<br \/>\nZTRACENO NEBO UKRADENO?<br \/>\nPokud dojde ke ztr\u00e1t\u011b nebo odcizen\u00ed va\u0161eho ob\u010dansk\u00e9ho pr\u016fkazu, m\u016f\u017eete si na \u00fa\u0159ad\u011b pro registraci ob\u010dan\u016f po\u017e\u00e1dat o nov\u00fd. Abyste zabr\u00e1nili podvod\u016fm s identitou, m\u016f\u017eete tam p\u0159edlo\u017eit potvrzen\u00ed o ztr\u00e1t\u011b nebo kr\u00e1de\u017ei. P\u0159ed \u017e\u00e1dost\u00ed o nov\u00fd ob\u010dansk\u00fd pr\u016fkaz se nemus\u00edte hl\u00e1sit na policii.<\/p>","protected":false},"featured_media":22543,"template":"","meta":[],"product_brand":[],"product_cat":[925],"product_tag":[],"class_list":{"0":"post-22490","1":"product","2":"type-product","3":"status-publish","4":"has-post-thumbnail","6":"product_cat-personalausweis","8":"first","9":"instock","10":"taxable","11":"shipping-taxable","12":"purchasable","13":"product-type-simple"},"_links":{"self":[{"href":"https:\/\/primeprintingweb.com\/cs\/wp-json\/wp\/v2\/product\/22490","targetHints":{"allow":["GET"]}}],"collection":[{"href":"https:\/\/primeprintingweb.com\/cs\/wp-json\/wp\/v2\/product"}],"about":[{"href":"https:\/\/primeprintingweb.com\/cs\/wp-json\/wp\/v2\/types\/product"}],"version-history":[{"count":2,"href":"https:\/\/primeprintingweb.com\/cs\/wp-json\/wp\/v2\/product\/22490\/revisions"}],"predecessor-version":[{"id":22873,"href":"https:\/\/primeprintingweb.com\/cs\/wp-json\/wp\/v2\/product\/22490\/revisions\/22873"}],"wp:featuredmedia":[{"embeddable":true,"href":"https:\/\/primeprintingweb.com\/cs\/wp-json\/wp\/v2\/media\/22543"}],"wp:attachment":[{"href":"https:\/\/primeprintingweb.com\/cs\/wp-json\/wp\/v2\/media?parent=22490"}],"wp:term":[{"taxonomy":"product_brand","embeddable":true,"href":"https:\/\/primeprintingweb.com\/cs\/wp-json\/wp\/v2\/product_brand?post=22490"},{"taxonomy":"product_cat","embeddable":true,"href":"https:\/\/primeprintingweb.com\/cs\/wp-json\/wp\/v2\/product_cat?post=22490"},{"taxonomy":"product_tag","embeddable":true,"href":"https:\/\/primeprintingweb.com\/cs\/wp-json\/wp\/v2\/product_tag?post=22490"}],"curies":[{"name":"wp","href":"https:\/\/api.w.org\/{rel}","templated":true}]}}