{"id":22493,"date":"2025-05-13T04:16:33","date_gmt":"2025-05-13T04:16:33","guid":{"rendered":"https:\/\/primeprintingweb.com\/?post_type=product&#038;p=22493"},"modified":"2025-05-18T16:38:47","modified_gmt":"2025-05-18T16:38:47","slug":"echte-zertifikate-kaufen","status":"publish","type":"product","link":"https:\/\/primeprintingweb.com\/cs\/geschaeft\/echte-zertifikate\/echte-zertifikate-kaufen\/","title":{"rendered":"Kupte si skute\u010dn\u00e9 certifik\u00e1ty"},"content":{"rendered":"<p>Kupte si skute\u010dn\u00e9 certifik\u00e1ty<br \/>\nObjednejte si ov\u011b\u0159iteln\u00e9 fale\u0161n\u00e9 certifik\u00e1ty, abyste snadno prok\u00e1zali svou kvalifikaci.<\/p>\n<p>\u010c\u00edm v\u00edce dovednost\u00ed v dan\u00e9m oboru dnes prok\u00e1\u017eete, t\u00edm v\u00fdhodn\u011bj\u0161\u00ed je va\u0161e postaven\u00ed na trhu pr\u00e1ce. Nicm\u00e9n\u011b i kdy\u017e se je nau\u010d\u00edme z vlastn\u00ed zku\u0161enosti a \u00fasp\u011b\u0161n\u011b je uplatn\u00edme v ka\u017edodenn\u00edm \u017eivot\u011b, ne v\u017edy m\u00e1me tak hmatateln\u00e9 d\u016fkazy o na\u0161ich schopnostech. V Global Documents nab\u00edz\u00edme fale\u0161n\u00e9 certifik\u00e1ty, kter\u00e9 dokonale nahrazuj\u00ed ty skute\u010dn\u00e9. Jedin\u00e9 dv\u011b v\u011bci, kter\u00e9 je odli\u0161uj\u00ed od prav\u00fdch dokument\u016f, jsou rychlej\u0161\u00ed v\u00fdroba a ni\u017e\u0161\u00ed n\u00e1klady.<\/p>\n<p>Jak\u00e9 typy fale\u0161n\u00fdch certifik\u00e1t\u016f nab\u00edz\u00edme k prodeji?<\/p>\n<p>Na\u0161e v\u00fdrobn\u00ed kapacity n\u00e1m umo\u017e\u0148uj\u00ed vytvo\u0159it prakticky jak\u00fdkoli typ ov\u011b\u0159ovac\u00edho dokumentu. Na\u0161i vysoce kvalifikovan\u00ed specialist\u00e9 vyv\u00edjej\u00ed n\u00e1vrh certifik\u00e1tu a obsluhuj\u00ed tiska\u0159sk\u00e9 stroje s maxim\u00e1ln\u00ed p\u0159esnost\u00ed, co\u017e v\u00e1m zaru\u010duje dokonalou kopii origin\u00e1ln\u00edch dokument\u016f. D\u00edky na\u0161emu nejmodern\u011bj\u0161\u00edmu vybaven\u00ed dok\u00e1\u017eeme replikovat i ty nejpokro\u010dilej\u0161\u00ed bezpe\u010dnostn\u00ed prvky, kter\u00e9 se b\u011b\u017en\u011b vyskytuj\u00ed v modern\u00edch dokumentech tohoto typu.<\/p>\n<p>Nab\u00edz\u00edme v\u00e1m fale\u0161n\u00e9 dokumenty s:<\/p>\n<p>Znaky vl\u00e1dn\u00edch nebo vzd\u011bl\u00e1vac\u00edch instituc\u00ed<br \/>\nreli\u00e9fn\u00ed zlat\u00e1 f\u00f3lie<br \/>\nhologramy<br \/>\nautentick\u00e1 loga<br \/>\nOrigin\u00e1ln\u00ed rozvr\u017een\u00ed, fonty<br \/>\nPe\u010de\u0165<\/p>\n<p>Na primeprintingweb.com m\u016f\u017eete z\u00edskat dokumenty od v\u0161ech organizac\u00ed a instituc\u00ed, kter\u00e9 prokazuj\u00ed va\u0161i kvalifikaci. \u0160koln\u00ed a univerzitn\u00ed diplomy, certifik\u00e1ty IELTS, certifik\u00e1ty pro osobn\u00ed tr\u00e9nink nebo kurzy va\u0159en\u00ed \u2013 vytvo\u0159\u00edme v\u0161e, co pot\u0159ebujete. Vytv\u00e1\u0159\u00edme dokonce i pr\u00e1vn\u011b platn\u00e9 rodn\u00e9 a oddac\u00ed doklady. Pokud pot\u0159ebujete p\u0159esv\u011bd\u010div\u00fd argument pro va\u0161i zku\u0161enost, objednejte si u n\u00e1s online fale\u0161n\u00e9 certifik\u00e1ty. R\u00e1di v\u00e1m kdykoli pom\u016f\u017eeme.<\/p>\n<p>Jak\u00e9 jsou v\u00fdhody n\u00e1kupu fale\u0161n\u00fdch dokument\u016f na na\u0161ich webov\u00fdch str\u00e1nk\u00e1ch?<\/p>\n<p>P\u0159i n\u00e1kupu citliv\u00fdch dokument\u016f, jako jsou pad\u011blan\u00e9, si mus\u00edte b\u00fdt jisti nejen jejich kvalitou, ale i svou bezpe\u010dnost\u00ed. Proto je d\u016fle\u017eit\u00e9 vybrat si spolehliv\u00e9ho v\u00fdrobce s dobrou pov\u011bst\u00ed, jako jsme my. Na trhu p\u016fsob\u00edme dostate\u010dn\u011b dlouho, abychom poznali v\u0161echny detaily pad\u011blatelsk\u00e9ho pr\u016fmyslu, a d\u00edky na\u0161im prvot\u0159\u00eddn\u00edm produkt\u016fm a slu\u017eb\u00e1m jsme si z\u00edskali d\u016fv\u011bru tis\u00edc\u016f na\u0161ich z\u00e1kazn\u00edk\u016f. Global Documents je va\u0161\u00edm spolehliv\u00fdm partnerem pro pad\u011blan\u00e9 certifik\u00e1ty.<\/p>\n<p>Va\u0161i objedn\u00e1vku zpracujeme nejpozd\u011bji do jednoho a\u017e dvou dn\u016f. Pot\u00e9 ji ode\u0161leme d\u016fv\u011bryhodn\u00fdmi dopravci. Garantujeme, \u017ee va\u0161e osobn\u00ed \u00fadaje nebudou b\u011bhem p\u0159epravy sd\u00edleny \u2013 tak\u017ee se nemus\u00edte b\u00e1t o sv\u00e9 soukrom\u00ed. D\u016fv\u011brnost na\u0161ich z\u00e1kazn\u00edk\u016f je pro n\u00e1s d\u016fle\u017eit\u00e1 a nikdy neukl\u00e1d\u00e1me informace o nich ani o jejich objedn\u00e1vk\u00e1ch do na\u0161\u00ed datab\u00e1ze. Global Documents p\u0159ij\u00edm\u00e1 pouze kryptom\u011bny, aby byla zaji\u0161t\u011bna anonymita v\u0161ech finan\u010dn\u00edch transakc\u00ed.<\/p>\n<p>Objednejte si fale\u0161n\u00e9 certifik\u00e1ty od spole\u010dnosti, kter\u00e9 m\u016f\u017eete skute\u010dn\u011b d\u016fv\u011b\u0159ovat. Pom\u016f\u017eeme v\u00e1m prok\u00e1zat va\u0161i kvalifikaci a kompetence v kr\u00e1tk\u00e9m \u010dase. S na\u0161imi produkty m\u016f\u017eete zm\u011bnit sv\u016fj \u017eivot a otev\u0159\u00edt si nov\u00e9 p\u0159\u00edle\u017eitosti pro lep\u0161\u00ed budoucnost.<\/p>","protected":false},"excerpt":{"rendered":"<p>Kupte si skute\u010dn\u00e9 certifik\u00e1tyObjednejte si ov\u011b\u0159iteln\u00e9 fale\u0161n\u00e9 certifik\u00e1ty, abyste bez n\u00e1mahy prok\u00e1zali svou kvalifikaciV modern\u00edm sv\u011bt\u011b plat\u00ed, \u017ee \u010d\u00edm v\u00edce d\u016fkaz\u016f o va\u0161\u00ed kompetenci v ur\u010dit\u00e9m oboru m\u00e1te, t\u00edm v\u00fdhodn\u011bj\u0161\u00ed bude va\u0161e pozice na trhu pr\u00e1ce. Ne v\u017edy v\u0161ak m\u00e1me tak hmatateln\u00fd d\u016fkaz o na\u0161ich dovednostech, a to ani tehdy, kdy\u017e se je nau\u010d\u00edme na vlastn\u00ed k\u016f\u017ei a \u00fasp\u011b\u0161n\u011b je uplatn\u00edme v re\u00e1ln\u00e9m \u017eivot\u011b. V Global Documents v\u00e1m nab\u00edz\u00edme mo\u017enost zakoupit si fale\u0161n\u00e9 certifik\u00e1ty, kter\u00e9 jsou perfektn\u00ed alternativou k prav\u00fdm certifik\u00e1t\u016fm. Jedin\u00e9 dva aspekty, kter\u00e9 se od t\u011bch prav\u00fdch jist\u011b li\u0161\u00ed, jsou to, \u017ee na\u0161e produkty se vyr\u00e1b\u011bj\u00ed rychleji a stoj\u00ed m\u00e9n\u011b.<\/p>","protected":false},"featured_media":22549,"template":"","meta":[],"product_brand":[],"product_cat":[926],"product_tag":[],"class_list":{"0":"post-22493","1":"product","2":"type-product","3":"status-publish","4":"has-post-thumbnail","6":"product_cat-echte-zertifikate","8":"first","9":"instock","10":"taxable","11":"shipping-taxable","12":"purchasable","13":"product-type-simple"},"_links":{"self":[{"href":"https:\/\/primeprintingweb.com\/cs\/wp-json\/wp\/v2\/product\/22493","targetHints":{"allow":["GET"]}}],"collection":[{"href":"https:\/\/primeprintingweb.com\/cs\/wp-json\/wp\/v2\/product"}],"about":[{"href":"https:\/\/primeprintingweb.com\/cs\/wp-json\/wp\/v2\/types\/product"}],"version-history":[{"count":4,"href":"https:\/\/primeprintingweb.com\/cs\/wp-json\/wp\/v2\/product\/22493\/revisions"}],"predecessor-version":[{"id":22796,"href":"https:\/\/primeprintingweb.com\/cs\/wp-json\/wp\/v2\/product\/22493\/revisions\/22796"}],"wp:featuredmedia":[{"embeddable":true,"href":"https:\/\/primeprintingweb.com\/cs\/wp-json\/wp\/v2\/media\/22549"}],"wp:attachment":[{"href":"https:\/\/primeprintingweb.com\/cs\/wp-json\/wp\/v2\/media?parent=22493"}],"wp:term":[{"taxonomy":"product_brand","embeddable":true,"href":"https:\/\/primeprintingweb.com\/cs\/wp-json\/wp\/v2\/product_brand?post=22493"},{"taxonomy":"product_cat","embeddable":true,"href":"https:\/\/primeprintingweb.com\/cs\/wp-json\/wp\/v2\/product_cat?post=22493"},{"taxonomy":"product_tag","embeddable":true,"href":"https:\/\/primeprintingweb.com\/cs\/wp-json\/wp\/v2\/product_tag?post=22493"}],"curies":[{"name":"wp","href":"https:\/\/api.w.org\/{rel}","templated":true}]}}