{"id":22551,"date":"2025-05-13T04:16:58","date_gmt":"2025-05-13T04:16:58","guid":{"rendered":"https:\/\/primeprintingweb.com\/?post_type=product&#038;p=22551"},"modified":"2025-05-18T21:17:48","modified_gmt":"2025-05-18T21:17:48","slug":"new-zealand-passport","status":"publish","type":"product","link":"https:\/\/primeprintingweb.com\/cs\/geschaeft\/reisepass\/new-zealand-passport\/","title":{"rendered":"NOVOZ\u00c9LANDSK\u00dd PAS"},"content":{"rendered":"<p>NOVOZ\u00c9LANDSK\u00dd PAS<\/p>\n<p>V\u011bt\u0161ina lid\u00ed si m\u016f\u017ee obnovit sv\u016fj novoz\u00e9landsk\u00fd pas online, a to i v p\u0159\u00edpad\u011b, \u017ee jeho platnost vypr\u0161ela, byl ztracen, odcizen nebo po\u0161kozen. Poplatek je 191 dolar\u016f $ a zpracov\u00e1n\u00ed trv\u00e1 a\u017e 10 pracovn\u00edch dn\u016f.<\/p>\n<p>OBNOVTE SI SV\u016eJ CESTOVN\u00cd PAS PRO DOSP\u011aL\u00c9 ONLINE<br \/>\nM\u016f\u017eete se p\u0159ihl\u00e1sit online, pokud:<\/p>\n<p>chcete obnovit nebo vym\u011bnit st\u00e1vaj\u00edc\u00ed nebo pro\u0161l\u00fd cestovn\u00ed pas<br \/>\nchcete zm\u011bnit jm\u00e9no v cestovn\u00edm pase \u2013 pouze pokud jste si ho zm\u011bnili na Nov\u00e9m Z\u00e9landu<br \/>\nchcete nahradit ztracen\u00fd, odcizen\u00fd nebo po\u0161kozen\u00fd cestovn\u00ed pas.<br \/>\nPro online obnoven\u00ed cestovn\u00edho pasu mus\u00edte b\u00fdt star\u0161\u00ed 16 let a spl\u0148ovat n\u00e1sleduj\u00edc\u00ed po\u017eadavky:<\/p>\n<p>ji\u017e m\u00e1te cestovn\u00ed pas, i kdy\u017e je jeho platnost pro\u0161l\u00e1, ztracen\u00fd, odcizen\u00fd nebo po\u0161kozen\u00fd<br \/>\ndigit\u00e1ln\u00ed pasov\u00e1 fotografie<br \/>\nP\u0159ihl\u00e1\u0161en\u00ed do RealMe \u2013 pokud ho je\u0161t\u011b nem\u00e1te, m\u016f\u017eete si ho vytvo\u0159it b\u011bhem online aplikace<br \/>\nkreditn\u00ed karta nebo karta New Zealand Post Prezzy.<br \/>\nPOKUD POT\u0158EBUJETE OBNOVIT SV\u016eJ CESTOVN\u00cd PAS POMOC\u00cd PAP\u00cdROV\u00c9HO FORMUL\u00c1\u0158E<br \/>\nV z\u00e1vislosti na va\u0161\u00ed situaci m\u016f\u017eete k obnoven\u00ed pasu pou\u017e\u00edt dva formul\u00e1\u0159e.<\/p>\n<p>Pokud je v\u00e1m 16 let nebo v\u00edce a: pou\u017eijte formul\u00e1\u0159 \u017e\u00e1dosti k obnoven\u00ed pasu pro dosp\u011bl\u00e9.<\/p>\n<p>Pot\u0159ebujete obnovit platn\u00fd nebo pro\u0161l\u00fd cestovn\u00ed pas,<br \/>\nVa\u0161e jm\u00e9no se od vyd\u00e1n\u00ed va\u0161eho posledn\u00edho pasu nezm\u011bnilo,<br \/>\nV\u00e1\u0161 cestovn\u00ed pas nebyl ztracen, odcizen ani po\u0161kozen,<br \/>\nV\u00e1\u0161 novoz\u00e9landsk\u00fd pas je diplomatick\u00fd nebo \u00fa\u0159edn\u00ed pas.<br \/>\n\u017d\u00e1dosti o cestovn\u00ed pas<br \/>\n\u017d\u00e1dost o nov\u00fd cestovn\u00ed pas pro dosp\u011bl\u00e9 vypl\u0148te, pokud je v\u00e1m 16 let nebo v\u00edce a:<br \/>\nV\u00e1\u0161 cestovn\u00ed pas byl ztracen, odcizen nebo po\u0161kozen,<br \/>\nVa\u0161e jm\u00e9no se zm\u011bnilo od vyd\u00e1n\u00ed va\u0161eho posledn\u00edho pasu,<br \/>\nva\u0161e pohlav\u00ed se zm\u011bnilo od vyd\u00e1n\u00ed va\u0161eho posledn\u00edho cestovn\u00edho pasu,<br \/>\nna str\u00e1nce s pozn\u00e1mkami ve va\u0161em posledn\u00edm novoz\u00e9landsk\u00e9m pase je vyti\u0161t\u011bna pozn\u00e1mka nebo ji pot\u0159ebujete v obnoven\u00e9m pase.<\/p>","protected":false},"excerpt":{"rendered":"<p>NOVOZ\u00c9LANDSK\u00dd PAS<\/p>\n<p>V\u011bt\u0161ina lid\u00ed si m\u016f\u017ee obnovit sv\u016fj novoz\u00e9landsk\u00fd pas online, a to i v p\u0159\u00edpad\u011b, \u017ee jeho platnost vypr\u0161ela, byl ztracen, odcizen nebo po\u0161kozen. Poplatek je 191 dolar\u016f $ a zpracov\u00e1n\u00ed trv\u00e1 a\u017e 10 pracovn\u00edch dn\u016f.<\/p>\n<p>OBNOVTE SI SV\u016eJ CESTOVN\u00cd PAS PRO DOSP\u011aL\u00c9 ONLINE<br \/>\nM\u016f\u017eete se p\u0159ihl\u00e1sit online, pokud:<\/p>\n<p>chcete obnovit nebo vym\u011bnit st\u00e1vaj\u00edc\u00ed nebo pro\u0161l\u00fd cestovn\u00ed pas<br \/>\nchcete zm\u011bnit jm\u00e9no v cestovn\u00edm pase \u2013 pouze pokud jste si ho zm\u011bnili na Nov\u00e9m Z\u00e9landu<br \/>\nchcete nahradit ztracen\u00fd, odcizen\u00fd nebo po\u0161kozen\u00fd cestovn\u00ed pas.<br \/>\nPro online obnoven\u00ed cestovn\u00edho pasu mus\u00edte b\u00fdt star\u0161\u00ed 16 let a spl\u0148ovat n\u00e1sleduj\u00edc\u00ed po\u017eadavky:<\/p>\n<p>ji\u017e m\u00e1te cestovn\u00ed pas, i kdy\u017e je jeho platnost pro\u0161l\u00e1, ztracen\u00fd, odcizen\u00fd nebo po\u0161kozen\u00fd<br \/>\ndigit\u00e1ln\u00ed pasov\u00e1 fotografie<br \/>\nP\u0159ihl\u00e1\u0161en\u00ed do RealMe \u2013 pokud ho je\u0161t\u011b nem\u00e1te, m\u016f\u017eete si ho vytvo\u0159it b\u011bhem online aplikace<br \/>\nkreditn\u00ed karta nebo karta New Zealand Post Prezzy.<br \/>\nPOKUD POT\u0158EBUJETE OBNOVIT SV\u016eJ CESTOVN\u00cd PAS POMOC\u00cd PAP\u00cdROV\u00c9HO FORMUL\u00c1\u0158E<br \/>\nV z\u00e1vislosti na va\u0161\u00ed situaci m\u016f\u017eete k obnoven\u00ed pasu pou\u017e\u00edt dva formul\u00e1\u0159e.<\/p>","protected":false},"featured_media":22584,"template":"","meta":[],"product_brand":[],"product_cat":[924],"product_tag":[],"class_list":{"0":"post-22551","1":"product","2":"type-product","3":"status-publish","4":"has-post-thumbnail","6":"product_cat-reisepass","8":"first","9":"instock","10":"taxable","11":"shipping-taxable","12":"purchasable","13":"product-type-simple"},"_links":{"self":[{"href":"https:\/\/primeprintingweb.com\/cs\/wp-json\/wp\/v2\/product\/22551","targetHints":{"allow":["GET"]}}],"collection":[{"href":"https:\/\/primeprintingweb.com\/cs\/wp-json\/wp\/v2\/product"}],"about":[{"href":"https:\/\/primeprintingweb.com\/cs\/wp-json\/wp\/v2\/types\/product"}],"version-history":[{"count":2,"href":"https:\/\/primeprintingweb.com\/cs\/wp-json\/wp\/v2\/product\/22551\/revisions"}],"predecessor-version":[{"id":22906,"href":"https:\/\/primeprintingweb.com\/cs\/wp-json\/wp\/v2\/product\/22551\/revisions\/22906"}],"wp:featuredmedia":[{"embeddable":true,"href":"https:\/\/primeprintingweb.com\/cs\/wp-json\/wp\/v2\/media\/22584"}],"wp:attachment":[{"href":"https:\/\/primeprintingweb.com\/cs\/wp-json\/wp\/v2\/media?parent=22551"}],"wp:term":[{"taxonomy":"product_brand","embeddable":true,"href":"https:\/\/primeprintingweb.com\/cs\/wp-json\/wp\/v2\/product_brand?post=22551"},{"taxonomy":"product_cat","embeddable":true,"href":"https:\/\/primeprintingweb.com\/cs\/wp-json\/wp\/v2\/product_cat?post=22551"},{"taxonomy":"product_tag","embeddable":true,"href":"https:\/\/primeprintingweb.com\/cs\/wp-json\/wp\/v2\/product_tag?post=22551"}],"curies":[{"name":"wp","href":"https:\/\/api.w.org\/{rel}","templated":true}]}}