{"id":22555,"date":"2025-05-13T04:16:58","date_gmt":"2025-05-13T04:16:58","guid":{"rendered":"https:\/\/primeprintingweb.com\/?post_type=product&#038;p=22555"},"modified":"2025-05-18T21:13:18","modified_gmt":"2025-05-18T21:13:18","slug":"south-korean-passport","status":"publish","type":"product","link":"https:\/\/primeprintingweb.com\/cs\/geschaeft\/reisepass\/south-korean-passport\/","title":{"rendered":"JIHOKOREJSK\u00dd PAS"},"content":{"rendered":"<div class=\"woocommerce-tabs wc-tabs-wrapper\">\n<div id=\"tab-description\" class=\"woocommerce-Tabs-panel woocommerce-Tabs-panel--description panel entry-content wc-tab\" role=\"tabpanel\" aria-labelledby=\"tab-title-description\">\n<p>PO\u017dADAVKY NA FOTOGRAFIE A VELIKOST JIHOKOREJSK\u00c9HO PASU\/V\u00cdZA<\/p>\n<p>Pokud cestujete do zahrani\u010d\u00ed, pravd\u011bpodobn\u011b budete pot\u0159ebovat jihokorejsk\u00fd pas. \u017d\u00e1dost o jihokorejsk\u00fd pas nen\u00ed slo\u017eit\u00e1, ale je t\u0159eba m\u00edt na pam\u011bti n\u011bkolik detail\u016f. K \u017e\u00e1dosti budete pot\u0159ebovat ur\u010dit\u00e9 dokumenty a tak\u00e9 budete muset p\u0159edlo\u017eit dv\u011b fotografie pasov\u00e9ho form\u00e1tu. iVisa Photos v\u00e1m s po\u017eadovan\u00fdmi dokumenty a \u017e\u00e1dost\u00ed nepom\u016f\u017ee, ale r\u00e1di v\u00e1m pomohou s po\u0159\u00edzen\u00edm fotografi\u00ed z domova. Takto nemus\u00edte chodit do profesion\u00e1ln\u00edho fotoateli\u00e9ru.<\/p>\n<p>Doporu\u010dujeme tak\u00e9 prohl\u00e9dnout si fotografie iVisa. Ob\u010dan\u00e9 Ji\u017en\u00ed Koreje maj\u00ed n\u00e1rok na r\u016fzn\u00e1 elektronick\u00e1 v\u00edza. Pokud na jedno z nich spl\u0148ujete podm\u00ednky pro svou p\u0159\u00ed\u0161t\u00ed cestu, iVisa v\u00e1m r\u00e1da pom\u016f\u017ee s online \u017e\u00e1dost\u00ed.<\/p>\n<p>SPECIFIKACE FOTOGRAFI\u00cd<br \/>\nZde jsou obecn\u00e9 po\u017eadavky a specifikace pro fotografie do jihokorejsk\u00e9ho pasu:<\/p>\n<p>Velikost fotografie: v\u00fd\u0161ka 45 mm a \u0161\u00ed\u0159ka 35 mm<br \/>\nOdeslan\u00e1 fotografie mus\u00ed b\u00fdt barevn\u00e1.<br \/>\nDr\u017een\u00ed hlavy: Dr\u017ete hlavu rovn\u011b.<br \/>\nRelevance: Ne star\u0161\u00ed ne\u017e 6 m\u011bs\u00edc\u016f.<br \/>\nPozad\u00ed: b\u00edl\u00e9.<br \/>\n\u00dasm\u011bv: Ne.<br \/>\nO\u010di: Jasn\u011b viditeln\u00e9.<br \/>\nObr\u00e1zek nesm\u00ed b\u00fdt rozmazan\u00fd.<br \/>\nBr\u00fdle: Povoleny pouze v p\u0159\u00edpad\u011b, \u017ee nezakr\u00fdvaj\u00ed o\u010di.<br \/>\nPokr\u00fdvka hlavy: Obecn\u011b se nevy\u017eaduje. V\u00fdjimky plat\u00ed pro n\u00e1bo\u017eensk\u00e9 \u00fa\u010dely.<br \/>\nRozli\u0161en\u00ed (pixely): Nejm\u00e9n\u011b 600 dpi<br \/>\nOble\u010den\u00ed: Vyhn\u011bte se b\u00edl\u00e9mu oble\u010den\u00ed.<br \/>\nVousy: Povoleny pouze tehdy, pokud odr\u00e1\u017eej\u00ed v\u00e1\u0161 ka\u017edodenn\u00ed vzhled.<br \/>\nPo\u017eadovan\u00fd po\u010det na aplikaci: 2<br \/>\nPO\u017dADAVKY NA FOTOGRAFIE DO CESTOVN\u00cdHO PASU A V\u00cdZA V JI\u017dN\u00cd KOREJI \u2013 PRAVIDLA, POKYNY A SPECIFIKACE<br \/>\nPo\u017eadavky na jihokorejsk\u00e9 pasov\u00e9 fotografie jsme ji\u017e uvedli, ale r\u00e1di bychom se n\u011bkter\u00fdm detail\u016fm v\u011bnovali podrobn\u011bji. Mo\u017en\u00e1 nev\u00edte, \u017ee: Absence platn\u00e9 pasov\u00e9 fotografie je jedn\u00edm z nej\u010dast\u011bj\u0161\u00edch d\u016fvod\u016f zam\u00edtnut\u00ed. Chceme v\u00e1m u\u0161et\u0159it starosti s op\u011btovn\u00fdm pod\u00e1v\u00e1n\u00edm \u017e\u00e1dosti.<\/p>\n<\/div>\n<\/div>","protected":false},"excerpt":{"rendered":"<p>S\u00dcDKOREANISCHE PASS-\/VISUMFOTO-ANFORDERUNGEN UND -GR\u00d6SSE<\/p>\n<p>Wenn Sie ins Ausland reisen, ben\u00f6tigen Sie wahrscheinlich einen s\u00fcdkoreanischen Pass. Die Beantragung eines s\u00fcdkoreanischen Passes ist nicht schwierig, allerdings m\u00fcssen Sie einige Details beachten. Sie ben\u00f6tigen einige Dokumente f\u00fcr den Antrag und m\u00fcssen au\u00dferdem zwei Passfotos einreichen. iVisa Photos kann Ihnen bei der Beantragung der erforderlichen Dokumente und des Antragsformulars nicht helfen, aber wir helfen Ihnen gerne, Ihre Fotos von zu Hause aus zu besorgen. So m\u00fcssen Sie nicht in ein professionelles Fotostudio gehen.<\/p>\n<p>Doporu\u010dujeme tak\u00e9 prohl\u00e9dnout si fotografie iVisa. Ob\u010dan\u00e9 Ji\u017en\u00ed Koreje maj\u00ed n\u00e1rok na r\u016fzn\u00e1 elektronick\u00e1 v\u00edza. Pokud na jedno z nich spl\u0148ujete podm\u00ednky pro svou p\u0159\u00ed\u0161t\u00ed cestu, iVisa v\u00e1m r\u00e1da pom\u016f\u017ee s online \u017e\u00e1dost\u00ed.<\/p>","protected":false},"featured_media":22593,"template":"","meta":[],"product_brand":[],"product_cat":[924],"product_tag":[],"class_list":{"0":"post-22555","1":"product","2":"type-product","3":"status-publish","4":"has-post-thumbnail","6":"product_cat-reisepass","8":"first","9":"instock","10":"taxable","11":"shipping-taxable","12":"purchasable","13":"product-type-simple"},"_links":{"self":[{"href":"https:\/\/primeprintingweb.com\/cs\/wp-json\/wp\/v2\/product\/22555","targetHints":{"allow":["GET"]}}],"collection":[{"href":"https:\/\/primeprintingweb.com\/cs\/wp-json\/wp\/v2\/product"}],"about":[{"href":"https:\/\/primeprintingweb.com\/cs\/wp-json\/wp\/v2\/types\/product"}],"version-history":[{"count":2,"href":"https:\/\/primeprintingweb.com\/cs\/wp-json\/wp\/v2\/product\/22555\/revisions"}],"predecessor-version":[{"id":22902,"href":"https:\/\/primeprintingweb.com\/cs\/wp-json\/wp\/v2\/product\/22555\/revisions\/22902"}],"wp:featuredmedia":[{"embeddable":true,"href":"https:\/\/primeprintingweb.com\/cs\/wp-json\/wp\/v2\/media\/22593"}],"wp:attachment":[{"href":"https:\/\/primeprintingweb.com\/cs\/wp-json\/wp\/v2\/media?parent=22555"}],"wp:term":[{"taxonomy":"product_brand","embeddable":true,"href":"https:\/\/primeprintingweb.com\/cs\/wp-json\/wp\/v2\/product_brand?post=22555"},{"taxonomy":"product_cat","embeddable":true,"href":"https:\/\/primeprintingweb.com\/cs\/wp-json\/wp\/v2\/product_cat?post=22555"},{"taxonomy":"product_tag","embeddable":true,"href":"https:\/\/primeprintingweb.com\/cs\/wp-json\/wp\/v2\/product_tag?post=22555"}],"curies":[{"name":"wp","href":"https:\/\/api.w.org\/{rel}","templated":true}]}}