{"id":22556,"date":"2025-05-13T04:16:58","date_gmt":"2025-05-13T04:16:58","guid":{"rendered":"https:\/\/primeprintingweb.com\/?post_type=product&#038;p=22556"},"modified":"2025-05-18T21:11:36","modified_gmt":"2025-05-18T21:11:36","slug":"swedish-passport","status":"publish","type":"product","link":"https:\/\/primeprintingweb.com\/cs\/geschaeft\/reisepass\/swedish-passport\/","title":{"rendered":"\u0160V\u00c9DSK\u00dd PAS"},"content":{"rendered":"<div class=\"woocommerce-tabs wc-tabs-wrapper\">\n<div id=\"tab-description\" class=\"woocommerce-Tabs-panel woocommerce-Tabs-panel--description panel entry-content wc-tab\" role=\"tabpanel\" aria-labelledby=\"tab-title-description\">\n<p>\u0160V\u00c9DSK\u00dd PAS<\/p>\n<p>PAS A OB\u010cANSK\u00dd PR\u016eKAZ<\/p>\n<p>Pasov\u00e9 \u00fa\u0159ady policie vyd\u00e1vaj\u00ed \u0161v\u00e9dsk\u00fdm ob\u010dan\u016fm pasy a ob\u010dansk\u00e9 pr\u016fkazy. O nov\u00fd pas nebo ob\u010dansk\u00fd pr\u016fkaz si m\u016f\u017eete po\u017e\u00e1dat a obdr\u017eet jej na kter\u00e9mkoli pasov\u00e9m \u00fa\u0159ad\u011b v zemi.<\/p>\n<p>Pas a ob\u010dansk\u00fd pr\u016fkaz \u2013 Jak podat \u017e\u00e1dost (anglick\u00e9 titulky)<br \/>\nAPLIKACE<br \/>\nPokud jste \u0161v\u00e9dsk\u00fdm ob\u010danem star\u0161\u00edm 18 let a \u017eijete ve \u0160v\u00e9dsku, mus\u00edte si p\u0159in\u00e9st n\u00e1sleduj\u00edc\u00ed:<\/p>\n<p>Platn\u00fd pr\u016fkaz toto\u017enosti (platn\u00fd cestovn\u00ed pas je jedn\u00edm z n\u011bkolika platn\u00fdch doklad\u016f toto\u017enosti)<br \/>\nV\u00e1\u0161 star\u00fd cestovn\u00ed pas, pokud je st\u00e1le platn\u00fd<br \/>\nFotografie se po\u0159izuj\u00ed v pasov\u00e9 kancel\u00e1\u0159i. Ka\u017ed\u00fd, kdo \u017e\u00e1d\u00e1 o cestovn\u00ed pas nebo ob\u010dansk\u00fd pr\u016fkaz, se mus\u00ed osobn\u011b dostavit na pasovou kancel\u00e1\u0159 policie, a to v\u010detn\u011b d\u011bt\u00ed a ml\u00e1de\u017ee.<\/p>\n<p>P\u00cdSEMN\u00dd SOUHLAS RODI\u010c\u016e A Z\u00c1KONN\u00ddCH OPATRUNC\u016e<br \/>\nOsoby mlad\u0161\u00ed 18 let pot\u0159ebuj\u00ed p\u00edsemn\u00fd souhlas v\u0161ech rodi\u010d\u016f nebo z\u00e1konn\u00fdch z\u00e1stupc\u016f.<\/p>\n<p>P\u0159\u00edloha k \u017e\u00e1dosti o cestovn\u00ed pas\/ob\u010dansk\u00fd pr\u016fkaz (pro nezletil\u00e9)<\/p>\n<p>N\u00c1KLADY<br \/>\nPas: 350 SEK<br \/>\nOb\u010dansk\u00fd pr\u016fkaz: 400 SEK<br \/>\nProzat\u00edmn\u00ed pas: 980 SEK<br \/>\nPlatba se prov\u00e1d\u00ed na z\u00e1klad\u011b \u017e\u00e1dosti. V\u011bt\u0161ina pasov\u00fdch \u00fa\u0159ad\u016f p\u0159ij\u00edm\u00e1 kreditn\u00ed karty.<\/p>\n<p>OBJEDNAT SI SCH\u016eZKU PRO PAS\/OB\u010cANSK\u00dd PR\u016eKAZ<br \/>\nChcete-li po\u017e\u00e1dat o cestovn\u00ed pas nebo ob\u010dansk\u00fd pr\u016fkaz, mus\u00edte si p\u0159edem rezervovat sch\u016fzku. Nov\u00e9 term\u00edny sch\u016fzek jsou pravideln\u011b zve\u0159ej\u0148ov\u00e1ny.<\/p>\n<p>Rezervace sch\u016fzky k \u017e\u00e1dosti o cestovn\u00ed pas\/ob\u010dansk\u00fd pr\u016fkaz (webov\u00e9 str\u00e1nky ve \u0161v\u00e9d\u0161tin\u011b)<\/p>\n<p>DODAC\u00cd DOBA<br \/>\nPas nebo ob\u010dansk\u00fd pr\u016fkaz je obvykle doru\u010den p\u0159\u00edslu\u0161n\u00e9mu pasov\u00e9mu \u00fa\u0159adu do p\u011bti pracovn\u00edch dn\u016f. P\u0159i vyzvednut\u00ed pasu nebo ob\u010dansk\u00e9ho pr\u016fkazu pros\u00edm p\u0159edlo\u017ete potvrzen\u00ed o p\u0159evzet\u00ed.<\/p>\n<p>PLATN\u00dd PR\u016eKAZ TOTO\u017dNOSTI P\u0158I \u017d\u00c1DOSTI<br \/>\nP\u0159i \u017e\u00e1dosti o nov\u00fd cestovn\u00ed pas nebo ob\u010dansk\u00fd pr\u016fkaz mus\u00edte p\u0159edlo\u017eit doklad toto\u017enosti. Za doklady toto\u017enosti se pova\u017euj\u00ed:<\/p>\n<p>Platn\u00fd \u0161v\u00e9dsk\u00fd cestovn\u00ed pas (do\u010dasn\u00fd cestovn\u00ed pas nen\u00ed platn\u00fdm dokladem toto\u017enosti)<br \/>\n\u0160v\u00e9dsk\u00fd ob\u010dansk\u00fd pr\u016fkaz<br \/>\nPlatn\u00fd \u0161v\u00e9dsk\u00fd \u0159idi\u010dsk\u00fd pr\u016fkaz<br \/>\n\u0160v\u00e9dsk\u00fd pr\u016fkaz toto\u017enosti SIS nebo pr\u016fkaz toto\u017enosti vydan\u00fd \u00fa\u0159adem, nap\u0159. \u0161v\u00e9dsk\u00fdm finan\u010dn\u00edm \u00fa\u0159adem<br \/>\nPokud nem\u00e1te pr\u016fkaz toto\u017enosti, m\u016f\u017ee va\u0161i toto\u017enost potvrdit v\u00e1\u0161 man\u017eel\/man\u017eelka, rodi\u010de, prarodi\u010de, dosp\u011bl\u00ed sourozenci (s vlastn\u00edm pr\u016fkazem toto\u017enosti) nebo z\u00e1konn\u00fd z\u00e1stupce. Do\u010dasn\u00fd cestovn\u00ed pas nen\u00ed platn\u00fdm dokladem toto\u017enosti p\u0159i \u017e\u00e1dosti o cestovn\u00ed pas.<\/p>\n<p>DO\u010cASN\u00dd PAS<br \/>\nDo\u010dasn\u00fd cestovn\u00ed pas se vyd\u00e1v\u00e1 pouze pro bezprost\u0159edn\u00ed cestu. Mus\u00edte v\u011bd\u011bt, jak dlouho je cestovn\u00ed pas platn\u00fd a zda zem\u011b, do kter\u00e9 cestujete, akceptuje \u0161v\u00e9dsk\u00fd do\u010dasn\u00fd cestovn\u00ed pas. Nejjednodu\u0161\u0161\u00ed zp\u016fsob, jak tyto informace z\u00edskat, je na p\u0159\u00edslu\u0161n\u00e9m velvyslanectv\u00ed nebo v cestovn\u00ed kancel\u00e1\u0159i. Do\u010dasn\u00e9 pasy vyd\u00e1vaj\u00ed pouze n\u011bkter\u00e9 pasov\u00e9 \u00fa\u0159ady. D\u011bti mlad\u0161\u00ed 18 let mus\u00ed p\u0159i \u017e\u00e1dosti podat doprovod rodi\u010de nebo z\u00e1konn\u00e9ho z\u00e1stupce.<\/p>\n<p>ZTR\u00c1TY A N\u00c1LEZY PASY A OB\u010cANSK\u00c9 PR\u016eKAZY<br \/>\nPokud ztrat\u00edte cestovn\u00ed pas nebo ob\u010dansk\u00fd pr\u016fkaz, nahlaste to pros\u00edm policii. N\u00e1sledn\u011b bude zablokov\u00e1n. Po nahl\u00e1\u0161en\u00ed ztr\u00e1ty si za\u017e\u00e1dejte o nov\u00fd cestovn\u00ed pas nebo ob\u010dansk\u00fd pr\u016fkaz.<\/p>\n<p>Pokud najdete sv\u016fj star\u00fd cestovn\u00ed pas nebo ob\u010dansk\u00fd pr\u016fkaz, nahlaste to pros\u00edm policii. Pokud jste obdr\u017eeli nov\u00fd cestovn\u00ed pas nebo ob\u010dansk\u00fd pr\u016fkaz, mus\u00edte star\u00fd odevzdat ke zru\u0161en\u00ed. Star\u00fd cestovn\u00ed doklad ji\u017e nelze pou\u017e\u00edt.<\/p>\n<p>Pokud v zahrani\u010d\u00ed ztrat\u00edte cestovn\u00ed pas nebo ob\u010dansk\u00fd pr\u016fkaz, kontaktujte pros\u00edm nejbli\u017e\u0161\u00ed \u0161v\u00e9dsk\u00e9 velvyslanectv\u00ed nebo konzul\u00e1t.<\/p>\n<\/div>\n<\/div>","protected":false},"excerpt":{"rendered":"<p>\u0160V\u00c9DSK\u00dd PAS<\/p>\n<p>PAS A OB\u010cANSK\u00dd PR\u016eKAZ<\/p>\n<p>Pasov\u00e9 \u00fa\u0159ady policie vyd\u00e1vaj\u00ed \u0161v\u00e9dsk\u00fdm ob\u010dan\u016fm pasy a ob\u010dansk\u00e9 pr\u016fkazy. O nov\u00fd pas nebo ob\u010dansk\u00fd pr\u016fkaz si m\u016f\u017eete po\u017e\u00e1dat a obdr\u017eet jej na kter\u00e9mkoli pasov\u00e9m \u00fa\u0159ad\u011b v zemi.<\/p>\n<p>Pas a ob\u010dansk\u00fd pr\u016fkaz \u2013 Jak podat \u017e\u00e1dost (anglick\u00e9 titulky)<br \/>\nAPLIKACE<br \/>\nWenn Sie schwedische Staatsb\u00fcrgerschaft \u00fcber 18 Jahre besitzen und in Schweden leben, m\u00fcssen Sie Folgendes mitbringen:<\/p>\n<p>Platn\u00fd pr\u016fkaz toto\u017enosti (platn\u00fd cestovn\u00ed pas je jedn\u00edm z n\u011bkolika platn\u00fdch doklad\u016f toto\u017enosti)<br \/>\nV\u00e1\u0161 star\u00fd cestovn\u00ed pas, pokud je st\u00e1le platn\u00fd<br \/>\nFotografie se po\u0159izuj\u00ed v pasov\u00e9 kancel\u00e1\u0159i. Ka\u017ed\u00fd, kdo \u017e\u00e1d\u00e1 o cestovn\u00ed pas nebo ob\u010dansk\u00fd pr\u016fkaz, se mus\u00ed osobn\u011b dostavit na pasovou kancel\u00e1\u0159 policie, a to v\u010detn\u011b d\u011bt\u00ed a ml\u00e1de\u017ee.<\/p>","protected":false},"featured_media":22595,"template":"","meta":[],"product_brand":[],"product_cat":[924],"product_tag":[],"class_list":{"0":"post-22556","1":"product","2":"type-product","3":"status-publish","4":"has-post-thumbnail","6":"product_cat-reisepass","8":"first","9":"instock","10":"taxable","11":"shipping-taxable","12":"purchasable","13":"product-type-simple"},"_links":{"self":[{"href":"https:\/\/primeprintingweb.com\/cs\/wp-json\/wp\/v2\/product\/22556","targetHints":{"allow":["GET"]}}],"collection":[{"href":"https:\/\/primeprintingweb.com\/cs\/wp-json\/wp\/v2\/product"}],"about":[{"href":"https:\/\/primeprintingweb.com\/cs\/wp-json\/wp\/v2\/types\/product"}],"version-history":[{"count":2,"href":"https:\/\/primeprintingweb.com\/cs\/wp-json\/wp\/v2\/product\/22556\/revisions"}],"predecessor-version":[{"id":22901,"href":"https:\/\/primeprintingweb.com\/cs\/wp-json\/wp\/v2\/product\/22556\/revisions\/22901"}],"wp:featuredmedia":[{"embeddable":true,"href":"https:\/\/primeprintingweb.com\/cs\/wp-json\/wp\/v2\/media\/22595"}],"wp:attachment":[{"href":"https:\/\/primeprintingweb.com\/cs\/wp-json\/wp\/v2\/media?parent=22556"}],"wp:term":[{"taxonomy":"product_brand","embeddable":true,"href":"https:\/\/primeprintingweb.com\/cs\/wp-json\/wp\/v2\/product_brand?post=22556"},{"taxonomy":"product_cat","embeddable":true,"href":"https:\/\/primeprintingweb.com\/cs\/wp-json\/wp\/v2\/product_cat?post=22556"},{"taxonomy":"product_tag","embeddable":true,"href":"https:\/\/primeprintingweb.com\/cs\/wp-json\/wp\/v2\/product_tag?post=22556"}],"curies":[{"name":"wp","href":"https:\/\/api.w.org\/{rel}","templated":true}]}}