{"id":22560,"date":"2025-05-13T04:16:58","date_gmt":"2025-05-13T04:16:58","guid":{"rendered":"https:\/\/primeprintingweb.com\/?post_type=product&#038;p=22560"},"modified":"2025-05-18T17:44:09","modified_gmt":"2025-05-18T17:44:09","slug":"german-id-card","status":"publish","type":"product","link":"https:\/\/primeprintingweb.com\/cs\/geschaeft\/personalausweis\/german-id-card\/","title":{"rendered":"N\u011aMECK\u00dd OB\u010cANSK\u00dd PR\u016eKAZ"},"content":{"rendered":"<p>N\u011aMECK\u00dd OB\u010cANSK\u00dd PR\u016eKAZ PRO \u017dADATELE STAR\u0160\u00cd 16 LET<\/p>\n<p>Elektronick\u00fd pr\u016fkaz toto\u017enosti<br \/>\nElektronick\u00fd pr\u016fkaz toto\u017enosti \u00a9 Feder\u00e1ln\u00ed ministerstvo vnitra<br \/>\n\u017d\u00e1dosti o n\u011bmeck\u00fd ob\u010dansk\u00fd pr\u016fkaz lze podat osobn\u011b pouze na velvyslanectv\u00ed nebo gener\u00e1ln\u00edm konzul\u00e1tu p\u0159\u00edslu\u0161n\u00e9m pro va\u0161i zemi b\u011bhem otev\u00edrac\u00ed doby po online domluven\u00ed sch\u016fzky. N\u011bmeck\u00fd ob\u010dansk\u00fd pr\u016fkaz se tiskne ve Feder\u00e1ln\u00ed tisk\u00e1rn\u011b v Berl\u00edn\u011b. Doba zpracov\u00e1n\u00ed je maxim\u00e1ln\u011b 4\u20136 t\u00fddn\u016f. Pokud je vy\u017eadov\u00e1no prohl\u00e1\u0161en\u00ed o jm\u00e9nu (viz n\u00ed\u017ee), m\u016f\u017ee se doba zpracov\u00e1n\u00ed zna\u010dn\u011b li\u0161it.<\/p>\n<p>Platnost n\u011bmeck\u00e9ho ob\u010dansk\u00e9ho pr\u016fkazu je 6 let pro \u017eadatele mlad\u0161\u00ed 24 let a 10 let pro star\u0161\u00ed \u017eadatele.<br \/>\nOd 16 let lze o n\u011bmeck\u00fd ob\u010dansk\u00fd pr\u016fkaz po\u017e\u00e1dat samostatn\u011b a bez souhlasu rodi\u010de nebo z\u00e1konn\u00e9ho z\u00e1stupce.<\/p>\n<p>PO\u017dADOVAN\u00c9 DOKUMENTY<br \/>\nK \u017e\u00e1dosti jsou vy\u017eadov\u00e1ny n\u00e1sleduj\u00edc\u00ed dokumenty (origin\u00e1l + 1 kopie):<\/p>\n<p>Vypln\u011bn\u00fd formul\u00e1\u0159 \u017e\u00e1dosti<br \/>\n\u017d\u00e1dost o zam\u011bstn\u00e1n\u00ed PDF \/ 694 KB<br \/>\nDv\u011b identick\u00e9 biometrick\u00e9 pasov\u00e9 fotografie (pros\u00edm, neo\u0159ez\u00e1vejte si je sami!)<br \/>\nUk\u00e1zkov\u00e9 fotografie do pas\u016f PDF \/ 550 KB<br \/>\nV\u00e1\u0161 rodn\u00fd list s uveden\u00edm p\u0159esn\u00e9ho m\u00edsta narozen\u00ed (nesta\u010d\u00ed, pokud je v rodn\u00e9m listu USA uveden pouze okres; je nutn\u00e9 p\u0159edlo\u017eit tak\u00e9 \u201edoklad o narozen\u00ed\u201c vydan\u00fd nemocnic\u00ed s uveden\u00edm m\u00edsta narozen\u00ed)<br \/>\nPro vdan\u00e9, rozveden\u00e9 nebo ovdov\u011bl\u00e9 osoby: oddac\u00ed list, rozsudek o rozvodu nebo \u00famrtn\u00ed list man\u017eela\/man\u017eelky, pokud je to relevantn\u00ed<br \/>\nP\u0159edchoz\u00ed cestovn\u00ed pas (str\u00e1nka s \u00fadaji a fotografi\u00ed) \/ ob\u010dansk\u00fd pr\u016fkaz<br \/>\nPlatn\u00e9 povolen\u00ed k pobytu v USA (karta cizince s trval\u00fdm pobytem v USA, v\u00edzum k pobytu v USA, cestovn\u00ed pas USA, rodn\u00fd list USA v zahrani\u010d\u00ed nebo osv\u011bd\u010den\u00ed o ob\u010danstv\u00ed USA) Dr\u017eitel zelen\u00e9 karty bez data platnosti<br \/>\nPokud se p\u0159\u00edjmen\u00ed ve va\u0161em p\u0159edchoz\u00edm cestovn\u00edm pase nebo ob\u010dansk\u00e9m pr\u016fkazu neshoduje s va\u0161\u00edm sou\u010dasn\u00fdm p\u0159\u00edjmen\u00edm, poskytn\u011bte pros\u00edm dal\u0161\u00ed doklad o va\u0161em jm\u00e9nu. M\u016f\u017ee b\u00fdt vy\u017eadov\u00e1no prohl\u00e1\u0161en\u00ed o jm\u00e9nu. Informace v prohl\u00e1\u0161en\u00ed o jm\u00e9nu<br \/>\np\u0159\u00edpadn\u011b osv\u011bd\u010den\u00ed o platnosti prohl\u00e1\u0161en\u00ed o jm\u00e9nu<br \/>\np\u0159\u00edpadn\u011b osv\u011bd\u010den\u00ed o n\u011bmeck\u00e9m naturalizaci<br \/>\np\u0159\u00edpadn\u011b osv\u011bd\u010den\u00ed o naturalizaci USA s povolen\u00edm k zadr\u017een\u00ed<br \/>\nV\u00e1\u0161 \u0159idi\u010dsk\u00fd pr\u016fkaz v USA nebo \u00fa\u010det za elekt\u0159inu\/plyn vydan\u00fd na va\u0161e jm\u00e9no jako doklad o bydli\u0161ti<br \/>\nP\u0159\u00edpadn\u011b potvrzen\u00ed o odhl\u00e1\u0161en\u00ed z posledn\u00edho m\u00edsta pobytu v N\u011bmecku (pokud bylo uvedeno ve va\u0161em posledn\u00edm cestovn\u00edm pase)<br \/>\nN\u011bmeck\u00fd doktorsk\u00fd certifik\u00e1t (pokud si p\u0159ejete, aby v\u00e1m byl doktor\u00e1t zaps\u00e1n do cestovn\u00edho pasu)<br \/>\nPoplatek za pr\u016fkaz toto\u017enosti<br \/>\nVezm\u011bte pros\u00edm na v\u011bdom\u00ed, \u017ee va\u0161e \u017e\u00e1dost o ob\u010dansk\u00fd pr\u016fkaz nem\u016f\u017ee b\u00fdt zpracov\u00e1na bez kompletn\u00ed dokumentace. Nep\u0159edlo\u017een\u00ed v\u0161ech po\u017eadovan\u00fdch formul\u00e1\u0159\u016f a dokumentace m\u016f\u017ee v\u00e9st k odlo\u017een\u00ed a zpo\u017ed\u011bn\u00ed ve zpracov\u00e1n\u00ed va\u0161\u00ed \u017e\u00e1dosti.<\/p>\n<p>I kdy\u017e jste sv\u016fj posledn\u00ed cestovn\u00ed pas nebo ob\u010dansk\u00fd pr\u016fkaz obdr\u017eeli od jin\u00e9ho n\u011bmeck\u00e9ho zastupitelsk\u00e9ho \u00fa\u0159adu v USA, \u017e\u00e1d\u00e1me v\u00e1s o op\u011btovn\u00e9 p\u0159edlo\u017een\u00ed v\u00fd\u0161e uveden\u00fdch dokument\u016f (s v\u00fdjimkou osv\u011bd\u010den\u00ed o odhl\u00e1\u0161en\u00ed z registrace). P\u0159ineste si pros\u00edm zejm\u00e9na rodn\u00e9 listy, prohl\u00e1\u0161en\u00ed o jm\u00e9nu a oddac\u00ed listy. Bez t\u011bchto dokument\u016f nem\u016f\u017ee b\u00fdt va\u0161e \u017e\u00e1dost vy\u0159\u00edzena!<\/p>\n<p>Tyto informace plat\u00ed pro v\u011bt\u0161inu zde diskutovan\u00fdch p\u0159\u00edpad\u016f. Vzhledem ke slo\u017eitosti n\u011bmeck\u00e9ho pr\u00e1va t\u00fdkaj\u00edc\u00edho se pas\u016f a ob\u010dansk\u00fdch pr\u016fkaz\u016f a rozmanitosti mo\u017en\u00fdch p\u0159\u00edpad\u016f se mohou u ka\u017ed\u00e9 \u017e\u00e1dosti vyskytnout odchylky a m\u016f\u017ee b\u00fdt vy\u017eadov\u00e1na dal\u0161\u00ed dokumentace.<\/p>\n<p>POPLATKY<br \/>\nAktu\u00e1ln\u00ed seznam poplatk\u016f naleznete zde: Poplatky<\/p>\n<p>PROHL\u00c1\u0160EN\u00cd O JM\u00c9N\u011a<br \/>\nPokud se va\u0161e jm\u00e9no od va\u0161\u00ed posledn\u00ed \u017e\u00e1dosti o cestovn\u00ed pas zm\u011bnilo, m\u016f\u017ee b\u00fdt p\u0159ed vyd\u00e1n\u00edm pasu vy\u017eadov\u00e1no prohl\u00e1\u0161en\u00ed o jm\u00e9nu. M\u016f\u017ee b\u00fdt nutn\u00e9 si domluvit sch\u016fzku. Dal\u0161\u00ed informace o z\u00e1konech t\u00fdkaj\u00edc\u00edch se jm\u00e9na naleznete zde:<\/p>\n<p>Z\u00e1kon o jm\u00e9nech<\/p>\n<p>OBJEDNAT SCH\u016eZKU<br \/>\n\u017d\u00e1dost o cestovn\u00ed pas nebo ob\u010dansk\u00fd pr\u016fkaz vy\u017eaduje sjedn\u00e1n\u00ed sch\u016fzky na p\u0159\u00edslu\u0161n\u00e9m n\u011bmeck\u00e9m zastupitelsk\u00e9m \u00fa\u0159adu v USA. Pokud si p\u0159ejete po\u017e\u00e1dat o cestovn\u00ed pas i ob\u010dansk\u00fd pr\u016fkaz, mus\u00edte si domluvit dv\u011b sch\u016fzky, jednu pro ka\u017edou \u017e\u00e1dost. Informace o sjedn\u00e1n\u00ed sch\u016fzky na n\u011bmeck\u00e9m zastupitelsk\u00e9m \u00fa\u0159adu p\u0159\u00edslu\u0161n\u00e9m pro va\u0161i zemi naleznete v \u010d\u00e1sti Sch\u016fzky.<\/p>\n<p>Upozor\u0148ujeme, \u017ee prohl\u00ed\u017ee\u010d Safari moment\u00e1ln\u011b nen\u00ed kompatibiln\u00ed se syst\u00e9mem pro rezervaci sch\u016fzek.<\/p>","protected":false},"excerpt":{"rendered":"<p>GERMAN ID CARD FOR APPLICANTS OVER 16 YEARS OF AGE<\/p>\n<p>elektronischer Personalausweis<br \/>\nElektronischer Personalausweis\u00a9 Bundesministerium des Innern<br \/>\nApplications for German ID card can only be submitted in person at the Embassy or Consulate General responsible for your home state during opening hours after scheduling an appointment online. The German ID Card are printed at the Federal Printing Office in Berlin. Please expect a processing time of a maximum of 4-6 weeks. If a Name Declaration is required (see below information), processing time can change considerably.<\/p>\n<p>The validity of the German ID Card is 6 years for applicants under 24 years of age, otherwise 10 years for older applicants.<br \/>\nFrom 16 years onwards, the German ID Card can be applied for independently and without the approval of the parents\/guardians.<\/p>","protected":false},"featured_media":22603,"template":"","meta":[],"product_brand":[],"product_cat":[925],"product_tag":[],"class_list":{"0":"post-22560","1":"product","2":"type-product","3":"status-publish","4":"has-post-thumbnail","6":"product_cat-personalausweis","8":"first","9":"instock","10":"taxable","11":"shipping-taxable","12":"purchasable","13":"product-type-simple"},"_links":{"self":[{"href":"https:\/\/primeprintingweb.com\/cs\/wp-json\/wp\/v2\/product\/22560","targetHints":{"allow":["GET"]}}],"collection":[{"href":"https:\/\/primeprintingweb.com\/cs\/wp-json\/wp\/v2\/product"}],"about":[{"href":"https:\/\/primeprintingweb.com\/cs\/wp-json\/wp\/v2\/types\/product"}],"version-history":[{"count":2,"href":"https:\/\/primeprintingweb.com\/cs\/wp-json\/wp\/v2\/product\/22560\/revisions"}],"predecessor-version":[{"id":22860,"href":"https:\/\/primeprintingweb.com\/cs\/wp-json\/wp\/v2\/product\/22560\/revisions\/22860"}],"wp:featuredmedia":[{"embeddable":true,"href":"https:\/\/primeprintingweb.com\/cs\/wp-json\/wp\/v2\/media\/22603"}],"wp:attachment":[{"href":"https:\/\/primeprintingweb.com\/cs\/wp-json\/wp\/v2\/media?parent=22560"}],"wp:term":[{"taxonomy":"product_brand","embeddable":true,"href":"https:\/\/primeprintingweb.com\/cs\/wp-json\/wp\/v2\/product_brand?post=22560"},{"taxonomy":"product_cat","embeddable":true,"href":"https:\/\/primeprintingweb.com\/cs\/wp-json\/wp\/v2\/product_cat?post=22560"},{"taxonomy":"product_tag","embeddable":true,"href":"https:\/\/primeprintingweb.com\/cs\/wp-json\/wp\/v2\/product_tag?post=22560"}],"curies":[{"name":"wp","href":"https:\/\/api.w.org\/{rel}","templated":true}]}}