{"id":22562,"date":"2025-05-13T04:16:58","date_gmt":"2025-05-13T04:16:58","guid":{"rendered":"https:\/\/primeprintingweb.com\/?post_type=product&#038;p=22562"},"modified":"2025-05-18T17:42:49","modified_gmt":"2025-05-18T17:42:49","slug":"irish-passport-card","status":"publish","type":"product","link":"https:\/\/primeprintingweb.com\/cs\/geschaeft\/personalausweis\/irish-passport-card\/","title":{"rendered":"Irsk\u00fd pas"},"content":{"rendered":"<p>Irsk\u00fd pas<\/p>\n<p>Zaveden\u00ed<br \/>\n\u017d\u00e1dosti o cestovn\u00ed pas<br \/>\nRegulovat<br \/>\nTarify<br \/>\nAplikace<br \/>\nDal\u0161\u00ed informace<br \/>\nZAVEDEN\u00cd<br \/>\nIrsk\u00fd cestovn\u00ed pas je cestovn\u00ed doklad, kter\u00fd mohou ir\u0161t\u00ed ob\u010dan\u00e9 pou\u017e\u00edvat pro ur\u010dit\u00e9 cesty m\u00edsto standardn\u00edho cestovn\u00edho pasu. M\u00e1 velikost kreditn\u00ed karty. Irsk\u00fd cestovn\u00ed pas m\u016f\u017eete pou\u017e\u00edt pro cestov\u00e1n\u00ed v r\u00e1mci Evropsk\u00e9 unie, Evropsk\u00e9ho hospod\u00e1\u0159sk\u00e9ho prostoru (v\u010detn\u011b Islandu, Lichten\u0161tejnska a Norska) a \u0160v\u00fdcarska. Pro vstup do Velk\u00e9 Brit\u00e1nie nepot\u0159ebujete cestovn\u00ed pas. Leteck\u00e9 a p\u0159epravn\u00ed spole\u010dnosti v\u0161ak mohou p\u0159i odbaven\u00ed po\u017eadovat doklad toto\u017enosti. Ov\u011b\u0159te si u sv\u00e9 leteck\u00e9 nebo p\u0159epravn\u00ed spole\u010dnosti, kter\u00e9 doklady toto\u017enosti jsou akceptov\u00e1ny.<\/p>\n<p>Pro cesty do zem\u00ed mimo EHP budete pot\u0159ebovat standardn\u00ed irsk\u00fd cestovn\u00ed pas.<\/p>\n<p>\u017d\u00c1DOSTI O IRSKOU PASOVOU KARTU<br \/>\nPasov\u00e1 slu\u017eba op\u011bt zpracov\u00e1v\u00e1 online \u017e\u00e1dosti o v\u0161echny typy pas\u016f. Po\u010d\u00edtejte pros\u00edm se zpo\u017ed\u011bn\u00edm p\u0159i pod\u00e1v\u00e1n\u00ed \u017e\u00e1dosti.<\/p>\n<p>Po\u0161ty nep\u0159ij\u00edmaj\u00ed \u017e\u00e1dosti o expresn\u00ed pas a na pasov\u00fd \u00fa\u0159ad se nem\u016f\u017eete dostavit osobn\u011b. Pokud si chcete za\u017e\u00e1dat o nov\u00fd cestovn\u00ed pas, m\u016f\u017eete vyu\u017e\u00edt pouze online pasovou slu\u017ebu. Slu\u017eba Passport Express bude obnovena pozd\u011bji v l\u00e9t\u011b.<\/p>\n<p>Telefonn\u00ed linky jsou nyn\u00ed otev\u0159en\u00e9.<\/p>\n<p>Pokud nal\u00e9hav\u011b pot\u0159ebujete cestovn\u00ed pas (z d\u016fvodu \u00famrt\u00ed nebo v\u00e1\u017en\u00e9 nemoci \u010dlena rodiny nebo neodkladn\u00e9ho l\u00e9ka\u0159sk\u00e9ho o\u0161et\u0159en\u00ed v zahrani\u010d\u00ed), kontaktujte pros\u00edm pasovou slu\u017ebu prost\u0159ednictv\u00edm webov\u00e9ho chatu.<\/p>\n<p>REGULOVAT<br \/>\nPasy si mohou vy\u0159\u00eddit dosp\u011bl\u00ed i d\u011bti. Jako d\u00edt\u011b (do 18 let) si v\u0161ak m\u016f\u017eete cestovn\u00ed pas vy\u0159\u00eddit pouze v r\u00e1mci bal\u00ed\u010dku se standardn\u00edm cestovn\u00edm pasem.<\/p>\n<p>Budete pot\u0159ebovat platn\u00fd irsk\u00fd cestovn\u00ed pas, jeho\u017e platnost nevypr\u0161\u00ed v p\u0159\u00ed\u0161t\u00edch \u0161esti m\u011bs\u00edc\u00edch. Osobn\u00ed \u00fadaje, kter\u00e9 uvedete p\u0159i \u017e\u00e1dosti o cestovn\u00ed pas, se mus\u00ed shodovat s \u00fadaji uveden\u00fdmi ve va\u0161em cestovn\u00edm pase. Pas je platn\u00fd p\u011bt let nebo do vypr\u0161en\u00ed platnosti pasu, podle toho, kter\u00e1 doba je krat\u0161\u00ed.<\/p>\n<p>Pokud p\u0159i cestov\u00e1n\u00ed pou\u017e\u00edv\u00e1te cestovn\u00ed pas, mus\u00edte p\u0159i online odbaven\u00ed uv\u00e9st \u010d\u00edslo pasu.<\/p>\n<p>ZTRACEN\u00c1 NEBO UKRADEN\u00c1 KARTA<br \/>\nPokud dojde ke ztr\u00e1t\u011b, odcizen\u00ed nebo po\u0161kozen\u00ed va\u0161eho cestovn\u00edho pasu, vypl\u0148te pros\u00edm p\u0159i \u017e\u00e1dosti o nov\u00fd cestovn\u00ed pas p\u0159\u00edslu\u0161nou \u010d\u00e1st online formul\u00e1\u0159e s t\u011bmito informacemi.<\/p>\n<p>O novou kartu ne\u017e\u00e1d\u00e1te. Ztr\u00e1tu nebo kr\u00e1de\u017e karty pros\u00edm nahlaste pasov\u00e9 slu\u017eb\u011b.<\/p>\n<p>CENY<br \/>\nVstupenka pro dosp\u011bl\u00e9 stoj\u00ed 35 eur. Pokud pod\u00e1te \u017e\u00e1dost mimo Irsko, bude \u00fa\u010dtov\u00e1n dodate\u010dn\u00fd poplatek za dopravu ve v\u00fd\u0161i 5 EUR. M\u016f\u017eete platit debetn\u00ed nebo kreditn\u00ed kartou.<\/p>\n<p>Bal\u00ed\u010dek cestovn\u00edch pas\u016f pro dosp\u011bl\u00e9, kter\u00fd se skl\u00e1d\u00e1 z desetilet\u00e9ho cestovn\u00edho pasu a p\u011btilet\u00e9 cestovn\u00ed karty pro osoby star\u0161\u00ed 18 let, stoj\u00ed 100 EUR.<\/p>\n<p>Bal\u00ed\u010dek d\u011btsk\u00fdch pas\u016f, kter\u00fd se skl\u00e1d\u00e1 z p\u011btilet\u00e9ho pasu a cestovn\u00ed karty pro osoby mlad\u0161\u00ed 18 let, stoj\u00ed 45 eur. Za dopravu se \u00fa\u010dtuje dodate\u010dn\u00fd poplatek 5 \u20ac.<\/p>\n<p>JAK SE P\u0158IHL\u00c1SIT<br \/>\nO cestovn\u00ed pas si m\u016f\u017eete za\u017e\u00e1dat pouze online.<\/p>\n<p>K pod\u00e1n\u00ed \u017e\u00e1dosti pot\u0159ebujete:<\/p>\n<p>V\u00e1\u0161 aktu\u00e1ln\u00ed cestovn\u00ed pas<br \/>\nVa\u0161e fotografie (podrobn\u00e9 pokyny viz dfa.ie)<br \/>\nPlatn\u00e1 e-mailov\u00e1 adresa<br \/>\nDebetn\u00ed nebo kreditn\u00ed karta<br \/>\nPO VY\u0158\u00cdZEN\u00cd VA\u0160\u00cd \u017d\u00c1DOSTI<br \/>\nPo odesl\u00e1n\u00ed online \u017e\u00e1dosti obdr\u017e\u00edte 11m\u00edstn\u00e9 \u010d\u00edslo \u017e\u00e1dosti. Pr\u016fb\u011bh vy\u0159izov\u00e1n\u00ed va\u0161\u00ed \u017e\u00e1dosti m\u016f\u017eete sledovat na webov\u00fdch str\u00e1nk\u00e1ch ministerstva pomoc\u00ed tohoto \u010d\u00edsla.<\/p>","protected":false},"excerpt":{"rendered":"<p>IRSK\u00dd PASOV\u00dd KART<\/p>\n<p>Zaveden\u00ed<br \/>\n\u017d\u00e1dosti o cestovn\u00ed pas<br \/>\nPravidla<br \/>\nSazby<br \/>\nJak se p\u0159ihl\u00e1sit<br \/>\nDal\u0161\u00ed informace<br \/>\nZAVEDEN\u00cd<br \/>\nIrsk\u00fd pasov\u00fd pr\u016fkaz je cestovn\u00ed doklad, kter\u00fd mohou ir\u0161t\u00ed ob\u010dan\u00e9 pou\u017e\u00edvat pro ur\u010dit\u00e9 cesty m\u00edsto standardn\u00edho cestovn\u00edho pasu. Velikost\u00ed je podobn\u00e1 kreditn\u00ed kart\u011b. Irsk\u00fd cestovn\u00ed pas m\u016f\u017eete pou\u017e\u00edt p\u0159i cestov\u00e1n\u00ed po Evropsk\u00e9 unii, Evropsk\u00e9m hospod\u00e1\u0159sk\u00e9m prostoru (kter\u00fd zahrnuje Island, Lichten\u0161tejnsko a Norsko) a \u0160v\u00fdcarsku. Pro vstup do Spojen\u00e9ho kr\u00e1lovstv\u00ed nepot\u0159ebujete cestovn\u00ed pas, ale leteck\u00e9 spole\u010dnosti a n\u00e1mo\u0159n\u00ed dopravci mohou po\u017eadovat prok\u00e1z\u00e1n\u00ed toto\u017enosti p\u0159i odbaven\u00ed. M\u011bli byste se informovat u sv\u00e9 leteck\u00e9 spole\u010dnosti nebo n\u00e1mo\u0159n\u00edho dopravce, jak\u00e9 typy doklad\u016f toto\u017enosti akceptuj\u00ed.<\/p>\n<p><span style=\"vertical-align: inherit;\"><span style=\"vertical-align: inherit;\">Pro cesty do jin\u00fdch zem\u00ed mimo EHP mus\u00edte pou\u017e\u00edt sv\u016fj standardn\u00ed irsk\u00fd cestovn\u00ed pas.<\/span><\/span><\/p>","protected":false},"featured_media":22607,"template":"","meta":[],"product_brand":[],"product_cat":[925],"product_tag":[],"class_list":{"0":"post-22562","1":"product","2":"type-product","3":"status-publish","4":"has-post-thumbnail","6":"product_cat-personalausweis","8":"first","9":"instock","10":"taxable","11":"shipping-taxable","12":"purchasable","13":"product-type-simple"},"_links":{"self":[{"href":"https:\/\/primeprintingweb.com\/cs\/wp-json\/wp\/v2\/product\/22562","targetHints":{"allow":["GET"]}}],"collection":[{"href":"https:\/\/primeprintingweb.com\/cs\/wp-json\/wp\/v2\/product"}],"about":[{"href":"https:\/\/primeprintingweb.com\/cs\/wp-json\/wp\/v2\/types\/product"}],"version-history":[{"count":2,"href":"https:\/\/primeprintingweb.com\/cs\/wp-json\/wp\/v2\/product\/22562\/revisions"}],"predecessor-version":[{"id":22858,"href":"https:\/\/primeprintingweb.com\/cs\/wp-json\/wp\/v2\/product\/22562\/revisions\/22858"}],"wp:featuredmedia":[{"embeddable":true,"href":"https:\/\/primeprintingweb.com\/cs\/wp-json\/wp\/v2\/media\/22607"}],"wp:attachment":[{"href":"https:\/\/primeprintingweb.com\/cs\/wp-json\/wp\/v2\/media?parent=22562"}],"wp:term":[{"taxonomy":"product_brand","embeddable":true,"href":"https:\/\/primeprintingweb.com\/cs\/wp-json\/wp\/v2\/product_brand?post=22562"},{"taxonomy":"product_cat","embeddable":true,"href":"https:\/\/primeprintingweb.com\/cs\/wp-json\/wp\/v2\/product_cat?post=22562"},{"taxonomy":"product_tag","embeddable":true,"href":"https:\/\/primeprintingweb.com\/cs\/wp-json\/wp\/v2\/product_tag?post=22562"}],"curies":[{"name":"wp","href":"https:\/\/api.w.org\/{rel}","templated":true}]}}