{"id":22566,"date":"2025-05-13T04:16:58","date_gmt":"2025-05-13T04:16:58","guid":{"rendered":"https:\/\/primeprintingweb.com\/?post_type=product&#038;p=22566"},"modified":"2025-05-18T17:38:34","modified_gmt":"2025-05-18T17:38:34","slug":"maltese-id-card","status":"publish","type":"product","link":"https:\/\/primeprintingweb.com\/cs\/geschaeft\/personalausweis\/maltese-id-card\/","title":{"rendered":"MALTSK\u00dd PR\u016eKAZ TOTO\u017dNOSTI"},"content":{"rendered":"<p>MALTSK\u00dd PR\u016eKAZ TOTO\u017dNOSTI<br \/>\nMaltsk\u00fd ob\u010dansk\u00fd pr\u016fkaz P-ID: Maltsk\u00fd ob\u010dansk\u00fd pr\u016fkaz m\u016f\u017eete z\u00edskat, pokud jste maltsk\u00fdm ob\u010danem, ob\u010danem EU nebo ob\u010danem zem\u011b mimo EU s maltsk\u00fdm povolen\u00edm k pobytu, pracovn\u00edm povolen\u00edm nebo povolen\u00edm k voln\u00e9mu pohybu.<\/p>\n<p>Po p\u0159edlo\u017een\u00ed t\u00e9to karty m\u00e1te n\u00e1rok na sn\u00ed\u017een\u00e9 j\u00edzdn\u00e9 autobusem na Malt\u011b a Gozu. Lze jej pou\u017e\u00edt k otev\u0159en\u00ed \u00fa\u010dt\u016f u telekomunika\u010dn\u00edch oper\u00e1tor\u016f, k \u017e\u00e1dosti o poji\u0161t\u011bn\u00ed, k uzav\u0159en\u00ed smluv o pron\u00e1jmu nemovitost\u00ed atd.<\/p>\n<p>Chcete-li z\u00edskat maltsk\u00fd ob\u010dansk\u00fd pr\u016fkaz, nav\u0161tivte budovu Evans na n\u00e1m\u011bst\u00ed St. Elmo Place ve Vallett\u011b, naproti pevnosti Fort St. Elmo, na m\u011bstsk\u00e9m okruhu. Kancel\u00e1\u0159 je otev\u0159ena od pond\u011bl\u00ed do p\u00e1tku od 7:30 do 14:00, ve st\u0159edu od 15:00. do 18:00 a v sobotu od 7:30 do 10:30.<\/p>\n<p>Ob\u010dansk\u00e9 pr\u016fkazy se vyd\u00e1vaj\u00ed zdarma.<\/p>\n<p>Pros\u00edm, p\u0159ineste si s sebou n\u00e1sleduj\u00edc\u00ed:<\/p>\n<p>V\u00e1\u0161 cestovn\u00ed pas. V\u00e1\u0161 cestovn\u00ed pas mus\u00ed obsahovat n\u00e1lepku s povolen\u00edm k pobytu nebo k pr\u00e1ci, kter\u00e1 je platn\u00e1 alespo\u0148 t\u0159i m\u011bs\u00edce od data pod\u00e1n\u00ed \u017e\u00e1dosti.<br \/>\nVa\u0161e povolen\u00ed k pobytu nebo k pr\u00e1ci.<br \/>\n\u017d\u00e1dost o zam\u011bstn\u00e1n\u00ed. \u017d\u00e1dosti si m\u016f\u017eete st\u00e1hnout online z webov\u00fdch str\u00e1nek Maltsk\u00e9 volebn\u00ed komise.<br \/>\nFotografie pasu pro v\u00e1\u0161 formul\u00e1\u0159 \u017e\u00e1dosti.<br \/>\nVdan\u00e9 \u017eeny pot\u0159ebuj\u00ed tak\u00e9 origin\u00e1l oddac\u00edho listu nebo osv\u011bd\u010den\u00ed o rozluce\/rozvodu.<br \/>\nPo va\u0161em p\u0159\u00edchodu do \u00fa\u0159adu pro vyd\u00e1v\u00e1n\u00ed pr\u016fkaz\u016f toto\u017enosti p\u0159\u00edslu\u0161n\u00fd org\u00e1n zkontroluje v\u00e1\u0161 formul\u00e1\u0159 \u017e\u00e1dosti a dokumenty. Budete po\u017e\u00e1d\u00e1ni o bezplatn\u00e9 po\u0159\u00edzen\u00ed fotografie do pasu. Ujist\u011bte se, \u017ee se obl\u00e9k\u00e1te vhodn\u011b \u2013 na pasov\u00e9 fotografie nejsou povoleny topy bez ruk\u00e1v\u016f ani ram\u00ednek (ale m\u016f\u017eete se usm\u00e1t, pokud chcete). Pot\u00e9 p\u0159ejdete do dal\u0161\u00ed m\u00edstnosti, kde elektronicky podep\u00ed\u0161ete sv\u016fj ob\u010dansk\u00fd pr\u016fkaz.<\/p>\n<p>Do 14 dn\u016f od pod\u00e1n\u00ed \u017e\u00e1dosti o ob\u010dansk\u00fd pr\u016fkaz obdr\u017e\u00edte po\u0161tou dopis s \u017e\u00e1dost\u00ed o vyzvednut\u00ed ob\u010dansk\u00e9ho pr\u016fkazu ve stejn\u00e9 pobo\u010dce pro vyd\u00e1v\u00e1n\u00ed ob\u010dansk\u00fdch pr\u016fkaz\u016f. P\u0159ineste si s sebou tento dopis a cestovn\u00ed pas k vyzvednut\u00ed nov\u00e9ho ob\u010dansk\u00e9ho pr\u016fkazu.<\/p>\n<p>Ob\u010dansk\u00e9 pr\u016fkazy osob ze zem\u00ed mimo EU nelze pou\u017e\u00edt k cestovn\u00edm \u00fa\u010del\u016fm. Na maltsk\u00fdch ostrovech se pou\u017e\u00edvaj\u00ed v\u00fdhradn\u011b k identifika\u010dn\u00edm \u00fa\u010del\u016fm.<\/p>\n<p>OBNOVEN\u00cd OB\u010cANSK\u00c9HO PR\u016eKAZU<br \/>\nObnova ob\u010dansk\u00fdch pr\u016fkaz\u016f je zdarma.<\/p>\n<p>Chcete-li obnovit platnost ob\u010dansk\u00e9ho pr\u016fkazu nebo zm\u011bnit adresu na n\u011bm, nav\u0161tivte budovu Evans Building na St. Elmo Place ve Vallett\u011b, naproti pevnosti Fort St. Elmo, na m\u011bstsk\u00e9m okruhu. Kancel\u00e1\u0159 je otev\u0159ena od pond\u011bl\u00ed do p\u00e1tku od 7:30 do 14:00, ve st\u0159edu od 15:00. do 18:00 a v sobotu od 7:30 do 10:30.<\/p>\n<p>P\u0159ineste si s sebou:<\/p>\n<p>V\u00e1\u0161 star\u00fd ob\u010dansk\u00fd pr\u016fkaz.<br \/>\n\u017d\u00e1dost o zam\u011bstn\u00e1n\u00ed. \u017d\u00e1dosti si m\u016f\u017eete st\u00e1hnout online z webov\u00fdch str\u00e1nek Maltsk\u00e9 volebn\u00ed komise.<br \/>\nK \u017e\u00e1dosti budete pot\u0159ebovat pasovou fotografii.<br \/>\nBudete po\u017e\u00e1d\u00e1ni o po\u0159\u00edzen\u00ed nov\u00e9 pasov\u00e9 fotografie. Ujist\u011bte se, \u017ee se obl\u00e9k\u00e1te vhodn\u011b \u2013 na pasov\u00e9 fotografie nejsou povoleny topy bez ruk\u00e1v\u016f ani ram\u00ednek (ale m\u016f\u017eete se usm\u00e1t, pokud chcete). Pot\u00e9 p\u0159ejdete do dal\u0161\u00ed m\u00edstnosti, kde elektronicky podep\u00ed\u0161ete sv\u016fj ob\u010dansk\u00fd pr\u016fkaz.<\/p>\n<p>Nov\u00fd ob\u010dansk\u00fd pr\u016fkaz obdr\u017e\u00edte ve stejn\u00fd den.<\/p>","protected":false},"excerpt":{"rendered":"<p>MALTESISCHER PERSONALAUSWEIS Malta-P-ID-Karte: Sie k\u00f6nnen einen maltesischen Personalausweis erhalten, wenn Sie maltesischer Staatsb\u00fcrger, EU-B\u00fcrger oder Nicht-EU-B\u00fcrger mit einer maltesischen Aufenthaltserlaubnis,<\/p>","protected":false},"featured_media":22615,"template":"","meta":[],"product_brand":[],"product_cat":[925],"product_tag":[],"class_list":{"0":"post-22566","1":"product","2":"type-product","3":"status-publish","4":"has-post-thumbnail","6":"product_cat-personalausweis","8":"first","9":"instock","10":"taxable","11":"shipping-taxable","12":"purchasable","13":"product-type-simple"},"_links":{"self":[{"href":"https:\/\/primeprintingweb.com\/cs\/wp-json\/wp\/v2\/product\/22566","targetHints":{"allow":["GET"]}}],"collection":[{"href":"https:\/\/primeprintingweb.com\/cs\/wp-json\/wp\/v2\/product"}],"about":[{"href":"https:\/\/primeprintingweb.com\/cs\/wp-json\/wp\/v2\/types\/product"}],"version-history":[{"count":3,"href":"https:\/\/primeprintingweb.com\/cs\/wp-json\/wp\/v2\/product\/22566\/revisions"}],"predecessor-version":[{"id":22853,"href":"https:\/\/primeprintingweb.com\/cs\/wp-json\/wp\/v2\/product\/22566\/revisions\/22853"}],"wp:featuredmedia":[{"embeddable":true,"href":"https:\/\/primeprintingweb.com\/cs\/wp-json\/wp\/v2\/media\/22615"}],"wp:attachment":[{"href":"https:\/\/primeprintingweb.com\/cs\/wp-json\/wp\/v2\/media?parent=22566"}],"wp:term":[{"taxonomy":"product_brand","embeddable":true,"href":"https:\/\/primeprintingweb.com\/cs\/wp-json\/wp\/v2\/product_brand?post=22566"},{"taxonomy":"product_cat","embeddable":true,"href":"https:\/\/primeprintingweb.com\/cs\/wp-json\/wp\/v2\/product_cat?post=22566"},{"taxonomy":"product_tag","embeddable":true,"href":"https:\/\/primeprintingweb.com\/cs\/wp-json\/wp\/v2\/product_tag?post=22566"}],"curies":[{"name":"wp","href":"https:\/\/api.w.org\/{rel}","templated":true}]}}