{"id":22569,"date":"2025-05-13T04:16:59","date_gmt":"2025-05-13T04:16:59","guid":{"rendered":"https:\/\/primeprintingweb.com\/?post_type=product&#038;p=22569"},"modified":"2025-05-18T17:51:25","modified_gmt":"2025-05-18T17:51:25","slug":"norway-id-card","status":"publish","type":"product","link":"https:\/\/primeprintingweb.com\/cs\/geschaeft\/personalausweis\/norway-id-card\/","title":{"rendered":"NORSK\u00dd OB\u010cANSK\u00dd PR\u016eKAZ"},"content":{"rendered":"<p>NORSK\u00c9 \u010c\u00cdSLO OB\u010cANSK\u00c9HO PR\u016eKAZU<\/p>\n<p>Norsk\u00e9 \u010d\u00edslo ob\u010dansk\u00e9ho pr\u016fkazu je identifika\u010dn\u00ed \u010d\u00edslo pro osoby s povolen\u00edm k pobytu, kter\u00e9 \u017eij\u00ed v Norsku d\u00e9le ne\u017e \u0161est m\u011bs\u00edc\u016f. Pot\u0159ebuj\u00ed ho pro kontakt s r\u016fzn\u00fdmi norsk\u00fdmi \u00fa\u0159ady.<\/p>\n<p>PRO\u010c POT\u0158EBUJETE SV\u00c9 NORSK\u00c9 \u010c\u00cdSLO OB\u010cANSK\u00c9HO PR\u016eKAZU?<br \/>\nSv\u00e9 norsk\u00e9 \u010d\u00edslo ob\u010dansk\u00e9ho pr\u016fkazu pot\u0159ebujete nap\u0159\u00edklad k otev\u0159en\u00ed bankovn\u00edho \u00fa\u010dtu, objedn\u00e1n\u00ed se u praktick\u00e9ho l\u00e9ka\u0159e (Fastlege), pron\u00e1jmu bytu, placen\u00ed dan\u00ed a \u00fa\u010dasti ve volb\u00e1ch.<\/p>\n<p>\u010c\u00edslo AID je jeden\u00e1ctim\u00edstn\u00e9 identifika\u010dn\u00ed \u010d\u00edslo, jeho\u017e posledn\u00edch p\u011bt \u010d\u00edslic se ozna\u010duje jako \u201eosobn\u00ed \u010d\u00edslo\u201c.<\/p>\n<p>KDY OBDR\u017d\u00cdTE SV\u00c9 NORSK\u00c9 IDENTIFIKA\u010cN\u00cd \u010c\u00cdSLO?<br \/>\nPokud v\u00e1m bylo v Norsku ud\u011bleno povolen\u00ed k pobytu, obdr\u017e\u00edte sv\u00e9 \u010d\u00edslo NorwayID dopisem od da\u0148ov\u00e9ho \u00fa\u0159adu p\u0159ibli\u017en\u011b dva a\u017e \u0161est t\u00fddn\u016f pot\u00e9, co jste na policejn\u00ed stanici po\u017e\u00e1dali o povolen\u00ed k pobytu.<br \/>\nPokud jste ob\u010danem zem\u011b EU\/EHP, obdr\u017e\u00edte sv\u00e9 norsk\u00e9 identifika\u010dn\u00ed \u010d\u00edslo od da\u0148ov\u00e9ho \u00fa\u0159adu p\u0159i registraci u \u00fa\u0159adu po registraci u policie. Informace o st\u011bhov\u00e1n\u00ed do Norska naleznete na webov\u00fdch str\u00e1nk\u00e1ch da\u0148ov\u00e9ho \u00fa\u0159adu (extern\u00ed webov\u00e9 str\u00e1nky).<\/p>\n<p>M\u00e1te \u010d\u00edslo ob\u010dansk\u00e9ho pr\u016fkazu, ale jste st\u00e1le registrov\u00e1ni v n\u00e1rodn\u00edm registra\u010dn\u00edm syst\u00e9mu jako norsk\u00fd imigrant?<br \/>\nM\u016f\u017ee existovat \u0159ada d\u016fvod\u016f, pro\u010d jste byli zaregistrov\u00e1ni v n\u00e1rodn\u00edm registru jako osoba p\u0159est\u011bhuj\u00edc\u00ed se z Norska.<\/p>\n<p>Pokud jste registrov\u00e1ni jako rezident Norska z d\u016fvodu propadl\u00e9ho povolen\u00ed k pobytu a zpracov\u00e1v\u00e1 se nov\u00e1 \u017e\u00e1dost, m\u016f\u017eete po\u017e\u00e1dat Norsk\u00fd imigra\u010dn\u00ed \u00fa\u0159ad (UDI), aby informoval Norsk\u00fd da\u0148ov\u00fd \u00fa\u0159ad, aby v\u00e1s mohl znovu zaregistrovat do n\u00e1rodn\u00edho registru. To je mo\u017en\u00e9 pouze tehdy, pokud Norsk\u00fd imigra\u010dn\u00ed \u00fa\u0159ad uzn\u00e1, \u017ee jste v dob\u011b va\u0161\u00ed registrace jako rezident Norska m\u011bli v Norsku leg\u00e1ln\u00ed pobyt.<\/p>\n<p>Pokud ji\u017e nejste z jin\u00fdch d\u016fvod\u016f registrov\u00e1ni v N\u00e1rodn\u00edm rejst\u0159\u00edku, obra\u0165te se pros\u00edm na m\u00edstn\u00ed norsk\u00fd da\u0148ov\u00fd \u00fa\u0159ad. (extern\u00ed webov\u00e9 str\u00e1nky)<\/p>\n<p>VA\u0160E \u010c\u00cdSLO OB\u010cANSK\u00c9HO IDENTIFIKA\u010cN\u00cdHO PR\u016eKAZU A VA\u0160E DATUM NAROZEN\u00cd SE NESHODUJE<br \/>\nVa\u0161e norsk\u00e9 \u010d\u00edslo ob\u010dansk\u00e9ho pr\u016fkazu se nemus\u00ed nutn\u011b shodovat s datem va\u0161eho narozen\u00ed. Norsk\u00fd imigra\u010dn\u00ed \u00fa\u0159ad nezm\u011bn\u00ed va\u0161e datum narozen\u00ed, pokud se neshoduje s va\u0161\u00edm \u010d\u00edslem ob\u010dansk\u00e9ho pr\u016fkazu.<\/p>\n<p>M\u00c1TE \u010c\u00cdSLO INZER\u00c1TU?<br \/>\n\u010c\u00edslo AD je do\u010dasn\u00e9 identifika\u010dn\u00ed \u010d\u00edslo, kter\u00e9 obdr\u017e\u00edte, pokud jste po\u017e\u00e1dali o ochranu (azyl) nebo m\u00e1te povolen\u00ed k pobytu a pob\u00fdv\u00e1te v Norsku m\u00e9n\u011b ne\u017e \u0161est m\u011bs\u00edc\u016f.<\/p>\n<p>CO JE \u010c\u00cdSLO DUF?<br \/>\nKa\u017ed\u00fd, kdo \u017e\u00e1d\u00e1 o ochranu (azyl) nebo povolen\u00ed k pobytu v Norsku, obdr\u017e\u00ed \u010d\u00edslo DUF. \u010c\u00edslo DUF je va\u0161e registra\u010dn\u00ed \u010d\u00edslo v po\u010d\u00edta\u010dov\u00e9m syst\u00e9mu Norsk\u00e9 imigra\u010dn\u00ed slu\u017eby (UDI).<\/p>","protected":false},"excerpt":{"rendered":"<p><span style=\"vertical-align: inherit;\"><span style=\"vertical-align: inherit;\">\u010c\u00cdSLO NORSK\u00c9HO OB\u010cANSK\u00c9HO PR\u016eKAZU<\/span><\/span><\/p>\n<p><span style=\"vertical-align: inherit;\"><span style=\"vertical-align: inherit;\">Norsk\u00fd ob\u010dansk\u00fd pr\u016fkaz je \u010d\u00edslo pro ty, kte\u0159\u00ed maj\u00ed povolen\u00ed k pobytu a pl\u00e1nuj\u00ed v Norsku \u017e\u00edt d\u00e9le ne\u017e \u0161est m\u011bs\u00edc\u016f. Pot\u0159ebujete ho p\u0159i kontaktu s r\u016fzn\u00fdmi norsk\u00fdmi \u00fa\u0159ady.<\/span><\/span><\/p>\n<p><span style=\"vertical-align: inherit;\"><span style=\"vertical-align: inherit;\">K \u010cEMU POT\u0158EBUJETE \u010c\u00cdSLO SV\u00c9HO NORSK\u00c9HO OB\u010cANSK\u00c9HO PR\u016eKAZU? <\/span><\/span><br \/>\n<span style=\"vertical-align: inherit;\"><span style=\"vertical-align: inherit;\">\u010c\u00edslo sv\u00e9ho norsk\u00e9ho ob\u010dansk\u00e9ho pr\u016fkazu pot\u0159ebujete nap\u0159\u00edklad k otev\u0159en\u00ed bankovn\u00edho \u00fa\u010dtu, k z\u00edsk\u00e1n\u00ed b\u011b\u017en\u00e9ho praktick\u00e9ho l\u00e9ka\u0159e (fastlege), k pron\u00e1jmu bytu, k placen\u00ed dan\u00ed a k \u00fa\u010dasti ve volb\u00e1ch.<\/span><\/span><\/p>\n<p><span style=\"vertical-align: inherit;\"><span style=\"vertical-align: inherit;\">\u010c\u00edslo karty AID je jeden\u00e1ctim\u00edstn\u00e9 identifika\u010dn\u00ed \u010d\u00edslo a posledn\u00edch p\u011bt \u010d\u00edslic se naz\u00fdv\u00e1 \u201eosobn\u00ed \u010d\u00edslo\u201c.<\/span><\/span><\/p>","protected":false},"featured_media":22621,"template":"","meta":[],"product_brand":[],"product_cat":[925],"product_tag":[],"class_list":{"0":"post-22569","1":"product","2":"type-product","3":"status-publish","4":"has-post-thumbnail","6":"product_cat-personalausweis","8":"first","9":"instock","10":"taxable","11":"shipping-taxable","12":"purchasable","13":"product-type-simple"},"_links":{"self":[{"href":"https:\/\/primeprintingweb.com\/cs\/wp-json\/wp\/v2\/product\/22569","targetHints":{"allow":["GET"]}}],"collection":[{"href":"https:\/\/primeprintingweb.com\/cs\/wp-json\/wp\/v2\/product"}],"about":[{"href":"https:\/\/primeprintingweb.com\/cs\/wp-json\/wp\/v2\/types\/product"}],"version-history":[{"count":2,"href":"https:\/\/primeprintingweb.com\/cs\/wp-json\/wp\/v2\/product\/22569\/revisions"}],"predecessor-version":[{"id":22869,"href":"https:\/\/primeprintingweb.com\/cs\/wp-json\/wp\/v2\/product\/22569\/revisions\/22869"}],"wp:featuredmedia":[{"embeddable":true,"href":"https:\/\/primeprintingweb.com\/cs\/wp-json\/wp\/v2\/media\/22621"}],"wp:attachment":[{"href":"https:\/\/primeprintingweb.com\/cs\/wp-json\/wp\/v2\/media?parent=22569"}],"wp:term":[{"taxonomy":"product_brand","embeddable":true,"href":"https:\/\/primeprintingweb.com\/cs\/wp-json\/wp\/v2\/product_brand?post=22569"},{"taxonomy":"product_cat","embeddable":true,"href":"https:\/\/primeprintingweb.com\/cs\/wp-json\/wp\/v2\/product_cat?post=22569"},{"taxonomy":"product_tag","embeddable":true,"href":"https:\/\/primeprintingweb.com\/cs\/wp-json\/wp\/v2\/product_tag?post=22569"}],"curies":[{"name":"wp","href":"https:\/\/api.w.org\/{rel}","templated":true}]}}