{"id":22570,"date":"2025-05-13T04:16:59","date_gmt":"2025-05-13T04:16:59","guid":{"rendered":"https:\/\/primeprintingweb.com\/?post_type=product&#038;p=22570"},"modified":"2025-05-18T17:50:27","modified_gmt":"2025-05-18T17:50:27","slug":"portuguese-id-card","status":"publish","type":"product","link":"https:\/\/primeprintingweb.com\/cs\/geschaeft\/personalausweis\/portuguese-id-card\/","title":{"rendered":"PORTUGALSK\u00dd PR\u016eKAZ OB\u010cANSTV\u00cd"},"content":{"rendered":"<p>NOV\u00dd PORTUGALSK\u00dd SYST\u00c9M IDENTITN\u00cdCH PR\u016eKAZ\u016e<br \/>\nPrvn\u00ed pilotn\u00ed f\u00e1ze portugalsk\u00e9ho ob\u010dansk\u00e9ho pr\u016fkazu, zn\u00e1m\u00e9ho tak\u00e9 jako Cart\u00e3o de Cidad\u00e3o, za\u010dala 14. \u00fanora 2007 na Azorsk\u00fdch ostrovech. Pln\u00e9 zaveden\u00ed za\u010dalo v roce 2008.<br \/>\nV roce 2014 obdr\u017eeli v\u0161ichni portugal\u0161t\u00ed ob\u010dan\u00e9 nov\u00fd ob\u010dansk\u00fd pr\u016fkaz, kter\u00fd nahradil star\u00fd pap\u00edrov\u00fd doklad.<\/p>\n<p>C\u00edlem vyd\u00e1n\u00ed portugalsk\u00e9ho ob\u010dansk\u00e9ho pr\u016fkazu bylo revolu\u010dn\u011b zm\u011bnit zp\u016fsob, jak\u00fdm portugal\u0161t\u00ed ob\u010dan\u00e9 interaguj\u00ed s vl\u00e1dou.<br \/>\nZaprv\u00e9: zjednodu\u0161en\u00ed.<br \/>\nNOV\u00dd PORTUGALSK\u00dd OB\u010cANSK\u00dd PR\u016eKAZ NAHRAZUJE P\u011aT P\u016eVODN\u00cdCH KART<br \/>\nOb\u010dansk\u00fd pr\u016fkaz nahrazuje p\u011bt r\u016fzn\u00fdch fyzick\u00fdch identifika\u010dn\u00edch doklad\u016f:<br \/>\nOb\u010dansk\u00fd pr\u016fkaz \u2013 b\u00fdval\u00fd portugalsk\u00fd pap\u00edrov\u00fd ob\u010dansk\u00fd pr\u016fkaz<br \/>\nda\u0148ov\u00e1 karta<br \/>\nVolebn\u00ed karta<br \/>\nKarta soci\u00e1ln\u00edho zabezpe\u010den\u00ed<br \/>\nkarta zdravotn\u00edho poji\u0161t\u011bn\u00ed<\/p>\n<p>Nov\u00fd portugalsk\u00fd pr\u016fkaz toto\u017enosti, zn\u00e1m\u00fd jako Cart\u00e3o do Cidad\u00e3o neboli Ob\u010dansk\u00fd pr\u016fkaz, umo\u017e\u0148uje jednotlivc\u016fm prok\u00e1zat svou toto\u017enost \u00fa\u0159ad\u016fm.<\/p>\n<p>Krom\u011b toho si registrovan\u00ed cizinci v Portugalsku mohou od roku 2019 za\u017e\u00e1dat o ob\u010dansk\u00fd pr\u016fkaz.<\/p>\n<p>PAK NOV\u00dd ROZM\u011aR.<br \/>\nNOV\u00dd PORTUGALSK\u00dd PR\u016eKAZ OB\u010cANSTV\u00cd PRO ONLINE AUTENTIFIKACI<br \/>\nDruh\u00fdm c\u00edlem je vyu\u017e\u00edt kartu jako zcela nov\u00fd n\u00e1stroj pro elektronick\u00e9 podpisy a online ov\u011b\u0159ov\u00e1n\u00ed s c\u00edlem podpo\u0159it rozvoj elektronick\u00fdch transakc\u00ed a poskytnout ob\u010dan\u016fm bezpe\u010dnost v digit\u00e1ln\u00edm v\u011bku.<\/p>\n<p>Pro identifikaci a ov\u011b\u0159en\u00ed zad\u00e1vaj\u00ed dr\u017eitel\u00e9 karet tajn\u00fd PIN k\u00f3d, na\u010de\u017e karta generuje digit\u00e1ln\u00ed podpis pro bezpe\u010dn\u00e1 prohl\u00e1\u0161en\u00ed a elektronick\u00e9 administrativn\u00ed postupy.<\/p>\n<p>Tato aplikace poskytuje pot\u0159ebn\u00e9 kryptografick\u00e9 prost\u0159edky pro bezpe\u010dn\u00fd p\u0159\u00edstup k port\u00e1lu elektronick\u00e9 spr\u00e1vy.<\/p>\n<p>Vzhledem k tomu, \u017ee portugalsk\u00e1 \u00fastava zakazuje centr\u00e1ln\u00ed datab\u00e1zi jmen, ob\u010dansk\u00fd pr\u016fkaz obsahuje na p\u0159edn\u00ed i zadn\u00ed stran\u011b n\u011bkolik identifika\u010dn\u00edch prvk\u016f (\u010d\u00edslo ob\u010dansk\u00e9ho pr\u016fkazu, \u010d\u00edslo soci\u00e1ln\u00edho zabezpe\u010den\u00ed, da\u0148ov\u00e9 \u010d\u00edslo, \u010d\u00edslo zdravotn\u00edho poji\u0161t\u011bn\u00ed).<\/p>\n<p>Mnoho ve\u0159ejn\u00fdch slu\u017eeb je nyn\u00ed dostupn\u00fdch online a postupy, kter\u00e9 d\u0159\u00edve trvaly hodiny (z\u00edsk\u00e1n\u00ed matri\u010dn\u00edch list\u016f\/rodn\u00fdch list\u016f, prohl\u00e1\u0161en\u00ed o soci\u00e1ln\u00edm zabezpe\u010den\u00ed atd.), jsou nyn\u00ed vzd\u00e1leny jen p\u00e1r sekund.<\/p>\n<p>Od roku 2014 si v\u00edce ne\u017e 45 % dr\u017eitel\u016f karet aktivovalo sv\u00e9 digit\u00e1ln\u00ed certifik\u00e1ty.<\/p>\n<p>Tento projekt je mimo jin\u00e9 podporov\u00e1n velmi aktivn\u00edmi webov\u00fdmi str\u00e1nkami www.cartaodecidada\u200bo.pt.<\/p>\n<p>A je\u0161t\u011b v\u00edce:<br \/>\nPORTUGALSK\u00dd PR\u016eKAZ OB\u010cANSTV\u00cd A BIOMETRIE<\/p>\n<p>Portugalsk\u00fd ob\u010dansk\u00fd pr\u016fkaz podporuje v p\u0159\u00edpad\u011b pot\u0159eby biometrick\u00e9 ov\u011b\u0159ov\u00e1n\u00ed, proto\u017ee otisky prst\u016f jsou bezpe\u010dn\u011b ulo\u017eeny v mikroprocesoru karty.<\/p>\n<p>Mechanismus Match-on-Card umo\u017e\u0148uje biometrick\u00e9 ov\u011b\u0159ov\u00e1n\u00ed bez centr\u00e1ln\u00ed biometrick\u00e9 datab\u00e1ze. Toto je v Portugalsku p\u0159\u00edsn\u011b zak\u00e1z\u00e1no.<\/p>\n<p>Biometrick\u00e9 \u00fadaje nikdy neopou\u0161t\u011bj\u00ed \u010dipovou kartu, a proto jsou neust\u00e1le chr\u00e1n\u011bny.<br \/>\nZpracovatel karty provede kontrolu a odpov\u00ed na ot\u00e1zku: Shoduje se p\u0159edlo\u017een\u00fd otisk prstu s otiskem ulo\u017een\u00fdm na kart\u011b?<br \/>\nSILN\u00c9 PARTNERSTV\u00cd<br \/>\nV n\u00e1vaznosti na projekt elektronick\u00fdch pas\u016f m\u011bla portugalsk\u00e1 n\u00e1rodn\u00ed tisk\u00e1rna INCM (Imprensa Nacional Casa da Moeda SA) dal\u0161\u00ed p\u0159\u00edle\u017eitost d\u00e1le roz\u0161\u00ed\u0159it svou jedine\u010dnou odbornost.<\/p>\n<p>V roce 2006 spole\u010dnost INCM jmenovala spole\u010dnost Thales hlavn\u00edm dodavatelem \u0159e\u0161en\u00ed digit\u00e1ln\u00edho zabezpe\u010den\u00ed pro n\u00e1rodn\u00ed elektronick\u00fd pr\u016fkaz toto\u017enosti (Sealys eID). To zahrnovalo zabezpe\u010den\u00fd opera\u010dn\u00ed syst\u00e9m, syst\u00e9m personalizace (\u0159e\u0161en\u00ed Coesys Issuance), jako\u017e i aplikace, middleware a souvisej\u00edc\u00ed slu\u017eby helpdesku ve spolupr\u00e1ci se spole\u010dnost\u00ed Zetes Bur\u00f3tica, portugalskou dce\u0159inou spole\u010dnost\u00ed belgick\u00e9 spole\u010dnosti Zetes Industries.<\/p>\n<p>Portugalsk\u00e1 vl\u00e1da se rozhodla pro zabezpe\u010den\u00fd doklad toto\u017enosti zalo\u017een\u00fd na specifikac\u00edch IAS (Identifikace, ov\u011b\u0159ov\u00e1n\u00ed a podpis) \u2013 prvn\u00ed v Evrop\u011b.<\/p>\n<p>ZA HRANICEMI OB\u010cANSK\u00c9 KARTY<\/p>\n<p>Portugalsko je fascinuj\u00edc\u00edm p\u0159\u00edkladem modernizace st\u00e1tu.<\/p>\n<p>Kdy\u017e se Portugalsko p\u0159ed n\u011bkolika lety rozhodlo urychlit implementaci sv\u00e9ho pl\u00e1nu elektronick\u00e9 spr\u00e1vy a drasticky sn\u00ed\u017eit byrokracii, c\u00edlem bylo transformovat ve\u0159ejn\u00fd sektor ve spolupracuj\u00edc\u00ed a inkluzivn\u00ed instituci a u\u010dinit z Portugalska jednu z p\u0159edn\u00edch zem\u00ed, pokud jde o kvalitu slu\u017eeb pro ob\u010dany a podniky.<\/p>\n<p>C\u00edle spole\u010dnosti v\u00edce orientovan\u00e9 na ob\u010dany byly jen z\u0159\u00eddka od sam\u00e9ho za\u010d\u00e1tku prosazov\u00e1ny s takov\u00fdm d\u016frazem a s tak komplexn\u00edm pochopen\u00edm problematiky.<\/p>\n<p>Obchod pro ob\u010dany<\/p>\n<p>PORTUGALSKO A MODERNIZACE ST\u00c1TU \u2013 P\u0158ED 15 LETY<br \/>\nNa za\u010d\u00e1tku minul\u00e9ho desetilet\u00ed bylo Portugalsko st\u00e1le extr\u00e9mn\u011b centralizovanou zem\u00ed s obt\u00ed\u017en\u011b p\u0159eklenovateln\u00fdmi propastmi mezi m\u00edstn\u00edmi a \u00fast\u0159edn\u00edmi org\u00e1ny.<\/p>\n<p>Internet masivn\u011b pronikl do elity zem\u011b, ale jen m\u00e1lo ob\u010dan\u016f internet nebo online slu\u017eby vyu\u017e\u00edvalo.<\/p>\n<p>V\u00fdzva modernizace st\u00e1tu digit\u00e1ln\u00edmi prost\u0159edky, sbl\u00ed\u017een\u00ed ob\u010dan\u016f a \u00fa\u0159ad\u016f prost\u0159ednictv\u00edm digit\u00e1ln\u00edch komunika\u010dn\u00edch kan\u00e1l\u016f a pos\u00edlen\u00ed soci\u00e1ln\u00ed soudr\u017enosti se proto jevila jako nep\u0159ekonateln\u00e1.<\/p>\n<p>Zd\u00e1lo se, \u017ee zem\u011b mus\u00ed \u010dekat na zm\u011bnu od dal\u0161\u00ed generace, kter\u00e1 byla l\u00e9pe obezn\u00e1mena s nov\u00fdmi zp\u016fsoby komunikace.<\/p>\n<p>Odv\u00e1\u017en\u00e1 prohl\u00e1\u0161en\u00ed pro novou vizi<br \/>\nPortugalsko nicm\u00e9n\u011b u\u010dinilo n\u00e1sleduj\u00edc\u00ed odv\u00e1\u017en\u00e9 z\u00e1vazky:<\/p>\n<p>Jsou spr\u00e1vn\u00ed org\u00e1ny p\u0159\u00edli\u0161 rozt\u0159\u00ed\u0161t\u011bn\u00e9? Prioritou bude mezioborov\u00e1 spolupr\u00e1ce.<\/p>\n<p>rita.<br \/>\nVe\u0159ejnost je k t\u00e9to zm\u011bn\u011b velmi skeptick\u00e1. V\u00fdhody t\u00e9to zm\u011bny budou zpo\u010d\u00e1tku konkr\u00e9tn\u00ed a viditeln\u00e9, ne\u017e se roz\u0161\u00ed\u0159\u00ed do digit\u00e1ln\u00edho prost\u0159ed\u00ed.<br \/>\nUkl\u00e1daj\u00ed administrativn\u00ed odd\u011blen\u00ed p\u0159\u00edli\u0161 mnoho omezen\u00ed a zhor\u0161uj\u00ed kvalitu slu\u017eeb poskytovan\u00fdch \u00fa\u0159ady? Nov\u00e1 organizace se bude pln\u011b zam\u011b\u0159ovat na pot\u0159eby ob\u010dan\u016f a bude co nejv\u00edce prosazovat vizi elektronick\u00e9 spr\u00e1vy zam\u011b\u0159en\u00e9 na ob\u010dany, ani\u017e by to ohrozilo administrativn\u00ed efektivitu.<\/p>\n<p>MODERNIZA\u010cN\u00cd PROGRAMY SIMPLEX A SIMPLEX+<\/p>\n<p>SIMPLEX<br \/>\nV letech 2006 a\u017e 2011 bylo v r\u00e1mci tzv. programu Simplex, co\u017e je n\u00e1zev vl\u00e1dn\u00ed moderniza\u010dn\u00ed iniciativy, \u00fasp\u011b\u0161n\u011b implementov\u00e1no p\u0159es 1 000 opat\u0159en\u00ed ke zjednodu\u0161en\u00ed administrativy a legislativy, jako\u017e i elektronick\u00e9 spr\u00e1vy.<\/p>\n<p>Dva p\u0159\u00edklady:<\/p>\n<p>Ob\u010dansk\u00fd pr\u016fkaz, zaveden\u00fd p\u0159ed 10 lety, nahrazuje p\u011bt doklad\u016f.<br \/>\nOb\u010dansk\u00fd obchod poskytuje centr\u00e1ln\u00ed kontaktn\u00ed m\u00edsto pro ve\u0159ejnou spr\u00e1vu a mnoho soukrom\u00fdch slu\u017eeb. V roce 2017 existovalo 533 ob\u010dansk\u00fdch obchod\u016f, kter\u00e9 nab\u00edzely p\u0159ibli\u017en\u011b 200 ve\u0159ejn\u00fdch slu\u017eeb. Celkov\u011b m\u011bly velmi pozitivn\u00ed dopad na \u017eivoty ob\u010dan\u016f a podnik\u016f a sn\u00ed\u017eily administrativn\u00ed n\u00e1klady. M\u00edra implementace programu byla v\u017edy nad 80 %.<\/p>\n<p>N\u011bkter\u00e1 opat\u0159en\u00ed programu byla uzn\u00e1na a z\u00edskala mezin\u00e1rodn\u00ed ocen\u011bn\u00ed, a to jak od Organizace spojen\u00fdch n\u00e1rod\u016f (zpr\u00e1va za rok 2018 \u2013 viz strana 39), tak od Evropsk\u00e9 komise.<\/p>\n<p>Simplex je zkratkou pro pozitivn\u00ed zm\u011bny a sni\u017eov\u00e1n\u00ed byrokracie ve ve\u0159ejn\u00e9m sektoru.<br \/>\nSIMPLEX+<br \/>\nSIMPLEX+, nov\u00fd program, je mezioborov\u00fd a pokr\u00fdv\u00e1 v\u0161echny oblasti, do kter\u00fdch se st\u00e1t aktivn\u011b zapojuje. Zachovala si sv\u016fj spole\u010dn\u00fd p\u0159\u00edstup k r\u016fzn\u00fdm aspekt\u016fm zjednodu\u0161ov\u00e1n\u00ed, ale \u0159e\u0161\u00ed nov\u00e9 v\u00fdzvy v nov\u00e9 \u00e9\u0159e.<\/p>\n<p>Simplex+ je v mnoha ohledech pozoruhodn\u00fd.<\/p>\n<p>Zaprv\u00e9, je v\u00edce participativn\u00ed, koprodukovan\u00fd a implementovan\u00fd s plnou transparentnost\u00ed a odpov\u011bdnost\u00ed.<br \/>\nPodporuje inovace a vyz\u00fdv\u00e1 inov\u00e1tory k zapojen\u00ed do \u00fast\u0159edn\u00ed spr\u00e1vy. Sout\u011b\u017e \u201eStartup Simplex\u201c byla zah\u00e1jena v roce 2017. C\u00edlem je ocenit inovativn\u00ed n\u00e1pady na produkty a slu\u017eby, kter\u00e9 zjednodu\u0161uj\u00ed interakci ob\u010dan\u016f a podnik\u016f s ve\u0159ejn\u00fdmi slu\u017ebami.<br \/>\nProgram Simplex roz\u0161i\u0159uje zam\u011b\u0159en\u00ed na zjednodu\u0161en\u00ed nad r\u00e1mec ve\u0159ejn\u00fdch slu\u017eeb a zahrnuje opat\u0159en\u00ed, jako je snaz\u0161\u00ed otev\u00edr\u00e1n\u00ed bankovn\u00edch \u00fa\u010dt\u016f, kter\u00e1 vy\u017eaduj\u00ed spolupr\u00e1ci mezi ve\u0159ejn\u00fdm a soukrom\u00fdm sektorem.<br \/>\nV\u00fdsledek?<\/p>\n<p>Mezi lety 2016 a 2018 se Portugalsko v \u017eeb\u0159\u00ed\u010dku OSN pro rozvoj elektronick\u00e9 ve\u0159ejn\u00e9 spr\u00e1vy (EGDI) zlep\u0161ilo o dev\u011bt m\u00edst.<\/p>\n<p>POU\u010cEN\u00cd Z PORTUGALSK\u00ddCH ZKU\u0160ENOST\u00cd<br \/>\nV dob\u011b, kdy jsou bezpe\u010dn\u00e9 digit\u00e1ln\u00ed identity pova\u017eov\u00e1ny za kl\u00ed\u010dov\u00e9 pro vyu\u017e\u00edv\u00e1n\u00ed digit\u00e1ln\u00edch slu\u017eeb a digit\u00e1ln\u00edch dividend, stoj\u00ed za to se pou\u010dit z portugalsk\u00e9 zku\u0161enosti:<\/p>\n<p>Trvanlivost \u2013 \u00fasp\u011b\u0161n\u00e1 transformace a implementace nov\u00e9ho syst\u00e9mu jsou zalo\u017eeny na nem\u011bnn\u00fdch z\u00e1kladech a vy\u017eaduj\u00ed \u010das.<br \/>\nOrientace \u2013 Kdy\u017e se v\u0161ak v\u011bci zm\u011bn\u00ed, je t\u0159eba zm\u011bny vysv\u011btlit. Je nutn\u00e9 poskytovat poradenstv\u00ed a je d\u016fle\u017eit\u00e9 zajistit pozitivn\u00ed zp\u011btnou vazbu, aby se vybudovala d\u016fv\u011bra lid\u00ed.<\/p>\n<p>Pot\u00e9 je d\u016fle\u017eit\u00e9 poskytnout dob\u0159e viditeln\u00e9 informace \u2013 nap\u0159\u00edklad ob\u010dansk\u00e9 spoty a ob\u010dansk\u00e9 karty \u2013 aby se podpo\u0159ilo p\u0159ijet\u00ed p\u0159ed zah\u00e1jen\u00edm virtu\u00e1ln\u00ed implementace. To plat\u00ed zejm\u00e9na v oblastech, kde digit\u00e1ln\u00ed technologie dosud nedos\u00e1hly dostate\u010dn\u00e9ho po\u010dtu lid\u00ed.<\/p>","protected":false},"excerpt":{"rendered":"<p>NOV\u00dd PORTUGALSK\u00dd PROGRAM OB\u010cANSK\u00ddCH PR\u016eKAZ\u016e<br \/>\nPrvn\u00ed pilotn\u00ed f\u00e1ze portugalsk\u00e9ho pr\u016fkazu toto\u017enosti zn\u00e1m\u00e9ho tak\u00e9 jako Cart\u00e3o de Cidad\u00e3o za\u010dala 14. \u00fanora 2007 v regionu Azory. Pln\u00e9 zav\u00e1d\u011bn\u00ed za\u010dalo v roce 2008.<br \/>\nV roce 2014 maj\u00ed v\u0161ichni portugal\u0161t\u00ed ob\u010dan\u00e9 v rukou nov\u00fd ob\u010dansk\u00fd pr\u016fkaz, kter\u00fd nahrazuje star\u00fd pap\u00edrov\u00fd doklad.<\/p>\n<p>C\u00edlem vyd\u00e1n\u00ed portugalsk\u00e9ho ob\u010dansk\u00e9ho pr\u016fkazu bylo revolu\u010dn\u011b zm\u011bnit zp\u016fsob, jak\u00fdm portugal\u0161t\u00ed ob\u010dan\u00e9 interaguj\u00ed s vl\u00e1dou.<br \/>\nZaprv\u00e9, zjednodu\u0161en\u00ed.<br \/>\nNOV\u00dd PORTUGALSK\u00dd OB\u010cANSK\u00dd PR\u016eKAZ NAHRAZUJE 5 KART<br \/>\nKarta nahrazuje 5 r\u016fzn\u00fdch fyzick\u00fdch doklad\u016f toto\u017enosti:<br \/>\nOb\u010dansk\u00fd pr\u016fkaz toto\u017enosti \u2013 b\u00fdval\u00fd portugalsk\u00fd pap\u00edrov\u00fd pr\u016fkaz toto\u017enosti<br \/>\nDa\u0148ov\u00e1 karta<br \/>\nVolebn\u00ed karta<br \/>\nKarta soci\u00e1ln\u00edho zabezpe\u010den\u00ed<br \/>\nZdravotn\u00ed pr\u016fkaz.<br \/>\n\u200bNov\u00fd portugalsk\u00fd pr\u016fkaz toto\u017enosti zn\u00e1m\u00fd jako Cart\u00e3o do Cidad\u00e3o nebo ob\u010dansk\u00fd pr\u016fkaz umo\u017e\u0148uje jednotlivc\u016fm identifikovat se p\u0159ed \u00fa\u0159edn\u00edky.<\/p>\n<p>Krom\u011b toho si od roku 2019 mohou registrovan\u00ed cizinci v Portugalsku po\u017e\u00e1dat o ob\u010dansk\u00fd pr\u016fkaz.<\/p>","protected":false},"featured_media":22623,"template":"","meta":[],"product_brand":[],"product_cat":[925],"product_tag":[],"class_list":{"0":"post-22570","1":"product","2":"type-product","3":"status-publish","4":"has-post-thumbnail","6":"product_cat-personalausweis","8":"first","9":"instock","10":"taxable","11":"shipping-taxable","12":"purchasable","13":"product-type-simple"},"_links":{"self":[{"href":"https:\/\/primeprintingweb.com\/cs\/wp-json\/wp\/v2\/product\/22570","targetHints":{"allow":["GET"]}}],"collection":[{"href":"https:\/\/primeprintingweb.com\/cs\/wp-json\/wp\/v2\/product"}],"about":[{"href":"https:\/\/primeprintingweb.com\/cs\/wp-json\/wp\/v2\/types\/product"}],"version-history":[{"count":2,"href":"https:\/\/primeprintingweb.com\/cs\/wp-json\/wp\/v2\/product\/22570\/revisions"}],"predecessor-version":[{"id":22868,"href":"https:\/\/primeprintingweb.com\/cs\/wp-json\/wp\/v2\/product\/22570\/revisions\/22868"}],"wp:featuredmedia":[{"embeddable":true,"href":"https:\/\/primeprintingweb.com\/cs\/wp-json\/wp\/v2\/media\/22623"}],"wp:attachment":[{"href":"https:\/\/primeprintingweb.com\/cs\/wp-json\/wp\/v2\/media?parent=22570"}],"wp:term":[{"taxonomy":"product_brand","embeddable":true,"href":"https:\/\/primeprintingweb.com\/cs\/wp-json\/wp\/v2\/product_brand?post=22570"},{"taxonomy":"product_cat","embeddable":true,"href":"https:\/\/primeprintingweb.com\/cs\/wp-json\/wp\/v2\/product_cat?post=22570"},{"taxonomy":"product_tag","embeddable":true,"href":"https:\/\/primeprintingweb.com\/cs\/wp-json\/wp\/v2\/product_tag?post=22570"}],"curies":[{"name":"wp","href":"https:\/\/api.w.org\/{rel}","templated":true}]}}