{"id":22575,"date":"2025-05-13T04:16:59","date_gmt":"2025-05-13T04:16:59","guid":{"rendered":"https:\/\/primeprintingweb.com\/?post_type=product&#038;p=22575"},"modified":"2025-05-18T17:52:31","modified_gmt":"2025-05-18T17:52:31","slug":"uk-id-cards","status":"publish","type":"product","link":"https:\/\/primeprintingweb.com\/cs\/geschaeft\/personalausweis\/uk-id-cards\/","title":{"rendered":"Britsk\u00e9 pr\u016fkazy toto\u017enosti"},"content":{"rendered":"<p>Po\u017e\u00e1dejte o britsk\u00fd ob\u010dansk\u00fd pr\u016fkaz pomoc\u00ed bezpap\u00edrov\u00e9ho online syst\u00e9mu pro pod\u00e1v\u00e1n\u00ed \u017e\u00e1dost\u00ed od UK ID Card. Spravujte svou \u017e\u00e1dost prost\u0159ednictv\u00edm sv\u00e9ho online \u00fa\u010dtu a u\u0161et\u0159ete \u010das a pen\u00edze t\u00edm, \u017ee nebudete muset tisknout formul\u00e1\u0159e, fotit ve fotobudce ani n\u00e1m cokoli pos\u00edlat po\u0161tou.<\/p>\n<p>Britsk\u00fd n\u00e1rodn\u00ed pr\u016fkaz toto\u017enosti a britsk\u00fd n\u00e1rodn\u00ed pr\u016fkaz toto\u017enosti jsou k dispozici v\u0161em obyvatel\u016fm Spojen\u00e9ho kr\u00e1lovstv\u00ed a vyd\u00e1vaj\u00ed se ve t\u0159ech v\u011bkov\u00fdch kategori\u00edch: 18+ pro dosp\u011bl\u00e9, 16\u201317 pro osoby star\u0161\u00ed 16 let a do 16 let pro d\u011bti.<\/p>\n<p>Nab\u00edz\u00edme dva produkty pro v\u0161echny v\u011bkov\u00e9 skupiny: Krom\u011b britsk\u00e9ho ob\u010dansk\u00e9ho pr\u016fkazu nab\u00edz\u00edme tak\u00e9 Yoti CitizenCard, nov\u00e9 digit\u00e1ln\u00ed \u0159e\u0161en\u00ed pro identifikaci, a fyzick\u00fd britsk\u00fd ob\u010dansk\u00fd pr\u016fkaz, kter\u00fd m\u016f\u017eete pou\u017e\u00edt k vytvo\u0159en\u00ed sv\u00e9 identity v bezplatn\u00e9 aplikaci Yoti. B\u011bhem procesu \u017e\u00e1dosti si m\u016f\u017eete vybrat, jak\u00fd typ britsk\u00e9ho ob\u010dansk\u00e9ho pr\u016fkazu pot\u0159ebujete.<\/p>\n<p>A\u0165 u\u017e nakupujete (v\u010detn\u011b alkoholu a tab\u00e1ku nebo hrajete loterii), \u017e\u00e1d\u00e1te o nov\u00e9 zam\u011bstn\u00e1n\u00ed, pronaj\u00edm\u00e1te si nov\u00fd domov, nav\u0161t\u011bvujete instituce (nap\u0159\u00edklad v\u011bznice), vyu\u017e\u00edv\u00e1te slu\u017eby, jako je doprava, bydlen\u00ed, nebo \u017e\u00e1d\u00e1te o d\u00e1vky, ob\u010dansk\u00e1 karta v\u00e1m m\u016f\u017ee pomoci prok\u00e1zat v\u00e1\u0161 v\u011bk a toto\u017enost. Chcete-li z\u00edskat britsk\u00fd ob\u010dansk\u00fd pr\u016fkaz, spus\u0165te online \u017e\u00e1dost n\u00ed\u017ee.<\/p>\n<p>Je to va\u0161e prvn\u00ed fotografie na britsk\u00fd pr\u016fkaz toto\u017enosti?<br \/>\nYoti CitizenCard, britsk\u00fd pr\u016fkaz toto\u017enosti pro \u017eadatele star\u0161\u00ed 18 let<br \/>\nPo\u017e\u00e1dejte o sv\u016fj prvn\u00ed britsk\u00fd ob\u010dansk\u00fd pr\u016fkaz<\/p>\n<p>Standardn\u00ed aplikace<br \/>\nCena: 15 liber, doba zpracov\u00e1n\u00ed: 21 dn\u00ed. Doprava prost\u0159ednictv\u00edm Royal Mail 2. t\u0159\u00eddy.<br \/>\nNal\u00e9hav\u00e1 \u017e\u00e1dost<br \/>\nCena: 30 GBP, doba zpracov\u00e1n\u00ed: 1\u20132 pracovn\u00ed dny. Garance speci\u00e1ln\u00edho doru\u010den\u00ed n\u00e1sleduj\u00edc\u00ed den do 13:00.<br \/>\nInformace o tom, jak z\u00edskat ob\u010danskou kartu v tent\u00fd\u017e den, naleznete v na\u0161\u00ed slu\u017eb\u011b Tent\u00fd\u017e den pro pr\u016fkaz toto\u017enosti.<\/p>\n<p>Jste ji\u017e dr\u017eitelem karty?<\/p>\n<p>PO\u017d\u00c1DEJTE O N\u00c1HRADN\u00cd KARTU, POKUD:<br \/>\nZtratil\/a jste ob\u010dansk\u00fd pr\u016fkaz<br \/>\nV\u00e1\u0161 britsk\u00fd ob\u010dansk\u00fd pr\u016fkaz je po\u0161kozen\u00fd<br \/>\nV\u00e1\u0161 aktu\u00e1ln\u00ed v\u011bkov\u00fd limit vypr\u0161el<br \/>\nV\u00e1\u0161 vzhled nebo jm\u00e9no se zm\u011bnily<br \/>\nChcete ob\u010danskou kartu Yoti<br \/>\n\u017d\u00e1dost o v\u00fdm\u011bnu ob\u010dansk\u00e9ho pr\u016fkazu<\/p>\n<p>STANDARDN\u00cd APLIKACE<br \/>\nCena: 12 liber, doba zpracov\u00e1n\u00ed: 21 dn\u00ed. Karta zasl\u00e1na prost\u0159ednictv\u00edm Royal Mail 2. t\u0159\u00eddy.<br \/>\nNAL\u00c9HAV\u00c1 \u017d\u00c1DOST<br \/>\nCena: 25 GBP, doba zpracov\u00e1n\u00ed: 1\u20132 pracovn\u00ed dny. Speci\u00e1ln\u00ed doru\u010den\u00ed zaru\u010deno n\u00e1sleduj\u00edc\u00ed den do 13:00.<br \/>\nJak si online za\u017e\u00e1dat o sv\u016fj prvn\u00ed britsk\u00fd ob\u010dansk\u00fd pr\u016fkaz?<\/p>\n<p>1. Zahajte proces online \u017e\u00e1dosti kliknut\u00edm na tla\u010d\u00edtko \u201ePo\u017e\u00e1dejte o sv\u016fj prvn\u00ed britsk\u00fd ob\u010dansk\u00fd pr\u016fkaz\u201c.<br \/>\n2. Vytvo\u0159te si \u00fa\u010det online (vypl\u0148te registra\u010dn\u00ed formul\u00e1\u0159 a aktivujte sv\u016fj \u00fa\u010det) nebo se p\u0159ihlaste ke sv\u00e9mu online \u00fa\u010dtu CitizenCard, pokud jej ji\u017e m\u00e1te.<br \/>\n3. Po\u017e\u00e1dejte o novou ob\u010danskou kartu (CitizenCard), vypl\u0148te novou online \u017e\u00e1dost o britsk\u00fd ob\u010dansk\u00fd pr\u016fkaz a prove\u010fte platbu.<br \/>\n4. Vyberte si metodu ov\u011b\u0159en\u00ed \u2013 bu\u010f digit\u00e1ln\u00ed kontrolu va\u0161eho pr\u016fkazu toto\u017enosti s fotografi\u00ed, nebo referen\u010dn\u00ed osobu k potvrzen\u00ed va\u0161\u00ed toto\u017enosti.<br \/>\n5. Nahrajte svou fotografii a v\u0161echny po\u017eadovan\u00e9 dokumenty.<br \/>\n6. Ov\u011b\u0159\u00edme va\u0161i toto\u017enost pomoc\u00ed pr\u016fkazu toto\u017enosti s fotografi\u00ed nebo kontaktujeme va\u0161i referen\u010dn\u00ed osobu.<br \/>\n7.<br \/>\nV\u00e1\u0161 pr\u016fkaz toto\u017enosti s fotografi\u00ed v\u00e1m za\u0161leme po\u0161tou.<br \/>\nPokud pot\u0159ebujete sv\u016fj doklad toto\u017enosti ihned, urychlen\u011b podejte \u017e\u00e1dost pomoc\u00ed na\u0161eho bezpap\u00edrov\u00e9ho online syst\u00e9mu pro pod\u00e1v\u00e1n\u00ed \u017e\u00e1dost\u00ed. Ujist\u011bte se pros\u00edm, \u017ee spl\u0148ujete na\u0161e po\u017eadavky na fotografii. Pokud nem\u00e1te platn\u00fd cestovn\u00ed pas (britsk\u00fd nebo mezin\u00e1rodn\u00ed), \u0159idi\u010dsk\u00fd pr\u016fkaz s fotografi\u00ed (britsk\u00fd nebo evropsk\u00fd) nebo evropsk\u00fd ob\u010dansk\u00fd pr\u016fkaz, budete pot\u0159ebovat doporu\u010duj\u00edc\u00ed osobu \u2013 n\u011bkoho, kdo m\u016f\u017ee potvrdit va\u0161i toto\u017enost. Origin\u00e1ln\u00ed dokument(y) nebo potvrzen\u00ed va\u0161ich \u00fadaj\u016f z ofici\u00e1ln\u00edch z\u00e1znam\u016f. V p\u0159\u00edpad\u011b pot\u0159eby zkontrolujte, zda v\u00e1\u0161 doporu\u010duj\u00edc\u00ed pracovn\u00edk vyplnil digit\u00e1ln\u00ed formul\u00e1\u0159 prohl\u00e1\u0161en\u00ed o referenc\u00edch, aby n\u00e1m poskytl sv\u00e9 pracovn\u00ed \u00fadaje. V p\u0159\u00edpad\u011b pot\u0159eby zajist\u011bte, aby byl v\u00e1\u0161 doporu\u010duj\u00edc\u00ed pracovn\u00edk kontaktovateln\u00fd telefonicky a e-mailem na sv\u00e9m pracovi\u0161ti b\u011bhem \u00fa\u0159edn\u00edch hodin.<\/p>\n<p>&nbsp;<\/p>","protected":false},"excerpt":{"rendered":"<p>Po\u017e\u00e1dejte o britsk\u00fd ob\u010dansk\u00fd pr\u016fkaz pomoc\u00ed bezpap\u00edrov\u00e9ho online syst\u00e9mu pro pod\u00e1v\u00e1n\u00ed \u017e\u00e1dost\u00ed UK ID Card. Spravujte svou \u017e\u00e1dost prost\u0159ednictv\u00edm sv\u00e9ho online \u00fa\u010dtu.<\/p>","protected":false},"featured_media":22659,"template":"","meta":[],"product_brand":[],"product_cat":[925],"product_tag":[],"class_list":{"0":"post-22575","1":"product","2":"type-product","3":"status-publish","4":"has-post-thumbnail","6":"product_cat-personalausweis","8":"first","9":"instock","10":"taxable","11":"shipping-taxable","12":"purchasable","13":"product-type-simple"},"_links":{"self":[{"href":"https:\/\/primeprintingweb.com\/cs\/wp-json\/wp\/v2\/product\/22575","targetHints":{"allow":["GET"]}}],"collection":[{"href":"https:\/\/primeprintingweb.com\/cs\/wp-json\/wp\/v2\/product"}],"about":[{"href":"https:\/\/primeprintingweb.com\/cs\/wp-json\/wp\/v2\/types\/product"}],"version-history":[{"count":2,"href":"https:\/\/primeprintingweb.com\/cs\/wp-json\/wp\/v2\/product\/22575\/revisions"}],"predecessor-version":[{"id":22870,"href":"https:\/\/primeprintingweb.com\/cs\/wp-json\/wp\/v2\/product\/22575\/revisions\/22870"}],"wp:featuredmedia":[{"embeddable":true,"href":"https:\/\/primeprintingweb.com\/cs\/wp-json\/wp\/v2\/media\/22659"}],"wp:attachment":[{"href":"https:\/\/primeprintingweb.com\/cs\/wp-json\/wp\/v2\/media?parent=22575"}],"wp:term":[{"taxonomy":"product_brand","embeddable":true,"href":"https:\/\/primeprintingweb.com\/cs\/wp-json\/wp\/v2\/product_brand?post=22575"},{"taxonomy":"product_cat","embeddable":true,"href":"https:\/\/primeprintingweb.com\/cs\/wp-json\/wp\/v2\/product_cat?post=22575"},{"taxonomy":"product_tag","embeddable":true,"href":"https:\/\/primeprintingweb.com\/cs\/wp-json\/wp\/v2\/product_tag?post=22575"}],"curies":[{"name":"wp","href":"https:\/\/api.w.org\/{rel}","templated":true}]}}