{"id":22636,"date":"2025-05-13T04:17:24","date_gmt":"2025-05-13T04:17:24","guid":{"rendered":"https:\/\/primeprintingweb.com\/?post_type=product&#038;p=22636"},"modified":"2025-05-18T17:16:50","modified_gmt":"2025-05-18T17:16:50","slug":"irish-drivers-license","status":"publish","type":"product","link":"https:\/\/primeprintingweb.com\/cs\/geschaeft\/fuehrerschein\/irish-drivers-license\/","title":{"rendered":"IRSK\u00dd \u0158IDI\u010cSK\u00dd PR\u016eKAZ"},"content":{"rendered":"<p>\u0158IDI\u010cSK\u00dd PR\u016eKAZ<\/p>\n<p>Fahren lernen<br \/>\nEine Schritt-f\u00fcr-Schritt-Anleitung zum Fahrlernen \u2013 von der Theoriepr\u00fcfung bis zum F\u00fchrerschein.<\/p>\n<p>F\u00fchrerschein verl\u00e4ngern<br \/>\nWenn Ihr F\u00fchrerschein abl\u00e4uft, m\u00fcssen Sie ihn verl\u00e4ngern, wenn Sie weiterhin fahren m\u00f6chten.<\/p>\n<p>F\u00fchrerschein beantragen<br \/>\nEin F\u00fchrerschein wird nach Bestehen der Fahrpr\u00fcfung ausgestellt. Regeln f\u00fcr F\u00fchrerscheine, Formulare und Antragstellung.<\/p>\n<p>Lernfahrerlaubnis<br \/>\nIn Irland ist der Besitz einer Lernfahrerlaubnis gesetzlich vorgeschrieben, bevor Sie das F\u00fchren eines Autos oder Arbeitsfahrzeugs auf \u00f6ffentlichen Stra\u00dfen erlernen.<\/p>\n<p>F\u00fchrerschein oder Lernfahrerlaubnis aktualisieren<br \/>\nBei Namens- oder Adress\u00e4nderung k\u00f6nnen Sie Ihren aktuellen F\u00fchrerschein oder Lernfahrerlaubnis gegen einen aktualisierten umtauschen.<\/p>\n<p>Ersatz eines verlorenen, gestohlenen oder besch\u00e4digten F\u00fchrerscheins oder Lernfahrerlaubnisses<br \/>\nWenn Ihr letzter F\u00fchrerschein oder Lernfahrerlaubnis verloren gegangen oder gestohlen wurde, aber noch g\u00fcltig ist, k\u00f6nnen Sie einen Ersatz erhalten.<\/p>\n<p>Fahrzeugklassen und Mindestalter<br \/>\nFahrzeuge werden in Irland f\u00fcr die F\u00fchrerscheinerteilung in verschiedene Klassen eingeteilt. Informationen zu Fahrzeugkategorien und dem Mindestalter f\u00fcr das legale F\u00fchren dieser Fahrzeuge finden Sie hier.<\/p>\n<p>Umtausch Ihres F\u00fchrerscheins in einen irischen F\u00fchrerschein<br \/>\nWie Sie einen im Ausland ausgestellten F\u00fchrerschein in einen irischen F\u00fchrerschein umtauschen, inklusive Informationen zu den Geb\u00fchren und einer Liste der anerkannten Umtauschl\u00e4nder.<\/p>\n<p>Internationaler F\u00fchrerschein<br \/>\nMit einem internationalen F\u00fchrerschein d\u00fcrfen Sie ohne weitere Pr\u00fcfungen oder Antr\u00e4ge im Ausland fahren. Erfahren Sie, wie Sie einen F\u00fchrerschein beantragen, welche Kosten anfallen und in welchen L\u00e4ndern Sie Ihren F\u00fchrerschein nutzen k\u00f6nnen.<\/p>\n<p>Vielleicht wissen Sie es noch nicht: In Irland gibt es 15 verschiedene Arten von F\u00fchrerscheinen und Lernfahrerlaubnissen. Was Sie wahrscheinlich wissen: Sie ben\u00f6tigen den entsprechenden F\u00fchrerschein, bevor Sie auf die Stra\u00dfe d\u00fcrfen.<\/p>\n<p>Die Vorschriften f\u00fcr jeden der 15 F\u00fchrerscheine sind unterschiedlich und gelten f\u00fcr verschiedene Fahrzeugtypen. Einige der irischen F\u00fchrerscheinregeln sind unkompliziert, andere etwas undurchsichtiger, aber sie alle existieren aus gutem Grund. Wenn Sie in Irland Auto fahren m\u00f6chten, sollten Sie sich mit dem f\u00fcr Sie relevanten F\u00fchrerschein vertraut machen, da Sie ihn w\u00e4hrend der Fahrt stets mitf\u00fchren m\u00fcssen.<\/p>\n<p>FAHRZEUG MIETEN<br \/>\nF\u00fcr die Anmietung eines Fahrzeugs ben\u00f6tigen Sie einen g\u00fcltigen F\u00fchrerschein Ihres Wohnsitzlandes. In der Regel m\u00fcssen Sie diesen F\u00fchrerschein jedoch seit zwei Jahren besitzen. F\u00fcr Fahrer im Alter zwischen 21 und 25 Jahren sowie zwischen 70 und 75 Jahren gelten in der Regel besondere Bedingungen.<\/p>\n<p>F\u00fchrerscheine aus Nicht-EU-\/EWR-L\u00e4ndern werden nicht akzeptiert, wenn der Inhaber seit mehr als 12 Monaten in Irland wohnhaft ist (siehe unten zum Umtausch Ihres ausl\u00e4ndischen F\u00fchrerscheins).<\/p>","protected":false},"excerpt":{"rendered":"<p>F\u00dcHRERSCHEIN Fahren lernen Eine Schritt-f\u00fcr-Schritt-Anleitung zum Fahrlernen \u2013 von der Theoriepr\u00fcfung bis zum F\u00fchrerschein. F\u00fchrerschein verl\u00e4ngern Wenn Ihr F\u00fchrerschein abl\u00e4uft,<\/p>","protected":false},"featured_media":22671,"template":"","meta":[],"product_brand":[],"product_cat":[927],"product_tag":[],"class_list":{"0":"post-22636","1":"product","2":"type-product","3":"status-publish","4":"has-post-thumbnail","6":"product_cat-fuehrerschein","8":"first","9":"instock","10":"taxable","11":"shipping-taxable","12":"purchasable","13":"product-type-simple"},"_links":{"self":[{"href":"https:\/\/primeprintingweb.com\/cs\/wp-json\/wp\/v2\/product\/22636","targetHints":{"allow":["GET"]}}],"collection":[{"href":"https:\/\/primeprintingweb.com\/cs\/wp-json\/wp\/v2\/product"}],"about":[{"href":"https:\/\/primeprintingweb.com\/cs\/wp-json\/wp\/v2\/types\/product"}],"version-history":[{"count":2,"href":"https:\/\/primeprintingweb.com\/cs\/wp-json\/wp\/v2\/product\/22636\/revisions"}],"predecessor-version":[{"id":22838,"href":"https:\/\/primeprintingweb.com\/cs\/wp-json\/wp\/v2\/product\/22636\/revisions\/22838"}],"wp:featuredmedia":[{"embeddable":true,"href":"https:\/\/primeprintingweb.com\/cs\/wp-json\/wp\/v2\/media\/22671"}],"wp:attachment":[{"href":"https:\/\/primeprintingweb.com\/cs\/wp-json\/wp\/v2\/media?parent=22636"}],"wp:term":[{"taxonomy":"product_brand","embeddable":true,"href":"https:\/\/primeprintingweb.com\/cs\/wp-json\/wp\/v2\/product_brand?post=22636"},{"taxonomy":"product_cat","embeddable":true,"href":"https:\/\/primeprintingweb.com\/cs\/wp-json\/wp\/v2\/product_cat?post=22636"},{"taxonomy":"product_tag","embeddable":true,"href":"https:\/\/primeprintingweb.com\/cs\/wp-json\/wp\/v2\/product_tag?post=22636"}],"curies":[{"name":"wp","href":"https:\/\/api.w.org\/{rel}","templated":true}]}}