{"id":22639,"date":"2025-05-13T04:17:25","date_gmt":"2025-05-13T04:17:25","guid":{"rendered":"https:\/\/primeprintingweb.com\/?post_type=product&#038;p=22639"},"modified":"2025-05-18T17:08:21","modified_gmt":"2025-05-18T17:08:21","slug":"luxembourg-driving-license-online","status":"publish","type":"product","link":"https:\/\/primeprintingweb.com\/cs\/geschaeft\/fuehrerschein\/luxembourg-driving-license-online\/","title":{"rendered":"\u0158IDI\u010cSK\u00dd PR\u016eKAZ V LUCEMBURSKU ONLINE"},"content":{"rendered":"<p>INFORMACE O \u0158IDI\u010cSK\u00ddCH PR\u016eKAZ\u00cdCH V LUCEMBURSKU: INFORMACE O ONLINE \u017d\u00c1DOSTI O \u0158IDI\u010cSK\u00dd PR\u016eKAZ V LUCEMBURSKU A O REGISTRACI K \u0158IDI\u010cSK\u00c9 ZKOU\u0160CE\u2026<br \/>\n\u0158idi\u010di v Lucembursku mus\u00ed b\u00fdt star\u0161\u00ed 18 let a m\u00edt platn\u00fd \u0159idi\u010dsk\u00fd pr\u016fkaz (permis de conduire). Vozidla skupin AM a A1 mohou b\u00fdt \u0159\u00edzena od 16 let s platn\u00fdm \u0159idi\u010dsk\u00fdm pr\u016fkazem. \u0158idi\u010dsk\u00fd pr\u016fkaz mus\u00ed b\u00fdt u sebe na v\u0161ech cest\u00e1ch a na po\u017e\u00e1d\u00e1n\u00ed p\u0159edlo\u017een policistovi. Kopie nejsou akceptov\u00e1ny. \u0158idi\u010dsk\u00e9 pr\u016fkazy v Lucembursku vyd\u00e1v\u00e1 a spravuje Service des Permis de Conduire (SNCA).<\/p>\n<p>Slu\u017eba Povolen\u00ed de Conduire (SNCA).<br \/>\nAdresa: 11, rue de Luxembourg, L-5230 Sandweiler<br \/>\nTelefon: +1 35 72 14 -1<br \/>\nExistuje n\u011bkolik hlavn\u00edch t\u0159\u00edd \u0159idi\u010dsk\u00fdch pr\u016fkaz\u016f (kter\u00e9 se d\u00e1le d\u011bl\u00ed na podt\u0159\u00eddy):<\/p>\n<p>T\u0159\u00edda AM: Mopedy s maxim\u00e1ln\u00ed konstruk\u010dn\u00ed rychlost\u00ed do 45 km\/h<br \/>\nT\u0159\u00edda A1: Lehk\u00e9 motocykly a mopedy s v\u00fdkonem do 15 kW<br \/>\nT\u0159\u00edda A2: Motocykly s v\u00fdkonem do 35 kW<br \/>\nKategorie A: V\u0161echny motocykly<br \/>\nKategorie B: Osobn\u00ed automobily<br \/>\nKategorie BE: Automobily s p\u0159\u00edv\u011bsy nebo karavany s celkovou hmotnost\u00ed ni\u017e\u0161\u00ed ne\u017e 3 500 kg<br \/>\nKategorie C: N\u00e1kladn\u00ed a u\u017eitkov\u00e1 vozidla<br \/>\nT\u0159\u00edda DF: autobusy a traktory<br \/>\nAby \u0159idi\u010d z\u00edskal jeden z t\u011bchto \u0159idi\u010dsk\u00fdch pr\u016fkaz\u016f, mus\u00ed slo\u017eit dva testy:<\/p>\n<p>teoretick\u00fd test<br \/>\n\u0159idi\u010dsk\u00fd test<br \/>\nS \u0159idi\u010dsk\u00fdm v\u00fdcvikem m\u016f\u017eete za\u010d\u00edt a\u017e po \u00fasp\u011b\u0161n\u00e9m absolvov\u00e1n\u00ed teoretick\u00e9 zkou\u0161ky.<\/p>\n<p>\u017d\u00c1DOST O \u0158IDI\u010cSK\u00dd PR\u016eKAZ V LUCEMBURSKU<br \/>\nVe\u0161ker\u00fd v\u00fdcvik a p\u0159\u00edprava \u0159idi\u010d\u016f mus\u00ed prob\u00edhat v registrovan\u00e9 auto\u0161kole. \u017d\u00e1dost o \u0159idi\u010dsk\u00fd pr\u016fkaz (demande en obtention d&#039;un permis de conduire neboli \u017e\u00e1dost o \u0159idi\u010dsk\u00fd pr\u016fkaz) pro ka\u017edou skupinu \u0159idi\u010dsk\u00fdch pr\u016fkaz\u016f se pod\u00e1v\u00e1 p\u0159i registraci v auto\u0161kole, kter\u00e1 podepsanou \u017e\u00e1dost za\u0161le SNCT.<\/p>\n<p>K \u017e\u00e1dosti jsou vy\u017eadov\u00e1ny n\u00e1sleduj\u00edc\u00ed dokumenty:<\/p>\n<p>L\u00e9ka\u0159sk\u00e9 potvrzen\u00ed od kvalifikovan\u00e9ho l\u00e9ka\u0159e (maxim\u00e1ln\u011b t\u0159i m\u011bs\u00edce star\u00e9)<br \/>\npasov\u00e1 fotografie<br \/>\nOsv\u011bd\u010den\u00ed o registraci (certificat de r\u00edsidence) (maxim\u00e1ln\u011b jeden m\u011bs\u00edc star\u00e9) od obce<br \/>\nKopie \u010destn\u00e9ho prohl\u00e1\u0161en\u00ed (extrait de casier judiciaire) od policie nebo zem\u011b p\u016fvodu, pokud je pobyt v Lucembursku krat\u0161\u00ed ne\u017e p\u011bt let<br \/>\nP\u0159\u00edjmov\u00e1 zn\u00e1mka (Timbre de Chancellerie)<br \/>\nRegistra\u010dn\u00ed poplatek do auto\u0161koly<br \/>\nPro pod\u00e1n\u00ed \u017e\u00e1dosti o \u0159idi\u010dsk\u00fd pr\u016fkaz skupiny AM nebo A1 pro moped nebo lehk\u00fd motocykl mus\u00ed \u0159idi\u010d dos\u00e1hnout v\u011bku alespo\u0148 16 let. Pro z\u00edsk\u00e1n\u00ed \u0159idi\u010dsk\u00e9ho pr\u016fkazu skupiny B mus\u00ed \u0159idi\u010d dos\u00e1hnout v\u011bku alespo\u0148 18 let. \u017d\u00e1dost o \u017eadateli mus\u00ed b\u00fdt podeps\u00e1na rodi\u010dem nebo z\u00e1konn\u00fdm z\u00e1stupcem, pokud je \u017eadatel mlad\u0161\u00ed 18 let.<\/p>\n<p>TEORIE A PRAKTICK\u00c9 ZKOU\u0160KY<br \/>\nTeoretick\u00e9 i praktick\u00e9 zkou\u0161ky lze skl\u00e1dat v angli\u010dtin\u011b.<\/p>\n<p>Teoretick\u00fd kurz zahrnuje nejm\u00e9n\u011b 12 hodinov\u00fdch lekc\u00ed v auto\u0161kole (za ur\u010dit\u00fdch okolnost\u00ed m\u016f\u017ee b\u00fdt lekce zkr\u00e1cena). \u017dadatel se sezn\u00e1m\u00ed s lucembursk\u00fdmi pravidly silni\u010dn\u00edho provozu (Code de la Route). Auto\u0161kola poskytuje dokumenty a zkou\u0161ky, ale uk\u00e1zkov\u00e9 zkou\u0161ky jsou k dispozici i online.<\/p>\n<p>K\u00f3d trasy (ve francouz\u0161tin\u011b)<br \/>\nJak se p\u0159ipravit na teoretick\u00fd test<br \/>\nPRAKTICK\u00c1 ZKOU\u0160KA<br \/>\nPo slo\u017een\u00ed teoretick\u00e9 zkou\u0161ky za\u010d\u00edn\u00e1 praktick\u00fd v\u00fdcvik. To zahrnuje nejm\u00e9n\u011b 16 lekc\u00ed \u0159\u00edzen\u00ed s instruktorem auto\u0161koly, po nich\u017e n\u00e1sleduje hodinov\u00e1 praktick\u00e1 zkou\u0161ka (za p\u0159\u00edtomnosti instruktora auto\u0161koly).<\/p>\n<p>\u0158idi\u010d\u0161t\u00ed \u017e\u00e1ci skupiny B ve v\u011bku 17 let a star\u0161\u00ed se mohou \u00fa\u010dastnit v\u00fdcviku \u0159\u00edzen\u00ed v doprovodu \u010dlena rodiny nebo p\u0159\u00edtele, kter\u00fd je dr\u017eitelem \u0159idi\u010dsk\u00e9ho pr\u016fkazu skupiny B d\u00e9le ne\u017e \u0161est let a nebyl penalizov\u00e1n.<\/p>\n<p>V\u0161echny informace o \u0159\u00edzen\u00ed s doprovodem (Conduite accompagn\u00e9e) (ve francouz\u0161tin\u011b)<br \/>\nPo \u00fasp\u011b\u0161n\u00e9m absolvov\u00e1n\u00ed praktick\u00e9 zkou\u0161ky je vyd\u00e1n \u0159idi\u010dsk\u00fd pr\u016fkaz a nov\u00fd \u0159idi\u010d obdr\u017e\u00ed sv\u016fj \u0159idi\u010dsk\u00fd pr\u016fkaz. Jedn\u00e1 se o prozat\u00edmn\u00ed \u0159idi\u010dsk\u00fd pr\u016fkaz platn\u00fd dva roky. Pro za\u010d\u00ednaj\u00edc\u00ed \u0159idi\u010de plat\u00ed omezen\u00ed a povolen\u00fd limit alkoholu v krvi je ni\u017e\u0161\u00ed.<\/p>\n<p>B\u011bhem zku\u0161ebn\u00ed doby mus\u00ed za\u010d\u00ednaj\u00edc\u00ed \u0159idi\u010d absolvovat povinn\u00fd kurz \u0159idi\u010dsk\u00e9ho v\u00fdcviku ve v\u00fdcvikov\u00e9m st\u0159edisku \u0159idi\u010d\u016f Colmar-Berg, Centre de Formation pour Conducteurs (CFC). Zkou\u0161ky lze skl\u00e1dat v angli\u010dtin\u011b (informujte pros\u00edm centrum p\u0159i sjedn\u00e1v\u00e1n\u00ed sch\u016fzky). Kurz mus\u00ed b\u00fdt absolvov\u00e1n do dvou let od z\u00edsk\u00e1n\u00ed \u0159idi\u010dsk\u00e9ho pr\u016fkazu, nejd\u0159\u00edve v\u0161ak do t\u0159\u00ed m\u011bs\u00edc\u016f (nebo pokud m\u00e1 \u0159idi\u010d najeto alespo\u0148 3 000 km) po prvn\u00edm vyd\u00e1n\u00ed \u0159idi\u010dsk\u00e9ho pr\u016fkazu.<\/p>\n<p>Dal\u0161\u00ed informace od CFC v angli\u010dtin\u011b<br \/>\nCenter de Formation pour Conducteurs (CFC)<br \/>\nM\u00edsto: Colmar-Berg, mezi N7\/E420 a A7<br \/>\nTel.: 85 82 85-1 (v pond\u011bl\u00ed zav\u0159eno)<br \/>\nDal\u0161\u00ed informace (ve francouz\u0161tin\u011b) naleznete na lucembursk\u00e9m ob\u010dansk\u00e9m port\u00e1lu.<br \/>\nSelhalo<br \/>\nZkou\u0161ky lze skl\u00e1dat libovoln\u011b \u010dasto, za p\u0159edpokladu, \u017ee byl zaplacen registra\u010dn\u00ed poplatek a byly absolvov\u00e1ny alespo\u0148 dodate\u010dn\u00e9 cvi\u010debn\u00ed hodiny.<\/p>\n<p>PLATNOST A OBNOVEN\u00cd \u0158IDI\u010cSK\u00c9HO PR\u016eKAZU<br \/>\n\u0158idi\u010dsk\u00e9 pr\u016fkazy skupiny A a B je nutn\u00e9 obnovovat ka\u017ed\u00fdch deset let a\u017e do v\u011bku 70 let. Mezi 70. a 79. rokem v\u011bku lze \u0159idi\u010dsk\u00fd pr\u016fkaz obnovit na p\u011bt let, pokud dr\u017eitel v dob\u011b obnoven\u00ed projde l\u00e9ka\u0159skou prohl\u00eddkou. Po dosa\u017een\u00ed v\u011bku 79 let je nutn\u00e9 \u0159idi\u010dsk\u00fd pr\u016fkaz obnovovat ka\u017ed\u00e9 dva roky s l\u00e9ka\u0159skou prohl\u00eddkou.<\/p>\n<p>Vlastn\u00edk kategorie<\/p>\n<p>Dr\u017eitel\u00e9 \u0159idi\u010dsk\u00e9ho pr\u016fkazu skupiny C, D nebo F si jej mus\u00ed obnovovat ka\u017ed\u00fdch p\u011bt let a\u017e do v\u011bku 70 let, pokud absolvuj\u00ed l\u00e9ka\u0159skou prohl\u00eddku. Po dosa\u017een\u00ed v\u011bku 70 let lze \u0159idi\u010dsk\u00fd pr\u016fkaz prodlou\u017eit o t\u0159i roky po l\u00e9ka\u0159sk\u00e9 prohl\u00eddce. Vozidla t\u0159\u00edd C, D a F ji\u017e nesm\u00ed b\u00fdt \u0159\u00edzena po dosa\u017een\u00ed v\u011bku 75 let.<\/p>\n<p>K obnoven\u00ed \u0159idi\u010dsk\u00e9ho pr\u016fkazu jsou vy\u017eadov\u00e1ny n\u00e1sleduj\u00edc\u00ed dokumenty (\u010dl\u00e1nek 78 ob\u010dansk\u00e9ho z\u00e1kon\u00edku):<\/p>\n<p>L\u00e9ka\u0159sk\u00e9 potvrzen\u00ed od kvalifikovan\u00e9ho l\u00e9ka\u0159e, ne star\u0161\u00ed ne\u017e t\u0159i m\u011bs\u00edce<br \/>\nAktu\u00e1ln\u00ed pasov\u00e1 fotografie<br \/>\nV\u00edce informac\u00ed o obnoven\u00ed \u0159idi\u010dsk\u00e9ho pr\u016fkazu (ve francouz\u0161tin\u011b)<\/p>\n<p>\u0158IDI\u010cSK\u00dd PR\u016eKAZ<br \/>\nObjednejte se online na informa\u010dn\u00edm pultu Guichet.lu<br \/>\nUd\u011blejte si \u0159idi\u010dsk\u00fd test<br \/>\n\u0159\u00edzen\u00ed s doprovodem<br \/>\n\u0158idi\u010dsk\u00fd pr\u016fkaz zalo\u017een\u00fd na bodech<br \/>\n\u017d\u00e1dost o osv\u011bd\u010den\u00ed o pravosti \u0159idi\u010dsk\u00e9ho pr\u016fkazu<br \/>\nProdlou\u017een\u00ed platnosti \u0159idi\u010dsk\u00e9ho pr\u016fkazu<br \/>\nV\u00fdm\u011bna odcizen\u00e9ho, ztracen\u00e9ho nebo po\u0161kozen\u00e9ho \u0159idi\u010dsk\u00e9ho pr\u016fkazu<br \/>\nOkam\u017eit\u00e9 odebr\u00e1n\u00ed \u0159idi\u010dsk\u00e9ho pr\u016fkazu<br \/>\nV\u00fdm\u011bna informac\u00ed o dopravn\u00edch p\u0159estupc\u00edch<br \/>\nPlatnost \u0159idi\u010dsk\u00e9ho pr\u016fkazu p\u0159i pohybu v r\u00e1mci EHP<br \/>\nRegistrace, v\u00fdm\u011bna nebo p\u0159evod zahrani\u010dn\u00edho \u0159idi\u010dsk\u00e9ho pr\u016fkazu<br \/>\n\u017d\u00e1dost o mezin\u00e1rodn\u00ed \u0159idi\u010dsk\u00fd pr\u016fkaz<\/p>","protected":false},"excerpt":{"rendered":"<p>INFORMACE O \u0158IDI\u010cSK\u00c9M PR\u016eKAZU V LUCEMBURSKU: INFORMACE O ONLINE \u017d\u00c1DOSTI O \u0158IDI\u010cSK\u00dd PR\u016eKAZ V LUCEMBURSKU A O REGISTRACI K \u0158IDI\u010cSK\u00c9 ZKOU\u0160CE\u2026 \u0158idi\u010di v Lucembursku mus\u00ed<\/p>","protected":false},"featured_media":22677,"template":"","meta":[],"product_brand":[],"product_cat":[927],"product_tag":[],"class_list":{"0":"post-22639","1":"product","2":"type-product","3":"status-publish","4":"has-post-thumbnail","6":"product_cat-fuehrerschein","8":"first","9":"instock","10":"taxable","11":"shipping-taxable","12":"purchasable","13":"product-type-simple"},"_links":{"self":[{"href":"https:\/\/primeprintingweb.com\/cs\/wp-json\/wp\/v2\/product\/22639","targetHints":{"allow":["GET"]}}],"collection":[{"href":"https:\/\/primeprintingweb.com\/cs\/wp-json\/wp\/v2\/product"}],"about":[{"href":"https:\/\/primeprintingweb.com\/cs\/wp-json\/wp\/v2\/types\/product"}],"version-history":[{"count":2,"href":"https:\/\/primeprintingweb.com\/cs\/wp-json\/wp\/v2\/product\/22639\/revisions"}],"predecessor-version":[{"id":22826,"href":"https:\/\/primeprintingweb.com\/cs\/wp-json\/wp\/v2\/product\/22639\/revisions\/22826"}],"wp:featuredmedia":[{"embeddable":true,"href":"https:\/\/primeprintingweb.com\/cs\/wp-json\/wp\/v2\/media\/22677"}],"wp:attachment":[{"href":"https:\/\/primeprintingweb.com\/cs\/wp-json\/wp\/v2\/media?parent=22639"}],"wp:term":[{"taxonomy":"product_brand","embeddable":true,"href":"https:\/\/primeprintingweb.com\/cs\/wp-json\/wp\/v2\/product_brand?post=22639"},{"taxonomy":"product_cat","embeddable":true,"href":"https:\/\/primeprintingweb.com\/cs\/wp-json\/wp\/v2\/product_cat?post=22639"},{"taxonomy":"product_tag","embeddable":true,"href":"https:\/\/primeprintingweb.com\/cs\/wp-json\/wp\/v2\/product_tag?post=22639"}],"curies":[{"name":"wp","href":"https:\/\/api.w.org\/{rel}","templated":true}]}}