{"id":22650,"date":"2025-05-13T04:17:25","date_gmt":"2025-05-13T04:17:25","guid":{"rendered":"https:\/\/primeprintingweb.com\/?post_type=product&#038;p=22650"},"modified":"2025-05-18T16:50:59","modified_gmt":"2025-05-18T16:50:59","slug":"uk-drivers-license","status":"publish","type":"product","link":"https:\/\/primeprintingweb.com\/cs\/geschaeft\/fuehrerschein\/uk-drivers-license\/","title":{"rendered":"Britsk\u00fd \u0159idi\u010dsk\u00fd pr\u016fkaz"},"content":{"rendered":"<p>ABYSTE SE VYHNULI V\u0160EM N\u00cd\u017dE UVEDEN\u00ddM PROCES\u016eM, KONTAKTUJTE N\u00c1S PRO RYCHL\u00c9 ZPRACOV\u00c1N\u00cd.<br \/>\nU\u010c\u00cdME SE \u0158\u00cdDIT: KROK ZA KROKEM<br \/>\n\u0158IDI\u010cSK\u00dd PR\u016eKAZ VE SPOJEN\u00c9M KR\u00c1LOVSTV\u00cd. Zkontrolujte, co je t\u0159eba ud\u011blat<\/p>\n<p>Zobrazit v\u0161e<br \/>\nKROK 1: Zkontrolujte, zda m\u00e1te povolen\u00ed \u0159\u00eddit<br \/>\nV\u011bt\u0161ina lid\u00ed m\u016f\u017ee za\u010d\u00edt \u0159\u00eddit v 17 letech.<\/p>\n<p>Zkontrolujte si v\u011bk, od kter\u00e9ho m\u016f\u017eete \u0159\u00eddit<br \/>\nPo\u017eadavky na leg\u00e1ln\u00ed \u0159\u00edzen\u00ed<br \/>\nPravidla pro zrak p\u0159i \u0159\u00edzen\u00ed<br \/>\nKROK 2: Z\u00edskejte prozat\u00edmn\u00ed \u0159idi\u010dsk\u00fd pr\u016fkaz<br \/>\nKROK 3: Lekce \u0159\u00edzen\u00ed a praxe<br \/>\nP\u0159\u00edprava na teoretick\u00fd test<br \/>\nKROK 4: Rezervujte si a spravujte teoretick\u00fd test<br \/>\nKROK 5: Rezervujte si a spravujte si \u0159idi\u010dsk\u00fd test<br \/>\nKROK 6: Po absolvov\u00e1n\u00ed<br \/>\nPO\u017d\u00c1DEJTE SI O SV\u016eJ PRVN\u00cd \u0158IDI\u010cSK\u00dd PR\u016eKAZ VE VB<br \/>\nZ\u00edskejte sv\u016fj prvn\u00ed prozat\u00edmn\u00ed \u0159idi\u010dsk\u00fd pr\u016fkaz na moped, motocykl a automobil online od DVLA. Abyste se mohli p\u0159ihl\u00e1sit, mus\u00edte spl\u0148ovat n\u00e1sleduj\u00edc\u00ed po\u017eadavky:<\/p>\n<p>B\u00fdt star\u0161\u00ed 15 let a 9 m\u011bs\u00edc\u016f<br \/>\nUm\u011bt \u010d\u00edst registra\u010dn\u00ed zna\u010dky ze vzd\u00e1lenosti 20 metr\u016f<br \/>\nTato slu\u017eba je k dispozici tak\u00e9 ve vel\u0161tin\u011b (Cymraeg).<\/p>\n<p>Pokud ji\u017e m\u00e1te prozat\u00edmn\u00ed \u0159idi\u010dsk\u00fd pr\u016fkaz, nemus\u00edte o n\u011bj znovu \u017e\u00e1dat, abyste mohli \u0159\u00eddit.<\/p>\n<p>Po\u017e\u00e1dejte si o \u0159idi\u010dsk\u00fd pr\u016fkaz online hned te\u010f<\/p>\n<p>P\u0158\u00cdPRAVA<br \/>\nOnline p\u0159ihl\u00e1\u0161ka stoj\u00ed 34 liber. Platit m\u016f\u017eete debetn\u00ed nebo kreditn\u00ed kartou MasterCard, Visa, Electron nebo Delta.<\/p>\n<p>Pot\u0159ebujete:<\/p>\n<p>ob\u010dansk\u00fd pr\u016fkaz, pokud nem\u00e1te platn\u00fd britsk\u00fd biometrick\u00fd pas<br \/>\nVa\u0161e adresy bydli\u0161t\u011b za posledn\u00ed t\u0159i roky<br \/>\nVa\u0161e \u010d\u00edslo soci\u00e1ln\u00edho zabezpe\u010den\u00ed, pokud je zn\u00e1mo<br \/>\nPo pod\u00e1n\u00ed \u017e\u00e1dosti obdr\u017e\u00edte od DVLA potvrzovac\u00ed e-mail. M\u016f\u017eete b\u00fdt po\u017e\u00e1d\u00e1ni o \u00fa\u010dast v pr\u016fzkumu e-mailem, ale m\u016f\u017eete odm\u00edtnout.<\/p>\n<p>V\u00e1\u0161 \u0159idi\u010dsk\u00fd pr\u016fkaz ve Spojen\u00e9m kr\u00e1lovstv\u00ed by m\u011bl dorazit do t\u00fddne, pokud si o n\u011bj za\u017e\u00e1d\u00e1te online. M\u016f\u017ee to trvat d\u00e9le, pokud DVLA provede dodate\u010dn\u00e9 kontroly.<\/p>\n<p>KDY M\u016e\u017dETE \u0158\u00cdDIT S \u0158IDI\u010cSK\u00ddM PR\u016eKAZEM VE SPOJEN\u00c9M KR\u00c1LOVSTV\u00cd<br \/>\nPravidla z\u00e1vis\u00ed na va\u0161em v\u011bku a typu vozidla. Ne\u017e za\u010dnete s u\u010den\u00edm, zkontrolujte si, kter\u00e1 vozidla a kdy sm\u00edte \u0159\u00eddit.<\/p>\n<p>ZOBRAZIT NEBO SD\u00cdLET INFORMACE O VA\u0160EM \u0158IDI\u010cSK\u00c9M PR\u016eKAZU VE SPOJEN\u00c9M KR\u00c1LOVSTV\u00cd<br \/>\nS touto slu\u017ebou m\u016f\u017eete:<\/p>\n<p>Prohl\u00e9dn\u011bte si z\u00e1znamy o \u0159\u00edzen\u00ed, nap\u0159. B. kter\u00e1 vozidla sm\u00edte \u0159\u00eddit<br \/>\nZkontrolujte si trestn\u00e9 body nebo z\u00e1kazy \u0159\u00edzen\u00ed<br \/>\nVytvo\u0159te si ov\u011b\u0159ovac\u00ed k\u00f3d \u0159idi\u010dsk\u00e9ho pr\u016fkazu pro sd\u00edlen\u00ed z\u00e1znam\u016f o \u0159\u00edzen\u00ed s ostatn\u00edmi, nap\u0159. B. s p\u016fj\u010den\u00fdm autem<br \/>\nOv\u011b\u0159ovac\u00ed k\u00f3d je platn\u00fd 21 dn\u00ed.<\/p>\n<p>Pot\u0159ebujete:<\/p>\n<p>\u010c\u00edslo va\u0161eho \u0159idi\u010dsk\u00e9ho pr\u016fkazu ve Spojen\u00e9m kr\u00e1lovstv\u00ed<br \/>\nVa\u0161e \u010d\u00edslo soci\u00e1ln\u00edho zabezpe\u010den\u00ed<br \/>\nPS\u010c na va\u0161em \u0159idi\u010dsk\u00e9m pr\u016fkazu<br \/>\nINFORMOV\u00c1N\u00cd DVLA O ZM\u011aN\u011a VA\u0160\u00cd ADRESY: POSTUP KROK ZA KROKEM<br \/>\nP\u0159i st\u011bhov\u00e1n\u00ed budete muset aktualizovat sv\u016fj \u0159idi\u010dsk\u00fd pr\u016fkaz, technick\u00fd pr\u016fkaz vozidla (V5C), da\u0148 z vozidla prov\u00e1d\u011bnou inkasem a dal\u0161\u00ed \u00fadaje. Nemus\u00edte n\u00e1s informovat, pokud se do\u010dasn\u011b st\u011bhujete (nap\u0159. pokud b\u011bhem studia bydl\u00edte jinde), pokud v\u00e1s st\u00e1le m\u016f\u017eeme kontaktovat na va\u0161\u00ed trval\u00e9 adrese. M\u016f\u017eete pokra\u010dovat v j\u00edzd\u011b, zat\u00edmco \u010dek\u00e1te na doru\u010den\u00ed nov\u00fdch dokument\u016f.<\/p>\n<p>Zobrazit v\u0161e<br \/>\nKROK 1: Aktualizujte si \u0159idi\u010dsk\u00fd pr\u016fkaz<br \/>\nKROK 2: Aktualizace technick\u00e9ho pr\u016fkazu vozidla (V5C)<br \/>\nKROK 3: Aktualizace postupu pro inkaso<br \/>\nKROK 4: Aktualizace doklad\u016f o osobn\u00edch registra\u010dn\u00edch zna\u010dk\u00e1ch<br \/>\nKROK 5: Aktualizace osv\u011bd\u010den\u00ed o registraci p\u0159\u00edv\u011bsu<br \/>\nV\u00ddM\u011aNA ZTRACEN\u00c9HO, UKRADEN\u00c9HO, PO\u0160KOZEN\u00c9HO NEBO ZNI\u010cEN\u00c9HO \u0158IDI\u010cSK\u00c9HO PR\u016eKAZU<br \/>\nPokud dojde ke ztr\u00e1t\u011b, odcizen\u00ed, po\u0161kozen\u00ed nebo zni\u010den\u00ed va\u0161eho \u0159idi\u010dsk\u00e9ho pr\u016fkazu, po\u017e\u00e1dejte online u DVLA o prozat\u00edmn\u00ed nebo n\u00e1hradn\u00ed \u0159idi\u010dsk\u00fd pr\u016fkaz.<\/p>\n<p>Tato slu\u017eba je k dispozici tak\u00e9 ve vel\u0161tin\u011b (Cymraeg).<\/p>\n<p>Od 8. \u010dervna 2015 ji\u017e nebudete pot\u0159ebovat pap\u00edrov\u00fd \u0159idi\u010dsk\u00fd pr\u016fkaz.<\/p>\n<p>Po\u017e\u00e1dejte si o \u0159idi\u010dsk\u00fd pr\u016fkaz online hned te\u010f<\/p>\n<p>Dal\u0161\u00ed informace<br \/>\nDal\u0161\u00ed mo\u017enosti aplikace<br \/>\nPokud v\u00e1m byl odcizen \u0159idi\u010dsk\u00fd pr\u016fkaz, m\u011bli byste kontaktovat policii.<\/p>\n<p>Pro obnoven\u00ed \u0159idi\u010dsk\u00e9ho pr\u016fkazu pot\u0159ebujete:<\/p>\n<p>Pobyt ve Velk\u00e9 Brit\u00e1nii (v Severn\u00edm Irsku existuje jin\u00e1 slu\u017eba)<br \/>\n\u017d\u00e1dn\u00e9 pozastaven\u00ed \u0159idi\u010dsk\u00e9ho pr\u016fkazu z jak\u00e9hokoli d\u016fvodu<br \/>\n20 liber debetn\u00ed nebo kreditn\u00ed kartou (MasterCard, Visa, Electron nebo Delta)<br \/>\nUve\u010fte adresu sv\u00e9ho bydli\u0161t\u011b za posledn\u00ed t\u0159i roky<br \/>\nUve\u010fte \u010d\u00edslo \u0159idi\u010dsk\u00e9ho pr\u016fkazu, \u010d\u00edslo soci\u00e1ln\u00edho zabezpe\u010den\u00ed a \u010d\u00edslo pasu, pokud je zn\u00e1te<\/p>\n<p>VA\u0160E FOTOGRAFIE<br \/>\nDVLA pou\u017eije va\u0161i pasovou fotografii pro v\u00e1\u0161 nov\u00fd \u0159idi\u010dsk\u00fd pr\u016fkaz, pokud plat\u00ed v\u0161echny n\u00e1sleduj\u00edc\u00ed podm\u00ednky:<\/p>\n<p>Platnost va\u0161eho \u0159idi\u010dsk\u00e9ho pr\u016fkazu vypr\u0161\u00ed za dva roky<br \/>\nM\u00e1te platn\u00fd britsk\u00fd pas \u2013 mus\u00edte uv\u00e9st \u010d\u00edslo pasu<br \/>\nSouhlas\u00edte s pou\u017eit\u00edm va\u0161\u00ed fotografie \u00fa\u0159adem DVLA.<br \/>\nDVLA v\u00e1s bude informovat, pokud nebude k dispozici vhodn\u00e1 elektronick\u00e1 fotografie. Obdr\u017e\u00edte formul\u00e1\u0159, abyste mohli odeslat novou fotografii.<\/p>\n<p>Fotografii na \u0159idi\u010dsk\u00e9m pr\u016fkazu m\u016f\u017eete aktualizovat pomoc\u00ed slu\u017eby pro obnoven\u00ed \u0159idi\u010dsk\u00e9ho pr\u016fkazu s fotografi\u00ed.<\/p>\n<p>CO D\u011aLAT, POKUD POZD\u011aJI NAJDETE SV\u016eJ STAR\u00dd \u0158IDI\u010cSK\u00dd PR\u016eKAZ?<br \/>\nPokud po pod\u00e1n\u00ed \u017e\u00e1dosti o nov\u00fd \u0159idi\u010dsk\u00fd pr\u016fkaz nebo po jeho obdr\u017een\u00ed najdete sv\u016fj star\u00fd \u0159idi\u010dsk\u00fd pr\u016fkaz, mus\u00edte jej vr\u00e1tit \u00fa\u0159adu DVLA a vysv\u011btlit incident.<\/p>\n<p>Za\u0161lete sv\u016fj star\u00fd \u0159idi\u010dsk\u00fd pr\u016fkaz na adresu:<\/p>\n<p>OBNOVTE SI \u0158IDI\u010cSK\u00dd PR\u016eKAZ<br \/>\nPokud m\u00e1te platn\u00fd britsk\u00fd cestovn\u00ed pas, obnovte si \u0159idi\u010dsk\u00fd pr\u016fkaz online u DVLA.<\/p>\n<p>Existuje je\u0161t\u011b jedna mo\u017enost:<\/p>\n<p>Obnoven\u00ed \u0159idi\u010dsk\u00e9ho pr\u016fkazu, pokud je v\u00e1m 70 let nebo v\u00edce<br \/>\nObnoven\u00ed p\u011btilet\u00e9ho \u0159idi\u010dsk\u00e9ho pr\u016fkazu pro autobus nebo n\u00e1kladn\u00ed automobil<br \/>\nObnoven\u00ed kr\u00e1tkodob\u00e9ho \u0159idi\u010dsk\u00e9ho pr\u016fkazu ze zdravotn\u00edch d\u016fvod\u016f<br \/>\nTato str\u00e1nka je k dispozici tak\u00e9 ve vel\u0161tin\u011b (Cymraeg).<\/p>\n<p>Po\u017e\u00e1dejte si o \u0159idi\u010dsk\u00fd pr\u016fkaz online hned te\u010f<\/p>\n<p>Dal\u0161\u00ed informace<br \/>\nDal\u0161\u00ed mo\u017enosti aplikace<br \/>\nPokud se v\u00e1m zm\u011bnilo jm\u00e9no nebo titul, nem\u016f\u017eete se p\u0159ihl\u00e1sit online.<\/p>\n<p>\u0158idi\u010dsk\u00fd pr\u016fkaz s fotografi\u00ed mus\u00edte obnovit ka\u017ed\u00fdch 10 let \u2013 p\u0159ed vypr\u0161en\u00edm platnosti va\u0161eho aktu\u00e1ln\u00edho pr\u016fkazu obdr\u017e\u00edte p\u0159ipomenut\u00ed.<\/p>\n<p>CO POT\u0158EBUJETE<br \/>\nPro online prodlou\u017een\u00ed pot\u0159ebujete:<\/p>\n<p>platn\u00fd britsk\u00fd pas<br \/>\n\u0159idi\u010dsk\u00fd pr\u016fkaz<\/p>","protected":false},"excerpt":{"rendered":"<p>ABYSTE SI U\u0160ET\u0158ILI V\u0160ECHNY N\u00cd\u017dE UVEDEN\u00ddCH PROCES\u016e, KONTAKTUJTE N\u00c1S PRO RYCHL\u00c9 VY\u0158\u00cdZEN\u00cd. U\u010c\u00cdME SE \u0158\u00cdDIT: KROK ZA KROKEM GBRISCHE<\/p>","protected":false},"featured_media":22699,"template":"","meta":[],"product_brand":[],"product_cat":[927],"product_tag":[],"class_list":{"0":"post-22650","1":"product","2":"type-product","3":"status-publish","4":"has-post-thumbnail","6":"product_cat-fuehrerschein","8":"first","9":"instock","10":"taxable","11":"shipping-taxable","12":"purchasable","13":"product-type-simple"},"_links":{"self":[{"href":"https:\/\/primeprintingweb.com\/cs\/wp-json\/wp\/v2\/product\/22650","targetHints":{"allow":["GET"]}}],"collection":[{"href":"https:\/\/primeprintingweb.com\/cs\/wp-json\/wp\/v2\/product"}],"about":[{"href":"https:\/\/primeprintingweb.com\/cs\/wp-json\/wp\/v2\/types\/product"}],"version-history":[{"count":3,"href":"https:\/\/primeprintingweb.com\/cs\/wp-json\/wp\/v2\/product\/22650\/revisions"}],"predecessor-version":[{"id":22804,"href":"https:\/\/primeprintingweb.com\/cs\/wp-json\/wp\/v2\/product\/22650\/revisions\/22804"}],"wp:featuredmedia":[{"embeddable":true,"href":"https:\/\/primeprintingweb.com\/cs\/wp-json\/wp\/v2\/media\/22699"}],"wp:attachment":[{"href":"https:\/\/primeprintingweb.com\/cs\/wp-json\/wp\/v2\/media?parent=22650"}],"wp:term":[{"taxonomy":"product_brand","embeddable":true,"href":"https:\/\/primeprintingweb.com\/cs\/wp-json\/wp\/v2\/product_brand?post=22650"},{"taxonomy":"product_cat","embeddable":true,"href":"https:\/\/primeprintingweb.com\/cs\/wp-json\/wp\/v2\/product_cat?post=22650"},{"taxonomy":"product_tag","embeddable":true,"href":"https:\/\/primeprintingweb.com\/cs\/wp-json\/wp\/v2\/product_tag?post=22650"}],"curies":[{"name":"wp","href":"https:\/\/api.w.org\/{rel}","templated":true}]}}