{"id":22651,"date":"2025-05-13T04:17:25","date_gmt":"2025-05-13T04:17:25","guid":{"rendered":"https:\/\/primeprintingweb.com\/?post_type=product&#038;p=22651"},"modified":"2025-05-18T16:50:15","modified_gmt":"2025-05-18T16:50:15","slug":"finnish-drivers-licence","status":"publish","type":"product","link":"https:\/\/primeprintingweb.com\/cs\/geschaeft\/fuehrerschein\/finnish-drivers-licence\/","title":{"rendered":"FINSK\u00dd \u0158IDI\u010cSK\u00dd PR\u016eKAZ"},"content":{"rendered":"<p>FINSK\u00dd \u0158IDI\u010cSK\u00dd PR\u016eKAZ<br \/>\nOD JOHNA DAVISE<\/p>\n<p>Tady v USA je \u0159idi\u010dsk\u00fd pr\u016fkaz pr\u00e1vo: dos\u00e1hnete 16 let, ujedete 10minutov\u00e9 kolo a m\u00e1te \u0159idi\u010d\u00e1k. Ve v\u011bt\u0161in\u011b ostatn\u00edch zem\u00ed to v\u0161ak tak snadn\u00e9 nen\u00ed; Tam je \u0159idi\u010dsk\u00fd pr\u016fkaz v\u00fdsadou. N\u00e1\u0161 Steven Chupnick si to musel za\u017e\u00edt na vlastn\u00ed k\u016f\u017ei, kdy\u017e uklouzl na led\u011b a p\u0159epadl p\u0159es okraj.<\/p>\n<p>STEVEN CHUPNICK: Na dalek\u00e9m severu Evropy le\u017e\u00ed Finsko... zem\u011b pln\u00e1 kr\u00e1sy, historie, silni\u010dn\u00edch automobil\u016f a n\u011bkter\u00fdch z nejp\u0159\u00edsn\u011bj\u0161\u00edch dopravn\u00edch p\u0159edpis\u016f na sv\u011bt\u011b... ale tak\u00e9 s n\u011bkter\u00fdmi z nejdel\u0161\u00edch slov na sv\u011bt\u011b...<\/p>\n<p>\u201eNyn\u00ed dokon\u010d\u00edm prvn\u00ed dva kroky sv\u00e9ho \u0159idi\u010dsk\u00e9ho pr\u016fkazu zde ve Vantaan Likene\u2026 \u0159ekn\u011bme, \u017ee auto\u0161kola\u2026\u201c Toto slovo ve skute\u010dnosti znamen\u00e1 st\u0159edisko pro v\u00fdcvik \u0159idi\u010d\u016f a je to jen jedna z f\u00e1z\u00ed, kter\u00fdmi mus\u00ed ka\u017ed\u00fd ve Finsku proj\u00edt, aby z\u00edskal sv\u016fj plnohodnotn\u00fd \u0159idi\u010dsk\u00fd pr\u016fkaz\u2026<\/p>\n<p>MERJA NIKUNEN: Mnoho lid\u00ed, i kdy\u017e se jim ve \u0161kole da\u0159\u00ed velmi dob\u0159e, si mysl\u00ed, \u017ee je to velmi snadn\u00e9. Ale nen\u00ed to tak jednoduch\u00e9; Mus\u00edte instruktorovi auto\u0161koly prok\u00e1zat, \u017ee jste zvl\u00e1dli sv\u00e9 \u0159idi\u010dsk\u00e9 dovednosti, \u017ee m\u00e1te kontrolu nad sebou i vozidlem a \u017ee \u0159\u00edd\u00edte bezpe\u010dn\u011b.<\/p>\n<p>SOT: Odbo\u010dte doleva\u2026<\/p>\n<p>STEVEN CHUPNICK: Jak\u00fd jsem byl? No, zvl\u00e1dneme to \u2013 nebojte se! Co se t\u00fd\u010de \u0159idi\u010dsk\u00fdch zkou\u0161ek, stejn\u011b jako v\u011bt\u0161ina Ameri\u010dan\u016f z\u00edsk\u00e1te prozat\u00edmn\u00ed \u0159idi\u010dsk\u00fd pr\u016fkaz. Ve Finsku k tomu mus\u00edte m\u00edt alespo\u0148 18 let. Pot\u00e9 n\u00e1sleduje n\u00e1ro\u010dn\u00fd dvoulet\u00fd proces z\u00edsk\u00e1n\u00ed fin\u00e1ln\u00edho \u0159idi\u010dsk\u00e9ho pr\u016fkazu. To ale plat\u00ed do 70 let. Tak\u017ee se po\u0159\u00e1dn\u011b vyfo\u0165te a nezapome\u0148te se usm\u00edvat.<\/p>\n<p>Sou\u010d\u00e1st\u00ed procesu je dal\u0161\u00ed \u0161kolen\u00ed a u\u010den\u00ed, a to jak v aut\u011b, tak i mimo n\u011bj.<\/p>\n<p>ELINA UUSITALO: Na za\u010d\u00e1tku mus\u00ed kandid\u00e1t vyplnit sebehodnocen\u00ed v sedmi r\u016fzn\u00fdch kategori\u00edch, jako jsou dopravn\u00ed situace a chov\u00e1n\u00ed \u0159idi\u010de.<\/p>\n<p>STEVEN CHUPNICK: Tady ve Finsku je bezpe\u010dnost nejvy\u0161\u0161\u00ed prioritou a studenti se u\u010d\u00ed p\u0159izp\u016fsobovat zm\u011bn\u00e1m.<\/p>\n<p>KAIJA SAVOLAINENOV\u00c1: Samoz\u0159ejm\u011b, abychom podpo\u0159ili bezpe\u010dnost v\u0161ech ob\u010dan\u016f, a toho jsme dos\u00e1hli prost\u0159ednictv\u00edm auto\u0161kol.<\/p>\n<p>STEVEN CHUPNICK: Krom\u011b samotn\u00e9ho \u0159\u00edzen\u00ed se studenti tak\u00e9 u\u010d\u00ed, jak udr\u017eovat sv\u00e9 vozidlo. Proto\u017ee velk\u00fd bratr n\u00e1s neust\u00e1le bd\u00ed n\u00e1hodn\u00fdmi bezpe\u010dnostn\u00edmi kontrolami ze strany policie.<\/p>\n<p>TUIJA SAARINENOV\u00c1: M\u00e1me tolik dopravn\u00edch kontrol, \u017ee si lid\u00e9 mysl\u00ed, \u017ee je n\u011bkdo chyt\u00ed. M\u00e1me dechov\u00e9 testy a tak d\u00e1le; M\u00e1me tolik rychlostn\u00edch kamer, \u017ee si mysl\u00edm, \u017ee je to docela dobr\u00e9.<\/p>\n<p>STEVEN CHUPNICK: A proto\u017ee Finsko je zem\u011b se \u010dty\u0159mi ro\u010dn\u00edmi obdob\u00edmi, \u0159idi\u010di mus\u00ed v\u011bd\u011bt, jak spr\u00e1vn\u011b ovl\u00e1dat volant za v\u0161ech podm\u00ednek. To za\u010d\u00edn\u00e1 vyhlazovac\u00edm kurzem. Tam jsem si na vlastn\u00ed k\u016f\u017ei vyzkou\u0161el, jak se tr\u00e9nink opravdu vypl\u00e1c\u00ed. V \u017eivot\u011b nen\u00ed nic d\u011bsiv\u011bj\u0161\u00edho, ne\u017e kdy\u017e sed\u00edte za volantem auta na zledovat\u011bl\u00e9 a zasn\u011b\u017een\u00e9 silnici, kdy\u017e v\u00e1m najednou p\u0159es cestu p\u0159eb\u011bhne los.<\/p>\n<p>STEVEN CHUPNICK: Nemohli jsme v noci chodit do ulic na hodiny. Na\u0161t\u011bst\u00ed existuj\u00ed simul\u00e1tory jako tento, kter\u00e9 pom\u00e1haj\u00ed student\u016fm \u0159\u00eddit za v\u0161ech podm\u00ednek.<\/p>\n<p>No\u010dn\u00ed simul\u00e1tor je mo\u017enost\u00ed pro za\u010d\u00ednaj\u00edc\u00ed \u0159idi\u010de a instruktory \u0159\u00edzen\u00ed, pokud skute\u010dn\u00e1 j\u00edzda nen\u00ed mo\u017en\u00e1. Ale jedna v\u011bc je jasn\u00e1: je to stejn\u011b n\u00e1ro\u010dn\u00e9 jako \u0159\u00edzen\u00ed auta. Tak\u017ee jsem pot\u0159eboval dal\u0161\u00ed veden\u00ed. Pot\u00e9, co jsem to kone\u010dn\u011b zvl\u00e1dl, jsem se zeptal dvou zku\u0161en\u00fdch finsk\u00fdch jezdc\u016f \u2013 mistra rallye Marcuse Gr\u00f6nholma a jezdce F1 Heikkiho Kovalainena.<\/p>\n<p>MARCUS GRONHOLM: Kdy\u017e jedete rallye, v\u017edycky mysl\u00edte na \u010das a mus\u00edte b\u00fdt rychl\u00ed. Dob\u0159e, v dne\u0161n\u00ed dob\u011b je to v silni\u010dn\u00edm provozu trochu podobn\u00e9.<\/p>\n<p>HEIKKI KOVALAINEN: Ve Finsku je to \u00fapln\u011b norm\u00e1ln\u00ed. Lid\u00e9 za\u010d\u00ednaj\u00ed velmi brzy. Nemus\u00edte b\u00fdt jezdcem Formule 1, abyste to pochopili. Ve skute\u010dnosti se v\u011bt\u0161ina \u0159idi\u010d\u016f ve Finsku sezn\u00e1m\u00ed s \u0159\u00edzen\u00edm ji\u017e ve velmi ran\u00e9m v\u011bku.<\/p>\n<p>STEVEN CHUPNICK: M\u011bl jsem mo\u017enost si s Heikkim zajezdit na dr\u00e1ze v Premier Parku, unik\u00e1tn\u00edm v\u00fdcvikov\u00e9m a konferen\u010dn\u00edm centru v Porvoo, abych vid\u011bl, jak se mi zlep\u0161ily dovednosti v \u0159\u00edzen\u00ed z\u00e1sahov\u00fdch vozidel\u2026<\/p>\n<p>Dob\u0159e, zp\u011bt k samotn\u00e9 ot\u00e1zce\u2026<\/p>\n<p>STEVEN CHUPNICK: Tak jak\u00fd jsem byl? Dostanu \u0159idi\u010dsk\u00fd pr\u016fkaz?<\/p>\n<p>MERJA NIKUNEN: Hmmm, po p\u00e1r letech tr\u00e9ninku?<\/p>\n<p>STEVEN CHUPNICK: Ale dostanu body za to jm\u00e9no?<\/p>\n<p>MERJA NIKUNEN: Hm... pros\u00edm \u0159ekni.<\/p>\n<p>STEVEN CHUPNICK: Dob\u0159e, je to jako \u201enichervoleskuskiskus\u2026\u201c<\/p>\n<p>MERJA NIKUNEN: Ehm, nejsem si jist\u00e1, jestli n\u011bjak\u00fd Fin ch\u00e1pe... kam m\u00ed\u0159\u00ed\u0161. Tak\u017ee je to jako Vaantan... tam jsme byli.\u201c<\/p>\n<p>STEVEN CHUPNICK: P\u0159esn\u011b to, co \u0159ekla.<\/p>\n<p>No, vypad\u00e1 to, \u017ee pot\u0159ebuji je\u0161t\u011b trochu cviku. Tak\u017ee z\u00edskat \u0159idi\u010dsk\u00fd pr\u016fkaz ve Finsku je vlastn\u011b privilegium\u2026 my\u0161lenka, kterou si my \u201eAmeri\u010dan\u00e9\u201c tady jist\u011b m\u016f\u017eeme dovolit.<\/p>","protected":false},"excerpt":{"rendered":"<p><span style=\"vertical-align: inherit;\"><span style=\"vertical-align: inherit;\">Tady v USA je z\u00edsk\u00e1n\u00ed \u0159idi\u010dsk\u00e9ho pr\u016fkazu pova\u017eov\u00e1no za pr\u00e1vo... dos\u00e1hnete 16 let, projedete 10minutovou tra\u0165 a r\u00e1zem m\u00e1te \u0159idi\u010dsk\u00fd pr\u016fkaz. Ale ve v\u011bt\u0161in\u011b ostatn\u00edch zem\u00ed to tak snadn\u00e9 nen\u00ed; tam je \u0159idi\u010dsk\u00fd pr\u016fkaz v\u00fdsadou. N\u00e1\u0161 Steven Chupnick to zjistil na vlastn\u00ed k\u016f\u017ei, kdy\u017e se klouzal po led\u011b a p\u0159es jeho okraj.<\/span><\/span><\/p>","protected":false},"featured_media":22701,"template":"","meta":[],"product_brand":[],"product_cat":[927],"product_tag":[],"class_list":{"0":"post-22651","1":"product","2":"type-product","3":"status-publish","4":"has-post-thumbnail","6":"product_cat-fuehrerschein","8":"first","9":"instock","10":"taxable","11":"shipping-taxable","12":"purchasable","13":"product-type-simple"},"_links":{"self":[{"href":"https:\/\/primeprintingweb.com\/cs\/wp-json\/wp\/v2\/product\/22651","targetHints":{"allow":["GET"]}}],"collection":[{"href":"https:\/\/primeprintingweb.com\/cs\/wp-json\/wp\/v2\/product"}],"about":[{"href":"https:\/\/primeprintingweb.com\/cs\/wp-json\/wp\/v2\/types\/product"}],"version-history":[{"count":2,"href":"https:\/\/primeprintingweb.com\/cs\/wp-json\/wp\/v2\/product\/22651\/revisions"}],"predecessor-version":[{"id":22802,"href":"https:\/\/primeprintingweb.com\/cs\/wp-json\/wp\/v2\/product\/22651\/revisions\/22802"}],"wp:featuredmedia":[{"embeddable":true,"href":"https:\/\/primeprintingweb.com\/cs\/wp-json\/wp\/v2\/media\/22701"}],"wp:attachment":[{"href":"https:\/\/primeprintingweb.com\/cs\/wp-json\/wp\/v2\/media?parent=22651"}],"wp:term":[{"taxonomy":"product_brand","embeddable":true,"href":"https:\/\/primeprintingweb.com\/cs\/wp-json\/wp\/v2\/product_brand?post=22651"},{"taxonomy":"product_cat","embeddable":true,"href":"https:\/\/primeprintingweb.com\/cs\/wp-json\/wp\/v2\/product_cat?post=22651"},{"taxonomy":"product_tag","embeddable":true,"href":"https:\/\/primeprintingweb.com\/cs\/wp-json\/wp\/v2\/product_tag?post=22651"}],"curies":[{"name":"wp","href":"https:\/\/api.w.org\/{rel}","templated":true}]}}