{"id":22658,"date":"2025-05-13T04:17:26","date_gmt":"2025-05-13T04:17:26","guid":{"rendered":"https:\/\/primeprintingweb.com\/?post_type=product&#038;p=22658"},"modified":"2025-05-18T17:10:11","modified_gmt":"2025-05-18T17:10:11","slug":"australian-drivers-license","status":"publish","type":"product","link":"https:\/\/primeprintingweb.com\/cs\/geschaeft\/fuehrerschein\/australian-drivers-license\/","title":{"rendered":"AUSTRALSK\u00dd \u0158IDI\u010cSK\u00dd PR\u016eKAZ"},"content":{"rendered":"<p>AUSTRALSK\u00dd \u0158IDI\u010cSK\u00dd PR\u016eKAZ<\/p>\n<p>\u017d\u00c1DOST O \u0158IDI\u010cSK\u00dd PR\u016eKAZ NA NOV\u00c9M Z\u00c9LANDU<br \/>\nNov\u00fd Z\u00e9land uzn\u00e1v\u00e1 \u0159idi\u010dsk\u00e9 pr\u016fkazy z n\u011bkter\u00fdch ciz\u00edch zem\u00ed. Informace o tom, kter\u00e9 zem\u011b jsou uzn\u00e1v\u00e1ny a jak se st\u00e1t uznanou zem\u00ed pro Nov\u00fd Z\u00e9land, naleznete na www.nzta.govt.nz (otev\u0159e se v nov\u00e9m okn\u011b).<\/p>\n<p>\u017d\u00c1DOST O AUSTRALSK\u00dd \u0158IDI\u010cSK\u00dd PR\u016eKAZ<br \/>\nPokud platnost va\u0161eho zahrani\u010dn\u00edho \u0159idi\u010dsk\u00e9ho pr\u016fkazu vypr\u0161\u00ed, m\u016f\u017eete si po\u017e\u00e1dat o australsk\u00fd \u0159idi\u010dsk\u00fd pr\u016fkaz.<\/p>\n<p>Osoby vstupuj\u00edc\u00ed do Austr\u00e1lie na trval\u00e9 v\u00edzum nebo povolen\u00ed k trval\u00e9mu pobytu mohou \u0159\u00eddit se sv\u00fdm aktu\u00e1ln\u00edm zahrani\u010dn\u00edm \u0159idi\u010dsk\u00fdm pr\u016fkazem maxim\u00e1ln\u011b t\u0159i m\u011bs\u00edce po p\u0159\u00edjezdu do Austr\u00e1lie. Aby bylo mo\u017en\u00e9 pokra\u010dovat v \u0159\u00edzen\u00ed i po t\u0159ech m\u011bs\u00edc\u00edch, mus\u00ed b\u00fdt v\u00a0st\u00e1t\u011b nebo na\u00a0teritoriu, kde m\u00e1 dan\u00e1 osoba bydli\u0161t\u011b, z\u00edsk\u00e1n australsk\u00fd \u0159idi\u010dsk\u00fd pr\u016fkaz.<\/p>\n<p>Uznan\u00e9 zem\u011b a jurisdikce<\/p>\n<p>Australsk\u00e9 \u00fa\u0159ady vyd\u00e1vaj\u00edc\u00ed \u0159idi\u010dsk\u00e9 pr\u016fkazy uzn\u00e1vaj\u00ed ur\u010dit\u00e9 ciz\u00ed zem\u011b a jurisdikce se standardy \u0159idi\u010dsk\u00fdch pr\u016fkaz\u016f srovnateln\u00fdmi s australsk\u00fdmi.<\/p>\n<p>\u017dadatel\u00e9 z n\u00ed\u017ee uveden\u00fdch zem\u00ed jsou p\u0159i \u017e\u00e1dosti o australsk\u00fd \u0159idi\u010dsk\u00fd pr\u016fkaz na auto nebo motocykl osvobozeni od slo\u017een\u00ed znalostn\u00ed a \u0159idi\u010dsk\u00e9 zkou\u0161ky.<\/p>\n<p>To zjednodu\u0161uje v\u00fdm\u011bnu \u0159idi\u010dsk\u00e9ho pr\u016fkazu.<\/p>\n<p>Uznan\u00e9 zem\u011b a jurisdikce jsou:<\/p>\n<p>Rakousko<br \/>\nBelgie<br \/>\nBosna a Hercegovina<br \/>\nKanada<br \/>\nChorvatsko<br \/>\nD\u00e1nsko<br \/>\nFinsko<br \/>\nFrancie<br \/>\nN\u011bmecko<br \/>\n\u0158ecko<br \/>\nGuernsey<br \/>\nIrsko<br \/>\nOstrov Man (pro \u0159idi\u010dsk\u00e9 pr\u016fkazy poprv\u00e9 vydan\u00e9 1. dubna 1991 nebo pozd\u011bji)<br \/>\nIt\u00e1lie<br \/>\nJaponsko<br \/>\ntrikot<br \/>\nLucembursko<br \/>\nMalta (pro \u0159idi\u010dsk\u00e9 pr\u016fkazy poprv\u00e9 vydan\u00e9 2. ledna 2004 nebo pozd\u011bji)<br \/>\nNizozem\u00ed<br \/>\nNov\u00fd Z\u00e9land<br \/>\nNorsko<br \/>\nPortugalsko<br \/>\nSingapur<br \/>\n\u0160pan\u011blsko<br \/>\n\u0160v\u00e9dsko<br \/>\n\u0160v\u00fdcarsko<br \/>\nVelk\u00e1 Brit\u00e1nie<br \/>\nUSA<br \/>\nUzn\u00e1n\u00ed jako zku\u0161en\u00fd \u0159idi\u010d<\/p>\n<p>Zem\u011b a jurisdikce, jejich\u017e standardy pro \u0159idi\u010dsk\u00e9 zkou\u0161ky spl\u0148uj\u00ed p\u0159\u00edsn\u00e1 krit\u00e9ria hodnocen\u00ed t\u00fdkaj\u00edc\u00ed se prokazov\u00e1n\u00ed toto\u017enosti, bezpe\u010dnostn\u00edch prvk\u016f karty a standard\u016f pro \u0161kolen\u00ed a hodnocen\u00ed zku\u0161ebn\u00edch komisa\u0159\u016f, ale nespl\u0148uj\u00ed v\u0161echny po\u017eadavky pro \u0159idi\u010dsk\u00e9 zkou\u0161ky, budou zva\u017eov\u00e1ny pro uzn\u00e1n\u00ed za zku\u0161en\u00e9 \u0159idi\u010de. Kategorie Zku\u0161en\u00fd \u0159idi\u010d si klade za c\u00edl zohlednit \u0159idi\u010dsk\u00e9 zku\u0161enosti a v\u011bk osoby jako n\u00e1hradu za opat\u0159en\u00ed v r\u00e1mci \u0159idi\u010dsk\u00fdch zkou\u0161ek pro za\u010d\u00ednaj\u00edc\u00ed \u0159idi\u010de.<\/p>\n<p>N\u00e1sleduj\u00edc\u00ed zem\u011b a jurisdikce z\u00edskaly status zku\u0161en\u00e9ho \u0159idi\u010de:<\/p>\n<p>Bulharsko<br \/>\n\u010cesk\u00e1 republika<br \/>\nEstonsko<br \/>\nHongkong (zvl\u00e1\u0161tn\u00ed administrativn\u00ed oblast \u010c\u00ednsk\u00e9 lidov\u00e9 republiky)*<br \/>\nMa\u010farsko<br \/>\nLoty\u0161sko<br \/>\nLitva<br \/>\nPolsko<br \/>\nKypersk\u00e1 republika<br \/>\nKorejsk\u00e1 republika (Ji\u017en\u00ed Korea)<br \/>\nRepublika Srbsko<br \/>\nRumunsko<br \/>\nSlovensko<br \/>\nSlovinsko<br \/>\nJi\u017en\u00ed Afrika<br \/>\nTchaj-wan<br \/>\nOsoby star\u0161\u00ed 25 let, kter\u00e9 jsou dr\u017eiteli \u0159idi\u010dsk\u00e9ho pr\u016fkazu z jedn\u00e9 z t\u011bchto zem\u00ed, si mohou vym\u011bnit sv\u016fj zahrani\u010dn\u00ed \u0159idi\u010dsk\u00fd pr\u016fkaz za australsk\u00fd \u0159idi\u010dsk\u00fd pr\u016fkaz bez nutnosti skl\u00e1dat \u0159idi\u010dskou zkou\u0161ku.<\/p>\n<p>Osoby, kter\u00e9 jsou dr\u017eiteli \u0159idi\u010dsk\u00e9ho pr\u016fkazu z jedn\u00e9 z t\u011bchto zem\u00ed a jsou mlad\u0161\u00ed 25 let, mus\u00ed slo\u017eit teoretickou a praktickou \u0159idi\u010dskou zkou\u0161ku. Pokud osoba slo\u017e\u00ed zkou\u0161ky stanoven\u00e9 p\u0159\u00edslu\u0161n\u00fdm \u00fa\u0159adem, jej\u00ed zahrani\u010dn\u00ed \u0159idi\u010dsk\u00fd pr\u016fkaz bude na z\u00e1klad\u011b \u0159idi\u010dsk\u00fdch zku\u0161enost\u00ed a v\u011bku p\u0159eveden na t\u0159\u00eddu \u0159idi\u010dsk\u00e9ho pr\u016fkazu, kterou by m\u011bla, kdyby za\u010dala \u0159\u00eddit v p\u0159\u00edslu\u0161n\u00e9 australsk\u00e9 jurisdikci.<\/p>\n<p>* Ka\u017ed\u00fd, kdo si p\u0159eje vym\u011bnit \u0159idi\u010dsk\u00fd pr\u016fkaz v Hongkongu bez \u0159idi\u010dsk\u00e9 zkou\u0161ky, mus\u00ed b\u00fdt star\u0161\u00ed 25 let a vlastnit \u0159idi\u010dsk\u00fd pr\u016fkaz v Hongkongu po dobu nejm\u00e9n\u011b 12 m\u011bs\u00edc\u016f.<\/p>\n<p>Ostatn\u00ed zem\u011b<\/p>\n<p>\u017dadatel\u00e9 o australsk\u00fd \u0159idi\u010dsk\u00fd pr\u016fkaz, kte\u0159\u00ed jsou dr\u017eiteli \u0159idi\u010dsk\u00e9ho pr\u016fkazu z neuznan\u00e9 zem\u011b, mus\u00ed slo\u017eit teoretickou zkou\u0161ku a praktickou zkou\u0161ku z \u0159\u00edzen\u00ed. Pokud \u017eadatel\u00e9 \u00fasp\u011b\u0161n\u011b absolvuj\u00ed teoretickou i praktickou zkou\u0161ku, bude jim zahrani\u010dn\u00ed \u0159idi\u010dsk\u00fd pr\u016fkaz na z\u00e1klad\u011b \u0159idi\u010dsk\u00fdch zku\u0161enost\u00ed a v\u011bku p\u0159eveden na kategorii \u0159idi\u010dsk\u00e9ho pr\u016fkazu, kterou by m\u011bli, kdyby za\u010dali \u0159\u00eddit v p\u0159\u00edslu\u0161n\u00e9 australsk\u00e9 jurisdikci.<\/p>\n<p>P\u0159evod zahrani\u010dn\u00edho \u0159idi\u010dsk\u00e9ho pr\u016fkazu<\/p>\n<p>Osoby, kter\u00e9 si p\u0159ej\u00ed p\u0159ev\u00e9st zahrani\u010dn\u00ed \u0159idi\u010dsk\u00fd pr\u016fkaz, by se m\u011bly obr\u00e1tit p\u0159\u00edmo na p\u0159\u00edslu\u0161n\u00fd australsk\u00fd \u00fa\u0159ad silni\u010dn\u00edho provozu.<br \/>\nTeritorium hlavn\u00edho m\u011bsta Austr\u00e1lie (Otev\u0159e se v nov\u00e9m okn\u011b)<br \/>\nNov\u00fd Ji\u017en\u00ed Wales (Otev\u0159e se v nov\u00e9m okn\u011b)<br \/>\nSevern\u00ed teritorium (Otev\u0159e se v nov\u00e9m okn\u011b)<br \/>\nQueensland (Otev\u0159e se v nov\u00e9m okn\u011b)<br \/>\nJi\u017en\u00ed Austr\u00e1lie (Otev\u0159e se v nov\u00e9m okn\u011b)<br \/>\nTasm\u00e1nie (Otev\u0159e se v nov\u00e9m okn\u011b)<br \/>\nViktorie (Otev\u0159e se v nov\u00e9m okn\u011b)<br \/>\nZ\u00e1padn\u00ed Austr\u00e1lie<\/p>","protected":false},"excerpt":{"rendered":"<p>Osoba, kter\u00e1 vstoup\u00ed do Austr\u00e1lie na trval\u00e9 v\u00edzum nebo m\u00e1 trval\u00fd pobyt, m\u016f\u017ee \u0159\u00eddit se sv\u00fdm aktu\u00e1ln\u00edm zahrani\u010dn\u00edm \u0159idi\u010dsk\u00fdm pr\u016fkazem maxim\u00e1ln\u011b t\u0159i m\u011bs\u00edce po p\u0159\u00edjezdu do Austr\u00e1lie. Pokud cht\u011bj\u00ed pokra\u010dovat v \u0159\u00edzen\u00ed i po t\u0159ech m\u011bs\u00edc\u00edch, mus\u00ed si v dan\u00e9m st\u00e1t\u011b nebo na teritoriu, kde m\u00e1 dan\u00e1 osoba bydli\u0161t\u011b, vyzvednout australsk\u00fd \u0159idi\u010dsk\u00fd pr\u016fkaz.<\/p>","protected":false},"featured_media":22715,"template":"","meta":[],"product_brand":[],"product_cat":[927],"product_tag":[],"class_list":{"0":"post-22658","1":"product","2":"type-product","3":"status-publish","4":"has-post-thumbnail","6":"product_cat-fuehrerschein","8":"first","9":"instock","10":"taxable","11":"shipping-taxable","12":"purchasable","13":"product-type-simple"},"_links":{"self":[{"href":"https:\/\/primeprintingweb.com\/cs\/wp-json\/wp\/v2\/product\/22658","targetHints":{"allow":["GET"]}}],"collection":[{"href":"https:\/\/primeprintingweb.com\/cs\/wp-json\/wp\/v2\/product"}],"about":[{"href":"https:\/\/primeprintingweb.com\/cs\/wp-json\/wp\/v2\/types\/product"}],"version-history":[{"count":2,"href":"https:\/\/primeprintingweb.com\/cs\/wp-json\/wp\/v2\/product\/22658\/revisions"}],"predecessor-version":[{"id":22829,"href":"https:\/\/primeprintingweb.com\/cs\/wp-json\/wp\/v2\/product\/22658\/revisions\/22829"}],"wp:featuredmedia":[{"embeddable":true,"href":"https:\/\/primeprintingweb.com\/cs\/wp-json\/wp\/v2\/media\/22715"}],"wp:attachment":[{"href":"https:\/\/primeprintingweb.com\/cs\/wp-json\/wp\/v2\/media?parent=22658"}],"wp:term":[{"taxonomy":"product_brand","embeddable":true,"href":"https:\/\/primeprintingweb.com\/cs\/wp-json\/wp\/v2\/product_brand?post=22658"},{"taxonomy":"product_cat","embeddable":true,"href":"https:\/\/primeprintingweb.com\/cs\/wp-json\/wp\/v2\/product_cat?post=22658"},{"taxonomy":"product_tag","embeddable":true,"href":"https:\/\/primeprintingweb.com\/cs\/wp-json\/wp\/v2\/product_tag?post=22658"}],"curies":[{"name":"wp","href":"https:\/\/api.w.org\/{rel}","templated":true}]}}