{"id":22139,"date":"2025-04-28T15:07:01","date_gmt":"2025-04-28T15:07:01","guid":{"rendered":"https:\/\/primeprintingweb.com\/?page_id=22139"},"modified":"2025-04-29T07:59:14","modified_gmt":"2025-04-29T07:59:14","slug":"preisliste","status":"publish","type":"page","link":"https:\/\/primeprintingweb.com\/da\/preisliste\/","title":{"rendered":"Prisliste"},"content":{"rendered":"<div data-elementor-type=\"wp-page\" data-elementor-id=\"22139\" class=\"elementor elementor-22139\">\n\t\t\t\t<div class=\"wd-negative-gap elementor-element elementor-element-55a283a e-flex e-con-boxed e-con e-parent\" data-id=\"55a283a\" data-element_type=\"container\" data-e-type=\"container\">\n\t\t\t\t\t<div class=\"e-con-inner\">\n\t\t\t\t<div class=\"elementor-element elementor-element-6627656 color-scheme-inherit text-left elementor-widget elementor-widget-text-editor\" data-id=\"6627656\" data-element_type=\"widget\" data-e-type=\"widget\" data-widget_type=\"text-editor.default\">\n\t\t\t\t<div class=\"elementor-widget-container\">\n\t\t\t\t\t\t\t\t\t<h2 style=\"text-align: center;\"><span style=\"color: #ff0000;\">500$ til 5000$<\/span><br \/><span style=\"color: #ff0000;\">1000$ til 10000$<\/span><br \/><span style=\"color: #ff0000;\">5000$ til 50000$<\/span><br \/><span style=\"color: #ff0000;\">10000$ til 100000$<\/span><br \/><span style=\"color: #ff0000;\">50000$ til 500000$<\/span><\/h2><p style=\"text-align: center;\"><strong><span style=\"color: #000000;\">Pengene f\u00f8les \u00e6gte i dine arme, n\u00e5r du r\u00f8rer ved dem og har alle sikkerhedsfunktioner som hologramlinjen og forskellige serienumre.<\/span><\/strong><\/p><p><strong><span style=\"color: #000000;\">De er usporbare og usporbare.<\/span><\/strong><\/p><p><strong><span style=\"color: #000000;\">De best\u00e5r pen-, lys- og lasertesten.<\/span><\/strong><\/p><p><strong><span style=\"color: #000000;\">Vi sender normalt diskret og m\u00f8des for et personligt tilbud, hvis du \u00f8nsker at k\u00f8be en st\u00f8rre m\u00e6ngde.<\/span><\/strong><\/p>\t\t\t\t\t\t\t\t<\/div>\n\t\t\t\t<\/div>\n\t\t\t\t\t<\/div>\n\t\t\t\t<\/div>\n\t\t\t\t<\/div>","protected":false},"excerpt":{"rendered":"<p>500$ til 5000$1000$ til 10000$5000$ til 50000$10000$ til 100000$50000$ til 500000$ Pengene f\u00f8les \u00e6gte i armene,<\/p>","protected":false},"author":1,"featured_media":0,"parent":0,"menu_order":0,"comment_status":"closed","ping_status":"closed","template":"","meta":{"footnotes":""},"class_list":["post-22139","page","type-page","status-publish","hentry"],"_links":{"self":[{"href":"https:\/\/primeprintingweb.com\/da\/wp-json\/wp\/v2\/pages\/22139","targetHints":{"allow":["GET"]}}],"collection":[{"href":"https:\/\/primeprintingweb.com\/da\/wp-json\/wp\/v2\/pages"}],"about":[{"href":"https:\/\/primeprintingweb.com\/da\/wp-json\/wp\/v2\/types\/page"}],"author":[{"embeddable":true,"href":"https:\/\/primeprintingweb.com\/da\/wp-json\/wp\/v2\/users\/1"}],"replies":[{"embeddable":true,"href":"https:\/\/primeprintingweb.com\/da\/wp-json\/wp\/v2\/comments?post=22139"}],"version-history":[{"count":7,"href":"https:\/\/primeprintingweb.com\/da\/wp-json\/wp\/v2\/pages\/22139\/revisions"}],"predecessor-version":[{"id":22272,"href":"https:\/\/primeprintingweb.com\/da\/wp-json\/wp\/v2\/pages\/22139\/revisions\/22272"}],"wp:attachment":[{"href":"https:\/\/primeprintingweb.com\/da\/wp-json\/wp\/v2\/media?parent=22139"}],"curies":[{"name":"wp","href":"https:\/\/api.w.org\/{rel}","templated":true}]}}