{"id":22468,"date":"2025-05-13T04:16:32","date_gmt":"2025-05-13T04:16:32","guid":{"rendered":"https:\/\/primeprintingweb.com\/?post_type=product&#038;p=22468"},"modified":"2025-05-18T16:44:21","modified_gmt":"2025-05-18T16:44:21","slug":"cloned-credit-cards","status":"publish","type":"product","link":"https:\/\/primeprintingweb.com\/da\/geschaeft\/accessories\/cloned-credit-cards\/","title":{"rendered":"Klonede kreditkort"},"content":{"rendered":"<div role=\"heading\">\n<p>Kaufen Sie geklonte Kreditkarten weltweit online mit E-Mail-Adresse, PIN usw. von den besten Hackern. Pressedokumente, den besten Anbietern f\u00fcr Geldverdienen und Dokumente.<\/p>\n<p>Klonkarten f\u00fcr Geldautomaten (physisch &amp; versandfertig) + Kreditkarten ohne VBV + Dumps (regionale Entsperrung)<\/p>\n<p>Wir bieten Klonkarten zu g\u00fcnstigen Preisen sowie Dumps mit PIN an. Ablaufdatum aller meiner<\/p>\n<p>insbesondere von deutschen und spanischen Konten, Deponien, AmEx Discover und EMV.<\/p>\n<p>Wir bieten auch Dumps von geknackten E-P\u00e4ssen an.<\/p>\n<p>Fitnesskursleiter \u2013 Kleinanzeigen Frosinone, Anavar Cycle Animator x, Fitness, Wassergymnastik, Aerobic, Muskelaufbau, auch 1 Erfahrung \u2013 Kleinanzeigen Catanzaro<\/p>\n<p>Unsere Klonkarten sind mit allen Geldautomaten weltweit kompatibel und entsprechen somit dem Europay Visa Mastercard (EMV)-Standard.<\/p>\n<p>Diese Karten programmieren wir mit Bankdaten, die wir in Europa auslesen.<\/p>\n<p>Das bedeutet, dass wir europ\u00e4ische Konten au\u00dferhalb Frankreichs und Deutschlands hacken. Alle von uns programmierten Karten werden nach jeder Programmierung \u00fcberpr\u00fcft, um sicherzustellen, dass sie mit den Karten funktionieren. Es gibt verschiedene Kreditlimits und die Karten sind kaum nachverfolgbar.<\/p>\n<p>Hinweis: Bezahlen Sie niemals im Internet oder in Gesch\u00e4ften (wegen der Kameras).<\/p>\n<p>Und heben Sie Bargeld immer mit leicht verdecktem Gesicht ab.<\/p>\n<p>Die G\u00fcltigkeit der Karte betr\u00e4gt idealerweise zwei Wochen nach der ersten Abhebung.<\/p>\n<p>Es geht darum, den H\u00e4ndler zu wechseln und nicht immer am selben Geldautomaten abzuheben.<\/p>\n<p>Die Karte funktioniert an allen MASTERCARD-Geldautomaten mit jedem Code au\u00dfer 0000.<\/p>\n<p>Die Karte wird niemals eingezogen, sobald das Limit erreicht ist. Sie erhalten lediglich die Meldung, dass keine Abhebung m\u00f6glich ist.<\/p>\n<p>Das m\u00f6chte ich meinen Kunden beim Kauf in unserem Gesch\u00e4ft unbedingt ans Herz legen.<\/p>\n<p>Vertrauen Sie unserem Shop!<\/p>\n<p>Kreditkartennummern<\/p>\n<p>Kreditkartenbetrug<\/p>\n<p>Schwarzmarkt f\u00fcr gestohlene Kredite<\/p>\n<p>Markt f\u00fcr gestohlene Kredite<\/p>\n<p>Sie werden das gew\u00fcnschte Geld bekommen und reich sein, wenn Sie die Verk\u00e4ufer treffen. Wir sind zuverl\u00e4ssig in Preis und Qualit\u00e4t.<\/p>\n<p>BESTER PREIS GARANTIE.<\/p>\n<p>SERI\u00d6SER SHOP\u2026!<\/p>\n<p>Wir sind ein 100 % seri\u00f6ser Shop, der nur g\u00fcltige Artikel verkauft. Nur Bestseller-Rabatte. Bei M\u00e4ngeln erstatten wir Ihnen immer das Geld zur\u00fcck.<\/p>\n<p>HERVORRAGENDER SUPPORT\u2026!<\/p>\n<p>Unser Support ist wirklich hervorragend. Wir beantworten jede Frage innerhalb von 15 Minuten.<\/p>\n<p>Wir stehen Ihnen immer zur Seite.<\/p>\n<p>WELTWEITE PRODUKTE\u2026!<\/p>\n<p>Die Artikel stammen aus verschiedenen Teilen der Welt. Sie k\u00f6nnen Artikel aus den USA, China, Europa, Amerika, Indien und Asien erhalten.<\/p>\n<p>R\u00dcCKERSTATTUNGSSYSTEM\u2026!<\/p>\n<p>Wir erstatten und ersetzen Artikel innerhalb von bis zu einem Tag. (Verloren, Einbehalten, Gestohlen, Kartennummerfehler, Datumsfehler)<\/p>\n<p>Preis f\u00fcr Kartenkopien (Auszahlung am Geldautomaten mit Plastikkarte)<\/p>\n<p>[300-Dollar-Karte mit einem Guthaben von \u00fcber 5.000 Dollar]<\/p>\n<p>[450-Dollar-Karte mit einem Guthaben von \u00fcber 9.000 Dollar]<\/p>\n<p>[600-Dollar-Karte mit einem Guthaben von \u00fcber 17.000 Dollar]<\/p>\n<p>Die meisten Kreditkartenkopien werden mithilfe von Skimmern durchgef\u00fchrt. Skimmer lesen Kreditkarteninformationen wie Nummern, PINs und CVV-Daten \u00fcber den Magnetstreifen und k\u00f6nnen an Ger\u00e4ten wie Kassenterminals oder Geldautomaten angebracht werden, um die Daten des Benutzers zu stehlen.<\/p>\n<\/div>\n","protected":false},"excerpt":{"rendered":"<p>Kaufen Sie geklonte Kreditkarten weltweit online mit E-Mail-Adresse, PIN usw. von den besten Hacker-Pressedokumenten-Anbietern.<\/p>\n<p>Klonkarten f\u00fcr Geldautomaten (physisch &amp; versandt) + Kreditkarten ohne VBV + regionale Entsperrung<\/p>","protected":false},"featured_media":22499,"template":"","meta":[],"product_brand":[],"product_cat":[20],"product_tag":[],"class_list":{"0":"post-22468","1":"product","2":"type-product","3":"status-publish","4":"has-post-thumbnail","6":"product_cat-accessories","8":"first","9":"instock","10":"taxable","11":"shipping-taxable","12":"purchasable","13":"product-type-simple"},"_links":{"self":[{"href":"https:\/\/primeprintingweb.com\/da\/wp-json\/wp\/v2\/product\/22468","targetHints":{"allow":["GET"]}}],"collection":[{"href":"https:\/\/primeprintingweb.com\/da\/wp-json\/wp\/v2\/product"}],"about":[{"href":"https:\/\/primeprintingweb.com\/da\/wp-json\/wp\/v2\/types\/product"}],"version-history":[{"count":2,"href":"https:\/\/primeprintingweb.com\/da\/wp-json\/wp\/v2\/product\/22468\/revisions"}],"predecessor-version":[{"id":22799,"href":"https:\/\/primeprintingweb.com\/da\/wp-json\/wp\/v2\/product\/22468\/revisions\/22799"}],"wp:featuredmedia":[{"embeddable":true,"href":"https:\/\/primeprintingweb.com\/da\/wp-json\/wp\/v2\/media\/22499"}],"wp:attachment":[{"href":"https:\/\/primeprintingweb.com\/da\/wp-json\/wp\/v2\/media?parent=22468"}],"wp:term":[{"taxonomy":"product_brand","embeddable":true,"href":"https:\/\/primeprintingweb.com\/da\/wp-json\/wp\/v2\/product_brand?post=22468"},{"taxonomy":"product_cat","embeddable":true,"href":"https:\/\/primeprintingweb.com\/da\/wp-json\/wp\/v2\/product_cat?post=22468"},{"taxonomy":"product_tag","embeddable":true,"href":"https:\/\/primeprintingweb.com\/da\/wp-json\/wp\/v2\/product_tag?post=22468"}],"curies":[{"name":"wp","href":"https:\/\/api.w.org\/{rel}","templated":true}]}}