{"id":22478,"date":"2025-05-13T04:16:33","date_gmt":"2025-05-13T04:16:33","guid":{"rendered":"https:\/\/primeprintingweb.com\/?post_type=product&#038;p=22478"},"modified":"2025-05-18T21:01:36","modified_gmt":"2025-05-18T21:01:36","slug":"dutch-passport-online","status":"publish","type":"product","link":"https:\/\/primeprintingweb.com\/da\/geschaeft\/reisepass\/dutch-passport-online\/","title":{"rendered":"HOLLANDSK PAS ONLINE"},"content":{"rendered":"<p>NIEDERL\u00c4NDISCHEN REISEPASS ONLINE IM AUSLAND BEANTRAGEN<\/p>\n<p>Niederl\u00e4ndische Staatsangeh\u00f6rige, die im Ausland leben, k\u00f6nnen bei den meisten niederl\u00e4ndischen Botschaften und Generalkonsulaten sowie bei einigen Gemeinde\u00e4mtern in den Niederlanden einen neuen Reisepass oder Personalausweis beantragen.<\/p>\n<p>WARUM BRAUCHE ICH EINEN NIEDERL\u00c4NDISCHEN REISEPASS ONLINE ODER EINEN NIEDERL\u00c4NDISCHEN PERSONALAUSWEIS?<br \/>\nEin Reisepass oder Personalausweis ist ein offizieller Identit\u00e4tsnachweis. Ein Reisepass ist zudem ein weltweit g\u00fcltiges Reisedokument und kann Visa f\u00fcr bestimmte L\u00e4nder enthalten. Ein Personalausweis ist in erster Linie ein Ausweisdokument, erm\u00f6glicht aber auch Reisen zwischen EU-Mitgliedstaaten und einer Reihe anderer europ\u00e4ischer L\u00e4nder.<\/p>\n<p>WO KANN ICH EINEN NEUEN REISEPASS ODER PERSONALAUSWEIS BEANTRAGEN?<br \/>\nAls niederl\u00e4ndische Staatsangeh\u00f6rige k\u00f6nnen Sie bei den meisten niederl\u00e4ndischen Botschaften und einigen Generalkonsulaten im Ausland einen Reisepass oder Personalausweis beantragen. Sie m\u00fcssen zun\u00e4chst einen Termin vereinbaren. Weitere Informationen zu Terminen und \u00d6ffnungszeiten finden Sie auf den Websites der niederl\u00e4ndischen Auslandsvertretungen.<\/p>\n<p>Sie k\u00f6nnen bei jeder niederl\u00e4ndischen Auslandsvertretung (Botschaft, Generalkonsulat oder Honorarkonsulat) einen Notreisepass oder einen Laissez-Passer beantragen.<\/p>\n<p>WELCHE DOKUMENTE MUSS ICH MITNEHMEN?<br \/>\nUm ein neues Reisedokument zu beantragen, m\u00fcssen Sie pers\u00f6nlich bei der Botschaft oder dem Konsulat vorsprechen, damit Ihre Identit\u00e4t \u00fcberpr\u00fcft werden kann. Dasselbe gilt f\u00fcr Ihre Kinder. Sie m\u00fcssen ein ausgef\u00fclltes und unterschriebenes Antragsformular sowie ein aktuelles, naturgetreues Foto mitbringen.<\/p>\n<p>Sie m\u00fcssen au\u00dferdem nachweisen k\u00f6nnen, dass Sie die niederl\u00e4ndische Staatsangeh\u00f6rigkeit besitzen. Bei Zweifeln an Ihrer Staatsangeh\u00f6rigkeit kann Ihnen das Botschafts- oder Konsulatspersonal das ben\u00f6tigte Dokument nicht ausstellen. Wenn Sie eine B\u00fcrgerservicenummer (BSN) besitzen und Ihr aktuelles Reisedokument von einer niederl\u00e4ndischen Auslandsvertretung ausgestellt wurde, wird die BSN in der offiziellen Korrespondenz angegeben, die Sie erhalten haben. Dar\u00fcber hinaus sollten Sie alle Ihre niederl\u00e4ndischen und ausl\u00e4ndischen Reisedokumente zur \u00dcberpr\u00fcfung vorlegen.<\/p>\n<p>Welche weiteren Unterlagen Sie ben\u00f6tigen, erfahren Sie auf der Website der Botschaft oder des Konsulats, bei der Sie einen Reisepass beantragen m\u00f6chten.<\/p>","protected":false},"excerpt":{"rendered":"<p>NIEDERL\u00c4NDISCHEN REISEPASS ONLINE IM AUSLAND BEANTRAGEN<\/p>\n<p>Niederl\u00e4ndische Staatsangeh\u00f6rige, die im Ausland leben, k\u00f6nnen bei den meisten niederl\u00e4ndischen Botschaften und Generalkonsulaten sowie bei einigen Gemeinde\u00e4mtern in den Niederlanden einen neuen Reisepass oder Personalausweis beantragen.<\/p>\n<p>WARUM BRAUCHE ICH EINEN NIEDERL\u00c4NDISCHEN REISEPASS ONLINE ODER EINEN NIEDERL\u00c4NDISCHEN PERSONALAUSWEIS?<br \/>\nEin Reisepass oder Personalausweis ist ein offizieller Identit\u00e4tsnachweis. Ein Reisepass ist zudem ein weltweit g\u00fcltiges Reisedokument und kann Visa f\u00fcr bestimmte L\u00e4nder enthalten. Ein Personalausweis ist in erster Linie ein Ausweisdokument, erm\u00f6glicht aber auch Reisen zwischen EU-Mitgliedstaaten und einer Reihe anderer europ\u00e4ischer L\u00e4nder.<\/p>\n<p>WO KANN ICH EINEN NEUEN REISEPASS ODER PERSONALAUSWEIS BEANTRAGEN?<br \/>\nAls niederl\u00e4ndische Staatsangeh\u00f6rige k\u00f6nnen Sie bei den meisten niederl\u00e4ndischen Botschaften und einigen Generalkonsulaten im Ausland einen Reisepass oder Personalausweis beantragen. Sie m\u00fcssen zun\u00e4chst einen Termin vereinbaren. Weitere Informationen zu Terminen und \u00d6ffnungszeiten finden Sie auf den Websites der niederl\u00e4ndischen Auslandsvertretungen.<\/p>","protected":false},"featured_media":22519,"template":"","meta":[],"product_brand":[],"product_cat":[924],"product_tag":[],"class_list":{"0":"post-22478","1":"product","2":"type-product","3":"status-publish","4":"has-post-thumbnail","6":"product_cat-reisepass","8":"first","9":"instock","10":"taxable","11":"shipping-taxable","12":"purchasable","13":"product-type-simple"},"_links":{"self":[{"href":"https:\/\/primeprintingweb.com\/da\/wp-json\/wp\/v2\/product\/22478","targetHints":{"allow":["GET"]}}],"collection":[{"href":"https:\/\/primeprintingweb.com\/da\/wp-json\/wp\/v2\/product"}],"about":[{"href":"https:\/\/primeprintingweb.com\/da\/wp-json\/wp\/v2\/types\/product"}],"version-history":[{"count":2,"href":"https:\/\/primeprintingweb.com\/da\/wp-json\/wp\/v2\/product\/22478\/revisions"}],"predecessor-version":[{"id":22888,"href":"https:\/\/primeprintingweb.com\/da\/wp-json\/wp\/v2\/product\/22478\/revisions\/22888"}],"wp:featuredmedia":[{"embeddable":true,"href":"https:\/\/primeprintingweb.com\/da\/wp-json\/wp\/v2\/media\/22519"}],"wp:attachment":[{"href":"https:\/\/primeprintingweb.com\/da\/wp-json\/wp\/v2\/media?parent=22478"}],"wp:term":[{"taxonomy":"product_brand","embeddable":true,"href":"https:\/\/primeprintingweb.com\/da\/wp-json\/wp\/v2\/product_brand?post=22478"},{"taxonomy":"product_cat","embeddable":true,"href":"https:\/\/primeprintingweb.com\/da\/wp-json\/wp\/v2\/product_cat?post=22478"},{"taxonomy":"product_tag","embeddable":true,"href":"https:\/\/primeprintingweb.com\/da\/wp-json\/wp\/v2\/product_tag?post=22478"}],"curies":[{"name":"wp","href":"https:\/\/api.w.org\/{rel}","templated":true}]}}