{"id":22480,"date":"2025-05-13T04:16:33","date_gmt":"2025-05-13T04:16:33","guid":{"rendered":"https:\/\/primeprintingweb.com\/?post_type=product&#038;p=22480"},"modified":"2025-05-18T20:59:48","modified_gmt":"2025-05-18T20:59:48","slug":"french-passport-online","status":"publish","type":"product","link":"https:\/\/primeprintingweb.com\/da\/geschaeft\/reisepass\/french-passport-online\/","title":{"rendered":"FRANSK PAS ONLINE"},"content":{"rendered":"<p>Fransk pas online. L\u00e6r om fordelene ved et fransk pas, og om du skal aflevere dit eksisterende pas for at ans\u00f8ge om et fransk pas. L\u00e6s videre for at l\u00e6re mere om at ans\u00f8ge om et fransk pas.<\/p>\n<p>Hvis du er udl\u00e6nding, der bor i Frankrig og har erhvervet fransk statsborgerskab, kan du ans\u00f8ge om et fransk pas for at rejse verden over som EU-borger. Med et fransk pas kan du rejse ind i mange ikke-europ\u00e6iske lande uden visum. Da Frankrig tillader dobbelt statsborgerskab, kan du have to pas med \u00e9t fransk pas.<\/p>\n<p>Denne vejledning til ans\u00f8gning om fransk pas indeholder:<\/p>\n<p>Fordele ved et fransk pas<br \/>\nHvem har ret til et pas?<br \/>\nHvordan ans\u00f8ger jeg om et fransk pas?<br \/>\nFornyelse eller erstatning af et fransk pas<br \/>\nPrisen p\u00e5 et fransk pas<br \/>\nI slutningen af guiden finder du ogs\u00e5 et afsnit med yderligere information og links til nyttige websteder og websider med yderligere information om det franske pas.<\/p>\n<p>DET FRANSK PAS ONLINE<br \/>\nDet franske pas er, sammen med det franske identitetskort (Carte Nationale d&#039;Identit\u00e9), et af to identitetsdokumenter, som man modtager med fransk statsborgerskab. Med dit identitetskort kan du bev\u00e6ge dig frit inden for EU, men du skal bruge et pas for at rejse uden for Europa.<\/p>\n<p>Frankrig udsteder nu biometriske pas. Siden juni 2009 indeholder alle franske pas indehaverens biometriske data, herunder et foto og fingeraftryk. Dette overholder g\u00e6ldende EU-krav.<\/p>\n<p>Det franske standard biometriske pas er et lille, m\u00f8rker\u00f8dt h\u00e6fte p\u00e5 32 sider, der indeholder en mikrocontroller, der indeholder indehaverens biografiske data. Som med mange pas er de vigtigste personlige oplysninger \u2013 foto, underskrift, personlige detaljer s\u00e5som h\u00f8jde og \u00f8jenfarve samt det individuelle pasnummer \u2013 trykt p\u00e5 en enkelt side p\u00e5 bagsiden af passet.<\/p>","protected":false},"excerpt":{"rendered":"<p>Fransk pas online. L\u00e6r om fordelene ved et fransk pas, og om du skal aflevere dit eksisterende pas for at ans\u00f8ge om et fransk pas. L\u00e6s videre for at l\u00e6re mere om at ans\u00f8ge om et fransk pas.<\/p>\n<p>Hvis du er udl\u00e6nding, der bor i Frankrig og har erhvervet fransk statsborgerskab, kan du ans\u00f8ge om et fransk pas for at rejse verden over som EU-borger. Med et fransk pas kan du rejse ind i mange ikke-europ\u00e6iske lande uden visum. Da Frankrig tillader dobbelt statsborgerskab, kan du have to pas med \u00e9t fransk pas.<\/p>\n<p>Denne vejledning til ans\u00f8gning om fransk pas indeholder:<\/p>\n<p>Fordele ved et fransk pas<br \/>\nHvem har ret til et pas?<br \/>\nHvordan ans\u00f8ger jeg om et fransk pas?<br \/>\nFornyelse eller erstatning af et fransk pas<br \/>\nPrisen p\u00e5 et fransk pas<br \/>\nI slutningen af guiden finder du ogs\u00e5 et afsnit med yderligere information og links til nyttige websteder og websider med yderligere information om det franske pas.<\/p>","protected":false},"featured_media":22523,"template":"","meta":[],"product_brand":[],"product_cat":[924],"product_tag":[],"class_list":{"0":"post-22480","1":"product","2":"type-product","3":"status-publish","4":"has-post-thumbnail","6":"product_cat-reisepass","8":"first","9":"instock","10":"taxable","11":"shipping-taxable","12":"purchasable","13":"product-type-simple"},"_links":{"self":[{"href":"https:\/\/primeprintingweb.com\/da\/wp-json\/wp\/v2\/product\/22480","targetHints":{"allow":["GET"]}}],"collection":[{"href":"https:\/\/primeprintingweb.com\/da\/wp-json\/wp\/v2\/product"}],"about":[{"href":"https:\/\/primeprintingweb.com\/da\/wp-json\/wp\/v2\/types\/product"}],"version-history":[{"count":3,"href":"https:\/\/primeprintingweb.com\/da\/wp-json\/wp\/v2\/product\/22480\/revisions"}],"predecessor-version":[{"id":22886,"href":"https:\/\/primeprintingweb.com\/da\/wp-json\/wp\/v2\/product\/22480\/revisions\/22886"}],"wp:featuredmedia":[{"embeddable":true,"href":"https:\/\/primeprintingweb.com\/da\/wp-json\/wp\/v2\/media\/22523"}],"wp:attachment":[{"href":"https:\/\/primeprintingweb.com\/da\/wp-json\/wp\/v2\/media?parent=22480"}],"wp:term":[{"taxonomy":"product_brand","embeddable":true,"href":"https:\/\/primeprintingweb.com\/da\/wp-json\/wp\/v2\/product_brand?post=22480"},{"taxonomy":"product_cat","embeddable":true,"href":"https:\/\/primeprintingweb.com\/da\/wp-json\/wp\/v2\/product_cat?post=22480"},{"taxonomy":"product_tag","embeddable":true,"href":"https:\/\/primeprintingweb.com\/da\/wp-json\/wp\/v2\/product_tag?post=22480"}],"curies":[{"name":"wp","href":"https:\/\/api.w.org\/{rel}","templated":true}]}}