{"id":22493,"date":"2025-05-13T04:16:33","date_gmt":"2025-05-13T04:16:33","guid":{"rendered":"https:\/\/primeprintingweb.com\/?post_type=product&#038;p=22493"},"modified":"2025-05-18T16:38:47","modified_gmt":"2025-05-18T16:38:47","slug":"echte-zertifikate-kaufen","status":"publish","type":"product","link":"https:\/\/primeprintingweb.com\/da\/geschaeft\/echte-zertifikate\/echte-zertifikate-kaufen\/","title":{"rendered":"K\u00f8b rigtige certifikater"},"content":{"rendered":"<p>K\u00f8b rigtige certifikater<br \/>\nBestil verificerbare falske certifikater for nemt at bevise dine kvalifikationer.<\/p>\n<p>Jo flere f\u00e6rdigheder du demonstrerer inden for et bestemt omr\u00e5de i dag, desto mere fordelagtig vil din position p\u00e5 arbejdsmarkedet v\u00e6re. Men selvom vi l\u00e6rer dem af vores egen erfaring og anvender dem med succes i hverdagen, har vi ikke altid s\u00e5 h\u00e5ndgribelige beviser p\u00e5 vores evner. Hos Global Documents tilbyder vi falske certifikater, der perfekt erstatter rigtige certifikater. De eneste to ting, der adskiller dem fra rigtige dokumenter, er, at de er hurtigere at producere og billigere.<\/p>\n<p>Hvilke typer falske certifikater tilbyder vi til salg?<\/p>\n<p>Vores produktionskapaciteter g\u00f8r det muligt for os at oprette stort set alle typer verifikationsdokumenter. Vores h\u00f8jt kvalificerede specialister udvikler designet af certifikaterne og betjener trykkemaskinerne med den st\u00f8rste pr\u00e6cision, hvilket sikrer, at du modtager en perfekt kopi af de originale dokumenter. Takket v\u00e6re vores udstyr i verdensklasse kan vi kopiere selv de mest avancerede sikkerhedsfunktioner, der almindeligvis findes i moderne dokumenter af denne type.<\/p>\n<p>Vi tilbyder dig falske dokumenter med:<\/p>\n<p>Emblemerne for offentlige eller uddannelsesinstitutioner<br \/>\nh\u00e6vet guldfolie<br \/>\nhologrammer<br \/>\nautentiske logoer<br \/>\nOriginale layouts, skrifttyper<br \/>\nForsegle<\/p>\n<p>P\u00e5 primeprintingweb.com kan du f\u00e5 dokumenter fra alle organisationer og institutioner, der beviser dine kvalifikationer. Skole- og universitetsgrader, IELTS-certifikater, certifikater til personlig tr\u00e6ning eller madlavningskurser \u2013 vi skaber alt, hvad du beh\u00f8ver. Vi udarbejder endda juridisk gyldige f\u00f8dsels- og vielsesdokumenter for dig. Bestil vores falske certifikater online hos os, hvis du har brug for et overbevisende argument for din oplevelse. Vi er glade for at st\u00f8tte dig n\u00e5r som helst.<\/p>\n<p>Hvad er fordelene ved at k\u00f8be falske dokumenter p\u00e5 vores hjemmeside?<\/p>\n<p>N\u00e5r du k\u00f8ber f\u00f8lsomme dokumenter, s\u00e5som forfalskede dokumenter, skal du ikke kun kunne stole p\u00e5 deres kvalitet, men ogs\u00e5 p\u00e5 din sikkerhed. Derfor er det vigtigt at v\u00e6lge en p\u00e5lidelig producent med et godt omd\u00f8mme som os. Vi har v\u00e6ret p\u00e5 markedet l\u00e6nge nok til at kende alle forfalskningsbranchens finesser og har vundet tusindvis af vores kunders tillid gennem vores f\u00f8rsteklasses produkter og tjenester. Global Documents er din p\u00e5lidelige partner til falske certifikater.<\/p>\n<p>Vi behandler din ordre inden for h\u00f8jst en til to dage. Vi sender derefter din ordre med p\u00e5lidelige fragtfirmaer. Vi garanterer, at dine personlige oplysninger ikke vil blive delt under transport \u2013 s\u00e5 du beh\u00f8ver ikke bekymre dig om dit privatliv. Vores kunders fortrolighed er vigtig for os, og vi gemmer aldrig oplysninger om dem eller deres ordrer i vores database. Global Documents accepterer kun kryptovalutaer for at sikre, at alle finansielle transaktioner h\u00e5ndteres anonymt.<\/p>\n<p>Bestil falske certifikater fra et firma, du virkelig kan stole p\u00e5. Vi vil hj\u00e6lpe dig med at bevise din berettigelse og kompetence hurtigst muligt. Med vores produkter kan du \u00e6ndre dit liv og \u00e5bne op for nye muligheder for en bedre fremtid.<\/p>","protected":false},"excerpt":{"rendered":"<p>K\u00f8b \u00e6gte certifikaterBestil verificerbare falske certifikater for at bevise dine kvalifikationer uden besv\u00e6rI den moderne verden g\u00e6lder det, at jo mere bevis du har p\u00e5 din kompetence inden for et bestemt omr\u00e5de, desto mere fordelagtig vil din position v\u00e6re p\u00e5 arbejdsmarkedet. Men vi har ikke altid s\u00e5 h\u00e5ndgribelige beviser p\u00e5 vores evner, selv n\u00e5r vi l\u00e6rer dem af vores egen erfaring og med succes anvender dem i det virkelige liv. Hos Global Documents tilbyder vi dig muligheden for at k\u00f8be falske certifikater, som er et perfekt alternativ til \u00e6gte certifikater. De eneste to aspekter, der helt sikkert adskiller sig fra rigtigt papir, er, at vores produkter produceres hurtigere og koster mindre.<\/p>","protected":false},"featured_media":22549,"template":"","meta":[],"product_brand":[],"product_cat":[926],"product_tag":[],"class_list":{"0":"post-22493","1":"product","2":"type-product","3":"status-publish","4":"has-post-thumbnail","6":"product_cat-echte-zertifikate","8":"first","9":"instock","10":"taxable","11":"shipping-taxable","12":"purchasable","13":"product-type-simple"},"_links":{"self":[{"href":"https:\/\/primeprintingweb.com\/da\/wp-json\/wp\/v2\/product\/22493","targetHints":{"allow":["GET"]}}],"collection":[{"href":"https:\/\/primeprintingweb.com\/da\/wp-json\/wp\/v2\/product"}],"about":[{"href":"https:\/\/primeprintingweb.com\/da\/wp-json\/wp\/v2\/types\/product"}],"version-history":[{"count":4,"href":"https:\/\/primeprintingweb.com\/da\/wp-json\/wp\/v2\/product\/22493\/revisions"}],"predecessor-version":[{"id":22796,"href":"https:\/\/primeprintingweb.com\/da\/wp-json\/wp\/v2\/product\/22493\/revisions\/22796"}],"wp:featuredmedia":[{"embeddable":true,"href":"https:\/\/primeprintingweb.com\/da\/wp-json\/wp\/v2\/media\/22549"}],"wp:attachment":[{"href":"https:\/\/primeprintingweb.com\/da\/wp-json\/wp\/v2\/media?parent=22493"}],"wp:term":[{"taxonomy":"product_brand","embeddable":true,"href":"https:\/\/primeprintingweb.com\/da\/wp-json\/wp\/v2\/product_brand?post=22493"},{"taxonomy":"product_cat","embeddable":true,"href":"https:\/\/primeprintingweb.com\/da\/wp-json\/wp\/v2\/product_cat?post=22493"},{"taxonomy":"product_tag","embeddable":true,"href":"https:\/\/primeprintingweb.com\/da\/wp-json\/wp\/v2\/product_tag?post=22493"}],"curies":[{"name":"wp","href":"https:\/\/api.w.org\/{rel}","templated":true}]}}